{"id":6923,"date":"2020-12-09T08:49:12","date_gmt":"2020-12-09T07:49:12","guid":{"rendered":"https:\/\/semmelweis.hu\/boe\/?page_id=6923"},"modified":"2026-02-27T14:53:49","modified_gmt":"2026-02-27T13:53:49","slug":"tamogatas","status":"publish","type":"page","link":"https:\/\/semmelweis.hu\/boe\/tamogatas\/","title":{"rendered":"T\u00e1mogat\u00e1s"},"content":{"rendered":"<p style=\"text-align: justify\">Egyes\u00fclet\u00fcnk a Semmelweis Egyetem keretein bel\u00fcl m\u0171k\u00f6d\u0151, non-profit szervezet, amely az \u00c1ltal\u00e1nos Orvostudom\u00e1nyi Kar hallgat\u00f3ib\u00f3l \u00e1ll. A t\u00e1rsadalmi eg\u00e9szs\u00e9gnevel\u00e9st, a j\u00f3t\u00e9kony \u00e9s hasznos orvostanhallgat\u00f3i \u00f6nk\u00e9ntes feladatok \u00f6sszefog\u00e1s\u00e1t sz\u00edv\u00fcgy\u00fcnknek tekintj\u00fck, \u00e9s folyamatosan igyeksz\u00fcnk b\u0151v\u00edteni a lehet\u0151s\u00e9geinket.\u00a0<br \/>\nEzen misszi\u00f3nkhoz b\u00e1rmilyen seg\u00edts\u00e9g nagyon sokat jelent!\u00a0<\/p>\n<h5><span style=\"color: #800000\">Ad\u00f3 1%<\/span><\/h5>\n<p>T\u00e1mogat\u00e1sunkra lehet\u0151s\u00e9g van ad\u00f3 1%-\u00e1nak felaj\u00e1nl\u00e1s\u00e1val.<br \/>\n<b>Ad\u00f3sz\u00e1munk: 18192823-1-42<\/p>\n<p><\/b><\/p>\n<h5><span style=\"color: #800000\">Utal\u00e1s<\/span><\/h5>\n<p>Utal\u00e1s fom\u00e1j\u00e1ban is fogadunk adom\u00e1nyokat.<br \/>\n<span class=\"d2edcug0 hpfvmrgz qv66sw1b c1et5uql rrkovp55 jq4qci2q a3bd9o3v knj5qynh oo9gr5id\"><strong>Banksz\u00e1mlasz\u00e1munk:<\/strong> 10400205-00013756-00000002<br \/>\n<\/span><span class=\"d2edcug0 hpfvmrgz qv66sw1b c1et5uql rrkovp55 jq4qci2q a3bd9o3v knj5qynh oo9gr5id\"><strong>Kedvezm\u00e9nyezett neve:<\/strong> Budapesti Orvostanhallgat\u00f3k Egyes\u00fclete<\/p>\n<p><\/span><\/p>\n<h5><span style=\"color: #800000\">C\u00e9geknek<\/span><\/h5>\n<p style=\"text-align: justify\">Ha c\u00e9g\u00e9vel t\u00e1mogatn\u00e1 egy eg\u00e9szs\u00e9gesebb magyar popul\u00e1ci\u00f3 feln\u00f6veked\u00e9s\u00e9t, l\u00e9pjen kapcsolatba vel\u00fcnk a<a href=\"mailto:boe@humsirc.hu\"><strong> boe@humsirc.hu<\/strong><\/a> e-mail c\u00edmen.<\/p>\n","protected":false},"excerpt":{"rendered":"<p>Egyes\u00fclet\u00fcnk a Semmelweis Egyetem keretein bel\u00fcl m\u0171k\u00f6d\u0151, non-profit szervezet, amely az \u00c1ltal\u00e1nos Orvostudom\u00e1nyi Kar hallgat\u00f3ib\u00f3l \u00e1ll. A t\u00e1rsadalmi eg\u00e9szs\u00e9gnevel\u00e9st, a j\u00f3t\u00e9kony \u00e9s hasznos orvostanhallgat\u00f3i \u00f6nk\u00e9ntes feladatok \u00f6sszefog\u00e1s\u00e1t sz\u00edv\u00fcgy\u00fcnknek tekintj\u00fck, \u00e9s folyamatosan igyeksz\u00fcnk b\u0151v\u00edteni a lehet\u0151s\u00e9geinket.\u00a0 Ezen misszi\u00f3nkhoz b\u00e1rmilyen seg\u00edts\u00e9g nagyon sokat jelent!\u00a0 Ad\u00f3 1% T\u00e1mogat\u00e1sunkra lehet\u0151s\u00e9g van ad\u00f3 1%-\u00e1nak felaj\u00e1nl\u00e1s\u00e1val. Ad\u00f3sz\u00e1munk: 18192823-1-42 Utal\u00e1s Utal\u00e1s fom\u00e1j\u00e1ban &hellip;<\/p>\n","protected":false},"author":101486,"featured_media":0,"parent":0,"menu_order":5,"comment_status":"closed","ping_status":"closed","template":"","meta":{"_acf_changed":false,"footnotes":""},"categories":[],"tags":[],"class_list":["post-6923","page","type-page","status-publish","hentry"],"acf":[],"_links":{"self":[{"href":"https:\/\/semmelweis.hu\/boe\/wp-json\/wp\/v2\/pages\/6923","targetHints":{"allow":["GET"]}}],"collection":[{"href":"https:\/\/semmelweis.hu\/boe\/wp-json\/wp\/v2\/pages"}],"about":[{"href":"https:\/\/semmelweis.hu\/boe\/wp-json\/wp\/v2\/types\/page"}],"author":[{"embeddable":true,"href":"https:\/\/semmelweis.hu\/boe\/wp-json\/wp\/v2\/users\/101486"}],"replies":[{"embeddable":true,"href":"https:\/\/semmelweis.hu\/boe\/wp-json\/wp\/v2\/comments?post=6923"}],"version-history":[{"count":8,"href":"https:\/\/semmelweis.hu\/boe\/wp-json\/wp\/v2\/pages\/6923\/revisions"}],"predecessor-version":[{"id":8822,"href":"https:\/\/semmelweis.hu\/boe\/wp-json\/wp\/v2\/pages\/6923\/revisions\/8822"}],"wp:attachment":[{"href":"https:\/\/semmelweis.hu\/boe\/wp-json\/wp\/v2\/media?parent=6923"}],"wp:term":[{"taxonomy":"category","embeddable":true,"href":"https:\/\/semmelweis.hu\/boe\/wp-json\/wp\/v2\/categories?post=6923"},{"taxonomy":"post_tag","embeddable":true,"href":"https:\/\/semmelweis.hu\/boe\/wp-json\/wp\/v2\/tags?post=6923"}],"curies":[{"name":"wp","href":"https:\/\/api.w.org\/{rel}","templated":true}]}}