{"id":677,"date":"2013-11-18T23:11:25","date_gmt":"2013-11-18T22:11:25","guid":{"rendered":"http:\/\/semmelweis.hu\/boe\/?page_id=677"},"modified":"2025-10-20T23:29:50","modified_gmt":"2025-10-20T21:29:50","slug":"kardiovaszkularis-es-tumorprevencio","status":"publish","type":"page","link":"https:\/\/semmelweis.hu\/boe\/prevencio\/kardiovaszkularis-es-tumorprevencio\/","title":{"rendered":"Kardiovaszkul\u00e1ris \u00e9s tumorprevenci\u00f3"},"content":{"rendered":"<h2 style=\"text-align: justify\"><span style=\"color: #800000\">Az al\u00e1bbi \u00f3r\u00e1k k\u00f6z\u00fcl lehet v\u00e1lasztani:<\/span><\/h2>\n<ul>\n<li style=\"text-align: justify\"><span style=\"font-size: 18pt\"><strong>Tumorprevenc\u00f3<\/strong><\/span><br \/>\nPrevenci\u00f3s el\u0151ad\u00e1saink c\u00e9lja, hogy a di\u00e1kok egy \u00e1tfog\u00f3bb k\u00e9pet kapjanak napjaink egyik leggyakoribb betegs\u00e9gcsoportj\u00e1r\u00f3l, a tumoros k\u00f3rk\u00e9pekr\u0151l. A daganatos megbeteged\u00e9sek okozta hal\u00e1loz\u00e1s a m\u00e1sodik leggyakoribb hal\u00e1lok Magyarorsz\u00e1gon. A prevenci\u00f3s \u00f3r\u00e1k sor\u00e1n alapvet\u0151 mechanizmusokat ismertet\u00fcnk a daganatk\u00e9pz\u0151d\u00e9sr\u0151l, hangs\u00falyozzuk, hogy milyen v\u00e1ltozatosak lehetnek a k\u00fcl\u00f6nb\u00f6z\u0151 daganatt\u00edpusok, valamint olyan fogalmakat is tiszt\u00e1zunk, mint j\u00f3 \u00e9s rosszindulat\u00fa daganat. Kiemelj\u00fck, hogy rendszeres \u00f6nvizsg\u00e1lattal \u00e9s\/vagy sz\u0171r\u0151vizsg\u00e1latokkal kor\u00e1n felfedezett daganatok gy\u00f3gyul\u00e1si \u00e9s t\u00fal\u00e9l\u00e9si es\u00e9lyei igen kedvez\u0151ek.<\/li>\n<\/ul>\n<p>&nbsp;<\/p>\n<ul>\n<li style=\"text-align: justify\"><strong><span style=\"font-size: 18pt\">Kardiovaszkul\u00e1ris prevenci\u00f3<\/span><\/strong><br \/>\n<img loading=\"lazy\" decoding=\"async\" class=\"wp-image-1268 size-full alignright\" src=\"https:\/\/semmelweis.hu\/boe\/files\/2013\/11\/sz\u00edv.jpg\" alt=\"sz\u00edv\" width=\"400\" height=\"276\" srcset=\"https:\/\/semmelweis.hu\/boe\/files\/2013\/11\/sz\u00edv.jpg 400w, https:\/\/semmelweis.hu\/boe\/files\/2013\/11\/sz\u00edv-300x207.jpg 300w, https:\/\/semmelweis.hu\/boe\/files\/2013\/11\/sz\u00edv-175x120.jpg 175w\" sizes=\"auto, (max-width: 400px) 100vw, 400px\" \/>Prevenci\u00f3s el\u0151ad\u00e1saink c\u00e9lja, hogy a di\u00e1kok egy \u00e1tfog\u00f3bb k\u00e9pet kapjanak napjaink leggyakoribb betegs\u00e9gcsoportj\u00e1r\u00f3l \u00e9s vezet\u0151 hal\u00e1lok\u00e1r\u00f3l. Alapvet\u0151 anat\u00f3miai \u00e9s \u00e9lettani ismereteket ny\u00fajtunk a sz\u00edv- \u00e9s \u00e9rrendszerr\u0151l. A kardiovaszkul\u00e1ris megbeteged\u00e9sek k\u00f6z\u00fcl r\u00e9szletesebben ismertetj\u00fck mi t\u00f6rt\u00e9nik sz\u00edvinfarktus, stroke, hirtelen sz\u00edvhal\u00e1l, vagy ak\u00e1r egy m\u00e9lyv\u00e9n\u00e1s tromb\u00f3zis sor\u00e1n. A sz\u00edv- \u00e9s \u00e9rrendszeri betegs\u00e9gek sok\u00e1ig t\u00fcnetmentesek, eg\u00e9szen a legutols\u00f3 szakaszig, amikor bek\u00f6vetkezik a v\u00e1ratlan, s\u00falyos k\u00f6vetkezm\u00e9nyekkel j\u00e1r\u00f3 esem\u00e9ny. Mindez\u00e9rt hangs\u00falyozzuk az \u00e9letm\u00f3dbeli t\u00e9nyez\u0151k szerep\u00e9t, a korai felismer\u00e9s \u00e9s korai kezel\u00e9s megkezd\u00e9s\u00e9nek fontoss\u00e1g\u00e1t.<\/li>\n<\/ul>\n<p style=\"text-align: justify\">\u00a0<\/p>\n<p>Amennyiben szeretne t\u0151l\u00fcnk el\u0151ad\u00e1st k\u00e9rni, k\u00e9rj\u00fck \u00edrjon egy e-mailt az\u00a0<a href=\"mailto:orafelkeres.boe@gmail.com\">orafelkeres.boe@gmail.com<\/a>\u00a0e-mail c\u00edmre. Ezut\u00e1n felvessz\u00fck \u00d6nnel a kapcsolatot.<\/p>\n<p>B\u00e1rmilyen k\u00e9rd\u00e9s, k\u00e9r\u00e9s eset\u00e9n forduljanak hozz\u00e1nk bizalommal!<\/p>\n<p style=\"text-align: justify\"><span style=\"font-size: 24px\"><b>Hiezl Petra Noa<br \/>\n<\/b><\/span><b><\/b><em>Kardiovaszkul\u00e1ris- \u00e9s Tumorprevenci\u00f3s felel\u0151s<\/em><br \/>\n<a href=\"mailto:cvtprev_budapest@humsirc.hu\" target=\"_blank\" rel=\"noopener noreferrer\">cvtprev_budapest@humsirc.hu<\/a><\/p>\n<p style=\"text-align: justify\">\u00a0<\/p>\n","protected":false},"excerpt":{"rendered":"<p>Az al\u00e1bbi \u00f3r\u00e1k k\u00f6z\u00fcl lehet v\u00e1lasztani: Tumorprevenc\u00f3 Prevenci\u00f3s el\u0151ad\u00e1saink c\u00e9lja, hogy a di\u00e1kok egy \u00e1tfog\u00f3bb k\u00e9pet kapjanak napjaink egyik leggyakoribb betegs\u00e9gcsoportj\u00e1r\u00f3l, a tumoros k\u00f3rk\u00e9pekr\u0151l. A daganatos megbeteged\u00e9sek okozta hal\u00e1loz\u00e1s a m\u00e1sodik leggyakoribb hal\u00e1lok Magyarorsz\u00e1gon. A prevenci\u00f3s \u00f3r\u00e1k sor\u00e1n alapvet\u0151 mechanizmusokat ismertet\u00fcnk a daganatk\u00e9pz\u0151d\u00e9sr\u0151l, hangs\u00falyozzuk, hogy milyen v\u00e1ltozatosak lehetnek a k\u00fcl\u00f6nb\u00f6z\u0151 daganatt\u00edpusok, valamint olyan fogalmakat is &hellip;<\/p>\n","protected":false},"author":101486,"featured_media":0,"parent":38,"menu_order":2,"comment_status":"closed","ping_status":"closed","template":"","meta":{"_acf_changed":false,"footnotes":""},"categories":[],"tags":[],"class_list":["post-677","page","type-page","status-publish","hentry"],"acf":[],"_links":{"self":[{"href":"https:\/\/semmelweis.hu\/boe\/wp-json\/wp\/v2\/pages\/677","targetHints":{"allow":["GET"]}}],"collection":[{"href":"https:\/\/semmelweis.hu\/boe\/wp-json\/wp\/v2\/pages"}],"about":[{"href":"https:\/\/semmelweis.hu\/boe\/wp-json\/wp\/v2\/types\/page"}],"author":[{"embeddable":true,"href":"https:\/\/semmelweis.hu\/boe\/wp-json\/wp\/v2\/users\/101486"}],"replies":[{"embeddable":true,"href":"https:\/\/semmelweis.hu\/boe\/wp-json\/wp\/v2\/comments?post=677"}],"version-history":[{"count":12,"href":"https:\/\/semmelweis.hu\/boe\/wp-json\/wp\/v2\/pages\/677\/revisions"}],"predecessor-version":[{"id":8775,"href":"https:\/\/semmelweis.hu\/boe\/wp-json\/wp\/v2\/pages\/677\/revisions\/8775"}],"up":[{"embeddable":true,"href":"https:\/\/semmelweis.hu\/boe\/wp-json\/wp\/v2\/pages\/38"}],"wp:attachment":[{"href":"https:\/\/semmelweis.hu\/boe\/wp-json\/wp\/v2\/media?parent=677"}],"wp:term":[{"taxonomy":"category","embeddable":true,"href":"https:\/\/semmelweis.hu\/boe\/wp-json\/wp\/v2\/categories?post=677"},{"taxonomy":"post_tag","embeddable":true,"href":"https:\/\/semmelweis.hu\/boe\/wp-json\/wp\/v2\/tags?post=677"}],"curies":[{"name":"wp","href":"https:\/\/api.w.org\/{rel}","templated":true}]}}