{"id":6573,"date":"2020-02-22T12:19:44","date_gmt":"2020-02-22T11:19:44","guid":{"rendered":"http:\/\/semmelweis.hu\/boe\/?page_id=6573"},"modified":"2025-10-20T20:14:18","modified_gmt":"2025-10-20T18:14:18","slug":"impressum","status":"publish","type":"page","link":"https:\/\/semmelweis.hu\/boe\/en\/impressum\/","title":{"rendered":"Impressum"},"content":{"rendered":"<p><b>Publisher:<\/b> Budapest Medical Students&#8217; Association<\/p>\n<p><b>President: <\/b>Horv\u00e1th Dominik<\/p>\n<p><b>Editors:<\/b> Kov\u00e1cs Bor\u00f3ka No\u00e9mi<\/p>\n<p><b>Contact to the editor:<\/b> vpc_budapest@humsirc.hu<\/p>\n","protected":false},"excerpt":{"rendered":"<p>Publisher: Budapest Medical Students&#8217; Association<br \/>\nPresident: Horv\u00e1th Dominik<br \/>\nEditors: Kov\u00e1cs Bor\u00f3ka No\u00e9mi<br \/>\nContact to the editor: vpc_budapest@humsirc.hu<\/p>\n","protected":false},"author":101486,"featured_media":0,"parent":0,"menu_order":6,"comment_status":"closed","ping_status":"closed","template":"","meta":{"_acf_changed":false,"footnotes":""},"categories":[],"tags":[],"class_list":["post-6573","page","type-page","status-publish","hentry"],"acf":[],"_links":{"self":[{"href":"https:\/\/semmelweis.hu\/boe\/wp-json\/wp\/v2\/pages\/6573","targetHints":{"allow":["GET"]}}],"collection":[{"href":"https:\/\/semmelweis.hu\/boe\/wp-json\/wp\/v2\/pages"}],"about":[{"href":"https:\/\/semmelweis.hu\/boe\/wp-json\/wp\/v2\/types\/page"}],"author":[{"embeddable":true,"href":"https:\/\/semmelweis.hu\/boe\/wp-json\/wp\/v2\/users\/101486"}],"replies":[{"embeddable":true,"href":"https:\/\/semmelweis.hu\/boe\/wp-json\/wp\/v2\/comments?post=6573"}],"version-history":[{"count":4,"href":"https:\/\/semmelweis.hu\/boe\/wp-json\/wp\/v2\/pages\/6573\/revisions"}],"predecessor-version":[{"id":8759,"href":"https:\/\/semmelweis.hu\/boe\/wp-json\/wp\/v2\/pages\/6573\/revisions\/8759"}],"wp:attachment":[{"href":"https:\/\/semmelweis.hu\/boe\/wp-json\/wp\/v2\/media?parent=6573"}],"wp:term":[{"taxonomy":"category","embeddable":true,"href":"https:\/\/semmelweis.hu\/boe\/wp-json\/wp\/v2\/categories?post=6573"},{"taxonomy":"post_tag","embeddable":true,"href":"https:\/\/semmelweis.hu\/boe\/wp-json\/wp\/v2\/tags?post=6573"}],"curies":[{"name":"wp","href":"https:\/\/api.w.org\/{rel}","templated":true}]}}