{"id":6538,"date":"2020-02-22T11:33:41","date_gmt":"2020-02-22T10:33:41","guid":{"rendered":"http:\/\/semmelweis.hu\/boe\/?page_id=6538"},"modified":"2025-10-20T20:28:46","modified_gmt":"2025-10-20T18:28:46","slug":"health-and-nutrition","status":"publish","type":"page","link":"https:\/\/semmelweis.hu\/boe\/en\/prevention\/health-and-nutrition\/","title":{"rendered":"Health and Nutrition"},"content":{"rendered":"<p><a href=\"https:\/\/semmelweis.hu\/boe\/files\/2014\/11\/10644195_10152667313403961_1762026742351561869_o.jpg\"><img loading=\"lazy\" decoding=\"async\" class=\"aligncenter size-large wp-image-1260\" src=\"https:\/\/semmelweis.hu\/boe\/files\/2014\/11\/10644195_10152667313403961_1762026742351561869_o-1024x640.jpg\" alt=\"\" width=\"753\" height=\"471\" srcset=\"https:\/\/semmelweis.hu\/boe\/files\/2014\/11\/10644195_10152667313403961_1762026742351561869_o-1024x640.jpg 1024w, https:\/\/semmelweis.hu\/boe\/files\/2014\/11\/10644195_10152667313403961_1762026742351561869_o-300x187.jpg 300w, https:\/\/semmelweis.hu\/boe\/files\/2014\/11\/10644195_10152667313403961_1762026742351561869_o-479x300.jpg 479w, https:\/\/semmelweis.hu\/boe\/files\/2014\/11\/10644195_10152667313403961_1762026742351561869_o.jpg 1500w\" sizes=\"auto, (max-width: 753px) 100vw, 753px\" \/><\/a><\/p>\n<p><span style=\"font-weight: 400\">If you are here to ask us to give a lesson on this topic, please send us an e-mail to <\/span><a href=\"mailto:orafelkeres.boe@gmail.com\"><span style=\"font-weight: 400\">orafelkeres.boe@gmail.com<\/span><\/a><span style=\"font-weight: 400\">. We will then contact you.<\/span><\/p>\n<div class=\"responsive-tabs\">\n<h2 class=\"tabtitle\">For teachers<\/h2>\n<div class=\"tabcontent\">\n\n<p><span style=\"font-weight: 400\">Dear Sir or Madam,<\/span><\/p>\n<p><span style=\"font-weight: 400\">Our section\u2019s topics:<br \/>\n<\/span><span style=\"font-weight: 400\">We give presentations on the below listed topics mostly to high school students, but to older elementary school classes as well. If you are interested in any of the topics, do not hesitate to contact me.<\/span><\/p>\n<p><strong>Eating disorders<\/strong><\/p>\n<ul>\n<li><span style=\"font-weight: 400\">Anorexia nervosa<\/span><\/li>\n<li><span style=\"font-weight: 400\">Bulimia nervosa<\/span><\/li>\n<li><span style=\"font-weight: 400\">Orthorexia nervosa<\/span><\/li>\n<li><span style=\"font-weight: 400\">Muscle dismorphia<\/span><\/li>\n<\/ul>\n<p><strong>Popular diets, misconceptions<\/strong><\/p>\n<p><strong>Healthy diet<\/strong><\/p>\n<ul>\n<li><span style=\"font-weight: 400\">Information about quality and quantity<\/span><\/li>\n<li><span style=\"font-weight: 400\">Well balanced diet<\/span><\/li>\n<li><span style=\"font-weight: 400\">Recipes (quick, healthy)<\/span><\/li>\n<\/ul>\n<p><strong>Healthy lifestyle\u00a0<\/strong><\/p>\n<ul>\n<li><span style=\"font-weight: 400\">Exercise\u00a0<\/span><\/li>\n<li><span style=\"font-weight: 400\">Information about sporting options<\/span><\/li>\n<\/ul>\n<p><strong>Diabetes (mellitus)<\/strong><\/p>\n<ul>\n<li><span style=\"font-weight: 400\">Risk factors<\/span><\/li>\n<li><span style=\"font-weight: 400\">Causes<\/span><\/li>\n<li><span style=\"font-weight: 400\">Treatment\u00a0<\/span><\/li>\n<li><span style=\"font-weight: 400\">Prevention<\/span><\/li>\n<\/ul>\n<p>&nbsp;<\/p>\n<p><strong>Bogl\u00e1rka Vincze<br \/>\n<\/strong><em><span style=\"font-weight: 400\">Head of Health and Nutrition\u00a0<br \/>\n<\/span><\/em><a href=\"mailto:taplalkozas.boe@gmail.com\"><span style=\"font-weight: 400\">taplalkozas.boe@gmail.com<\/span><\/a><\/p>\n\n<\/div><h2 class=\"tabtitle\">For our students<\/h2>\n<div class=\"tabcontent\">\n\n<p><span style=\"font-weight: 400\">Dear (future) member of BMSA,<\/span><\/p>\n<p><span style=\"font-weight: 400\">Would you like to become part of our section? Would you like to deepen your knowledge about healthy lifestyle, and would you like to pass that knowledge on?<\/span><\/p>\n<p><span style=\"font-weight: 400\">If so, do the following:<\/span><\/p>\n<ol>\n<li style=\"font-weight: 400\"><span style=\"font-weight: 400\">Join our <a href=\"https:\/\/www.facebook.com\/groups\/1566608770230277\/?source_id=302100813960\">Facebook group<\/a> (BOE Eg\u00e9szs\u00e9gtudatos t\u00e1pl\u00e1lkoz\u00e1s el\u0151ad\u00f3i)<\/span><\/li>\n<li style=\"font-weight: 400\"><span style=\"font-weight: 400\">Attend our trainings, where you will gain professional skills<\/span><\/li>\n<li style=\"font-weight: 400\"><span style=\"font-weight: 400\">Apply for special professional training<\/span><\/li>\n<li style=\"font-weight: 400\"><span style=\"font-weight: 400\">Apply for giving a lesson by adding your name in the uploaded Excel table<\/span><\/li>\n<\/ol>\n<p><span style=\"font-weight: 400\">You can give presentations on the following topics:<\/span><\/p>\n<p><strong>Eating disorders<\/strong><\/p>\n<ul>\n<li><span style=\"font-weight: 400\">Anorexia nervosa<\/span><\/li>\n<li><span style=\"font-weight: 400\">Bulimia nervosa<\/span><\/li>\n<li><span style=\"font-weight: 400\">Orthorexia nervosa<\/span><\/li>\n<li><span style=\"font-weight: 400\">Muscle dismorphia<\/span><\/li>\n<\/ul>\n<p><strong>Popular diets, misconceptions<\/strong><\/p>\n<p><strong>Healthy diet<\/strong><\/p>\n<ul>\n<li><span style=\"font-weight: 400\">Information about quality and quantity<\/span><\/li>\n<li><span style=\"font-weight: 400\">Well balanced diet<\/span><\/li>\n<li><span style=\"font-weight: 400\">Recipes (quick, healthy)<\/span><\/li>\n<\/ul>\n<p><strong>Healthy lifestyle\u00a0<\/strong><\/p>\n<ul>\n<li><span style=\"font-weight: 400\">Exercise\u00a0<\/span><\/li>\n<li><span style=\"font-weight: 400\">Information about sporting options<\/span><\/li>\n<\/ul>\n<p><strong>Diabetes (mellitus)<\/strong><\/p>\n<ul>\n<li><span style=\"font-weight: 400\">Risk factors<\/span><\/li>\n<li><span style=\"font-weight: 400\">Causes<\/span><\/li>\n<li><span style=\"font-weight: 400\">Treatment\u00a0<\/span><\/li>\n<li><span style=\"font-weight: 400\">Prevention<\/span><\/li>\n<\/ul>\n<p><strong>Bogl\u00e1rka Vincze<br \/>\n<\/strong><em><span style=\"font-weight: 400\">Head of Health and Nutrition\u00a0<br \/>\n<\/span><\/em><a href=\"mailto:taplalkozas.boe@gmail.com\"><span style=\"font-weight: 400\">taplalkozas.boe@gmail.com<\/span><\/a><\/p>\n\n<\/div><h2 class=\"tabtitle\">For High\/Elementary school students<\/h2>\n<div class=\"tabcontent\">\n\n<p><span style=\"font-weight: 400\">We give presentations on the following topics:<\/span><\/p>\n<p><strong>Eating disorders<\/strong><\/p>\n<ul>\n<li><span style=\"font-weight: 400\">Anorexia nervosa<\/span><\/li>\n<li><span style=\"font-weight: 400\">Bulimia nervosa<\/span><\/li>\n<li><span style=\"font-weight: 400\">Orthorexia nervosa<\/span><\/li>\n<li><span style=\"font-weight: 400\">Muscle dismorphia<\/span><\/li>\n<\/ul>\n<p><strong>Popular diets, misconceptions<\/strong><\/p>\n<p><strong>Healthy diet<\/strong><\/p>\n<ul>\n<li><span style=\"font-weight: 400\">Information about quality and quantity<\/span><\/li>\n<li><span style=\"font-weight: 400\">Well balanced diet<\/span><\/li>\n<li><span style=\"font-weight: 400\">Recipes (quick, healthy)<\/span><\/li>\n<\/ul>\n<p><strong>Healthy lifestyle\u00a0<\/strong><\/p>\n<ul>\n<li><span style=\"font-weight: 400\">Exercise\u00a0<\/span><\/li>\n<li><span style=\"font-weight: 400\">Information about sporting options<\/span><\/li>\n<\/ul>\n<p><strong>Diabetes (mellitus)<\/strong><\/p>\n<ul>\n<li><span style=\"font-weight: 400\">Risk factors<\/span><\/li>\n<li><span style=\"font-weight: 400\">Causes<\/span><\/li>\n<li><span style=\"font-weight: 400\">Treatment\u00a0<\/span><\/li>\n<li><span style=\"font-weight: 400\">Prevention<\/span><\/li>\n<\/ul>\n<p><strong>Bogl\u00e1rka Vincze<br \/>\n<\/strong><em><span style=\"font-weight: 400\">Head of Health and Nutrition\u00a0<br \/>\n<\/span><\/em><a href=\"mailto:taplalkozas.boe@gmail.com\"><span style=\"font-weight: 400\">taplalkozas.boe@gmail.com<\/span><\/a><\/p>\n<\/div><\/div>\n","protected":false},"excerpt":{"rendered":"<p><a href=\"https:\/\/semmelweis.hu\/boe\/files\/2014\/11\/10644195_10152667313403961_1762026742351561869_o.jpg\"><\/a> If you are here to ask us to give a lesson on this topic, please send us an e-mail to <a href=\"mailto:orafelkeres.boe@gmail.com\">orafelkeres.boe@gmail.com<\/a> . We will then contact you. Dear Sir or Madam, Our section\u2019s topics: We give presentations on the below listed topics mostly to high school students, but to older elementary school classes as well. If &hellip;<\/p>\n","protected":false},"author":101486,"featured_media":0,"parent":4922,"menu_order":3,"comment_status":"closed","ping_status":"closed","template":"","meta":{"_acf_changed":false,"footnotes":""},"categories":[],"tags":[],"class_list":["post-6538","page","type-page","status-publish","hentry"],"acf":[],"_links":{"self":[{"href":"https:\/\/semmelweis.hu\/boe\/wp-json\/wp\/v2\/pages\/6538","targetHints":{"allow":["GET"]}}],"collection":[{"href":"https:\/\/semmelweis.hu\/boe\/wp-json\/wp\/v2\/pages"}],"about":[{"href":"https:\/\/semmelweis.hu\/boe\/wp-json\/wp\/v2\/types\/page"}],"author":[{"embeddable":true,"href":"https:\/\/semmelweis.hu\/boe\/wp-json\/wp\/v2\/users\/101486"}],"replies":[{"embeddable":true,"href":"https:\/\/semmelweis.hu\/boe\/wp-json\/wp\/v2\/comments?post=6538"}],"version-history":[{"count":6,"href":"https:\/\/semmelweis.hu\/boe\/wp-json\/wp\/v2\/pages\/6538\/revisions"}],"predecessor-version":[{"id":8764,"href":"https:\/\/semmelweis.hu\/boe\/wp-json\/wp\/v2\/pages\/6538\/revisions\/8764"}],"up":[{"embeddable":true,"href":"https:\/\/semmelweis.hu\/boe\/wp-json\/wp\/v2\/pages\/4922"}],"wp:attachment":[{"href":"https:\/\/semmelweis.hu\/boe\/wp-json\/wp\/v2\/media?parent=6538"}],"wp:term":[{"taxonomy":"category","embeddable":true,"href":"https:\/\/semmelweis.hu\/boe\/wp-json\/wp\/v2\/categories?post=6538"},{"taxonomy":"post_tag","embeddable":true,"href":"https:\/\/semmelweis.hu\/boe\/wp-json\/wp\/v2\/tags?post=6538"}],"curies":[{"name":"wp","href":"https:\/\/api.w.org\/{rel}","templated":true}]}}