{"id":6525,"date":"2020-02-22T11:16:09","date_gmt":"2020-02-22T10:16:09","guid":{"rendered":"http:\/\/semmelweis.hu\/boe\/?page_id=6525"},"modified":"2025-10-20T20:26:48","modified_gmt":"2025-10-20T18:26:48","slug":"sexual-and-reproductive-health","status":"publish","type":"page","link":"https:\/\/semmelweis.hu\/boe\/en\/prevention\/sexual-and-reproductive-health\/","title":{"rendered":"Sexual and reproductive health"},"content":{"rendered":"<p><a href=\"https:\/\/semmelweis.hu\/boe\/files\/2018\/11\/sexprev.jpg\"><img loading=\"lazy\" decoding=\"async\" class=\"aligncenter size-full wp-image-5552\" src=\"https:\/\/semmelweis.hu\/boe\/files\/2018\/11\/sexprev.jpg\" alt=\"\" width=\"800\" height=\"534\" srcset=\"https:\/\/semmelweis.hu\/boe\/files\/2018\/11\/sexprev.jpg 800w, https:\/\/semmelweis.hu\/boe\/files\/2018\/11\/sexprev-300x200.jpg 300w, https:\/\/semmelweis.hu\/boe\/files\/2018\/11\/sexprev-768x513.jpg 768w, https:\/\/semmelweis.hu\/boe\/files\/2018\/11\/sexprev-753x503.jpg 753w, https:\/\/semmelweis.hu\/boe\/files\/2018\/11\/sexprev-203x135.jpg 203w\" sizes=\"auto, (max-width: 800px) 100vw, 800px\" \/><\/a><\/p>\n<p><span style=\"font-weight: 400\">Dear Visitor,<\/span><\/p>\n<p><span style=\"font-weight: 400\">I would like to introduce you to the work of BMSA\u2019s Sexual and Reproductive Health section.<br \/>\n<\/span><span style=\"font-weight: 400\">All members of our Association are medical students, who give prevention classes to elementary and high school students after completing our training.\u00a0<br \/>\n<\/span><span style=\"font-weight: 400\">We are connected to many schools in Budapest and its vicinity, however, we would like to further reach as many schools as possible.<br \/>\n<\/span><span style=\"font-weight: 400\">This section focuses on topics in connection with sexual culture, including basic anatomical information, intimate hygiene, safe contraceptive methods and sexually transmitted diseases.<br \/>\n<\/span><span style=\"font-weight: 400\">Be organise several major events annually, for example the world AIDS day on the 1st of December, or Semmelweis Eg\u00e9szsgverseny (Semmelweis Health Competition)<\/span> <span style=\"font-weight: 400\">for high school students in<\/span><span style=\"font-weight: 400\"> March.<\/p>\n<p><\/span><span style=\"font-weight: 400\">If you are here to ask us to give a lesson on this topic, please send us an e-mail to <\/span><a href=\"mailto:orafelkeres.boe@gmail.com\"><span style=\"font-weight: 400\">orafelkeres.boe@gmail.com<\/span><\/a><span style=\"font-weight: 400\">. We will then contact you.<\/span><\/p>\n<p><span style=\"font-weight: 400\">Should you have further questions, do not hesitate to contact us.<\/span><\/p>\n<p><span style=\"font-weight: 400\"><strong>Viktor Korm\u00e1nyos<\/strong><br \/>\n<\/span><span style=\"font-weight: 400\">Head of Sexual and reproductive health<br \/>\n<\/span><a href=\"mailto:lora_budapest@humsirc.hu\"><span style=\"font-weight: 400\">lora_budapest@humsirc.hu<\/span><\/a><\/p>\n<div class=\"responsive-tabs\">\n<h2 class=\"tabtitle\">For teachers<\/h2>\n<div class=\"tabcontent\">\n\n<p><span style=\"font-weight: 400\">Dear Sir\/Madam,<\/span><\/p>\n<p><span style=\"font-weight: 400\">BMSA has several years of experience in organizing and conducting preventive classes, therefore we have acquired considerable professional experience and references over the years. This year we continue the decade-long tradition with the help of <\/span><span style=\"font-weight: 400\">Ifj\u00fa Tud\u00f3sok T\u00e1rsas\u00e1ga K\u00f6zhaszn\u00fa Alap\u00edtv\u00e1ny.<br \/>\n<\/span><span style=\"font-weight: 400\">All members of our section are medical students, who wish to raise awareness among elementary and high school students by giving presentations about responsibilities that come with active sexual life.<\/span><\/p>\n<p><span style=\"font-weight: 400\">Our members regularly attend extra trainings in order to make their presentations up to date, and to able to inform students about the latest scientific discoveries.\u00a0<br \/>\n<\/span><span style=\"font-weight: 400\">Our basic sexual education classes aim to spread sexual culture among teenagers, which includes:<\/span><\/p>\n<ul>\n<li><span style=\"font-weight: 400\">Basic anatomical knowledge<\/span><\/li>\n<li><span style=\"font-weight: 400\">Intimate hygiene\u00a0<\/span><\/li>\n<li><span style=\"font-weight: 400\">Proper self-examination<\/span><\/li>\n<li><span style=\"font-weight: 400\">safe contraceptive methods<\/span><\/li>\n<li><span style=\"font-weight: 400\">General information about sexually transmitted diseases<\/span><\/li>\n<\/ul>\n<p><span style=\"font-weight: 400\">We pay special attention to the high numbers of teenage pregnancies and abortions. We are raising awareness about how abortions can cause serious physical and mental damages.<\/span><span style=\"font-weight: 400\">We flexibly plan our classes based on your needs of form and content, free of charge for institutes of public education.<\/span><\/p>\n<p>&nbsp;<\/p>\n<p><span style=\"font-weight: 400\"><strong>Viktor Korm\u00e1nyos<\/strong><br \/>\n<\/span><span style=\"font-weight: 400\">Head of Sexual and reproductive health<br \/>\n<\/span><a href=\"mailto:lora_budapest@humsirc.hu\"><span style=\"font-weight: 400\">lora_budapest@humsirc.hu<\/span><\/a><\/p>\n\n<\/div><h2 class=\"tabtitle\">For our students<\/h2>\n<div class=\"tabcontent\">\n\n<p><span style=\"font-weight: 400\">Dear (future) member of BMSA,<\/span><\/p>\n<p><span style=\"font-weight: 400\">I would like to present you the work of Sexual and reproductive health section.<\/span><span style=\"font-weight: 400\">Our primary mission is to give presentations to elementary and high school students about sexual culture, and we need your help as well!<\/span><\/p>\n<p><span style=\"font-weight: 400\">Pro:<\/span><\/p>\n<p><span style=\"font-weight: 400\">You will be doing a significant social duty, as you can affect other people\u2019s lives before finishing medical school<br \/>\n<\/span><span style=\"font-weight: 400\">At end of the day, you will certainly feel useful<br \/>\n<\/span><span style=\"font-size: 1rem\">It is a superb feeling, read my introduction<br \/>\n<\/span><span style=\"font-weight: 400\">And of course you are rewarded with BMSA points<\/span><\/p>\n<p><span style=\"font-weight: 400\">Contra:<\/span><\/p>\n<p><span style=\"font-weight: 400\">Nothing comes to my mind <\/span><span style=\"font-weight: 400\">?<\/span><\/p>\n<p><span style=\"font-weight: 400\">These classes include: <\/span><span style=\"font-weight: 400\">basic anatomical and physiological knowledge, safe contraceptive methods and general information about sexually transmitted diseases, especially AIDS and HPV, but also\u00a0 intimate hygiene and other relevant topics.<\/span><\/p>\n<p><span style=\"font-weight: 400\">We organise major events annually, and we need help with these as well!<\/span><\/p>\n<p><span style=\"font-weight: 400\">World AIDS day<br \/>\n<\/span><span style=\"font-weight: 400\">IDAHOT : <\/span><a href=\"http:\/\/www.apa.org\/pi\/lgbt\/resources\/against-homophobia.aspx\">International Day Against Homophobia &amp; Transphobia<\/a><br \/>\n<span style=\"font-weight: 400\">Women\u2019s day and other events<\/span><\/p>\n<p><span style=\"font-weight: 400\">We are part of the organizing team of <\/span><span style=\"font-weight: 400\">EG\u00c9SZS\u00c9GVERSENY <\/span><span style=\"font-weight: 400\">for high school studnets<\/span><\/p>\n<p><span style=\"font-weight: 400\">How to join us:<\/span><\/p>\n<p><span style=\"font-weight: 400\">Attend our training in October, check the <a href=\"https:\/\/us10.list-manage.com\/subscribe?u=37838305dd32f560691e97fc0&amp;id=ef7e22655c\">newsletter<\/a> for the specific date<br \/>\n<\/span><span style=\"font-weight: 400\">Find a likable and active member of our section (a mentor), watch a few of his\/her presentations, learn the required material and go for it! <\/span><span style=\"font-weight: 400\">?<\/span><\/p>\n<\/div><\/div>\n","protected":false},"excerpt":{"rendered":"<p><a href=\"https:\/\/semmelweis.hu\/boe\/files\/2018\/11\/sexprev.jpg\"><\/a> Dear Visitor, I would like to introduce you to the work of BMSA\u2019s Sexual and Reproductive Health section. All members of our Association are medical students, who give prevention classes to elementary and high school students after completing our training.\u00a0 We are connected to many schools in Budapest and its vicinity, however, we would like &hellip;<\/p>\n","protected":false},"author":101486,"featured_media":0,"parent":4922,"menu_order":2,"comment_status":"closed","ping_status":"closed","template":"","meta":{"_acf_changed":false,"footnotes":""},"categories":[],"tags":[],"class_list":["post-6525","page","type-page","status-publish","hentry"],"acf":[],"_links":{"self":[{"href":"https:\/\/semmelweis.hu\/boe\/wp-json\/wp\/v2\/pages\/6525","targetHints":{"allow":["GET"]}}],"collection":[{"href":"https:\/\/semmelweis.hu\/boe\/wp-json\/wp\/v2\/pages"}],"about":[{"href":"https:\/\/semmelweis.hu\/boe\/wp-json\/wp\/v2\/types\/page"}],"author":[{"embeddable":true,"href":"https:\/\/semmelweis.hu\/boe\/wp-json\/wp\/v2\/users\/101486"}],"replies":[{"embeddable":true,"href":"https:\/\/semmelweis.hu\/boe\/wp-json\/wp\/v2\/comments?post=6525"}],"version-history":[{"count":4,"href":"https:\/\/semmelweis.hu\/boe\/wp-json\/wp\/v2\/pages\/6525\/revisions"}],"predecessor-version":[{"id":8763,"href":"https:\/\/semmelweis.hu\/boe\/wp-json\/wp\/v2\/pages\/6525\/revisions\/8763"}],"up":[{"embeddable":true,"href":"https:\/\/semmelweis.hu\/boe\/wp-json\/wp\/v2\/pages\/4922"}],"wp:attachment":[{"href":"https:\/\/semmelweis.hu\/boe\/wp-json\/wp\/v2\/media?parent=6525"}],"wp:term":[{"taxonomy":"category","embeddable":true,"href":"https:\/\/semmelweis.hu\/boe\/wp-json\/wp\/v2\/categories?post=6525"},{"taxonomy":"post_tag","embeddable":true,"href":"https:\/\/semmelweis.hu\/boe\/wp-json\/wp\/v2\/tags?post=6525"}],"curies":[{"name":"wp","href":"https:\/\/api.w.org\/{rel}","templated":true}]}}