{"id":650,"date":"2013-11-17T22:52:07","date_gmt":"2013-11-17T21:52:07","guid":{"rendered":"http:\/\/semmelweis.hu\/boe\/?page_id=650"},"modified":"2025-10-20T23:40:23","modified_gmt":"2025-10-20T21:40:23","slug":"teddy","status":"publish","type":"page","link":"https:\/\/semmelweis.hu\/boe\/prevencio\/teddy\/","title":{"rendered":"Teddy Maci K\u00f3rh\u00e1z"},"content":{"rendered":"<p style=\"text-align: justify\">\u00a0<\/p>\n<p style=\"text-align: justify\"><a href=\"https:\/\/semmelweis.hu\/boe\/files\/2018\/11\/teddymaci.jpg\"><img loading=\"lazy\" decoding=\"async\" class=\"alignright wp-image-5555 size-medium\" src=\"https:\/\/semmelweis.hu\/boe\/files\/2018\/11\/teddymaci-300x200.jpg\" alt=\"\" width=\"300\" height=\"200\" srcset=\"https:\/\/semmelweis.hu\/boe\/files\/2018\/11\/teddymaci-300x200.jpg 300w, https:\/\/semmelweis.hu\/boe\/files\/2018\/11\/teddymaci-768x512.jpg 768w, https:\/\/semmelweis.hu\/boe\/files\/2018\/11\/teddymaci-1024x683.jpg 1024w, https:\/\/semmelweis.hu\/boe\/files\/2018\/11\/teddymaci-753x502.jpg 753w, https:\/\/semmelweis.hu\/boe\/files\/2018\/11\/teddymaci-203x135.jpg 203w, https:\/\/semmelweis.hu\/boe\/files\/2018\/11\/teddymaci.jpg 2048w\" sizes=\"auto, (max-width: 300px) 100vw, 300px\" \/><\/a>A Teddy Maci szekci\u00f3 az egyes\u00fclet egyetlen olyan szekci\u00f3ja, amely az \u00f3vod\u00e1s koroszt\u00e1lyt c\u00e9lozza meg. J\u00e1t\u00e9kosan mutatja be a macikon kereszt\u00fcl az emberi test legfontosabb szerveit \u00e9s \u00e9rdekess\u00e9geit, mindezt a Teddy Doktorok seg\u00edts\u00e9g\u00e9vel, akik az egyes\u00fcletben tev\u00e9kenyked\u0151 \u00f6nk\u00e9ntes orvostanhallgat\u00f3k. A foglalkoz\u00e1sok egyik legfontosabb c\u00e9lja az oktat\u00e1son k\u00edv\u00fcl a gyerekek &#8222;feh\u00e9r k\u00f6peny&#8221; f\u00e9lelm\u00e9nek cs\u00f6kkent\u00e9se, vagyis megmutatni azt, hogy az orvosokt\u00f3l nem szabad f\u00e9lni, hiszen csak seg\u00edteni szeretn\u00e9nek rajtunk akkor, amikor betegek vagyunk.<\/p>\n<h2 style=\"text-align: justify\"><span style=\"color: #800000\">Az al\u00e1bbi \u00f3r\u00e1k k\u00f6z\u00fcl lehet v\u00e1lasztani:<\/span><\/h2>\n<ul>\n<li style=\"text-align: justify\"><strong><span style=\"font-size: 18pt\">Teddy Maci foglalkoz\u00e1s<\/span><\/strong><br \/>\nMaga a foglalkoz\u00e1s 2 nagyobb r\u00e9szb\u0151l \u00e1ll. Az els\u0151 r\u00e9szben a k\u00fcl\u00f6nleges Teddy Macikat mutatjuk be nekik. Ezek k\u00fcl\u00f6nlegess\u00e9ge abban rejlik, hogy a hasukban text\u00edlb\u0151l varrott szervek tal\u00e1lhat\u00f3ak, amiket j\u00e1t\u00e9kosan mutatunk be nekik. Az \u00f3ra m\u00e1sodik r\u00e9sze pedig a j\u00e1t\u00e9kr\u00f3l sz\u00f3l. K\u00fcl\u00f6nb\u00f6z\u0151, gyerekeknek val\u00f3 orvosi eszk\u00f6z\u00f6k seg\u00edts\u00e9g\u00e9vel k\u00f6z\u00f6sen foglalkozunk a macikkal. A gyerekek elhozhatj\u00e1k aznapra magukkal kedvenc macijaikat\/pl\u00fcss\u00e1llatikat \u00e9s azokat j\u00e1t\u00e9kos kereteken bel\u00fcl egy\u00fctt meggy\u00f3gy\u00edtjuk. K\u00e9zzel varrott kis orvosi ruh\u00e1kba is van lehet\u0151s\u00e9g\u00fck be\u00f6lt\u00f6zni, \u00edgy teljesen \u00e1t\u00e9lve a gy\u00f3gy\u00edt\u00f3 Teddy doktorok szerep\u00e9t. A Teddy Maci foglalkoz\u00e1sok \u00e1ltal\u00e1ban 45 percesek \u00e9s legink\u00e1bb \u00f3vod\u00e1s csoportoknak aj\u00e1nljuk, de \u00e1ltal\u00e1nos iskola els\u0151 \u00e9s m\u00e1sodik oszt\u00e1ly\u00e1ba is el szoktunk l\u00e1togatni.<\/li>\n<\/ul>\n<p>&nbsp;<\/p>\n<p style=\"text-align: left\">Eddig tartott Teddy foglalkoz\u00e1saink: \n<!-- iframe plugin v.4.9 wordpress.org\/plugins\/iframe\/ -->\n<iframe loading=\"lazy\" src=\"https:\/\/www.google.com\/maps\/d\/embed?mid=1T8ZgPsycXfyVcz4bZPP6CN38y-fHTosR\" width=\"640\" height=\"480\" scrolling=\"yes\" class=\"iframe-class\" frameborder=\"0\"><\/iframe>\n<\/p>\n<p style=\"text-align: justify\">Amennyiben felkeltette \u00e9rdekl\u0151d\u00e9s\u00e9t programunk, el\u00e9rhet\u0151s\u00e9g\u00fcnk a k\u00f6vetkez\u0151:<\/p>\n<p style=\"text-align: justify\"><span style=\"font-size: 18pt\"><strong>Balk\u00e1nyi Zs\u00f3fia<br \/>\n<\/strong><\/span><em>Gyermek-eg\u00e9szs\u00e9gnevel\u00e9si felel\u0151s<br \/>\n<\/em><a href=\"mailto:teddy_budapest@humsirc.hu\">teddy_budapest@humsirc.hu<\/a><\/p>\n","protected":false},"excerpt":{"rendered":"<p>\u00a0 <a href=\"https:\/\/semmelweis.hu\/boe\/files\/2018\/11\/teddymaci.jpg\"><\/a> A Teddy Maci szekci\u00f3 az egyes\u00fclet egyetlen olyan szekci\u00f3ja, amely az \u00f3vod\u00e1s koroszt\u00e1lyt c\u00e9lozza meg. J\u00e1t\u00e9kosan mutatja be a macikon kereszt\u00fcl az emberi test legfontosabb szerveit \u00e9s \u00e9rdekess\u00e9geit, mindezt a Teddy Doktorok seg\u00edts\u00e9g\u00e9vel, akik az egyes\u00fcletben tev\u00e9kenyked\u0151 \u00f6nk\u00e9ntes orvostanhallgat\u00f3k. A foglalkoz\u00e1sok egyik legfontosabb c\u00e9lja az oktat\u00e1son k\u00edv\u00fcl a gyerekek &#8222;feh\u00e9r k\u00f6peny&#8221; f\u00e9lelm\u00e9nek cs\u00f6kkent\u00e9se, vagyis &hellip;<\/p>\n","protected":false},"author":101486,"featured_media":0,"parent":38,"menu_order":7,"comment_status":"closed","ping_status":"closed","template":"","meta":{"_acf_changed":false,"footnotes":""},"categories":[],"tags":[],"class_list":["post-650","page","type-page","status-publish","hentry"],"acf":[],"_links":{"self":[{"href":"https:\/\/semmelweis.hu\/boe\/wp-json\/wp\/v2\/pages\/650","targetHints":{"allow":["GET"]}}],"collection":[{"href":"https:\/\/semmelweis.hu\/boe\/wp-json\/wp\/v2\/pages"}],"about":[{"href":"https:\/\/semmelweis.hu\/boe\/wp-json\/wp\/v2\/types\/page"}],"author":[{"embeddable":true,"href":"https:\/\/semmelweis.hu\/boe\/wp-json\/wp\/v2\/users\/101486"}],"replies":[{"embeddable":true,"href":"https:\/\/semmelweis.hu\/boe\/wp-json\/wp\/v2\/comments?post=650"}],"version-history":[{"count":10,"href":"https:\/\/semmelweis.hu\/boe\/wp-json\/wp\/v2\/pages\/650\/revisions"}],"predecessor-version":[{"id":8780,"href":"https:\/\/semmelweis.hu\/boe\/wp-json\/wp\/v2\/pages\/650\/revisions\/8780"}],"up":[{"embeddable":true,"href":"https:\/\/semmelweis.hu\/boe\/wp-json\/wp\/v2\/pages\/38"}],"wp:attachment":[{"href":"https:\/\/semmelweis.hu\/boe\/wp-json\/wp\/v2\/media?parent=650"}],"wp:term":[{"taxonomy":"category","embeddable":true,"href":"https:\/\/semmelweis.hu\/boe\/wp-json\/wp\/v2\/categories?post=650"},{"taxonomy":"post_tag","embeddable":true,"href":"https:\/\/semmelweis.hu\/boe\/wp-json\/wp\/v2\/tags?post=650"}],"curies":[{"name":"wp","href":"https:\/\/api.w.org\/{rel}","templated":true}]}}