{"id":6034,"date":"2019-03-01T07:16:08","date_gmt":"2019-03-01T06:16:08","guid":{"rendered":"http:\/\/semmelweis.hu\/boe\/?page_id=6034"},"modified":"2025-10-20T23:39:56","modified_gmt":"2025-10-20T21:39:56","slug":"vedooltasok","status":"publish","type":"page","link":"https:\/\/semmelweis.hu\/boe\/prevencio\/vedooltasok\/","title":{"rendered":"V\u00e9d\u0151olt\u00e1sok"},"content":{"rendered":"<p><img loading=\"lazy\" decoding=\"async\" class=\"alignright wp-image-6035 size-medium\" style=\"color: #313b40;font-family: Montserrat, sans-serif\" src=\"https:\/\/semmelweis.hu\/boe\/files\/2019\/03\/antibiotic-resistance-pill-running-from-bacteria-1500-300x207.jpg\" alt=\"\" width=\"300\" height=\"207\" srcset=\"https:\/\/semmelweis.hu\/boe\/files\/2019\/03\/antibiotic-resistance-pill-running-from-bacteria-1500-300x207.jpg 300w, https:\/\/semmelweis.hu\/boe\/files\/2019\/03\/antibiotic-resistance-pill-running-from-bacteria-1500-768x531.jpg 768w, https:\/\/semmelweis.hu\/boe\/files\/2019\/03\/antibiotic-resistance-pill-running-from-bacteria-1500-1024x707.jpg 1024w, https:\/\/semmelweis.hu\/boe\/files\/2019\/03\/antibiotic-resistance-pill-running-from-bacteria-1500-175x120.jpg 175w, https:\/\/semmelweis.hu\/boe\/files\/2019\/03\/antibiotic-resistance-pill-running-from-bacteria-1500-753x520.jpg 753w, https:\/\/semmelweis.hu\/boe\/files\/2019\/03\/antibiotic-resistance-pill-running-from-bacteria-1500.jpg 1200w\" sizes=\"auto, (max-width: 300px) 100vw, 300px\" \/><\/p>\n<p style=\"text-align: justify\">A v\u00e9d\u0151olt\u00e1s \u2013 AMR (antimikrobi\u00e1lis rezisztencia) szekci\u00f3 k\u00e9t olyan probl\u00e9m\u00e1t \u00f6lel fel, amik mostan\u00e1ban nagyon aktu\u00e1lisak, \u00e9s k\u00f6z\u00f6s \u00f6sszefog\u00e1s sz\u00fcks\u00e9ges, hogy meg\u00e1ll\u00edtsuk a terjed\u00e9s\u00fcket. Az antibiotikum rezisztencia terjed\u00e9se folyamatos \u00e9s fenyeget\u0151 vesz\u00e9lyt jelent, de szerencs\u00e9re g\u00e1tat szabhatunk neki a megfelel\u0151 infekci\u00f3kontrollal \u00e9s a felel\u0151ss\u00e9gteljes antibiotikumhaszn\u00e1lattal. Hasonl\u00f3an kell felvenn\u00fcnk a harcot az olt\u00e1selleness\u00e9ggel szemben. A v\u00e9d\u0151olt\u00e1sok milli\u00f3k \u00e9let\u00e9t mentett\u00e9k m\u00e1r meg, m\u00e9gis sokan k\u00e9tked\u00e9ssel \u00e9s bizalmatlans\u00e1ggal fordulnak fel\u00e9j\u00fck. A c\u00e9lunk, hogy \u00e9rthet\u0151en \u00e9s egyszer\u0171en magyar\u00e1zzuk el mi\u00e9rt fontosak ezek a t\u00e9m\u00e1k, \u00e9s eloszlassuk a t\u00e9vhiteket, hogy egy jobb \u00e9s eg\u00e9szs\u00e9gtudatosabb j\u00f6v\u0151t \u00e9p\u00edthess\u00fcnk fel egy\u00fctt.<\/p>\n<h2 style=\"text-align: justify\"><span style=\"color: #800000\">Az al\u00e1bbi \u00f3r\u00e1k k\u00f6z\u00fcl lehet v\u00e1lasztani:<\/span><\/h2>\n<ul>\n<li style=\"text-align: justify\"><strong><span style=\"font-size: 18pt\">V\u00e9d\u0151olt\u00e1sok<\/span><\/strong><br \/>\nEnnek az \u00f3r\u00e1nak a keretein bel\u00fcl a di\u00e1kok megismerkedhetnek v\u00e9d\u0151olt\u00e1sok m\u0171k\u00f6d\u00e9s\u00e9vel \u00e9s szerep\u00e9vel. Tiszt\u00e1zzuk, hogy milyen olt\u00e1s fajt\u00e1k vannak, hogyan hatnak az immunrendszerre \u00e9s mi\u00e9rt fontos, hogy az emberek nagy r\u00e9sze beoltassa mag\u00e1t. Az el\u0151ad\u00e1s l\u00e9nyegi r\u00e9sz\u00e9ben megismerkedhetnek azokkal a betegs\u00e9gekkel, amiket az olt\u00e1sok \u00e1ltal el\u0151zhet\u00fcnk meg. Ezeken k\u00edv\u00fcl sz\u00f3t ejt\u00fcnk m\u00e9g az olt\u00e1selleness\u00e9gr\u0151l, k\u00f6z\u00f6sen \u00e1tbesz\u00e9lve, hogy hogyan lehet felismerni az \u00e1lh\u00edreket, \u00e9s mi\u00e9rt fontos, hogy t\u00e1j\u00e9kozottak maradjunk a t\u00e9m\u00e1val kapcsolatban. Az \u00f3ra v\u00e9g\u00e9n interakt\u00edv j\u00e1t\u00e9kkal z\u00e1runk, ahol a di\u00e1kok megmutathatj\u00e1k mennyire \u00e9rtett\u00e9k meg az anyagot, \u00e9s feltehetik a k\u00e9rd\u00e9seiket.<\/li>\n<\/ul>\n<p>&nbsp;<\/p>\n<ul>\n<li style=\"text-align: justify\"><strong><span style=\"font-size: 18pt\">Antimikrobi\u00e1lis rezisztencia<\/span> <\/strong><br \/>\nEzen az \u00f3r\u00e1n a di\u00e1kok megtudhatj\u00e1k mit jelent az antibiotikum rezisztencia \u00e9s mi\u00e9rt fontos a megel\u0151z\u00e9se. Az \u00f3ra elej\u00e9n \u00e1ttekintj\u00fck milyen k\u00f3rokoz\u00f3kat ismer\u00fcnk, \u00e9s milyen gy\u00f3gyszereket haszn\u00e1lhatunk az \u00e1ltaluk okozott betegs\u00e9gek ellen. Megbesz\u00e9lj\u00fck hogy hogyan m\u0171k\u00f6dnek az antibiotikumok, \u00e9s a bakt\u00e9riumok hogyan alak\u00edtanak ki rezisztenci\u00e1t ellen\u00fck. Adunk egy kis t\u00f6rt\u00e9nelmi \u00e1ttekint\u00e9st az antibiotikumok megjelen\u00e9se el\u0151tti id\u0151kb\u0151l, \u00e9s felh\u00edvjuk a figyelmet a jelenlegi probl\u00e9m\u00e1ra, vagyis a multirezisztens bakt\u00e9riumok megjelen\u00e9s\u00e9re. V\u00e9g\u00fcl \u00f6sszefoglaljuk mit tehet\u00fcnk ennek a probl\u00e9m\u00e1nak a megel\u0151z\u00e9se \u00e9rdek\u00e9ben. Az \u00f3ra v\u00e9ge itt is j\u00e1t\u00e9kkal z\u00e1rul.<\/li>\n<\/ul>\n<p>&nbsp;<\/p>\n<div>\n<p>Amennyiben szeretne t\u0151l\u00fcnk el\u0151ad\u00e1st k\u00e9rni, k\u00e9rj\u00fck \u00edrjon egy e-mailt az <a href=\"mailto:orafelkeres.boe@gmail.com\">orafelkeres.boe@gmail.com<\/a>\u00a0e-mail c\u00edmre. Ezut\u00e1n felvessz\u00fck \u00d6nnel a kapcsolatot.<\/p>\n<\/div>\n<div>\n<p><span style=\"color: #000000\">B\u00e1rmilyen k\u00e9rd\u00e9s, k\u00e9r\u00e9s eset\u00e9n forduljanak hozz\u00e1nk bizalommal!<\/span><\/p>\n<\/div>\n<p><span style=\"font-size: 24px\"><b>B\u00e1r\u00e1ny Ben\u0151<\/b><\/span><br \/>\n<em>V\u00e9d\u0151olt\u00e1sok \u00e9s AMR felel\u0151s<br \/>\n<\/em><a href=\"mailto:vedooltasok.boe@gmail.com\">vedooltasok.boe@gmail.com<\/a><\/p>\n","protected":false},"excerpt":{"rendered":"<p>A v\u00e9d\u0151olt\u00e1s \u2013 AMR (antimikrobi\u00e1lis rezisztencia) szekci\u00f3 k\u00e9t olyan probl\u00e9m\u00e1t \u00f6lel fel, amik mostan\u00e1ban nagyon aktu\u00e1lisak, \u00e9s k\u00f6z\u00f6s \u00f6sszefog\u00e1s sz\u00fcks\u00e9ges, hogy meg\u00e1ll\u00edtsuk a terjed\u00e9s\u00fcket. Az antibiotikum rezisztencia terjed\u00e9se folyamatos \u00e9s fenyeget\u0151 vesz\u00e9lyt jelent, de szerencs\u00e9re g\u00e1tat szabhatunk neki a megfelel\u0151 infekci\u00f3kontrollal \u00e9s a felel\u0151ss\u00e9gteljes antibiotikumhaszn\u00e1lattal. Hasonl\u00f3an kell felvenn\u00fcnk a harcot az olt\u00e1selleness\u00e9ggel szemben. A v\u00e9d\u0151olt\u00e1sok &hellip;<\/p>\n","protected":false},"author":101486,"featured_media":0,"parent":38,"menu_order":6,"comment_status":"closed","ping_status":"closed","template":"","meta":{"_acf_changed":false,"footnotes":""},"categories":[],"tags":[],"class_list":["post-6034","page","type-page","status-publish","hentry"],"acf":[],"_links":{"self":[{"href":"https:\/\/semmelweis.hu\/boe\/wp-json\/wp\/v2\/pages\/6034","targetHints":{"allow":["GET"]}}],"collection":[{"href":"https:\/\/semmelweis.hu\/boe\/wp-json\/wp\/v2\/pages"}],"about":[{"href":"https:\/\/semmelweis.hu\/boe\/wp-json\/wp\/v2\/types\/page"}],"author":[{"embeddable":true,"href":"https:\/\/semmelweis.hu\/boe\/wp-json\/wp\/v2\/users\/101486"}],"replies":[{"embeddable":true,"href":"https:\/\/semmelweis.hu\/boe\/wp-json\/wp\/v2\/comments?post=6034"}],"version-history":[{"count":10,"href":"https:\/\/semmelweis.hu\/boe\/wp-json\/wp\/v2\/pages\/6034\/revisions"}],"predecessor-version":[{"id":8779,"href":"https:\/\/semmelweis.hu\/boe\/wp-json\/wp\/v2\/pages\/6034\/revisions\/8779"}],"up":[{"embeddable":true,"href":"https:\/\/semmelweis.hu\/boe\/wp-json\/wp\/v2\/pages\/38"}],"wp:attachment":[{"href":"https:\/\/semmelweis.hu\/boe\/wp-json\/wp\/v2\/media?parent=6034"}],"wp:term":[{"taxonomy":"category","embeddable":true,"href":"https:\/\/semmelweis.hu\/boe\/wp-json\/wp\/v2\/categories?post=6034"},{"taxonomy":"post_tag","embeddable":true,"href":"https:\/\/semmelweis.hu\/boe\/wp-json\/wp\/v2\/tags?post=6034"}],"curies":[{"name":"wp","href":"https:\/\/api.w.org\/{rel}","templated":true}]}}