{"id":5437,"date":"2018-10-28T16:37:56","date_gmt":"2018-10-28T15:37:56","guid":{"rendered":"http:\/\/semmelweis.hu\/boe\/?page_id=5437"},"modified":"2025-10-19T13:15:05","modified_gmt":"2025-10-19T11:15:05","slug":"regisztracio","status":"publish","type":"page","link":"https:\/\/semmelweis.hu\/boe\/egeszsegverseny\/regisztracio\/","title":{"rendered":"Regisztr\u00e1ci\u00f3"},"content":{"rendered":"<h1 style=\"text-align: center\"><span style=\"font-size: 24pt\">XI. Semmelweis Eg\u00e9szs\u00e9gverseny<\/span><!--\/data\/user\/0\/com.samsung.android.app.notes\/files\/clipdata\/clipdata_bodytext_231126_235407_414.sdocx--><\/h1>\n<p>&nbsp;<\/p>\n<h2>R\u00e9szletes t\u00e1j\u00e9koztat\u00f3 a regisztr\u00e1ci\u00f3 egyes l\u00e9p\u00e9seir\u0151l:<\/h2>\n<div class=\"responsive-tabs\">\n<h2 class=\"tabtitle\">Regisztr\u00e1ci\u00f3<\/h2>\n<div class=\"tabcontent\">\n\n<p><strong>REGISZTR\u00c1CI\u00d3 L\u00c9P\u00c9SEI<\/strong><\/p>\n<ol>\n<li style=\"font-weight: 400;text-align: justify\"><span style=\"font-weight: 400\">K\u00e9r\u00e9s\u00fcnk, hogy minden csapattag \u00e9s a felk\u00e9sz\u00edt\u0151 tan\u00e1r is olvassa el a <\/span><strong><a href=\"https:\/\/semmelweis.hu\/boe\/egeszsegverseny\/versenyszabalyzat\/\">Versenyszab\u00e1lyzatot<\/a> <\/strong><span style=\"font-weight: 400\">\u00e9s az <strong>Adatkezel\u00e9si T\u00e1j\u00e9koztat\u00f3t.\u00a0<\/strong><\/span><\/li>\n<li style=\"font-weight: 400;text-align: justify\"><span style=\"font-weight: 400\">Ezut\u00e1n k\u00e9r\u00fcnk Titeket, t\u00f6lts\u00e9tek ki a <\/span><strong><a href=\"https:\/\/docs.google.com\/forms\/d\/e\/1FAIpQLSeycytAxrjOYPX-N6G2qcFk0_OcXY3ofWV_ecSG_z0SuhB9Sg\/viewform?usp=header\">Regisztr\u00e1ci\u00f3s \u0171rlapot<\/a><\/strong><span style=\"font-weight: 400\"><strong>.<\/strong> Ez k\u00f6r\u00fclbel\u00fcl 20 percet fog ig\u00e9nybe venni. Nagyon fontos, hogy pontos, a val\u00f3s\u00e1gnak megfelel\u0151 adatokat adjatok meg! Itt sz\u00fcks\u00e9g lesz mindegyik csapattag teljes nev\u00e9re, anyja nev\u00e9re, sz\u00fclet\u00e9si d\u00e1tum\u00e1ra \u00e9s hely\u00e9re, lakc\u00edm\u00e9re, e-mail c\u00edm\u00e9re \u00e9s telefonsz\u00e1m\u00e1ra. K\u00e9rj\u00fck m\u00e9g T\u0151letek a felk\u00e9sz\u00edt\u0151 tan\u00e1r teljes nev\u00e9t, e-mail c\u00edm\u00e9t \u00e9s telefonsz\u00e1m\u00e1t. Meg kell adnotok az Iskol\u00e1tok nev\u00e9t \u00e9s c\u00edm\u00e9t. Majd sz\u00fcks\u00e9ges megadnotok egy szem\u00e9lyt vagy v\u00e1llalatot, amely sz\u00e1m\u00e1ra ki\u00e1ll\u00edtjuk majd a d\u00edjbek\u00e9r\u0151 sz\u00e1ml\u00e1t. Az adatok pontoss\u00e1g\u00e1ra \u00fcgyeljetek, mert a Regisztr\u00e1ci\u00f3s \u0171rlap alapj\u00e1n \u00e1ll\u00edtjuk ki a sz\u00e1ml\u00e1t is.<\/span><\/li>\n<li style=\"font-weight: 400;text-align: justify\"><span style=\"font-weight: 400\">Minden csapattag \u00e9s a felk\u00e9sz\u00edt\u0151 tan\u00e1r kap visszaigazol\u00f3 e-mailt a regisztr\u00e1ci\u00f3r\u00f3l. Amennyiben ez nem t\u00f6rt\u00e9nik meg a regisztr\u00e1ci\u00f3s \u0171rlap lead\u00e1sa ut\u00e1ni 15 percben, k\u00e9r\u00fcnk Titeket, vegy\u00e9tek fel Vel\u00fcnk a kapcsolatot! (E-mail: <a href=\"mailto:egeszsegverseny@humsirc.hu\">egeszsegverseny@humsirc.hu<\/a>)<\/span><\/li>\n<li style=\"font-weight: 400;text-align: justify\"><span style=\"font-weight: 400\">Kiskor\u00fa csapattag eset\u00e9n a t\u00f6rv\u00e9nyes gondvisel\u0151 teljes nev\u00e9nek, anyja nev\u00e9nek, sz\u00fclet\u00e9si d\u00e1tum\u00e1nak \u00e9s hely\u00e9nek, lakc\u00edm\u00e9nek \u00e9s e-mail c\u00edm\u00e9nek megad\u00e1sa is sz\u00fcks\u00e9ges. A kiskor\u00fa csapattag t\u00f6rv\u00e9nyes gondvisel\u0151je e-mail c\u00edm\u00e9re elk\u00fcldj\u00fck a kinyomtatand\u00f3, kit\u00f6ltend\u0151 \u00e9s visszak\u00fcldend\u0151 Hozz\u00e1j\u00e1rul\u00e1si Nyilatkozatot. <\/span><span style=\"font-weight: 400\">Amennyiben nem szeretn\u00e9tek kinyomtatni, D\u00c1P alkalmaz\u00e1ssal hivatalosan hiteles\u00edtett Nyilatkozatot is elfogadunk. <\/span><span style=\"font-weight: 400\">A kit\u00f6lt\u00f6tt Hozz\u00e1j\u00e1rul\u00e1si Nyilatkozatot a t\u00f6rv\u00e9nyes gondvisel\u0151 sz\u00e1m\u00e1ra elk\u00fcld\u00f6tt e-mail-ben tal\u00e1lhat\u00f3 \u0171rlapon kereszt\u00fcl kell visszajuttatni hozz\u00e1nk k\u00e9p vagy PDF form\u00e1tumban.<\/span><\/li>\n<li style=\"font-weight: 400;text-align: justify\"><span style=\"font-weight: 400\">P\u00e1r napon bel\u00fcl a sz\u00e1ml\u00e1z\u00e1si adatokn\u00e1l megadott e-mail c\u00edmre meg\u00e9rkezik a regisztr\u00e1ci\u00f3s d\u00edjra vonatkoz\u00f3 sz\u00e1mla \u00e9s bek\u00e9r\u0151. Ennek teljes\u00edt\u00e9s\u00e9r\u0151l a <\/span><b>Fizet\u00e9s menete<\/b><span style=\"font-weight: 400\"> oldalon tudtok r\u00e9szletesen olvasni, err\u0151l a fizet\u00e9s el\u0151tt mindenf\u00e9lek\u00e9ppen figyelmesen t\u00e1j\u00e9koz\u00f3djatok. Bankk\u00e1rty\u00e1s fizet\u00e9sre \u00e9s utal\u00e1sra van lehet\u0151s\u00e9getek. Utal\u00e1s eset\u00e9n fokozottan \u00fcgyeljetek a sz\u00e1mlasz\u00e1m \u00e9s a k\u00f6zlem\u00e9ny rovat pontos kit\u00f6lt\u00e9s\u00e9re.<\/span><\/li>\n<li style=\"font-weight: 400;text-align: justify\"><span style=\"font-weight: 400\">Amennyiben teljes\u00fclt a fizet\u00e9s \u00e9s kiskor\u00fa csapattagok eset\u00e9n a t\u00f6rv\u00e9nyes gondvisel\u0151 al\u00e1\u00edrta \u00e9s visszak\u00fcldte a Hozz\u00e1j\u00e1rul\u00e1si Nyilatkozatot, regisztr\u00e1ci\u00f3tok \u00e9rv\u00e9nyess\u00e9 v\u00e1lik.<\/span><\/li>\n<li style=\"font-weight: 400;text-align: justify\"><span style=\"font-weight: 400\"><strong>2025. november 24<\/strong>-t\u0151l el\u00e9rhet\u0151 a verseny online fel\u00fclete (Moodle) \u00e9s az <strong>els\u0151 fordul\u00f3 anyaga<\/strong>.<\/span><\/li>\n<li style=\"font-weight: 400;text-align: justify\"><span style=\"font-weight: 400\"><strong>2025. december 8-\u00e1n<\/strong> elindul a XI. Semmelweis Eg\u00e9szs\u00e9gverseny <strong>Els\u0151 Fordul\u00f3<\/strong>ja.<\/span><\/li>\n<\/ol>\n<p><span style=\"font-size: 24pt\"><a href=\"https:\/\/docs.google.com\/forms\/d\/e\/1FAIpQLSeycytAxrjOYPX-N6G2qcFk0_OcXY3ofWV_ecSG_z0SuhB9Sg\/viewform?usp=header\">Regisztr\u00e1ci\u00f3s \u0171rlap<\/a><\/span><\/p>\n<p>&nbsp;<\/p>\n\n<\/div><h2 class=\"tabtitle\">Fizet\u00e9s menete<\/h2>\n<div class=\"tabcontent\">\n\n<h1>Fizet\u00e9s menete<\/h1>\n<p style=\"text-align: justify\"><span style=\"font-weight: 400\">A d\u00edjbek\u00e9r\u0151 a regisztr\u00e1ci\u00f3t k\u00f6vet\u0151en n\u00e9h\u00e1ny napon bel\u00fcl fog meg\u00e9rkezni a sz\u00e1ml\u00e1z\u00e1si adatokn\u00e1l megadott e-mail-c\u00edmetekre.\u00a0<\/span><\/p>\n<p style=\"text-align: justify\"><span style=\"font-weight: 400\">Id\u00e9nt\u0151l kezdve a regiszt\u00e1ci\u00f3s d\u00edj gyorsan \u00e9s k\u00e9nyelmesen, <\/span><b>bankk\u00e1rty\u00e1s fizet\u00e9ssel, Barionon kereszt\u00fcl<\/b><span style=\"font-weight: 400\"> is befizethet\u0151.<\/span><span style=\"font-weight: 400\"><br \/>\n<\/span><span style=\"font-weight: 400\">Ha m\u00e9gis utal\u00e1ssal szeretn\u00e9tek rendezni a d\u00edjat, k\u00e9rj\u00fck, <\/span><b>fokozottan figyeljetek a banksz\u00e1mlasz\u00e1m \u00e9s a k\u00f6zlem\u00e9ny helyess\u00e9g\u00e9re!<\/b><span style=\"font-weight: 400\"> K\u00e9rj\u00fck, hogy utal\u00e1st <\/span><b>csak a d\u00edjbek\u00e9r\u0151 meg\u00e9rkez\u00e9se ut\u00e1n<\/b><span style=\"font-weight: 400\"> ind\u00edtsatok.<\/span><\/p>\n<p style=\"text-align: justify\"><span style=\"font-weight: 400\">Belf\u00f6ldi \u00e1tutal\u00e1sn\u00e1l a \u201eHU56\u201d el\u0151tag nem sz\u00fcks\u00e9ges, a helyi form\u00e1tum\u00fa sz\u00e1mlasz\u00e1mot adj\u00e1tok meg (p\u00e9ld\u00e1ul: 104\u2026). K\u00fclf\u00f6ldr\u0151l \u00e9rkez\u0151 utal\u00e1sn\u00e1l haszn\u00e1lj\u00e1tok a teljes IBAN-t (pl. HU56104\u2026).<\/span><\/p>\n<p>&nbsp;<\/p>\n<p><b>Mi is az az IBAN?<\/b><\/p>\n<p style=\"text-align: justify\"><span style=\"font-weight: 400\">Az IBAN (International Bank Account Number) nemzetk\u00f6zi sz\u00e1mlasz\u00e1m, amelynek hossza \u00e9s fel\u00e9p\u00edt\u00e9se orsz\u00e1gonk\u00e9nt elt\u00e9r\u0151, viszont minden esetben az adott orsz\u00e1g ISO 1366 szabv\u00e1ny szerinti k\u00f3dj\u00e1val kezd\u0151dik. Magyarorsz\u00e1gon a nemzetk\u00f6zi banksz\u00e1mlasz\u00e1m az al\u00e1bbi szab\u00e1lyok alkalmaz\u00e1s\u00e1val ker\u00fclt kialak\u00edt\u00e1sra: * az els\u0151 k\u00e9t karakter Magyarorsz\u00e1g ISO 1366 szabv\u00e1ny szerinti orsz\u00e1gk\u00f3dja: HU; * a 3\u20134. karakter az ellen\u0151rz\u0151sz\u00e1m; * az 5\u201328. karakteren a belf\u00f6ldi p\u00e9nzforgalmi jelz\u0151sz\u00e1m.<\/span><\/p>\n<p style=\"text-align: justify\"><span style=\"font-weight: 400\">\u00a0<\/span><\/p>\n<p><b>Fontos inform\u00e1ci\u00f3k az utal\u00e1sr\u00f3l:\u00a0<\/b><\/p>\n<p style=\"text-align: justify\"><b>Csak akkor utaljon a jelentkez\u0151, ha meg\u00e9rkezett a d\u00edjbek\u00e9r\u0151!<\/b><\/p>\n<p style=\"text-align: justify\"><b>A kedvezm\u00e9nyezett neve:<\/b><span style=\"font-weight: 400\"> Budapesti Orvostanhallgat\u00f3k Egyes\u00fclete<\/span><\/p>\n<p style=\"text-align: justify\"><b>A kedvezm\u00e9nyezett banksz\u00e1mlasz\u00e1ma:<\/b><span style=\"font-weight: 400\"> 10400205-00013756-00000002<\/span><\/p>\n<p style=\"text-align: justify\"><b>K\u00f6zlem\u00e9ny rovat:<\/b><span style=\"font-weight: 400\"> Az emailben kapott d\u00edjbek\u00e9r\u0151 sorsz\u00e1ma (a d\u00edjbek\u00e9r\u0151t megnyitva jelenik meg)<\/span><\/p>\n<p style=\"text-align: justify\"><span style=\"font-weight: 400\">Ha a kedvezm\u00e9nyezett neve nem f\u00e9r ki, akkor annyit sz\u00fcks\u00e9ges be\u00edrni, amennyi kif\u00e9r!<\/span><span style=\"font-weight: 400\"><br \/>\n<\/span><span style=\"font-weight: 400\">K\u00e9rj\u00fck, a <\/span><b>banksz\u00e1mlasz\u00e1m be\u00edr\u00e1s\u00e1ra fokozottan figyeljetek<\/b><span style=\"font-weight: 400\"> (ink\u00e1bb ellen\u0151rizz\u00e9tek k\u00e9tszer), mert a t\u00e9ves sz\u00e1ml\u00e1ra utalt p\u00e9nz\u00e9rt az Egyes\u00fclet nem tud felel\u0151ss\u00e9get v\u00e1llalni!<\/span><\/p>\n<p style=\"text-align: justify\"><\/div><\/div><\/p>\n<p style=\"text-align: justify\">\u00a0<\/p>\n","protected":false},"excerpt":{"rendered":"<p>XI. Semmelweis Eg\u00e9szs\u00e9gverseny &nbsp; R\u00e9szletes t\u00e1j\u00e9koztat\u00f3 a regisztr\u00e1ci\u00f3 egyes l\u00e9p\u00e9seir\u0151l: REGISZTR\u00c1CI\u00d3 L\u00c9P\u00c9SEI K\u00e9r\u00e9s\u00fcnk, hogy minden csapattag \u00e9s a felk\u00e9sz\u00edt\u0151 tan\u00e1r is olvassa el a <a href=\"https:\/\/semmelweis.hu\/boe\/egeszsegverseny\/versenyszabalyzat\/\">Versenyszab\u00e1lyzatot<\/a> \u00e9s az Adatkezel\u00e9si T\u00e1j\u00e9koztat\u00f3t.\u00a0 Ezut\u00e1n k\u00e9r\u00fcnk Titeket, t\u00f6lts\u00e9tek ki a <a href=\"https:\/\/docs.google.com\/forms\/d\/e\/1FAIpQLSeycytAxrjOYPX-N6G2qcFk0_OcXY3ofWV_ecSG_z0SuhB9Sg\/viewform?usp=header\">Regisztr\u00e1ci\u00f3s \u0171rlapot<\/a> . Ez k\u00f6r\u00fclbel\u00fcl 20 percet fog ig\u00e9nybe venni. Nagyon fontos, hogy pontos, a val\u00f3s\u00e1gnak megfelel\u0151 adatokat adjatok meg! Itt sz\u00fcks\u00e9g lesz &hellip;<\/p>\n","protected":false},"author":101486,"featured_media":0,"parent":5420,"menu_order":2,"comment_status":"closed","ping_status":"closed","template":"","meta":{"_acf_changed":false,"footnotes":""},"categories":[],"tags":[],"class_list":["post-5437","page","type-page","status-publish","hentry"],"acf":[],"_links":{"self":[{"href":"https:\/\/semmelweis.hu\/boe\/wp-json\/wp\/v2\/pages\/5437","targetHints":{"allow":["GET"]}}],"collection":[{"href":"https:\/\/semmelweis.hu\/boe\/wp-json\/wp\/v2\/pages"}],"about":[{"href":"https:\/\/semmelweis.hu\/boe\/wp-json\/wp\/v2\/types\/page"}],"author":[{"embeddable":true,"href":"https:\/\/semmelweis.hu\/boe\/wp-json\/wp\/v2\/users\/101486"}],"replies":[{"embeddable":true,"href":"https:\/\/semmelweis.hu\/boe\/wp-json\/wp\/v2\/comments?post=5437"}],"version-history":[{"count":11,"href":"https:\/\/semmelweis.hu\/boe\/wp-json\/wp\/v2\/pages\/5437\/revisions"}],"predecessor-version":[{"id":8746,"href":"https:\/\/semmelweis.hu\/boe\/wp-json\/wp\/v2\/pages\/5437\/revisions\/8746"}],"up":[{"embeddable":true,"href":"https:\/\/semmelweis.hu\/boe\/wp-json\/wp\/v2\/pages\/5420"}],"wp:attachment":[{"href":"https:\/\/semmelweis.hu\/boe\/wp-json\/wp\/v2\/media?parent=5437"}],"wp:term":[{"taxonomy":"category","embeddable":true,"href":"https:\/\/semmelweis.hu\/boe\/wp-json\/wp\/v2\/categories?post=5437"},{"taxonomy":"post_tag","embeddable":true,"href":"https:\/\/semmelweis.hu\/boe\/wp-json\/wp\/v2\/tags?post=5437"}],"curies":[{"name":"wp","href":"https:\/\/api.w.org\/{rel}","templated":true}]}}