{"id":5424,"date":"2018-10-28T15:32:30","date_gmt":"2018-10-28T14:32:30","guid":{"rendered":"http:\/\/semmelweis.hu\/boe\/?page_id=5424"},"modified":"2026-02-27T14:47:18","modified_gmt":"2026-02-27T13:47:18","slug":"kapcsolat","status":"publish","type":"page","link":"https:\/\/semmelweis.hu\/boe\/rolunk\/kapcsolat\/","title":{"rendered":"Kapcsolat"},"content":{"rendered":"<h2>Budapesti Orvostanhallgat\u00f3k Egyes\u00fclete<\/h2>\n<p>1085 Budapest, \u00dcll\u0151i \u00fat 22.<br \/>\n<a href=\"http:\/\/www.facebook.com\/moszboe\">www.facebook.com\/moszboe<\/a><br \/>\n<a href=\"https:\/\/www.instagram.com\/budapestmedicalstudents\/\">https:\/\/www.instagram.com\/budapestmedicalstudents\/<\/a><br \/>\n<a href=\"https:\/\/www.tiktok.com\/@budapestmedicalstudents\">https:\/\/www.tiktok.com\/@budapestmedicalstudents<\/a><\/p>\n<h2>Hivatalos el\u00e9rhet\u0151s\u00e9geink:<br \/>\n<span style=\"font-size: 14pt\"><a href=\"mailto:boe@humsirc.hu\">boe@humsirc.hu<\/a><\/span><\/h2>\n<p>+36 20\/236-8424 (eln\u00f6k)\u00a0<\/p>\n<h2>Prevenci\u00f3s \u00f3ratart\u00e1s<\/h2>\n<p><b>Pahola Vir\u00e1g<\/b><br \/>\n<a href=\"mailto:lpo_budapest@humsirc.hu\">lpo_budapest@humsirc.hu<\/a><\/p>\n<h2>Cseregyakorlatok<\/h2>\n<p><b>Kir\u00e1ly Zs\u00f3fia<\/b><br \/>\n<a href=\"mailto:vpe_budapest@humsirc.hu\">vpe_budapest@humsirc.hu<\/a><\/p>\n<h2>T\u00e1mogat\u00e1s<\/h2>\n<p><span style=\"font-weight: bolder;font-size: 1rem\">Bog\u00e1r-Szab\u00f3 Mih\u00e1ly<\/span><br \/>\n<a href=\"mailto:treasurer_budapest@humsirc.hu\">treasurer_budapest@humsirc.hu<\/a><\/p>\n<h2>Egy\u00fcttm\u0171k\u00f6d\u00e9s, m\u00e9dia megjelen\u00e9s<\/h2>\n<p><b>Kov\u00e1cs Bor\u00f3ka No\u00e9mi<\/b><br \/>\n<a href=\"mailto:vpc_budapest@humsirc.hu\">vpc_budapest@humsirc.hu<\/a><\/p>\n<h2>Eg\u00e9szs\u00e9gverseny<\/h2>\n<p><a href=\"http:\/\/egeszsegverseny@humsirc.hu\/\">egeszsegverseny@h<\/a>umsirc.hu<\/p>\n<p><a href=\"mailto:egeszsegverseny_gazdasag@humsirc.hu\" target=\"_blank\" rel=\"noopener\">egeszsegverseny_gazdasag@humsirc.hu<\/a><\/p>\n<p>&nbsp;<\/p>\n","protected":false},"excerpt":{"rendered":"<p>Budapesti Orvostanhallgat\u00f3k Egyes\u00fclete<br \/>\n1085 Budapest, \u00dcll\u0151i \u00fat 22.<br \/>\n<a href=\"http:\/\/www.facebook.com\/moszboe\">www.facebook.com\/moszboe<\/a><br \/>\n<a href=\"https:\/\/www.instagram.com\/budapestmedicalstudents\/\">https:\/\/www.instagram.com\/budapestmedicalstudents\/<\/a><br \/>\n<a href=\"https:\/\/www.tiktok.com\/@budapestmedicalstudents\">https:\/\/www.tiktok.com\/@budapestmedicalstudents<\/a><br \/>\nHivatalos el\u00e9rhet\u0151s\u00e9geink:<br \/>\n<a href=\"mailto:boe@humsirc.hu\">boe@humsirc.hu<\/a><br \/>\n+36 20\/236-8424 (eln\u00f6k)\u00a0<br \/>\nPrevenci\u00f3s \u00f3ratart\u00e1s<br \/>\nPahola Vir\u00e1g<br \/>\n<a href=\"mailto:lpo_budapest@humsirc.hu\">lpo_budapest@humsirc.hu<\/a><br \/>\nCseregyakorlatok<br \/>\nKir\u00e1ly Zs\u00f3fia<br \/>\n<a href=\"mailto:vpe_budapest@humsirc.hu\">vpe_budapest@humsirc.hu<\/a><br \/>\nT\u00e1mogat\u00e1s<br \/>\nBog\u00e1r-Szab\u00f3 Mih\u00e1ly<br \/>\n<a href=\"mailto:treasurer_budapest@humsirc.hu\">treasurer_budapest@humsirc.hu<\/a><br \/>\nEgy\u00fcttm\u0171k\u00f6d\u00e9s, m\u00e9dia megjelen\u00e9s<br \/>\nKov\u00e1cs Bor\u00f3ka No\u00e9mi<br \/>\n<a href=\"mailto:vpc_budapest@humsirc.hu\">vpc_budapest@humsirc.hu<\/a><br \/>\nEg\u00e9szs\u00e9gverseny<br \/>\n<a href=\"http:\/\/egeszsegverseny@humsirc.hu\/\">egeszsegverseny@h<\/a>umsirc.hu<br \/>\n<a href=\"mailto:egeszsegverseny_gazdasag@humsirc.hu\" target=\"_blank\" rel=\"noopener\">egeszsegverseny_gazdasag@humsirc.hu<\/a><br \/>\n&nbsp;<\/p>\n","protected":false},"author":101486,"featured_media":0,"parent":32,"menu_order":1,"comment_status":"closed","ping_status":"closed","template":"","meta":{"_acf_changed":false,"footnotes":""},"categories":[],"tags":[],"class_list":["post-5424","page","type-page","status-publish","hentry"],"acf":[],"_links":{"self":[{"href":"https:\/\/semmelweis.hu\/boe\/wp-json\/wp\/v2\/pages\/5424","targetHints":{"allow":["GET"]}}],"collection":[{"href":"https:\/\/semmelweis.hu\/boe\/wp-json\/wp\/v2\/pages"}],"about":[{"href":"https:\/\/semmelweis.hu\/boe\/wp-json\/wp\/v2\/types\/page"}],"author":[{"embeddable":true,"href":"https:\/\/semmelweis.hu\/boe\/wp-json\/wp\/v2\/users\/101486"}],"replies":[{"embeddable":true,"href":"https:\/\/semmelweis.hu\/boe\/wp-json\/wp\/v2\/comments?post=5424"}],"version-history":[{"count":11,"href":"https:\/\/semmelweis.hu\/boe\/wp-json\/wp\/v2\/pages\/5424\/revisions"}],"predecessor-version":[{"id":8820,"href":"https:\/\/semmelweis.hu\/boe\/wp-json\/wp\/v2\/pages\/5424\/revisions\/8820"}],"up":[{"embeddable":true,"href":"https:\/\/semmelweis.hu\/boe\/wp-json\/wp\/v2\/pages\/32"}],"wp:attachment":[{"href":"https:\/\/semmelweis.hu\/boe\/wp-json\/wp\/v2\/media?parent=5424"}],"wp:term":[{"taxonomy":"category","embeddable":true,"href":"https:\/\/semmelweis.hu\/boe\/wp-json\/wp\/v2\/categories?post=5424"},{"taxonomy":"post_tag","embeddable":true,"href":"https:\/\/semmelweis.hu\/boe\/wp-json\/wp\/v2\/tags?post=5424"}],"curies":[{"name":"wp","href":"https:\/\/api.w.org\/{rel}","templated":true}]}}