{"id":5423,"date":"2018-10-28T15:32:30","date_gmt":"2018-10-28T14:32:30","guid":{"rendered":"http:\/\/semmelweis.hu\/boe\/?page_id=5423"},"modified":"2026-02-27T17:15:02","modified_gmt":"2026-02-27T16:15:02","slug":"felhivas","status":"publish","type":"page","link":"https:\/\/semmelweis.hu\/boe\/egeszsegverseny\/felhivas\/","title":{"rendered":"Felh\u00edv\u00e1s"},"content":{"rendered":"<p style=\"text-align: justify;padding-left: 40px\"><strong><em>A Budapesti Orvostanhallgat\u00f3k Egyes\u00fclete ebben a tan\u00e9vben is <\/em><\/strong><strong><em>megszervezi a k\u00f6z\u00e9piskol\u00e1soknak sz\u00f3l\u00f3 Semmelweis <\/em><\/strong><strong><em>Eg\u00e9szs\u00e9gversenyt!<\/em><\/strong><\/p>\n<p>&nbsp;<\/p>\n<p style=\"text-align: center\"><span style=\"font-size: 14pt\">A XI.Semmelweis Eg\u00e9szs\u00e9gverseny <i><b>f\u0151v\u00e9dn\u00f6k<\/b><strong>e<\/strong><\/i><b>\u00a0<\/b><\/span><\/p>\n<p style=\"text-align: center\"><span style=\"font-size: 14pt\"><b>Prof. Dr. Merkely B\u00e9la<\/b>, <\/span><\/p>\n<p style=\"text-align: center\"><span style=\"font-size: 14pt\">a Semmelweis Egyetem rektora.<\/span><\/p>\n<p style=\"text-align: justify\"><span style=\"font-size: 14pt\">A XI.Semmelweis Eg\u00e9szs\u00e9gverseny <i><b>Szakmai B\u00edr\u00e1l\u00f3 Bizotts\u00e1g<\/b><\/i>\u00e1nak tagjait hamarosan k\u00f6z\u00fclj\u00fck!<\/span><\/p>\n<p><span style=\"font-weight: 400\">Az els\u0151 k\u00e9t fordul\u00f3 megrendez\u00e9se online t\u00f6rt\u00e9nik december \u00e9s janu\u00e1r folyam\u00e1n. A fordul\u00f3k egyenk\u00e9nt 10-10 feladatsorb\u00f3l \u00e1llnak, ezek megold\u00e1s\u00e1ra 1-1 hetetek lesz. Az itt legjobban teljes\u00edt\u0151 100 csapat jut tov\u00e1bb a febru\u00e1rban megszervezett, szint\u00e9n online harmadik fordul\u00f3ba, melyet egy projektmunka fog kieg\u00e9sz\u00edteni. A harmadik fordul\u00f3 eredm\u00e9nyei alapj\u00e1n a legjobban teljes\u00edt\u0151 40 csapatot sok szeretettel v\u00e1rjuk a Semmelweis Egyetemen tavasszal megrendezett, k\u00e9t napos d\u00f6nt\u0151re, ahol j\u00e1t\u00e9kos feladatok sor\u00e1n gyakorlatban kell sz\u00e1mot adnotok az addig megszerzett tud\u00e1sotokr\u00f3l. A d\u00f6nt\u0151be jutott csapatokra \u00e9rt\u00e9kes aj\u00e1nd\u00e9kok, nyerem\u00e9nyek \u00e9s int\u00e9zm\u00e9nyi felv\u00e9teli pontok v\u00e1rnak!<\/span><\/p>\n<h1><strong>A verseny t\u00e9m\u00e1i:<\/strong><\/h1>\n<ul>\n<li style=\"font-weight: 400\"><span style=\"font-weight: 400\">Kardiovaszkul\u00e1ris \u00e9s tumorprevenci\u00f3<\/span><\/li>\n<li style=\"font-weight: 400\"><span style=\"font-weight: 400\">Eg\u00e9szs\u00e9gtudatos t\u00e1pl\u00e1lkoz\u00e1s, divatdi\u00e9t\u00e1k, ev\u00e9szavarok, cukorbetegs\u00e9g<\/span><\/li>\n<li style=\"font-weight: 400\"><span style=\"font-weight: 400\">Els\u0151seg\u00e9lyny\u00fajt\u00e1s<\/span><\/li>\n<li style=\"font-weight: 400\"><span style=\"font-weight: 400\">Alkohol, doh\u00e1nyz\u00e1s- \u00e9s drogprevenci\u00f3<\/span><\/li>\n<li style=\"font-weight: 400\"><span style=\"font-weight: 400\">Transzplant\u00e1ci\u00f3 \u00e9s v\u00e9rad\u00e1s<\/span><\/li>\n<li style=\"font-weight: 400\"><span style=\"font-weight: 400\">Reprodukt\u00edv eg\u00e9szs\u00e9g\u00fcgy, nemi \u00faton terjed\u0151 betegs\u00e9gek<\/span><\/li>\n<li style=\"font-weight: 400\"><span style=\"font-weight: 400\">Sport \u00e9s testmozg\u00e1s<\/span><\/li>\n<li style=\"font-weight: 400\"><span style=\"font-weight: 400\">Ment\u00e1lis eg\u00e9szs\u00e9g\u00a0<\/span><\/li>\n<li style=\"font-weight: 400\"><span style=\"font-weight: 400\">A gyermekfejl\u0151d\u00e9s sz\u00ednes vil\u00e1ga<\/span><\/li>\n<li style=\"font-weight: 400\"><span style=\"font-weight: 400\">V\u00e9d\u0151olt\u00e1sok<\/span><\/li>\n<li style=\"font-weight: 400\"><span style=\"font-weight: 400\">Antimikrobi\u00e1lis rezisztencia, b\u0151r\u00e1pol\u00e1s, antioxid\u00e1nsok \u2013 a Magyar Gy\u00f3gyszer\u00e9szhallgat\u00f3k Egyes\u00fclete egy\u00fcttm\u0171k\u00f6d\u00e9s\u00e9vel<\/span><\/li>\n<li style=\"font-weight: 400\"><span style=\"font-weight: 400\">Or\u00e1lis eg\u00e9szs\u00e9g \u00e9s sz\u00e1jhigi\u00e9nia \u2013 a Magyar Fogorvostanhallgat\u00f3k Egyes\u00fclet\u00e9nek egy\u00fcttm\u0171k\u00f6d\u00e9s\u00e9vel<\/span><\/li>\n<li style=\"font-weight: 400\"><span style=\"font-weight: 400\">Betegk\u00e9nt az eg\u00e9szs\u00e9g\u00fcgyben: betegutak, betegjogok, betegbiztons\u00e1g<\/span><\/li>\n<\/ul>\n<p><span style=\"font-weight: 400\">Tov\u00e1bbi, r\u00e9szletes inform\u00e1ci\u00f3kat, hat\u00e1rid\u0151ket \u00e9s szab\u00e1lyokat a <\/span><a href=\"https:\/\/semmelweis.hu\/boe\/egeszsegverseny\/versenyszabalyzat\/\"><b>Versenyszab\u00e1lyzatban<\/b><\/a><span style=\"font-weight: 400\"> olvashattok.<\/span><\/p>\n<p style=\"text-align: justify\"><span style=\"font-weight: 400\">A regisztr\u00e1ci\u00f3 kezdete: 2025. okt\u00f3ber 20.<\/span><\/p>\n<p style=\"text-align: justify\"><span style=\"font-weight: 400\">A regisztr\u00e1ci\u00f3 v\u00e9ge: 2025. november 17.<\/span><\/p>\n<p style=\"text-align: justify\"><span style=\"font-weight: 400\">Regisztr\u00e1lni az al\u00e1bbi <\/span><a href=\"https:\/\/docs.google.com\/forms\/d\/e\/1FAIpQLSeycytAxrjOYPX-N6G2qcFk0_OcXY3ofWV_ecSG_z0SuhB9Sg\/viewform?usp=header\"><b>\u0171rlapon<\/b><\/a><span style=\"font-weight: 400\"> tudtok!\u00a0<\/span><\/p>\n<p style=\"text-align: justify\"><span style=\"font-weight: 400\"><br \/>\n\u00c9rdemes k\u00f6vetni az Eg\u00e9szs\u00e9gverseny <\/span><a href=\"https:\/\/www.facebook.com\/share\/17RCPT1wLE\/\"><span style=\"font-weight: 400\">Facebook<\/span><\/a><span style=\"font-weight: 400\">, illetve <\/span><a href=\"https:\/\/www.instagram.com\/egeszsegverseny?igsh=dHMxaWRlMzI2MDUy\"><span style=\"font-weight: 400\">Instagram<\/span><\/a> <span style=\"font-weight: 400\">oldal\u00e1t is, ha nem szeretn\u00e9tek lemaradni a verseny h\u00edreir\u0151l \u00e9s a k\u00fcl\u00f6nb\u00f6z\u0151 nyerem\u00e9nyj\u00e1t\u00e9kokr\u00f3l!<\/span><\/p>\n<h1 style=\"text-align: justify\"><strong>legfontosabb tudnival\u00f3k:<\/strong><\/h1>\n<p><strong>Legfontosabb tudnival\u00f3k a regisztr\u00e1ci\u00f3hoz:<\/strong><\/p>\n<ul>\n<li style=\"list-style-type: none\">\n<ul>\n<li style=\"font-weight: 400\"><span style=\"font-weight: 400\">5 f\u0151s k\u00f6z\u00e9piskol\u00e1s (9-13. oszt\u00e1ly) csapatok jelentkez\u00e9s\u00e9t v\u00e1rjuk Magyarorsz\u00e1gr\u00f3l \u00e9s ahat\u00e1ron t\u00falr\u00f3l is. A verseny nyelve magyar.\u00a0 Kevesebb f\u0151 is megengedett, azonban az anyag mennyis\u00e9ge miatt aj\u00e1nljuk, hogy \u00f6t f\u0151s csapatban induljatok. A kisebb l\u00e9tsz\u00e1mb\u00f3l ad\u00f3d\u00f3 h\u00e1tr\u00e1ny a csapatot terheli.<\/span><\/li>\n<li style=\"font-weight: 400\"><span style=\"font-weight: 400\">A csapattagok jelentkezhetnek egy oszt\u00e1lyb\u00f3l, de k\u00fcl\u00f6nb\u00f6z\u0151 oszt\u00e1lyok vagy int\u00e9zm\u00e9nyek tanul\u00f3i is alkothatnak csapatot, ennek eld\u00f6nt\u00e9s\u00e9t R\u00e1tok b\u00edzzuk!<\/span><\/li>\n<li style=\"font-weight: 400\"><span style=\"font-weight: 400\">A feladatok megold\u00e1s\u00e1hoz mindenf\u00e9lek\u00e9ppen szoros csapatmunk\u00e1ra lesz sz\u00fcks\u00e9getek.<\/span><\/li>\n<li style=\"font-weight: 400\"><span style=\"font-weight: 400\">A versenyen sz\u00e1monk\u00e9rt tud\u00e1st a BOE \u00e1ltal kiadott anyagokb\u00f3l kell majd elsaj\u00e1t\u00edtanotok.<\/span><\/li>\n<li style=\"font-weight: 400\"><span style=\"font-weight: 400\">A regisztr\u00e1ci\u00f3 \u00e9rv\u00e9nyes\u00edt\u00e9s\u00e9hez 5 000 Ft-os nevez\u00e9si d\u00edjat k\u00e9r\u00fcnk minden csapatt\u00f3l<\/span><\/li>\n<\/ul>\n<\/li>\n<\/ul>\n<h1 style=\"text-align: justify\"><strong>A VERSENY MENETE:<\/strong><\/h1>\n<h5 style=\"text-align: justify\"><strong>I. fordul\u00f3: 2025. december 8-14.<\/strong><\/h5>\n<p><span style=\"font-weight: 400\">Az els\u0151 fordul\u00f3 egy online tesztsor keret\u00e9ben ker\u00fcl megval\u00f3s\u00edt\u00e1sra, ahol a csapatoknak a 20 t\u00e9ma k\u00f6z\u00fcl 10 t\u00e9m\u00e1ban kell feladatokat megoldaniuk.<\/span><\/p>\n<p>&nbsp;<\/p>\n<p style=\"text-align: justify\">\u00a0<\/p>\n<h5><strong>II. fordul\u00f3: 2026. janu\u00e1r 12-18.<\/strong><\/h5>\n<p><span style=\"font-weight: 400\">Ezen fordul\u00f3ban szint\u00e9n egy online tesztsor megold\u00e1sa lesz a csapatok feladata, ahol tov\u00e1bbi 10 t\u00e9m\u00e1hoz kapcsol\u00f3d\u00f3 k\u00e9rd\u00e9seket kell megv\u00e1laszolniuk.<\/span><\/p>\n<p><span style=\"font-weight: 400\">Az els\u0151 2 fordul\u00f3 egy\u00fcttes eredm\u00e9nye alapj\u00e1n a legjobb 100 csapat jut tov\u00e1bb a III. fordul\u00f3ba. Tov\u00e1bb\u00e1 a III. fordul\u00f3ba jut\u00e1s felt\u00e9tele csapatonk\u00e9nt egy anonim visszajelz\u0151 k\u00e9rd\u0151\u00edv kit\u00f6lt\u00e9se.<\/span><\/p>\n<p style=\"text-align: justify\">\u00a0<\/p>\n<h5><strong>III. fordul\u00f3: 2026. febru\u00e1r 9-15.<\/strong><\/h5>\n<p><span style=\"font-weight: 400\">A verseny III. fordul\u00f3ja is egy online tesztsor az els\u0151 k\u00e9t fordul\u00f3val megegyez\u0151 t\u00e9mak\u00f6r\u00f6kben. A fordul\u00f3 sor\u00e1n komplex esetekkel, probl\u00e9m\u00e1kkal m\u00e9rj\u00fck a versenyz\u0151k tud\u00e1s\u00e1t az eg\u00e9szs\u00e9gnevel\u00e9s k\u00fcl\u00f6nb\u00f6z\u0151 ter\u00fcletein.<\/span><\/p>\n<p style=\"text-align: justify\">\u00a0<\/p>\n<p><span style=\"font-weight: 400\">A d\u00f6nt\u0151be a legjobb eredm\u00e9nyt el\u00e9r\u0151 csapatok jutnak tov\u00e1bb, azonban a d\u00f6nt\u0151be jut\u00e1s tov\u00e1bbi felt\u00e9tele egy projektmunka elk\u00e9sz\u00edt\u00e9se, amely megfelel a kik\u00fcld\u00e9sre ker\u00fcl\u0151 felt\u00e9teleknek \u00e9s a zs\u0171ri \u00e1ltal elfogad\u00e1sra ker\u00fcl. A r\u00e9szletekr\u0151l, a besz\u00e1mol\u00f3k form\u00e1j\u00e1r\u00f3l \u00e9s az \u00e9rt\u00e9kel\u00e9sr\u0151l a k\u00e9s\u0151bbiekben t\u00e1j\u00e9koztatjuk a jelentkezett csapatokat.<\/span><\/p>\n<p style=\"text-align: justify\">\u00a0<\/p>\n<h5><strong>D\u00f6nt\u0151: 2026. m\u00e1rcius 28-29.<\/strong><\/h5>\n<p><span style=\"font-weight: 400\">Minden tov\u00e1bbjutott csapatot v\u00e1runk sok szeretettek a k\u00e9tnapos, \u00e9l\u0151ben megrendez\u00e9sre ker\u00fcl\u0151 D\u00f6nt\u0151re, melynek helysz\u00edne a Semmelweis Egyemetem Elm\u00e9leti Orvostudom\u00e1nyi K\u00f6zpontja. A tananyag az el\u0151z\u0151 fordul\u00f3kkal megegyezik, azonban itt m\u00e1r sokkal izgalmasabb, gyakorlatiasabb feladatok v\u00e1rnak a csapatokra!\u00a0<br \/>\nHasonl\u00f3an az el\u0151z\u0151 \u00e9vekhez, \u00e9rt\u00e9kes nyerem\u00e9nyek v\u00e1rnak minden d\u00f6nt\u0151be jutott csapatot!<\/span><\/p>\n<p>&nbsp;<\/p>\n<p><span style=\"font-weight: 400\">A jelentkez\u00e9s el\u0151tt a versenyszab\u00e1lyzat figyelmes elolvas\u00e1sa aj\u00e1nlott!<\/span><\/p>\n<p><span style=\"font-weight: 400\">Jelentkezni az al\u00e1bbi linken lehet: <\/span><a href=\"https:\/\/docs.google.com\/forms\/d\/e\/1FAIpQLSeycytAxrjOYPX-N6G2qcFk0_OcXY3ofWV_ecSG_z0SuhB9Sg\/viewform?usp=header\"><b>regisztr\u00e1ci\u00f3s \u0171rlap<\/b><\/a><span style=\"font-weight: 400\">!<br \/>\n<\/span><span style=\"font-weight: 400\">Regisztr\u00e1ci\u00f3 kezdete: 2025. okt\u00f3ber 20.<\/span><\/p>\n<p><span style=\"font-weight: 400\">K\u00e9rd\u00e9s eset\u00e9n keressetek Minket b\u00e1tran, bizalommal: egeszsegverseny@humsirc.hu<\/span><\/p>\n<p><span style=\"font-weight: 400\">Sok sikert k\u00edv\u00e1nunk minden csapatnak!<\/span><\/p>\n<p><strong>\u00dcdv\u00f6zlettel,<br \/>\n<\/strong><em><strong>A XI. Semmelweis Eg\u00e9szs\u00e9gverseny Szervez\u0151i Csapata<\/strong><\/em><\/p>\n<p style=\"text-align: justify\">\u00a0<\/p>\n<p style=\"text-align: center\">\u00a0<\/p>\n<p style=\"text-align: center\"><iframe loading=\"lazy\" src=\"\/\/www.youtube.com\/embed\/3i6_fA4cg6o?si=wrk0vVYImhrWkpR5\" width=\"560\" height=\"314\"><\/iframe><\/p>\n<p class=\"style-scope ytd-watch-metadata\" style=\"text-align: center\">X. Semmelweis Eg\u00e9szs\u00e9gverseny d\u00f6nt\u0151<\/p>\n<p style=\"text-align: center\">\u00a0<\/p>\n","protected":false},"excerpt":{"rendered":"<p>A Budapesti Orvostanhallgat\u00f3k Egyes\u00fclete ebben a tan\u00e9vben is megszervezi a k\u00f6z\u00e9piskol\u00e1soknak sz\u00f3l\u00f3 Semmelweis Eg\u00e9szs\u00e9gversenyt! &nbsp; A XI.Semmelweis Eg\u00e9szs\u00e9gverseny f\u0151v\u00e9dn\u00f6ke\u00a0 Prof. Dr. Merkely B\u00e9la, a Semmelweis Egyetem rektora. A XI.Semmelweis Eg\u00e9szs\u00e9gverseny Szakmai B\u00edr\u00e1l\u00f3 Bizotts\u00e1g\u00e1nak tagjait hamarosan k\u00f6z\u00fclj\u00fck! Az els\u0151 k\u00e9t fordul\u00f3 megrendez\u00e9se online t\u00f6rt\u00e9nik december \u00e9s janu\u00e1r folyam\u00e1n. A fordul\u00f3k egyenk\u00e9nt 10-10 feladatsorb\u00f3l \u00e1llnak, ezek megold\u00e1s\u00e1ra &hellip;<\/p>\n","protected":false},"author":101486,"featured_media":0,"parent":5420,"menu_order":1,"comment_status":"closed","ping_status":"closed","template":"","meta":{"_acf_changed":false,"footnotes":""},"categories":[],"tags":[],"class_list":["post-5423","page","type-page","status-publish","hentry"],"acf":[],"_links":{"self":[{"href":"https:\/\/semmelweis.hu\/boe\/wp-json\/wp\/v2\/pages\/5423","targetHints":{"allow":["GET"]}}],"collection":[{"href":"https:\/\/semmelweis.hu\/boe\/wp-json\/wp\/v2\/pages"}],"about":[{"href":"https:\/\/semmelweis.hu\/boe\/wp-json\/wp\/v2\/types\/page"}],"author":[{"embeddable":true,"href":"https:\/\/semmelweis.hu\/boe\/wp-json\/wp\/v2\/users\/101486"}],"replies":[{"embeddable":true,"href":"https:\/\/semmelweis.hu\/boe\/wp-json\/wp\/v2\/comments?post=5423"}],"version-history":[{"count":12,"href":"https:\/\/semmelweis.hu\/boe\/wp-json\/wp\/v2\/pages\/5423\/revisions"}],"predecessor-version":[{"id":8829,"href":"https:\/\/semmelweis.hu\/boe\/wp-json\/wp\/v2\/pages\/5423\/revisions\/8829"}],"up":[{"embeddable":true,"href":"https:\/\/semmelweis.hu\/boe\/wp-json\/wp\/v2\/pages\/5420"}],"wp:attachment":[{"href":"https:\/\/semmelweis.hu\/boe\/wp-json\/wp\/v2\/media?parent=5423"}],"wp:term":[{"taxonomy":"category","embeddable":true,"href":"https:\/\/semmelweis.hu\/boe\/wp-json\/wp\/v2\/categories?post=5423"},{"taxonomy":"post_tag","embeddable":true,"href":"https:\/\/semmelweis.hu\/boe\/wp-json\/wp\/v2\/tags?post=5423"}],"curies":[{"name":"wp","href":"https:\/\/api.w.org\/{rel}","templated":true}]}}