{"id":5420,"date":"2018-10-28T15:32:30","date_gmt":"2018-10-28T14:32:30","guid":{"rendered":"http:\/\/semmelweis.hu\/boe\/?page_id=5420"},"modified":"2026-02-27T17:04:09","modified_gmt":"2026-02-27T16:04:09","slug":"egeszsegverseny","status":"publish","type":"page","link":"https:\/\/semmelweis.hu\/boe\/egeszsegverseny\/","title":{"rendered":"Eg\u00e9szs\u00e9gverseny"},"content":{"rendered":"<h3 class=\"widget-title\"><img loading=\"lazy\" decoding=\"async\" class=\"aligncenter size-large wp-image-7126\" src=\"https:\/\/semmelweis.hu\/boe\/files\/2021\/10\/N\u00e9vtelen-terv-1024x577.jpg\" alt=\"\" width=\"753\" height=\"424\" srcset=\"https:\/\/semmelweis.hu\/boe\/files\/2021\/10\/N\u00e9vtelen-terv-1024x577.jpg 1024w, https:\/\/semmelweis.hu\/boe\/files\/2021\/10\/N\u00e9vtelen-terv-300x169.jpg 300w, https:\/\/semmelweis.hu\/boe\/files\/2021\/10\/N\u00e9vtelen-terv-768x433.jpg 768w, https:\/\/semmelweis.hu\/boe\/files\/2021\/10\/N\u00e9vtelen-terv-1536x865.jpg 1536w, https:\/\/semmelweis.hu\/boe\/files\/2021\/10\/N\u00e9vtelen-terv-753x424.jpg 753w, https:\/\/semmelweis.hu\/boe\/files\/2021\/10\/N\u00e9vtelen-terv.jpg 1640w\" sizes=\"auto, (max-width: 753px) 100vw, 753px\" \/><\/h3>\n<p>&nbsp;<\/p>\n<div class=\"textwidget\">\n<h5><span style=\"font-weight: 400\">Kedves Di\u00e1kok, Tan\u00e1rok, Sz\u00fcl\u0151k \u00e9s \u00c9rdekl\u0151d\u0151k!<br \/>\n<\/span><strong>\u00dcdv\u00f6zl\u00fcnk Titeket a XI. Semmelweis Eg\u00e9szs\u00e9gverseny oldal\u00e1n!<\/strong><\/h5>\n<p>\n<span style=\"font-weight: 400\">A Budapesti Orvostanhallgat\u00f3k Egyes\u00fclete (BOE) id\u00e9n is nagy lelkesed\u00e9ssel hirdeti meg Sz\u00e1motokra a n\u00e9gy fordul\u00f3b\u00f3l \u00e1ll\u00f3 orsz\u00e1gos verseny\u00e9t, amelynek c\u00e9lja tov\u00e1bbra is a k\u00f6z\u00e9piskol\u00e1s koroszt\u00e1ly eg\u00e9szs\u00e9gnevel\u00e9se \u00e9s eg\u00e9szs\u00e9g\u00e9rt\u00e9s\u00e9nek m\u00e9ly\u00edt\u00e9se. Legfeljebb 5 f\u0151s, k\u00f6z\u00e9piskol\u00e1s csapatok jelentkez\u00e9s\u00e9t v\u00e1rjuk, a felt\u00e9telekr\u0151l a <\/span><a href=\"https:\/\/semmelweis.hu\/boe\/egeszsegverseny\/versenyszabalyzat\/\"><b>Versenyszab\u00e1lyzatban<\/b><\/a><span style=\"font-weight: 400\"> olvashattok r\u00e9szletesebben! A sz\u00fcks\u00e9ges tud\u00e1st a BOE kiadott anyagaib\u00f3l kell elsaj\u00e1t\u00edtanotok, \u00e9s az egyes fordul\u00f3k sor\u00e1n kreat\u00edv, izgalmas, gyakorlatias feladatokat kell majd teljes\u00edtenetek.<\/span><\/div>\n<div>\u00a0<\/div>\n<div>\u00c9rdemes k\u00f6vetni az Eg\u00e9szs\u00e9gverseny <a href=\"https:\/\/www.facebook.com\/egeszsegverseny\">Facebook,<\/a> illetve <a href=\"https:\/\/www.instagram.com\/egeszsegverseny\/\">Instagram<\/a> oldal\u00e1t is ha nem akartok lemaradni a verseny h\u00edreir\u0151l \u00e9s a k\u00fcl\u00f6nb\u00f6z\u0151 nyerem\u00e9nyj\u00e1t\u00e9kokr\u00f3l!\u00a0<\/div>\n<div>\u00a0<\/div>\n<div style=\"text-align: center\"><iframe loading=\"lazy\" src=\"\/\/www.youtube.com\/embed\/3i6_fA4cg6o?si=6HneLdAk6qi0miLk\" width=\"560\" height=\"314\"><\/iframe><\/div>\n","protected":false},"excerpt":{"rendered":"<p>&nbsp; Kedves Di\u00e1kok, Tan\u00e1rok, Sz\u00fcl\u0151k \u00e9s \u00c9rdekl\u0151d\u0151k! \u00dcdv\u00f6zl\u00fcnk Titeket a XI. Semmelweis Eg\u00e9szs\u00e9gverseny oldal\u00e1n! A Budapesti Orvostanhallgat\u00f3k Egyes\u00fclete (BOE) id\u00e9n is nagy lelkesed\u00e9ssel hirdeti meg Sz\u00e1motokra a n\u00e9gy fordul\u00f3b\u00f3l \u00e1ll\u00f3 orsz\u00e1gos verseny\u00e9t, amelynek c\u00e9lja tov\u00e1bbra is a k\u00f6z\u00e9piskol\u00e1s koroszt\u00e1ly eg\u00e9szs\u00e9gnevel\u00e9se \u00e9s eg\u00e9szs\u00e9g\u00e9rt\u00e9s\u00e9nek m\u00e9ly\u00edt\u00e9se. Legfeljebb 5 f\u0151s, k\u00f6z\u00e9piskol\u00e1s csapatok jelentkez\u00e9s\u00e9t v\u00e1rjuk, a felt\u00e9telekr\u0151l a <a href=\"https:\/\/semmelweis.hu\/boe\/egeszsegverseny\/versenyszabalyzat\/\">Versenyszab\u00e1lyzatban<\/a> olvashattok r\u00e9szletesebben! &hellip;<\/p>\n","protected":false},"author":101486,"featured_media":6264,"parent":0,"menu_order":11,"comment_status":"closed","ping_status":"closed","template":"","meta":{"_acf_changed":false,"footnotes":""},"categories":[],"tags":[],"class_list":["post-5420","page","type-page","status-publish","has-post-thumbnail","hentry"],"acf":[],"_links":{"self":[{"href":"https:\/\/semmelweis.hu\/boe\/wp-json\/wp\/v2\/pages\/5420","targetHints":{"allow":["GET"]}}],"collection":[{"href":"https:\/\/semmelweis.hu\/boe\/wp-json\/wp\/v2\/pages"}],"about":[{"href":"https:\/\/semmelweis.hu\/boe\/wp-json\/wp\/v2\/types\/page"}],"author":[{"embeddable":true,"href":"https:\/\/semmelweis.hu\/boe\/wp-json\/wp\/v2\/users\/101486"}],"replies":[{"embeddable":true,"href":"https:\/\/semmelweis.hu\/boe\/wp-json\/wp\/v2\/comments?post=5420"}],"version-history":[{"count":10,"href":"https:\/\/semmelweis.hu\/boe\/wp-json\/wp\/v2\/pages\/5420\/revisions"}],"predecessor-version":[{"id":8827,"href":"https:\/\/semmelweis.hu\/boe\/wp-json\/wp\/v2\/pages\/5420\/revisions\/8827"}],"wp:featuredmedia":[{"embeddable":true,"href":"https:\/\/semmelweis.hu\/boe\/wp-json\/wp\/v2\/media\/6264"}],"wp:attachment":[{"href":"https:\/\/semmelweis.hu\/boe\/wp-json\/wp\/v2\/media?parent=5420"}],"wp:term":[{"taxonomy":"category","embeddable":true,"href":"https:\/\/semmelweis.hu\/boe\/wp-json\/wp\/v2\/categories?post=5420"},{"taxonomy":"post_tag","embeddable":true,"href":"https:\/\/semmelweis.hu\/boe\/wp-json\/wp\/v2\/tags?post=5420"}],"curies":[{"name":"wp","href":"https:\/\/api.w.org\/{rel}","templated":true}]}}