{"id":526,"date":"2013-11-10T11:30:39","date_gmt":"2013-11-10T10:30:39","guid":{"rendered":"http:\/\/semmelweis-egyetem.hu\/boe\/?page_id=526"},"modified":"2025-10-21T00:25:49","modified_gmt":"2025-10-20T22:25:49","slug":"cp-munka","status":"publish","type":"page","link":"https:\/\/semmelweis.hu\/boe\/tagoknak\/cp-munka\/","title":{"rendered":"CP munka"},"content":{"rendered":"<p style=\"text-align: justify\">\u00a0<\/p>\n<p style=\"text-align: justify\"><a href=\"https:\/\/semmelweis.hu\/boe\/files\/2013\/11\/July-2014.jpg\"><img loading=\"lazy\" decoding=\"async\" class=\"alignright size-medium wp-image-2386\" src=\"https:\/\/semmelweis.hu\/boe\/files\/2013\/11\/July-2014-300x225.jpg\" alt=\"July 2014\" width=\"300\" height=\"225\" srcset=\"https:\/\/semmelweis.hu\/boe\/files\/2013\/11\/July-2014-300x225.jpg 300w, https:\/\/semmelweis.hu\/boe\/files\/2013\/11\/July-2014-1024x768.jpg 1024w, https:\/\/semmelweis.hu\/boe\/files\/2013\/11\/July-2014-400x300.jpg 400w, https:\/\/semmelweis.hu\/boe\/files\/2013\/11\/July-2014.jpg 2048w\" sizes=\"auto, (max-width: 300px) 100vw, 300px\" \/><\/a>Minden \u00e9vben \u00e9rkeznek hozz\u00e1nk k\u00fclf\u00f6ldi cseredi\u00e1kok a vil\u00e1g minden t\u00e1j\u00e1r\u00f3l az\u00e9rt, hogy n\u00e1lunk t\u00f6lts\u00e9k egy h\u00f3napos szakmai, illetve tudom\u00e1nyos gyakorlatukat. Term\u00e9szetesen a tanul\u00e1s \u00e9s tapasztalatszerz\u00e9s mellett a v\u00e1rosn\u00e9z\u00e9sre \u00e9s sz\u00f3rakoz\u00e1sra is jut b\u0151ven id\u0151, illetve nem mindig egyszer\u0171 eligazodni egyed\u00fcl egy feltehet\u0151leg teljesen ismeretlen helyen, ahol r\u00e1ad\u00e1sul magyarul, ezen az \u00e9rthetetlen nyelven besz\u00e9lnek\u2026 De szerencs\u00e9re ekkor j\u00f6nnek k\u00e9pbe a CPk, vagyis a Contact Person-\u00f6k!<\/p>\n<p style=\"text-align: justify\"><strong>Mit is csin\u00e1l egy CP?<\/strong><br \/>\nA Contact Personok feladata m\u00e1r a rept\u00e9ren\/p\u00e1lyaudvaron elkezd\u0151dik. Mi v\u00e1rjuk \u0151ket a meg\u00e9rkez\u00e9s\u00fckn\u00e9l, majd elk\u00eds\u00e9rj\u00fck \u0151ket a koll\u00e9giumi sz\u00e1ll\u00e1sukra \u00e9s az els\u0151 gyakorlati napon a k\u00f3rh\u00e1zba. De mi szervezz\u00fck nekik a d\u00e9lut\u00e1ni v\u00e1rosn\u00e9z\u00e9seket, az esti bulikat \u00e9s a h\u00e9tv\u00e9gi kir\u00e1ndul\u00e1sokat is.<br \/>\n<strong><br \/>\nHogyan lehetek CP?<\/strong><br \/>\nMinden BOE-tag lehet Contact Person, els\u0151\u00e9vesek is, el\u0151k\u00e9pzetts\u00e9g n\u00e9lk\u00fcl!\u00a0 \ud83d\ude09 Csatlakozz a <a href=\"https:\/\/www.facebook.com\/groups\/683747091803138\/?source_id=302100813960\" target=\"_blank\" rel=\"noopener noreferrer\">facebook-csoportunkhoz<\/a>, ahol az aktu\u00e1lis feladatokr\u00f3l\/programokr\u00f3l t\u00e1j\u00e9koz\u00f3dhatsz\u00a0<\/p>\n<p style=\"text-align: justify\"><strong><img loading=\"lazy\" decoding=\"async\" class=\"size-medium wp-image-2387 alignleft\" src=\"https:\/\/semmelweis.hu\/boe\/files\/2013\/11\/July-2014-2-225x300.jpg\" alt=\"July 2014 2\" width=\"225\" height=\"300\" srcset=\"https:\/\/semmelweis.hu\/boe\/files\/2013\/11\/July-2014-2-225x300.jpg 225w, https:\/\/semmelweis.hu\/boe\/files\/2013\/11\/July-2014-2.jpg 720w\" sizes=\"auto, (max-width: 225px) 100vw, 225px\" \/>Mikor \u00e9rkeznek a cseredi\u00e1kok?<\/strong><\/p>\n<p style=\"text-align: justify\">Legnagyobb sz\u00e1mban ny\u00e1ron, j\u00faliusban \u00e9s augusztusban fogadunk k\u00fclf\u00f6ldi di\u00e1kokat (\u00f6sszesen kb. 80-90 f\u0151t), mindig h\u00f3nap elej\u00e9t\u0151l a v\u00e9g\u00e9ig. Term\u00e9szetesen ekkor van a legt\u00f6bb \u201edolgos k\u00e9zre\u201d sz\u00fcks\u00e9g, de \u00e9v k\u00f6zben is j\u00f6nnek hozz\u00e1nk cseredi\u00e1kok (2-3 f\u0151\/h\u00f3), akik ugyan\u00fagy \u00f6r\u00fclnek a seg\u00edts\u00e9gnek \u00e9s programoknak!<\/p>\n<p style=\"text-align: justify\"><strong>Akkor ez azt jelenti, hogy ha meg\u00e9rkeznek, mindig rendelkez\u00e9sre kell \u00e1llnom?<\/strong><br \/>\n\u00c1, dehogy! Ez egy teljesen rugalmas beoszt\u00e1ssal j\u00e1r\u00f3 program. Amikor id\u0151d \u00e9s kedved van, jelentkezel n\u00e1lunk, ak\u00e1r 1-1 napra, programra, egy eg\u00e9sz h\u00e9tre, vagy csak p\u00e1r \u00f3r\u00e1ra, mindig nagy \u00f6r\u00f6mmel v\u00e1runk seg\u00edt\u0151ket!<\/p>\n<p><strong>Ha nem vagy perfekt angolb\u00f3l\u2026<\/strong><br \/>\nSemmi baj! \ud83d\ude42 Elvileg minden bej\u00f6v\u0151 hallgat\u00f3t\u00f3l elv\u00e1rjuk az angol nyelv ismeret\u00e9t, de sokszor t\u00f6bbet seg\u00edt a metakommunik\u00e1ci\u00f3, rajz- \u00e9s mutogat\u00f3 tehets\u00e9g. R\u00e1ad\u00e1sul, ha m\u00e1s nyelv jobban megy, nagy es\u00e9ly van r\u00e1, hogy anyanyelvi besz\u00e9lget\u0151partnerre lelsz a spanyolokban, olaszokban, franci\u00e1kban, jap\u00e1nokban\u2026 \ud83d\ude42<\/p>\n<p><a href=\"https:\/\/semmelweis.hu\/boe\/files\/2013\/11\/august-2015.jpg\"><img loading=\"lazy\" decoding=\"async\" class=\"alignright size-medium wp-image-2388\" src=\"https:\/\/semmelweis.hu\/boe\/files\/2013\/11\/august-2015-300x200.jpg\" alt=\"august 2015\" width=\"300\" height=\"200\" srcset=\"https:\/\/semmelweis.hu\/boe\/files\/2013\/11\/august-2015-300x200.jpg 300w, https:\/\/semmelweis.hu\/boe\/files\/2013\/11\/august-2015-450x300.jpg 450w, https:\/\/semmelweis.hu\/boe\/files\/2013\/11\/august-2015.jpg 960w\" sizes=\"auto, (max-width: 300px) 100vw, 300px\" \/><\/a><strong>Mi\u00e9rt \u00e9ri meg ez nekem?<\/strong><br \/>\nAmellett, hogy egy j\u00f3 t\u00e1rsas\u00e1gban fantasztikus \u00e9lm\u00e9nyeket szerezhetsz, \u00e9s igazi bar\u00e1ts\u00e1gokat k\u00f6thetsz a vil\u00e1g legt\u00e1volabbi t\u00e1jair\u00f3l \u00e9rkezett orvostanhallgat\u00f3kkal, seg\u00edts\u00e9geddel \u00e9rt\u00e9kes BOE pontokat gy\u0171jthetsz, amik sz\u00fcks\u00e9gesek ahhoz, hogy a j\u00f6v\u0151ben Te is r\u00e9szt vehess k\u00fclf\u00f6ldi szakmai- \u00e9s TDK-cseregyakorlatokon. Azaz Contact Person-nek lenni minden szempontb\u00f3l meg\u00e9ri. \ud83d\ude42<\/p>\n<p style=\"text-align: justify\">Ha felkeltette a CP-munka az \u00e9rdekl\u0151d\u00e9sed, \u00e9s\/vagy szeretn\u00e9l m\u00e9g t\u00f6bbet megtudni r\u00f3la, keress b\u00e1tran:<\/p>\n<p style=\"text-align: justify\"><strong>Bauernhuber-Hederics B\u00e1lint<\/strong><br \/>\nLocal Exchange Officer &#8211; Incomings<br \/>\n<a href=\"mailto:leoin_budapest@humsirc.hu\">leoin_budapest@humsirc.hu<\/a><\/p>\n[slb_exclude]<div data-carousel-extra='{\"blog_id\":121,\"permalink\":\"https:\\\/\\\/semmelweis.hu\\\/boe\\\/tagoknak\\\/cp-munka\\\/\"}' class=\"tiled-gallery type-square\" data-original-width=\"753\"><div class=\"tiled-gallery-item\"><a border=\"0\" href=\"https:\/\/semmelweis.hu\/boe\/tagoknak\/cp-munka\/insta-12-of-47\/\"><img decoding=\"async\" data-attachment-id=\"5665\" data-orig-file=\"https:\/\/semmelweis.hu\/boe\/files\/2018\/11\/insta-12-of-47.jpg\" data-orig-size=\"2560,1920\" data-comments-opened=\"0\" data-image-meta=\"{&quot;aperture&quot;:&quot;2,2&quot;,&quot;credit&quot;:&quot;&quot;,&quot;camera&quot;:&quot;Redmi 5 Plus&quot;,&quot;caption&quot;:&quot;&quot;,&quot;created_timestamp&quot;:&quot;1531417769&quot;,&quot;copyright&quot;:&quot;&quot;,&quot;focal_length&quot;:&quot;3,81&quot;,&quot;iso&quot;:&quot;100&quot;,&quot;shutter_speed&quot;:&quot;0,0027027027027027&quot;,&quot;title&quot;:&quot;&quot;,&quot;orientation&quot;:&quot;0&quot;}\" data-image-title=\"insta (12 of 47)\" data-image-description=\"\" data-medium-file=\"https:\/\/semmelweis.hu\/boe\/files\/2018\/11\/insta-12-of-47-300x225.jpg\" data-large-file=\"https:\/\/semmelweis.hu\/boe\/files\/2018\/11\/insta-12-of-47-1024x768.jpg\" style=\"margin: 2px;max-width:550px;max-height:550px;\" src=\"https:\/\/semmelweis.hu\/boe\/files\/2018\/11\/insta-12-of-47-747x747.jpg\" width=747 height=747 title=\"\" \/><\/a><\/div><div class=\"tiled-gallery-item\"><a border=\"0\" href=\"https:\/\/semmelweis.hu\/boe\/tagoknak\/cp-munka\/bmsa_insta-9-of-18\/\"><img decoding=\"async\" data-attachment-id=\"5644\" data-orig-file=\"https:\/\/semmelweis.hu\/boe\/files\/2018\/11\/bmsa_insta-9-of-18.jpg\" data-orig-size=\"2560,1920\" data-comments-opened=\"0\" data-image-meta=\"{&quot;aperture&quot;:&quot;0&quot;,&quot;credit&quot;:&quot;&quot;,&quot;camera&quot;:&quot;&quot;,&quot;caption&quot;:&quot;&quot;,&quot;created_timestamp&quot;:&quot;0&quot;,&quot;copyright&quot;:&quot;&quot;,&quot;focal_length&quot;:&quot;0&quot;,&quot;iso&quot;:&quot;0&quot;,&quot;shutter_speed&quot;:&quot;0&quot;,&quot;title&quot;:&quot;&quot;,&quot;orientation&quot;:&quot;0&quot;}\" data-image-title=\"bmsa_insta (9 of 18)\" data-image-description=\"\" data-medium-file=\"https:\/\/semmelweis.hu\/boe\/files\/2018\/11\/bmsa_insta-9-of-18-300x225.jpg\" data-large-file=\"https:\/\/semmelweis.hu\/boe\/files\/2018\/11\/bmsa_insta-9-of-18-1024x768.jpg\" style=\"margin: 2px;max-width:550px;max-height:550px;\" src=\"https:\/\/semmelweis.hu\/boe\/files\/2018\/11\/bmsa_insta-9-of-18-184x184.jpg\" width=184 height=184 title=\"\" \/><\/a><\/div><div class=\"tiled-gallery-item\"><a border=\"0\" href=\"https:\/\/semmelweis.hu\/boe\/tagoknak\/cp-munka\/insta-4-of-47\/\"><img decoding=\"async\" data-attachment-id=\"5657\" data-orig-file=\"https:\/\/semmelweis.hu\/boe\/files\/2018\/11\/insta-4-of-47.jpg\" data-orig-size=\"2560,1920\" data-comments-opened=\"0\" data-image-meta=\"{&quot;aperture&quot;:&quot;2,2&quot;,&quot;credit&quot;:&quot;&quot;,&quot;camera&quot;:&quot;Redmi 5 Plus&quot;,&quot;caption&quot;:&quot;&quot;,&quot;created_timestamp&quot;:&quot;1531340571&quot;,&quot;copyright&quot;:&quot;&quot;,&quot;focal_length&quot;:&quot;3,81&quot;,&quot;iso&quot;:&quot;800&quot;,&quot;shutter_speed&quot;:&quot;0,028571428571429&quot;,&quot;title&quot;:&quot;&quot;,&quot;orientation&quot;:&quot;0&quot;}\" data-image-title=\"insta (4 of 47)\" data-image-description=\"\" data-medium-file=\"https:\/\/semmelweis.hu\/boe\/files\/2018\/11\/insta-4-of-47-300x225.jpg\" data-large-file=\"https:\/\/semmelweis.hu\/boe\/files\/2018\/11\/insta-4-of-47-1024x768.jpg\" style=\"margin: 2px;max-width:550px;max-height:550px;\" src=\"https:\/\/semmelweis.hu\/boe\/files\/2018\/11\/insta-4-of-47-184x184.jpg\" width=184 height=184 title=\"\" \/><\/a><\/div><div class=\"tiled-gallery-item\"><a border=\"0\" href=\"https:\/\/semmelweis.hu\/boe\/tagoknak\/cp-munka\/bmsa_insta-10-of-18\/\"><img decoding=\"async\" data-attachment-id=\"5645\" data-orig-file=\"https:\/\/semmelweis.hu\/boe\/files\/2018\/11\/bmsa_insta-10-of-18.jpg\" data-orig-size=\"2560,1957\" data-comments-opened=\"0\" data-image-meta=\"{&quot;aperture&quot;:&quot;0&quot;,&quot;credit&quot;:&quot;&quot;,&quot;camera&quot;:&quot;&quot;,&quot;caption&quot;:&quot;&quot;,&quot;created_timestamp&quot;:&quot;0&quot;,&quot;copyright&quot;:&quot;&quot;,&quot;focal_length&quot;:&quot;0&quot;,&quot;iso&quot;:&quot;0&quot;,&quot;shutter_speed&quot;:&quot;0&quot;,&quot;title&quot;:&quot;&quot;,&quot;orientation&quot;:&quot;0&quot;}\" data-image-title=\"bmsa_insta (10 of 18)\" data-image-description=\"\" data-medium-file=\"https:\/\/semmelweis.hu\/boe\/files\/2018\/11\/bmsa_insta-10-of-18-300x229.jpg\" data-large-file=\"https:\/\/semmelweis.hu\/boe\/files\/2018\/11\/bmsa_insta-10-of-18-1024x783.jpg\" style=\"margin: 2px;max-width:550px;max-height:550px;\" src=\"https:\/\/semmelweis.hu\/boe\/files\/2018\/11\/bmsa_insta-10-of-18-184x184.jpg\" width=184 height=184 title=\"\" \/><\/a><\/div><div class=\"tiled-gallery-item\"><a border=\"0\" href=\"https:\/\/semmelweis.hu\/boe\/tagoknak\/cp-munka\/bmsa_insta-8-of-18\/\"><img decoding=\"async\" data-attachment-id=\"5643\" data-orig-file=\"https:\/\/semmelweis.hu\/boe\/files\/2018\/11\/bmsa_insta-8-of-18.jpg\" data-orig-size=\"1458,1944\" data-comments-opened=\"0\" data-image-meta=\"{&quot;aperture&quot;:&quot;0&quot;,&quot;credit&quot;:&quot;&quot;,&quot;camera&quot;:&quot;&quot;,&quot;caption&quot;:&quot;&quot;,&quot;created_timestamp&quot;:&quot;0&quot;,&quot;copyright&quot;:&quot;&quot;,&quot;focal_length&quot;:&quot;0&quot;,&quot;iso&quot;:&quot;0&quot;,&quot;shutter_speed&quot;:&quot;0&quot;,&quot;title&quot;:&quot;&quot;,&quot;orientation&quot;:&quot;0&quot;}\" data-image-title=\"bmsa_insta (8 of 18)\" data-image-description=\"\" data-medium-file=\"https:\/\/semmelweis.hu\/boe\/files\/2018\/11\/bmsa_insta-8-of-18-225x300.jpg\" data-large-file=\"https:\/\/semmelweis.hu\/boe\/files\/2018\/11\/bmsa_insta-8-of-18-768x1024.jpg\" style=\"margin: 2px;max-width:550px;max-height:550px;\" src=\"https:\/\/semmelweis.hu\/boe\/files\/2018\/11\/bmsa_insta-8-of-18-184x184.jpg\" width=184 height=184 title=\"\" \/><\/a><\/div><div class=\"tiled-gallery-item\"><a border=\"0\" href=\"https:\/\/semmelweis.hu\/boe\/tagoknak\/cp-munka\/nfdp_collage\/\"><img decoding=\"async\" data-attachment-id=\"5701\" data-orig-file=\"https:\/\/semmelweis.hu\/boe\/files\/2018\/11\/NFDP_collage.jpg\" data-orig-size=\"2560,2560\" data-comments-opened=\"0\" data-image-meta=\"{&quot;aperture&quot;:&quot;0&quot;,&quot;credit&quot;:&quot;&quot;,&quot;camera&quot;:&quot;&quot;,&quot;caption&quot;:&quot;&quot;,&quot;created_timestamp&quot;:&quot;0&quot;,&quot;copyright&quot;:&quot;&quot;,&quot;focal_length&quot;:&quot;0&quot;,&quot;iso&quot;:&quot;0&quot;,&quot;shutter_speed&quot;:&quot;0&quot;,&quot;title&quot;:&quot;&quot;,&quot;orientation&quot;:&quot;0&quot;}\" data-image-title=\"NFDP_collage\" data-image-description=\"\" data-medium-file=\"https:\/\/semmelweis.hu\/boe\/files\/2018\/11\/NFDP_collage-300x300.jpg\" data-large-file=\"https:\/\/semmelweis.hu\/boe\/files\/2018\/11\/NFDP_collage-1024x1024.jpg\" style=\"margin: 2px;max-width:550px;max-height:550px;\" src=\"https:\/\/semmelweis.hu\/boe\/files\/2018\/11\/NFDP_collage-184x184.jpg\" width=184 height=184 title=\"\" \/><\/a><\/div><div class=\"tiled-gallery-item\"><a border=\"0\" href=\"https:\/\/semmelweis.hu\/boe\/tagoknak\/cp-munka\/insta-41-of-47\/\"><img decoding=\"async\" data-attachment-id=\"5694\" data-orig-file=\"https:\/\/semmelweis.hu\/boe\/files\/2018\/11\/insta-41-of-47.jpg\" data-orig-size=\"2061,1944\" data-comments-opened=\"0\" data-image-meta=\"{&quot;aperture&quot;:&quot;2&quot;,&quot;credit&quot;:&quot;&quot;,&quot;camera&quot;:&quot;Redmi 5 Plus&quot;,&quot;caption&quot;:&quot;&quot;,&quot;created_timestamp&quot;:&quot;1531945583&quot;,&quot;copyright&quot;:&quot;&quot;,&quot;focal_length&quot;:&quot;2,639&quot;,&quot;iso&quot;:&quot;800&quot;,&quot;shutter_speed&quot;:&quot;0,05&quot;,&quot;title&quot;:&quot;&quot;,&quot;orientation&quot;:&quot;0&quot;}\" data-image-title=\"insta (41 of 47)\" data-image-description=\"\" data-medium-file=\"https:\/\/semmelweis.hu\/boe\/files\/2018\/11\/insta-41-of-47-300x283.jpg\" data-large-file=\"https:\/\/semmelweis.hu\/boe\/files\/2018\/11\/insta-41-of-47-1024x966.jpg\" style=\"margin: 2px;max-width:550px;max-height:550px;\" src=\"https:\/\/semmelweis.hu\/boe\/files\/2018\/11\/insta-41-of-47-184x184.jpg\" width=184 height=184 title=\"\" \/><\/a><\/div><div class=\"tiled-gallery-item\"><a border=\"0\" href=\"https:\/\/semmelweis.hu\/boe\/tagoknak\/cp-munka\/bmsa_insta-15-of-18\/\"><img decoding=\"async\" data-attachment-id=\"5650\" data-orig-file=\"https:\/\/semmelweis.hu\/boe\/files\/2018\/11\/bmsa_insta-15-of-18.jpg\" data-orig-size=\"2560,1920\" data-comments-opened=\"0\" data-image-meta=\"{&quot;aperture&quot;:&quot;0&quot;,&quot;credit&quot;:&quot;&quot;,&quot;camera&quot;:&quot;&quot;,&quot;caption&quot;:&quot;&quot;,&quot;created_timestamp&quot;:&quot;0&quot;,&quot;copyright&quot;:&quot;&quot;,&quot;focal_length&quot;:&quot;0&quot;,&quot;iso&quot;:&quot;0&quot;,&quot;shutter_speed&quot;:&quot;0&quot;,&quot;title&quot;:&quot;&quot;,&quot;orientation&quot;:&quot;0&quot;}\" data-image-title=\"bmsa_insta (15 of 18)\" data-image-description=\"\" data-medium-file=\"https:\/\/semmelweis.hu\/boe\/files\/2018\/11\/bmsa_insta-15-of-18-300x225.jpg\" data-large-file=\"https:\/\/semmelweis.hu\/boe\/files\/2018\/11\/bmsa_insta-15-of-18-1024x768.jpg\" style=\"margin: 2px;max-width:550px;max-height:550px;\" src=\"https:\/\/semmelweis.hu\/boe\/files\/2018\/11\/bmsa_insta-15-of-18-184x184.jpg\" width=184 height=184 title=\"\" \/><\/a><\/div><div class=\"tiled-gallery-item\"><a border=\"0\" href=\"https:\/\/semmelweis.hu\/boe\/tagoknak\/cp-munka\/insta-18-of-47\/\"><img decoding=\"async\" data-attachment-id=\"5671\" data-orig-file=\"https:\/\/semmelweis.hu\/boe\/files\/2018\/11\/insta-18-of-47.jpg\" data-orig-size=\"2560,1920\" data-comments-opened=\"0\" data-image-meta=\"{&quot;aperture&quot;:&quot;2&quot;,&quot;credit&quot;:&quot;&quot;,&quot;camera&quot;:&quot;Redmi 5 Plus&quot;,&quot;caption&quot;:&quot;&quot;,&quot;created_timestamp&quot;:&quot;1531732043&quot;,&quot;copyright&quot;:&quot;&quot;,&quot;focal_length&quot;:&quot;2,639&quot;,&quot;iso&quot;:&quot;400&quot;,&quot;shutter_speed&quot;:&quot;0,028571428571429&quot;,&quot;title&quot;:&quot;&quot;,&quot;orientation&quot;:&quot;0&quot;}\" data-image-title=\"insta (18 of 47)\" data-image-description=\"\" data-medium-file=\"https:\/\/semmelweis.hu\/boe\/files\/2018\/11\/insta-18-of-47-300x225.jpg\" data-large-file=\"https:\/\/semmelweis.hu\/boe\/files\/2018\/11\/insta-18-of-47-1024x768.jpg\" style=\"margin: 2px;max-width:550px;max-height:550px;\" src=\"https:\/\/semmelweis.hu\/boe\/files\/2018\/11\/insta-18-of-47-184x184.jpg\" width=184 height=184 title=\"\" \/><\/a><\/div><\/div>[\/slb_exclude]\n","protected":false},"excerpt":{"rendered":"<p>\u00a0 <a href=\"https:\/\/semmelweis.hu\/boe\/files\/2013\/11\/July-2014.jpg\"><\/a> Minden \u00e9vben \u00e9rkeznek hozz\u00e1nk k\u00fclf\u00f6ldi cseredi\u00e1kok a vil\u00e1g minden t\u00e1j\u00e1r\u00f3l az\u00e9rt, hogy n\u00e1lunk t\u00f6lts\u00e9k egy h\u00f3napos szakmai, illetve tudom\u00e1nyos gyakorlatukat. Term\u00e9szetesen a tanul\u00e1s \u00e9s tapasztalatszerz\u00e9s mellett a v\u00e1rosn\u00e9z\u00e9sre \u00e9s sz\u00f3rakoz\u00e1sra is jut b\u0151ven id\u0151, illetve nem mindig egyszer\u0171 eligazodni egyed\u00fcl egy feltehet\u0151leg teljesen ismeretlen helyen, ahol r\u00e1ad\u00e1sul magyarul, ezen az \u00e9rthetetlen nyelven besz\u00e9lnek\u2026 De &hellip;<\/p>\n","protected":false},"author":162,"featured_media":0,"parent":73,"menu_order":5,"comment_status":"open","ping_status":"open","template":"","meta":{"_acf_changed":false,"footnotes":""},"categories":[],"tags":[],"class_list":["post-526","page","type-page","status-publish","hentry"],"acf":[],"_links":{"self":[{"href":"https:\/\/semmelweis.hu\/boe\/wp-json\/wp\/v2\/pages\/526","targetHints":{"allow":["GET"]}}],"collection":[{"href":"https:\/\/semmelweis.hu\/boe\/wp-json\/wp\/v2\/pages"}],"about":[{"href":"https:\/\/semmelweis.hu\/boe\/wp-json\/wp\/v2\/types\/page"}],"author":[{"embeddable":true,"href":"https:\/\/semmelweis.hu\/boe\/wp-json\/wp\/v2\/users\/162"}],"replies":[{"embeddable":true,"href":"https:\/\/semmelweis.hu\/boe\/wp-json\/wp\/v2\/comments?post=526"}],"version-history":[{"count":12,"href":"https:\/\/semmelweis.hu\/boe\/wp-json\/wp\/v2\/pages\/526\/revisions"}],"predecessor-version":[{"id":8785,"href":"https:\/\/semmelweis.hu\/boe\/wp-json\/wp\/v2\/pages\/526\/revisions\/8785"}],"up":[{"embeddable":true,"href":"https:\/\/semmelweis.hu\/boe\/wp-json\/wp\/v2\/pages\/73"}],"wp:attachment":[{"href":"https:\/\/semmelweis.hu\/boe\/wp-json\/wp\/v2\/media?parent=526"}],"wp:term":[{"taxonomy":"category","embeddable":true,"href":"https:\/\/semmelweis.hu\/boe\/wp-json\/wp\/v2\/categories?post=526"},{"taxonomy":"post_tag","embeddable":true,"href":"https:\/\/semmelweis.hu\/boe\/wp-json\/wp\/v2\/tags?post=526"}],"curies":[{"name":"wp","href":"https:\/\/api.w.org\/{rel}","templated":true}]}}