{"id":4886,"date":"2017-12-07T12:46:29","date_gmt":"2017-12-07T11:46:29","guid":{"rendered":"http:\/\/semmelweis.hu\/boe\/csereprogramok\/twinning\/aktualis-twinningjeink\/"},"modified":"2018-11-23T21:02:00","modified_gmt":"2018-11-23T20:02:00","slug":"aktualis-twinningjeink","status":"publish","type":"page","link":"https:\/\/semmelweis.hu\/boe\/tagoknak\/emsa-twinning\/aktualis-twinningjeink\/","title":{"rendered":"Twinningek"},"content":{"rendered":"<p style=\"text-align: justify\"><span style=\"font-weight: 400\">A <strong>Twinning Project<\/strong> (r\u00f6vid\u00edtve TP) az EMSA egyik f\u0151 projektje, melynek c\u00e9lja, hogy az eur\u00f3pai orvostanhallgat\u00f3k k\u00f6z\u00f6tt kapcsolatot teremtsen \u00e9s hogy megismerhess\u00e9g egym\u00e1s kult\u00far\u00e1j\u00e1t \u00e9s \u00e9letm\u00f3dj\u00e1t. <\/span><\/p>\n<p style=\"text-align: justify\"><span style=\"font-weight: 400\">Az\u00e9rt nevezik twinning-nek, mert k\u00e9t v\u00e1ros k\u00f6z\u00f6tti partners\u00e9gr\u0151l sz\u00f3l. Mindk\u00e9t v\u00e1rosban nagyj\u00e1b\u00f3l 7-7 napot t\u00f6ltenek a r\u00e9sztvev\u0151k, \u00edgy a projekt id\u0151tartama \u00edgy nagyj\u00e1b\u00f3l k\u00e9t h\u00e9t.<\/span><\/p>\n<p style=\"text-align: justify\"><span style=\"font-weight: 400\">A twinning sor\u00e1n minden r\u00e9sztvev\u0151nek van egy k\u00fclf\u00f6ldi p\u00e1rja, akivel k\u00f6z\u00f6sen vesznek r\u00e9szt a szakmai \u00e9s k\u00f6z\u00f6ss\u00e9gi programokon, tov\u00e1bb\u00e1 gondoskodnak egym\u00e1sr\u00f3l. Ha p\u00e9ld\u00e1ul r\u00e9sztvev\u0151 vagy akkor te \u00e1llod:<\/span><\/p>\n<ul>\n<li style=\"text-align: justify\"><span style=\"font-weight: 400\">az utaz\u00e1sodat az adott v\u00e1rosba<\/span><\/li>\n<li style=\"text-align: justify\"><span style=\"font-weight: 400\">napi k\u00e9tszeri \u00e9tkez\u00e9sen fel\u00fcl az \u00e9tkez\u00e9sedet az adott v\u00e1rosban<\/span><\/li>\n<li style=\"text-align: justify\"><span style=\"font-weight: 400\">a twined helyi k\u00f6zleked\u00e9s\u00e9t Budapesten<\/span><\/li>\n<li style=\"text-align: justify\"><span style=\"font-weight: 400\">a twined napi egyszeri meleg \u00e9s egyszeri hideg (reggeli\/vacsora) \u00e9tkez\u00e9s\u00e9t Budapesten<\/span><\/li>\n<li style=\"text-align: justify\"><span style=\"font-weight: 400\">a twined elsz\u00e1ll\u00e1sol\u00e1s\u00e1t Budapesten,&nbsp;sz\u00fcks\u00e9g eset\u00e9n koll\u00e9giumi szob\u00e1ban is elsz\u00e1ll\u00e1solhatod a twinedet, ennek k\u00f6lts\u00e9geit pedig term\u00e9szetesen te \u00e1llod<\/span><\/li>\n<li style=\"text-align: justify\"><span style=\"font-weight: 400\">a twined k\u00f6z\u00f6ss\u00e9gi programj\u00e1t (pl. v\u00e1rosn\u00e9z\u00e9sn\u00e9l bel\u00e9p\u0151k) Budapesten<\/span><\/li>\n<\/ul>\n<p style=\"text-align: justify\"><span style=\"font-weight: 400\">Ez\u00e1ltal biztos\u00edtjuk azt, hogy mindenki a saj\u00e1t p\u00e9nzt\u00e1rc\u00e1j\u00e1nak megfelel\u0151en k\u00f6lthessen \u00e9s sp\u00f3rolhasson.<\/span><\/p>\n","protected":false},"excerpt":{"rendered":"<p>A Twinning Project (r\u00f6vid\u00edtve TP) az EMSA egyik f\u0151 projektje, melynek c\u00e9lja, hogy az eur\u00f3pai orvostanhallgat\u00f3k k\u00f6z\u00f6tt kapcsolatot teremtsen \u00e9s hogy megismerhess\u00e9g egym\u00e1s kult\u00far\u00e1j\u00e1t \u00e9s \u00e9letm\u00f3dj\u00e1t. Az\u00e9rt nevezik twinning-nek, mert k\u00e9t v\u00e1ros k\u00f6z\u00f6tti partners\u00e9gr\u0151l sz\u00f3l. Mindk\u00e9t v\u00e1rosban nagyj\u00e1b\u00f3l 7-7 napot t\u00f6ltenek a r\u00e9sztvev\u0151k, \u00edgy a projekt id\u0151tartama \u00edgy nagyj\u00e1b\u00f3l k\u00e9t h\u00e9t. A twinning sor\u00e1n minden &hellip;<\/p>\n","protected":false},"author":338,"featured_media":0,"parent":1283,"menu_order":1,"comment_status":"closed","ping_status":"closed","template":"","meta":{"_acf_changed":false,"footnotes":""},"categories":[],"tags":[],"class_list":["post-4886","page","type-page","status-publish","hentry"],"acf":[],"_links":{"self":[{"href":"https:\/\/semmelweis.hu\/boe\/wp-json\/wp\/v2\/pages\/4886","targetHints":{"allow":["GET"]}}],"collection":[{"href":"https:\/\/semmelweis.hu\/boe\/wp-json\/wp\/v2\/pages"}],"about":[{"href":"https:\/\/semmelweis.hu\/boe\/wp-json\/wp\/v2\/types\/page"}],"author":[{"embeddable":true,"href":"https:\/\/semmelweis.hu\/boe\/wp-json\/wp\/v2\/users\/338"}],"replies":[{"embeddable":true,"href":"https:\/\/semmelweis.hu\/boe\/wp-json\/wp\/v2\/comments?post=4886"}],"version-history":[{"count":10,"href":"https:\/\/semmelweis.hu\/boe\/wp-json\/wp\/v2\/pages\/4886\/revisions"}],"predecessor-version":[{"id":5621,"href":"https:\/\/semmelweis.hu\/boe\/wp-json\/wp\/v2\/pages\/4886\/revisions\/5621"}],"up":[{"embeddable":true,"href":"https:\/\/semmelweis.hu\/boe\/wp-json\/wp\/v2\/pages\/1283"}],"wp:attachment":[{"href":"https:\/\/semmelweis.hu\/boe\/wp-json\/wp\/v2\/media?parent=4886"}],"wp:term":[{"taxonomy":"category","embeddable":true,"href":"https:\/\/semmelweis.hu\/boe\/wp-json\/wp\/v2\/categories?post=4886"},{"taxonomy":"post_tag","embeddable":true,"href":"https:\/\/semmelweis.hu\/boe\/wp-json\/wp\/v2\/tags?post=4886"}],"curies":[{"name":"wp","href":"https:\/\/api.w.org\/{rel}","templated":true}]}}