{"id":4734,"date":"2017-11-13T15:00:12","date_gmt":"2017-11-13T14:00:12","guid":{"rendered":"http:\/\/semmelweis.hu\/boe\/?page_id=4734"},"modified":"2025-10-12T21:24:02","modified_gmt":"2025-10-12T19:24:02","slug":"dokumentumok","status":"publish","type":"page","link":"https:\/\/semmelweis.hu\/boe\/tagoknak\/dokumentumok\/","title":{"rendered":"Dokumentumok"},"content":{"rendered":"<p class=\"m_-6538813062946741690gmail-MsoListParagraphCxSpFirst\">1.\u00a0 \u00a0 <a href=\"https:\/\/semmelweis.hu\/boe\/files\/2025\/10\/Cseregyakorlati-szabalyzat-2026-2027-1.pdf\">Cseregyakorlati szab\u00e1lyzat 2026-2027<\/a><\/p>\n<p class=\"m_-6538813062946741690gmail-MsoListParagraphCxSpMiddle\">2.\u00a0\u00a0\u00a0 <a href=\"https:\/\/semmelweis.hu\/boe\/files\/2025\/10\/SCOPE_helyek.pdf\">SCOPE<\/a> \u00e9s <a href=\"https:\/\/semmelweis.hu\/boe\/files\/2025\/10\/SCORE_helyek.pdf\">SCORE<\/a> Cseregyakorlati helyek 2026\/2027<\/p>\n<p class=\"m_-6538813062946741690gmail-MsoListParagraphCxSpMiddle\">3.\u00a0 \u00a0 <a href=\"https:\/\/docs.google.com\/forms\/d\/e\/1FAIpQLSfhYhdrznpBYvzDIyaouCXSdQHT1WP04NLJxXqZEt66XFX-gw\/viewform\">P\u00e1ly\u00e1zati \u0171rlap 2026\/2027<\/a><\/p>\n<p class=\"m_-6538813062946741690gmail-MsoListParagraphCxSpMiddle\">4.\u00a0 \u00a0 <a href=\"https:\/\/semmelweis.hu\/boe\/files\/2025\/10\/Pa_CC_81lya_CC_81zati_20pontrendszer_202026-27.pdf.pdf\">P\u00e1ly\u00e1zati Pontrendszer 2026\/2027<\/a><\/p>\n<p class=\"m_-6538813062946741690gmail-MsoListParagraphCxSpMiddle\">5.\u00a0 \u00a0 <a href=\"https:\/\/semmelweis.hu\/boe\/files\/2025\/10\/Meghatalmaza_CC_81s_20helyoszto_CC_81n_20valo_CC_81_20ke_CC_81pviseletro_CC_8Bl_.pdf\">Meghatalmaz\u00e1s a helyoszt\u00f3n val\u00f3 k\u00e9pviseletr\u0151l<\/a><\/p>\n","protected":false},"excerpt":{"rendered":"<p>1.\u00a0 \u00a0 <a href=\"https:\/\/semmelweis.hu\/boe\/files\/2025\/10\/Cseregyakorlati-szabalyzat-2026-2027-1.pdf\">Cseregyakorlati szab\u00e1lyzat 2026-2027<\/a><br \/>\n2.\u00a0\u00a0\u00a0 <a href=\"https:\/\/semmelweis.hu\/boe\/files\/2025\/10\/SCOPE_helyek.pdf\">SCOPE<\/a> \u00e9s <a href=\"https:\/\/semmelweis.hu\/boe\/files\/2025\/10\/SCORE_helyek.pdf\">SCORE<\/a> Cseregyakorlati helyek 2026\/2027<br \/>\n3.\u00a0 \u00a0 <a href=\"https:\/\/docs.google.com\/forms\/d\/e\/1FAIpQLSfhYhdrznpBYvzDIyaouCXSdQHT1WP04NLJxXqZEt66XFX-gw\/viewform\">P\u00e1ly\u00e1zati \u0171rlap 2026\/2027<\/a><br \/>\n4.\u00a0 \u00a0 <a href=\"https:\/\/semmelweis.hu\/boe\/files\/2025\/10\/Pa_CC_81lya_CC_81zati_20pontrendszer_202026-27.pdf.pdf\">P\u00e1ly\u00e1zati Pontrendszer 2026\/2027<\/a><br \/>\n5.\u00a0 \u00a0 <a href=\"https:\/\/semmelweis.hu\/boe\/files\/2025\/10\/Meghatalmaza_CC_81s_20helyoszto_CC_81n_20valo_CC_81_20ke_CC_81pviseletro_CC_8Bl_.pdf\">Meghatalmaz\u00e1s a helyoszt\u00f3n val\u00f3 k\u00e9pviseletr\u0151l<\/a><\/p>\n","protected":false},"author":101138,"featured_media":0,"parent":73,"menu_order":7,"comment_status":"closed","ping_status":"closed","template":"","meta":{"_acf_changed":false,"footnotes":""},"categories":[],"tags":[],"class_list":["post-4734","page","type-page","status-publish","hentry"],"acf":[],"_links":{"self":[{"href":"https:\/\/semmelweis.hu\/boe\/wp-json\/wp\/v2\/pages\/4734","targetHints":{"allow":["GET"]}}],"collection":[{"href":"https:\/\/semmelweis.hu\/boe\/wp-json\/wp\/v2\/pages"}],"about":[{"href":"https:\/\/semmelweis.hu\/boe\/wp-json\/wp\/v2\/types\/page"}],"author":[{"embeddable":true,"href":"https:\/\/semmelweis.hu\/boe\/wp-json\/wp\/v2\/users\/101138"}],"replies":[{"embeddable":true,"href":"https:\/\/semmelweis.hu\/boe\/wp-json\/wp\/v2\/comments?post=4734"}],"version-history":[{"count":12,"href":"https:\/\/semmelweis.hu\/boe\/wp-json\/wp\/v2\/pages\/4734\/revisions"}],"predecessor-version":[{"id":8710,"href":"https:\/\/semmelweis.hu\/boe\/wp-json\/wp\/v2\/pages\/4734\/revisions\/8710"}],"up":[{"embeddable":true,"href":"https:\/\/semmelweis.hu\/boe\/wp-json\/wp\/v2\/pages\/73"}],"wp:attachment":[{"href":"https:\/\/semmelweis.hu\/boe\/wp-json\/wp\/v2\/media?parent=4734"}],"wp:term":[{"taxonomy":"category","embeddable":true,"href":"https:\/\/semmelweis.hu\/boe\/wp-json\/wp\/v2\/categories?post=4734"},{"taxonomy":"post_tag","embeddable":true,"href":"https:\/\/semmelweis.hu\/boe\/wp-json\/wp\/v2\/tags?post=4734"}],"curies":[{"name":"wp","href":"https:\/\/api.w.org\/{rel}","templated":true}]}}