{"id":4648,"date":"2017-11-03T20:56:42","date_gmt":"2017-11-03T19:56:42","guid":{"rendered":"http:\/\/semmelweis.hu\/boe\/?page_id=4648"},"modified":"2025-10-21T00:07:59","modified_gmt":"2025-10-20T22:07:59","slug":"hallgatoi-weboldal","status":"publish","type":"page","link":"https:\/\/semmelweis.hu\/boe\/tagoknak\/hallgatoi-weboldal\/","title":{"rendered":"Hallgat\u00f3i weboldal"},"content":{"rendered":"<p style=\"text-align: justify\"><span style=\"font-size: 18pt\"><strong><a href=\"http:\/\/boe.humsirc.hu\/hu\/login\">Kattints ide, hogy eljuss a BOE hallgat\u00f3i weboldalra!<\/a><\/strong><\/span><\/p>\n<p style=\"text-align: justify\">M\u0171k\u00f6d\u00e9sbe l\u00e9pett hallgat\u00f3i weboldalunk, a bejelentkez\u00e9s\u00a0menet\u00e9r\u0151l k\u00fcldt\u00fcnk emailt. K\u00e9rj\u00fck, k\u00f6vesd az ott tal\u00e1lhat\u00f3 instrukci\u00f3kat!<\/p>\n<p style=\"text-align: justify\">Amennyiben nem kapt\u00e1l ilyen \u00fczenetet, \u00edrj egy levelet a\u00a0<a href=\"mailto:boe@humsirc.hu\" target=\"_blank\" rel=\"noopener noreferrer\">boe@humsirc.hu<\/a>\u00a0c\u00edmre, ami a k\u00f6vetkez\u0151 adataidat tartalmazza:<\/p>\n<ul style=\"text-align: justify\">\n<li>Neved<\/li>\n<li>E-mail c\u00edmed<\/li>\n<li>\u00c9vfolyamod<\/li>\n<\/ul>\n<p style=\"text-align: justify\">K\u00e9rj\u00fck vedd figyelembe, hogy hallgat\u00f3i weboldali profilodat csak azut\u00e1n hozzuk l\u00e9tre, hogy bel\u00e9pt\u00e9l az Egyes\u00fcletbe!<\/p>\n<p style=\"text-align: justify\">Amennyiben sikeresen bel\u00e9pt\u00e9l a fel\u00fcletre, azonban az adataidban hib\u00e1t tal\u00e1lsz, k\u00e9rj\u00fck, m\u00f3dos\u00edtsd azokat!<\/p>\n","protected":false},"excerpt":{"rendered":"<p><a href=\"http:\/\/boe.humsirc.hu\/hu\/login\">Kattints ide, hogy eljuss a BOE hallgat\u00f3i weboldalra!<\/a> M\u0171k\u00f6d\u00e9sbe l\u00e9pett hallgat\u00f3i weboldalunk, a bejelentkez\u00e9s\u00a0menet\u00e9r\u0151l k\u00fcldt\u00fcnk emailt. K\u00e9rj\u00fck, k\u00f6vesd az ott tal\u00e1lhat\u00f3 instrukci\u00f3kat! Amennyiben nem kapt\u00e1l ilyen \u00fczenetet, \u00edrj egy levelet a\u00a0 <a href=\"mailto:boe@humsirc.hu\" target=\"_blank\" rel=\"noopener noreferrer\">boe@humsirc.hu<\/a> \u00a0c\u00edmre, ami a k\u00f6vetkez\u0151 adataidat tartalmazza: Neved E-mail c\u00edmed \u00c9vfolyamod K\u00e9rj\u00fck vedd figyelembe, hogy hallgat\u00f3i weboldali profilodat csak azut\u00e1n hozzuk l\u00e9tre, hogy bel\u00e9pt\u00e9l az Egyes\u00fcletbe! Amennyiben sikeresen bel\u00e9pt\u00e9l a fel\u00fcletre, azonban az &hellip;<\/p>\n","protected":false},"author":101138,"featured_media":0,"parent":73,"menu_order":3,"comment_status":"closed","ping_status":"closed","template":"","meta":{"_acf_changed":false,"footnotes":""},"categories":[],"tags":[],"class_list":["post-4648","page","type-page","status-publish","hentry"],"acf":[],"_links":{"self":[{"href":"https:\/\/semmelweis.hu\/boe\/wp-json\/wp\/v2\/pages\/4648","targetHints":{"allow":["GET"]}}],"collection":[{"href":"https:\/\/semmelweis.hu\/boe\/wp-json\/wp\/v2\/pages"}],"about":[{"href":"https:\/\/semmelweis.hu\/boe\/wp-json\/wp\/v2\/types\/page"}],"author":[{"embeddable":true,"href":"https:\/\/semmelweis.hu\/boe\/wp-json\/wp\/v2\/users\/101138"}],"replies":[{"embeddable":true,"href":"https:\/\/semmelweis.hu\/boe\/wp-json\/wp\/v2\/comments?post=4648"}],"version-history":[{"count":9,"href":"https:\/\/semmelweis.hu\/boe\/wp-json\/wp\/v2\/pages\/4648\/revisions"}],"predecessor-version":[{"id":6960,"href":"https:\/\/semmelweis.hu\/boe\/wp-json\/wp\/v2\/pages\/4648\/revisions\/6960"}],"up":[{"embeddable":true,"href":"https:\/\/semmelweis.hu\/boe\/wp-json\/wp\/v2\/pages\/73"}],"wp:attachment":[{"href":"https:\/\/semmelweis.hu\/boe\/wp-json\/wp\/v2\/media?parent=4648"}],"wp:term":[{"taxonomy":"category","embeddable":true,"href":"https:\/\/semmelweis.hu\/boe\/wp-json\/wp\/v2\/categories?post=4648"},{"taxonomy":"post_tag","embeddable":true,"href":"https:\/\/semmelweis.hu\/boe\/wp-json\/wp\/v2\/tags?post=4648"}],"curies":[{"name":"wp","href":"https:\/\/api.w.org\/{rel}","templated":true}]}}