{"id":38,"date":"2013-03-06T17:19:15","date_gmt":"2013-03-06T16:19:15","guid":{"rendered":"http:\/\/semmelweis-egyetem.hu\/boe\/?page_id=38"},"modified":"2025-10-20T23:19:35","modified_gmt":"2025-10-20T21:19:35","slug":"prevencio","status":"publish","type":"page","link":"https:\/\/semmelweis.hu\/boe\/prevencio\/","title":{"rendered":"Szekci\u00f3k"},"content":{"rendered":"<p id=\"m_8075074654387996002gmail-docs-internal-guid-ff41a857-fff1-ce99-4620-dc38b81da228\" dir=\"ltr\">Egyes\u00fclet\u00fcnk egyik f\u0151 profilja a prevenci\u00f3 \u00e9s ismeretterjeszt\u00e9s, amely keret\u00e9ben szeretn\u00e9nk az eg\u00e9szs\u00e9gk\u00f6zpont\u00fa \u00e9letszeml\u00e9letet terjeszteni, a civiliz\u00e1ci\u00f3s betegs\u00e9geket megel\u0151zni, alapvet\u0151 prevenci\u00f3s \u00e9s eg\u00e9szs\u00e9g\u00fcgyi ismereteket \u00e1tadni. A BOE-nak 11 szekci\u00f3ja van:<\/p>\n<ul>\n<li>\n<p dir=\"ltr\"><strong><strong style=\"font-size: 1rem\">Drog-alkohol-doh\u00e1nyz\u00e1s prevenci\u00f3<\/strong><\/strong><\/p>\n<\/li>\n<li>\n<p dir=\"ltr\"><strong><strong style=\"font-size: 1rem\">Els\u0151seg\u00e9lyny\u00fajt\u00e1s, alapszint\u0171 \u00fajra\u00e9leszt\u00e9s<\/strong><\/strong><\/p>\n<\/li>\n<li>\n<p dir=\"ltr\"><strong>Kardiovaszkul\u00e1ris \u00e9s tumorprevenci\u00f3<\/strong><\/p>\n<\/li>\n<li>\n<p dir=\"ltr\"><strong><strong style=\"font-size: 1rem\">Eg\u00e9szs\u00e9gtudatos t\u00e1pl\u00e1lkoz\u00e1s<\/strong><\/strong><\/p>\n<\/li>\n<li>\n<p dir=\"ltr\"><strong><strong style=\"font-size: 1rem\">V\u00e9rad\u00e1s \u00e9s transzplant\u00e1ci\u00f3<\/strong><\/strong><\/p>\n<\/li>\n<li>\n<p dir=\"ltr\"><strong>Reprodukt\u00edv eg\u00e9szs\u00e9g\u00fcgy<\/strong><\/p>\n<\/li>\n<li>\n<p dir=\"ltr\"><strong>V\u00e9d\u0151olt\u00e1sok \u00e9s antimikrobi\u00e1lis rezisztencia<\/strong><\/p>\n<\/li>\n<li><strong>Teddy Maci K\u00f3rh\u00e1z\n<p><\/strong><\/li>\n<li><strong>Ment\u00e1lhigi\u00e9n\u00e9\u00a0<\/strong>\n<\/li>\n<li><strong>Sport \u00e9s testmozg\u00e1s\n<p><\/strong><\/li>\n<li><strong>General Health<\/strong><\/li>\n<\/ul>\n<p dir=\"ltr\">Az egyes szekci\u00f3k t\u00e9m\u00e1ir\u00f3l \u00e9s munk\u00e1j\u00e1r\u00f3l val\u00f3 r\u00e9szletesebb t\u00e1j\u00e9koz\u00f3d\u00e1shoz v\u00e1lasszon a bal oldali men\u00fcs\u00e1vb\u00f3l.<\/p>\n<p dir=\"ltr\">Prevenci\u00f3s szekci\u00f3ink tagjainak k\u00f6telez\u0151 k\u00e9pz\u00e9sen kell r\u00e9szt venni\u00fck az egyes t\u00e9mak\u00f6r\u00f6kben, illetve a tan\u00e9v sor\u00e1n sz\u00e1mos tov\u00e1bbk\u00e9pz\u00e9si lehet\u0151s\u00e9get is biztos\u00edtunk sz\u00e1mukra.<\/p>\n<p dir=\"ltr\">B\u00e1rmilyen felmer\u00fcl\u0151 k\u00e9rd\u00e9s vagy k\u00e9r\u00e9s eset\u00e9n keressenek benn\u00fcnket b\u00e1tran az al\u00e1bbi e-mail c\u00edmen:\u00a0<strong><a href=\"mailto:lpo_budapest@humsirc.hu\" target=\"_blank\" rel=\"noopener noreferrer\">lpo_budapest@humsirc.hu<\/a><\/strong>.<\/p>\n<p>&nbsp;<\/p>\n","protected":false},"excerpt":{"rendered":"<p>Egyes\u00fclet\u00fcnk egyik f\u0151 profilja a prevenci\u00f3 \u00e9s ismeretterjeszt\u00e9s, amely keret\u00e9ben szeretn\u00e9nk az eg\u00e9szs\u00e9gk\u00f6zpont\u00fa \u00e9letszeml\u00e9letet terjeszteni, a civiliz\u00e1ci\u00f3s betegs\u00e9geket megel\u0151zni, alapvet\u0151 prevenci\u00f3s \u00e9s eg\u00e9szs\u00e9g\u00fcgyi ismereteket \u00e1tadni. A BOE-nak 11 szekci\u00f3ja van: Drog-alkohol-doh\u00e1nyz\u00e1s prevenci\u00f3 Els\u0151seg\u00e9lyny\u00fajt\u00e1s, alapszint\u0171 \u00fajra\u00e9leszt\u00e9s Kardiovaszkul\u00e1ris \u00e9s tumorprevenci\u00f3 Eg\u00e9szs\u00e9gtudatos t\u00e1pl\u00e1lkoz\u00e1s V\u00e9rad\u00e1s \u00e9s transzplant\u00e1ci\u00f3 Reprodukt\u00edv eg\u00e9szs\u00e9g\u00fcgy V\u00e9d\u0151olt\u00e1sok \u00e9s antimikrobi\u00e1lis rezisztencia Teddy Maci K\u00f3rh\u00e1z Ment\u00e1lhigi\u00e9n\u00e9\u00a0 Sport \u00e9s &hellip;<\/p>\n","protected":false},"author":101486,"featured_media":0,"parent":0,"menu_order":8,"comment_status":"closed","ping_status":"closed","template":"","meta":{"_acf_changed":false,"footnotes":""},"categories":[],"tags":[],"class_list":["post-38","page","type-page","status-publish","hentry"],"acf":[],"_links":{"self":[{"href":"https:\/\/semmelweis.hu\/boe\/wp-json\/wp\/v2\/pages\/38","targetHints":{"allow":["GET"]}}],"collection":[{"href":"https:\/\/semmelweis.hu\/boe\/wp-json\/wp\/v2\/pages"}],"about":[{"href":"https:\/\/semmelweis.hu\/boe\/wp-json\/wp\/v2\/types\/page"}],"author":[{"embeddable":true,"href":"https:\/\/semmelweis.hu\/boe\/wp-json\/wp\/v2\/users\/101486"}],"replies":[{"embeddable":true,"href":"https:\/\/semmelweis.hu\/boe\/wp-json\/wp\/v2\/comments?post=38"}],"version-history":[{"count":12,"href":"https:\/\/semmelweis.hu\/boe\/wp-json\/wp\/v2\/pages\/38\/revisions"}],"predecessor-version":[{"id":8771,"href":"https:\/\/semmelweis.hu\/boe\/wp-json\/wp\/v2\/pages\/38\/revisions\/8771"}],"wp:attachment":[{"href":"https:\/\/semmelweis.hu\/boe\/wp-json\/wp\/v2\/media?parent=38"}],"wp:term":[{"taxonomy":"category","embeddable":true,"href":"https:\/\/semmelweis.hu\/boe\/wp-json\/wp\/v2\/categories?post=38"},{"taxonomy":"post_tag","embeddable":true,"href":"https:\/\/semmelweis.hu\/boe\/wp-json\/wp\/v2\/tags?post=38"}],"curies":[{"name":"wp","href":"https:\/\/api.w.org\/{rel}","templated":true}]}}