{"id":3123,"date":"2016-03-27T13:10:07","date_gmt":"2016-03-27T11:10:07","guid":{"rendered":"http:\/\/semmelweis.hu\/boe\/?page_id=3123"},"modified":"2021-01-15T08:14:33","modified_gmt":"2021-01-15T07:14:33","slug":"scorp","status":"publish","type":"page","link":"https:\/\/semmelweis.hu\/boe\/tagoknak\/scorp\/","title":{"rendered":"Emberjogi szekci\u00f3 (SCORP)"},"content":{"rendered":"<p>Az Emberi Jogi Szekci\u00f3ban f\u0151 feladatunknak az \u00e9rz\u00e9keny\u00edt\u0151 programok \u00e9s j\u00f3t\u00e9konys\u00e1gi esem\u00e9nyek szervez\u00e9s\u00e9t tekintj\u00fck.<\/p>\n<p>Szeretn\u00e9nk min\u00e9l t\u00f6bb lehet\u0151s\u00e9get biztos\u00edtani, hogy bekapcsol\u00f3dhassatok karitat\u00edv tev\u00e9kenys\u00e9gekbe. <br \/>\nEg\u00e9sz \u00e9ves projekt\u00fcnkk\u00e9nt a Budapest Bike Maffia <strong>+1 Szendvics program<\/strong>j\u00e1val m\u0171k\u00f6d\u00fcnk egy\u00fctt. K\u00e9thetente tart\u00f3s \u00e9lelmiszert gy\u0171jt\u00fcnk az EOK-ban egy, a f\u0151bej\u00e1rat mell\u00e9 kihelyezett kos\u00e1rba. A +1 Szendvics aktivist\u00e1i gondoskodnak arr\u00f3l, hogy az adom\u00e1nyok eljussanak hajl\u00e9ktalan, r\u00e1szorul\u00f3 embert\u00e1rsainkhoz. <\/p>\n<p>Kiemelt esem\u00e9nyeket is szervez\u00fcnk, ilyen volt p\u00e9ld\u00e1ul a <strong>kar\u00e1csonyi forraltboroz\u00e1s \u00e9s j\u00f3t\u00e9konys\u00e1gi s\u00fctiv\u00e1s\u00e1r<\/strong>, mellyel az Age of Hope gyermekv\u00e9delmi alap\u00edtv\u00e1ny munk\u00e1j\u00e1t t\u00e1mogathattuk.<\/p>\n<p>Nagyon fontosnak tartjuk az emberi jogokkal kapcsolatos ismeretterjeszt\u00e9st, \u00e9rz\u00e9keny\u00edt\u00e9st. <br \/>\n<strong>Filmklubjainkon<\/strong> k\u00fcl\u00f6nleges, etikai t\u00e9m\u00e1j\u00fa filmeket vet\u00edt\u00fcnk. A filmn\u00e9z\u00e9s ut\u00e1n az adott t\u00e9m\u00e1ban j\u00e1rtas szak\u00e9rt\u0151kkel besz\u00e9lhetj\u00fck meg a felmer\u00fclt gondolatainkat, k\u00e9rd\u00e9seinket.<\/p>\n<p><strong>Kerekasztal-besz\u00e9lget\u00e9seinken<\/strong> a megh\u00edvott egyes\u00fcletek, el\u0151ad\u00f3k bemutatj\u00e1k tev\u00e9kenys\u00e9g\u00fcket \u00e9s seg\u00edtenek jobban megismerni, k\u00f6rbej\u00e1rni az adott t\u00e9m\u00e1kat.<br \/>\nAz \u00e9vente megrendezett Eg\u00e9szs\u00e9gversenyen is tal\u00e1lkozhattok szekci\u00f3nk j\u00e1t\u00e9kos, ismeretterjeszt\u0151 \u00e1llom\u00e1s\u00e1val.<\/p>\n<p>Rem\u00e9lj\u00fck, siker\u00fclt felkelten\u00fcnk az \u00e9rdekl\u0151d\u00e9sed a tev\u00e9kenys\u00e9g\u00fcnkkel kapcsolatban. <br \/>\nHa k\u00edv\u00e1ncsi vagy aktu\u00e1lis programjainkra, szeretn\u00e9l csatlakozni a szekci\u00f3nkhoz, vagy k\u00e9rd\u00e9sed van, k\u00e9r\u00fcnk, l\u00e1togasd meg <a href=\"https:\/\/www.facebook.com\/groups\/scorp.budapest\/?source_id=302100813960\">hivatalos Facebook csoportunkat<\/a>.<\/p>\n<p>&nbsp;<\/p>\n\r\n        [slb_exclude]\r\n        <div class=\"row galeria-wrapper mx-0 h-auto\">\r\n            <div class=\"col-9 pl-0 pr-2\">\r\n            <span class=\"gallery-item frame\">\r\n\t\t\t\t<div class=\"galeria-left-img\"><a href=\"https:\/\/semmelweis.hu\/boe\/files\/2020\/03\/s\u00fcti3.jpg\"><img src=https:\/\/semmelweis.hu\/boe\/files\/2020\/03\/s\u00fcti3.jpg  \r\n                            alt=\"kar\u00e1csonyi s\u00fctiv\u00e1s\u00e1r\" \r\n                            class=\"attachment-sote-gallery-big size-sote-gallery-big\" \r\n                            srcset=\"https:\/\/semmelweis.hu\/boe\/files\/2020\/03\/s\u00fcti3-300x193.jpg 300w, https:\/\/semmelweis.hu\/boe\/files\/2020\/03\/s\u00fcti3-1024x660.jpg 1024w, https:\/\/semmelweis.hu\/boe\/files\/2020\/03\/s\u00fcti3-768x495.jpg 768w, https:\/\/semmelweis.hu\/boe\/files\/2020\/03\/s\u00fcti3-753x485.jpg 753w, https:\/\/semmelweis.hu\/boe\/files\/2020\/03\/s\u00fcti3.jpg 1080w\" ><\/a><\/div>\r\n            <\/span>\r\n\r\n            <\/div>\r\n\r\n\t\t\t<div class=\"col-3 pl-0 pr-0\">\r\n\t\t\t\t<div class=\"galeria-right-img d-flex justify-content-between flex-column h-100 w-100 px-0 mx-0 \">\r\n                <div class=\"galeria-box\">\r\n\t\t\t\t\t<h3 class=\"galeria-title\">Gal\u00e9ria<\/h3>\r\n\t\t\t\t\t<div class=\"galeria-subtitle\">\r\n\r\n\t\t\t\t\t\t<div class=\"galeria-page-counter\"><span>5<\/span>k\u00e9p<\/div>\r\n                    <\/div> <\/div>\r\n                    <span class=\"gallery-item frame d-none d-md-flex\">\r\n\t\t\t\t\t<div class=\"galeria-small-img mt-0\"><a href=\"https:\/\/semmelweis.hu\/boe\/files\/2020\/03\/s\u00fcti1.jpg\"><img src=https:\/\/semmelweis.hu\/boe\/files\/2020\/03\/s\u00fcti1.jpg \r\n                                alt=\"kar\u00e1csonyi s\u00fctiv\u00e1s\u00e1r\"  \r\n                                class=\"attachment-sote-gallery-small size-sote-gallery-small\" \r\n                                srcset=\"https:\/\/semmelweis.hu\/boe\/files\/2020\/03\/s\u00fcti1-300x196.jpg 300w, https:\/\/semmelweis.hu\/boe\/files\/2020\/03\/s\u00fcti1.jpg 405w\" ><\/a><\/div>\r\n                    <\/span>\r\n                    <span class=\"gallery-item frame d-none d-md-flex\">\r\n\t\t\t\t\t<div class=\"galeria-small-img mt-0\"><a href=\"https:\/\/semmelweis.hu\/boe\/files\/2020\/03\/filmklub1.jpg\"><img src=https:\/\/semmelweis.hu\/boe\/files\/2020\/03\/filmklub1.jpg \r\n                                alt=\"Filmklub\" \r\n                                class=\"attachment-sote-gallery-small size-sote-gallery-small\" \r\n                                srcset=\"https:\/\/semmelweis.hu\/boe\/files\/2020\/03\/filmklub1-300x223.jpg 300w, https:\/\/semmelweis.hu\/boe\/files\/2020\/03\/filmklub1-768x570.jpg 768w, https:\/\/semmelweis.hu\/boe\/files\/2020\/03\/filmklub1-753x559.jpg 753w, https:\/\/semmelweis.hu\/boe\/files\/2020\/03\/filmklub1.jpg 960w\" ><\/a><\/div>\r\n                    <\/span>\r\n\r\n                <\/div>\r\n\r\n            <\/div>\r\n\r\n            <span class=\"gallery-item\"><div class=\"hidden\"><a href=\"https:\/\/semmelweis.hu\/boe\/files\/2020\/03\/s\u00fcti4.jpg\">\r\n        <img src=https:\/\/semmelweis.hu\/boe\/files\/2020\/03\/s\u00fcti4.jpg alt=\"kar\u00e1csonyi s\u00fctiv\u00e1s\u00e1r\" class=\"attachment-sote-gallery-big size-sote-gallery-big\" srcset=\"https:\/\/semmelweis.hu\/boe\/files\/2020\/03\/s\u00fcti4-300x226.jpg 300w, https:\/\/semmelweis.hu\/boe\/files\/2020\/03\/s\u00fcti4-1024x772.jpg 1024w, https:\/\/semmelweis.hu\/boe\/files\/2020\/03\/s\u00fcti4-768x579.jpg 768w, https:\/\/semmelweis.hu\/boe\/files\/2020\/03\/s\u00fcti4-753x568.jpg 753w, https:\/\/semmelweis.hu\/boe\/files\/2020\/03\/s\u00fcti4.jpg 1080w\" >\r\n        <\/a><\/div><\/span><span class=\"gallery-item\"><div class=\"hidden\"><a href=\"https:\/\/semmelweis.hu\/boe\/files\/2020\/03\/s\u00fcti5.jpg\">\r\n        <img src=https:\/\/semmelweis.hu\/boe\/files\/2020\/03\/s\u00fcti5.jpg alt=\"kar\u00e1csonyi s\u00fctiv\u00e1s\u00e1r\" class=\"attachment-sote-gallery-big size-sote-gallery-big\" srcset=\"https:\/\/semmelweis.hu\/boe\/files\/2020\/03\/s\u00fcti5-300x220.jpg 300w, https:\/\/semmelweis.hu\/boe\/files\/2020\/03\/s\u00fcti5-1024x752.jpg 1024w, https:\/\/semmelweis.hu\/boe\/files\/2020\/03\/s\u00fcti5-768x564.jpg 768w, https:\/\/semmelweis.hu\/boe\/files\/2020\/03\/s\u00fcti5-753x553.jpg 753w, https:\/\/semmelweis.hu\/boe\/files\/2020\/03\/s\u00fcti5.jpg 1080w\" >\r\n        <\/a><\/div><\/span>\r\n            <\/div>\r\n\r\n            [\/slb_exclude]\r\n\t\n","protected":false},"excerpt":{"rendered":"<p>Az Emberi Jogi Szekci\u00f3ban f\u0151 feladatunknak az \u00e9rz\u00e9keny\u00edt\u0151 programok \u00e9s j\u00f3t\u00e9konys\u00e1gi esem\u00e9nyek szervez\u00e9s\u00e9t tekintj\u00fck. Szeretn\u00e9nk min\u00e9l t\u00f6bb lehet\u0151s\u00e9get biztos\u00edtani, hogy bekapcsol\u00f3dhassatok karitat\u00edv tev\u00e9kenys\u00e9gekbe. Eg\u00e9sz \u00e9ves projekt\u00fcnkk\u00e9nt a Budapest Bike Maffia +1 Szendvics programj\u00e1val m\u0171k\u00f6d\u00fcnk egy\u00fctt. K\u00e9thetente tart\u00f3s \u00e9lelmiszert gy\u0171jt\u00fcnk az EOK-ban egy, a f\u0151bej\u00e1rat mell\u00e9 kihelyezett kos\u00e1rba. A +1 Szendvics aktivist\u00e1i gondoskodnak arr\u00f3l, hogy az &hellip;<\/p>\n","protected":false},"author":338,"featured_media":0,"parent":73,"menu_order":9,"comment_status":"closed","ping_status":"closed","template":"","meta":{"_acf_changed":false,"footnotes":""},"categories":[],"tags":[],"class_list":["post-3123","page","type-page","status-publish","hentry"],"acf":[],"_links":{"self":[{"href":"https:\/\/semmelweis.hu\/boe\/wp-json\/wp\/v2\/pages\/3123","targetHints":{"allow":["GET"]}}],"collection":[{"href":"https:\/\/semmelweis.hu\/boe\/wp-json\/wp\/v2\/pages"}],"about":[{"href":"https:\/\/semmelweis.hu\/boe\/wp-json\/wp\/v2\/types\/page"}],"author":[{"embeddable":true,"href":"https:\/\/semmelweis.hu\/boe\/wp-json\/wp\/v2\/users\/338"}],"replies":[{"embeddable":true,"href":"https:\/\/semmelweis.hu\/boe\/wp-json\/wp\/v2\/comments?post=3123"}],"version-history":[{"count":6,"href":"https:\/\/semmelweis.hu\/boe\/wp-json\/wp\/v2\/pages\/3123\/revisions"}],"predecessor-version":[{"id":6624,"href":"https:\/\/semmelweis.hu\/boe\/wp-json\/wp\/v2\/pages\/3123\/revisions\/6624"}],"up":[{"embeddable":true,"href":"https:\/\/semmelweis.hu\/boe\/wp-json\/wp\/v2\/pages\/73"}],"wp:attachment":[{"href":"https:\/\/semmelweis.hu\/boe\/wp-json\/wp\/v2\/media?parent=3123"}],"wp:term":[{"taxonomy":"category","embeddable":true,"href":"https:\/\/semmelweis.hu\/boe\/wp-json\/wp\/v2\/categories?post=3123"},{"taxonomy":"post_tag","embeddable":true,"href":"https:\/\/semmelweis.hu\/boe\/wp-json\/wp\/v2\/tags?post=3123"}],"curies":[{"name":"wp","href":"https:\/\/api.w.org\/{rel}","templated":true}]}}