{"id":274,"date":"2013-11-05T11:18:54","date_gmt":"2013-11-05T10:18:54","guid":{"rendered":"http:\/\/semmelweis-egyetem.hu\/boe\/?page_id=274"},"modified":"2025-10-20T20:11:47","modified_gmt":"2025-10-20T18:11:47","slug":"dokumentumok","status":"publish","type":"page","link":"https:\/\/semmelweis.hu\/boe\/rolunk\/dokumentumok\/","title":{"rendered":"Dokumentumok"},"content":{"rendered":"<p>Ezen az oldalon a legfontosabb let\u00f6lthet\u0151 dokumentumokat tal\u00e1lhatj\u00e1tok meg.\u00a0<\/p>\n<h2><strong>Az egyes\u00fcleti tags\u00e1ggal kapcsolatos dokumentumok<\/strong><\/h2>\n<p><a href=\"https:\/\/forms.gle\/heSHGLdCoFkLMVTaA\">BOE tags\u00e1gi k\u00e9relem<\/a><\/p>\n<p><a href=\"https:\/\/semmelweis.hu\/boe\/files\/2020\/09\/\u00daj-BOE-bel\u00e9p\u00e9si-nyilatkozat.pdf\">BOE bel\u00e9p\u00e9si nyilatkozat<\/a><\/p>\n<h2><strong>A cseregyakorlatokkal kapcsolatos dokumentumok<\/strong><\/h2>\n<p><a href=\"\/Users\/korni\/Downloads\/Cseregyakorlati%20szab%C3%A1lyzat%202025_26.docx.pdf\">Cseregyakorlati szab\u00e1lyzat 2025\/2026<\/a><\/p>\n<p><a href=\"https:\/\/semmelweis.hu\/boe\/files\/2025\/10\/SCOPE_helyek.pdf\">SCOPE <\/a>\u00e9s <a href=\"https:\/\/semmelweis.hu\/boe\/files\/2025\/10\/SCORE_helyek.pdf\">SCORE<\/a> Cseregyakorlati helyek 2025\/2026<\/p>\n<p><a href=\"https:\/\/docs.google.com\/forms\/d\/e\/1FAIpQLSfhYhdrznpBYvzDIyaouCXSdQHT1WP04NLJxXqZEt66XFX-gw\/viewform\">P\u00e1ly\u00e1zati \u0171rlap 2025\/2026<\/a><\/p>\n<p><a href=\"https:\/\/semmelweis.hu\/boe\/files\/2025\/10\/Pa_CC_81lya_CC_81zati_20pontrendszer_202026-27.pdf.pdf\">P\u00e1ly\u00e1zati Pontrendszer 2026\/2027<\/a><\/p>\n<p><a href=\"https:\/\/semmelweis.hu\/boe\/files\/2025\/10\/Meghatalmaza_CC_81s_20helyoszto_CC_81n_20valo_CC_81_20ke_CC_81pviseletro_CC_8Bl_.pdf\">Meghatalmaz\u00e1s a helyoszt\u00f3n val\u00f3 k\u00e9pviseletr\u0151l<\/a><\/p>\n<h2><strong>Az egyes\u00fclet m\u0171k\u00f6d\u00e9s\u00e9vel kapcsolatos dokumentumok<\/strong><\/h2>\n<p><a href=\"https:\/\/semmelweis.hu\/boe\/files\/2023\/01\/Alapszabaly-2023.pdf\">Alapszab\u00e1ly<\/a><\/p>\n<p><a href=\"https:\/\/semmelweis.hu\/boe\/files\/2025\/07\/Mukodesi-Iranyelv-2024.11.08.pdf\">M\u0171k\u00f6d\u00e9si Ir\u00e1nyelvek<\/a><\/p>\n<p><a href=\"https:\/\/semmelweis.hu\/boe\/files\/2023\/01\/MI-1.-sz.-melleklet.pdf\">MI 1. sz. mell\u00e9klet<\/a><\/p>\n<p><a href=\"https:\/\/semmelweis.hu\/boe\/files\/2023\/01\/MI-2.sz_.-melleklet.pdf\">MI 2.sz. mell\u00e9klet<\/a><\/p>\n","protected":false},"excerpt":{"rendered":"<p>Ezen az oldalon a legfontosabb let\u00f6lthet\u0151 dokumentumokat tal\u00e1lhatj\u00e1tok meg.\u00a0<br \/>\nAz egyes\u00fcleti tags\u00e1ggal kapcsolatos dokumentumok<br \/>\n<a href=\"https:\/\/forms.gle\/heSHGLdCoFkLMVTaA\">BOE tags\u00e1gi k\u00e9relem<\/a><br \/>\n<a href=\"https:\/\/semmelweis.hu\/boe\/files\/2020\/09\/\u00daj-BOE-bel\u00e9p\u00e9si-nyilatkozat.pdf\">BOE bel\u00e9p\u00e9si nyilatkozat<\/a><br \/>\nA cseregyakorlatokkal kapcsolatos dokumentumok<br \/>\n<a href=\"\/Users\/korni\/Downloads\/Cseregyakorlati%20szab%C3%A1lyzat%202025_26.docx.pdf\">Cseregyakorlati szab\u00e1lyzat 2025\/2026<\/a><br \/>\n<a href=\"https:\/\/semmelweis.hu\/boe\/files\/2025\/10\/SCOPE_helyek.pdf\">SCOPE <\/a>\u00e9s <a href=\"https:\/\/semmelweis.hu\/boe\/files\/2025\/10\/SCORE_helyek.pdf\">SCORE<\/a> Cseregyakorlati helyek 2025\/2026<br \/>\n<a href=\"https:\/\/docs.google.com\/forms\/d\/e\/1FAIpQLSfhYhdrznpBYvzDIyaouCXSdQHT1WP04NLJxXqZEt66XFX-gw\/viewform\">P\u00e1ly\u00e1zati \u0171rlap 2025\/2026<\/a><br \/>\n<a href=\"https:\/\/semmelweis.hu\/boe\/files\/2025\/10\/Pa_CC_81lya_CC_81zati_20pontrendszer_202026-27.pdf.pdf\">P\u00e1ly\u00e1zati Pontrendszer 2026\/2027<\/a><br \/>\n<a href=\"https:\/\/semmelweis.hu\/boe\/files\/2025\/10\/Meghatalmaza_CC_81s_20helyoszto_CC_81n_20valo_CC_81_20ke_CC_81pviseletro_CC_8Bl_.pdf\">Meghatalmaz\u00e1s a helyoszt\u00f3n val\u00f3 k\u00e9pviseletr\u0151l<\/a><br \/>\nAz egyes\u00fclet m\u0171k\u00f6d\u00e9s\u00e9vel kapcsolatos dokumentumok<br \/>\n<a href=\"https:\/\/semmelweis.hu\/boe\/files\/2023\/01\/Alapszabaly-2023.pdf\">Alapszab\u00e1ly<\/a><br \/>\n<a href=\"https:\/\/semmelweis.hu\/boe\/files\/2025\/07\/Mukodesi-Iranyelv-2024.11.08.pdf\">M\u0171k\u00f6d\u00e9si Ir\u00e1nyelvek<\/a><br \/>\n<a href=\"https:\/\/semmelweis.hu\/boe\/files\/2023\/01\/MI-1.-sz.-melleklet.pdf\">MI 1. sz. mell\u00e9klet<\/a><br \/>\n<a href=\"https:\/\/semmelweis.hu\/boe\/files\/2023\/01\/MI-2.sz_.-melleklet.pdf\">MI 2.sz. mell\u00e9klet<\/a><\/p>\n","protected":false},"author":101486,"featured_media":0,"parent":32,"menu_order":3,"comment_status":"closed","ping_status":"closed","template":"","meta":{"_acf_changed":false,"footnotes":""},"categories":[],"tags":[],"class_list":["post-274","page","type-page","status-publish","hentry"],"acf":[],"_links":{"self":[{"href":"https:\/\/semmelweis.hu\/boe\/wp-json\/wp\/v2\/pages\/274","targetHints":{"allow":["GET"]}}],"collection":[{"href":"https:\/\/semmelweis.hu\/boe\/wp-json\/wp\/v2\/pages"}],"about":[{"href":"https:\/\/semmelweis.hu\/boe\/wp-json\/wp\/v2\/types\/page"}],"author":[{"embeddable":true,"href":"https:\/\/semmelweis.hu\/boe\/wp-json\/wp\/v2\/users\/101486"}],"replies":[{"embeddable":true,"href":"https:\/\/semmelweis.hu\/boe\/wp-json\/wp\/v2\/comments?post=274"}],"version-history":[{"count":14,"href":"https:\/\/semmelweis.hu\/boe\/wp-json\/wp\/v2\/pages\/274\/revisions"}],"predecessor-version":[{"id":8487,"href":"https:\/\/semmelweis.hu\/boe\/wp-json\/wp\/v2\/pages\/274\/revisions\/8487"}],"up":[{"embeddable":true,"href":"https:\/\/semmelweis.hu\/boe\/wp-json\/wp\/v2\/pages\/32"}],"wp:attachment":[{"href":"https:\/\/semmelweis.hu\/boe\/wp-json\/wp\/v2\/media?parent=274"}],"wp:term":[{"taxonomy":"category","embeddable":true,"href":"https:\/\/semmelweis.hu\/boe\/wp-json\/wp\/v2\/categories?post=274"},{"taxonomy":"post_tag","embeddable":true,"href":"https:\/\/semmelweis.hu\/boe\/wp-json\/wp\/v2\/tags?post=274"}],"curies":[{"name":"wp","href":"https:\/\/api.w.org\/{rel}","templated":true}]}}