{"id":214,"date":"2013-03-14T11:24:24","date_gmt":"2013-03-14T10:24:24","guid":{"rendered":"http:\/\/semmelweis-egyetem.hu\/boe\/?page_id=214"},"modified":"2025-10-20T23:34:26","modified_gmt":"2025-10-20T21:34:26","slug":"reproduktiv-egeszegugy","status":"publish","type":"page","link":"https:\/\/semmelweis.hu\/boe\/prevencio\/reproduktiv-egeszegugy\/","title":{"rendered":"Reprodukt\u00edv eg\u00e9szs\u00e9g\u00fcgy"},"content":{"rendered":"<p>Egyes\u00fclet\u00fcnk nagyon fontosnak tartja a fiatal koroszt\u00e1ly eduk\u00e1l\u00e1s\u00e1t reprodukt\u00edv- eg\u00e9szs\u00e9g\u00fcgyi t\u00e9m\u00e1ban, \u00e9s emiatt pr\u00f3b\u00e1lunk min\u00e9l t\u00f6bb iskol\u00e1hoz, tanul\u00f3hoz eljutni.<\/p>\n<p>A prevenci\u00f3s \u00f3r\u00e1ink keret\u00e9n bel\u00fcl besz\u00e9l\u00fcnk az anat\u00f3miai, \u00e9lettani alapismeretekr\u0151l, hogy \u00e9rts\u00e9k a di\u00e1kok mi mi\u00e9rt t\u00f6rt\u00e9nik vel\u00fck, valamint bemutatjuk a helyes \u00f3vszer haszn\u00e1latot, tov\u00e1bbi fogamz\u00e1sg\u00e1tl\u00e1si lehet\u0151s\u00e9geket illetve ezek hi\u00e1ny\u00e1b\u00f3l ad\u00f3d\u00f3 k\u00f6vetkezm\u00e9nyeket is. Ezek mind egy \u00e1ltal\u00e1nos szexu\u00e1lprevenci\u00f3s t\u00e9m\u00e1j\u00fa diasorba tartoznak. Ezt az \u00f3r\u00e1t hatodikos oszt\u00e1lyt\u00f3l felfel\u00e9 aj\u00e1nljuk, k\u00fcl\u00f6n \u00f3ratervet \u00edrtunk \u00e1ltal\u00e1nos iskol\u00e1soknak, illetve k\u00f6z\u00e9piskol\u00e1soknak.<\/p>\n<p>M\u00e1sik \u00f3ra t\u00edpusunk szexu\u00e1lis \u00faton terjed\u0151 nemi betegs\u00e9gekkel (STD) foglalkozik. Ezen az \u00f3r\u00e1n felh\u00edvjuk a figyelmet a leggyakoribb szexu\u00e1lis \u00faton terjed\u0151 betegs\u00e9gekre, sz\u00f3 esik a t\u00fcnetekr\u0151l, a kezel\u00e9sr\u0151l, az orvoshoz j\u00e1r\u00e1s fontoss\u00e1g\u00e1r\u00f3l is. Ezen \u00f3r\u00e1nkat alapvet\u0151en k\u00f6z\u00e9piskol\u00e1soknak k\u00e9sz\u00edtett\u00fck.<\/p>\n<p>Minden anyagunkat szakorvosok lektor\u00e1lt\u00e1k, az el\u0151ad\u00f3ink pedig k\u00e9pz\u00e9sen vettek r\u00e9szt. \u00d3r\u00e1inkat tudjuk 45 perces, illetve 90 perces hossz\u00fas\u00e1g\u00fara is szabni. Az el\u0151ad\u00e1sunk interakt\u00edv kieg\u00e9sz\u00edt\u00e9se k\u00e9ppen k\u00e9rd\u00e9sekkel, j\u00e1t\u00e9kokkal is k\u00e9sz\u00fcl\u00fcnk a di\u00e1koknak, ahol felm\u00e9rhetik a\u00a0 tud\u00e1sukat, \u00e9s megtudhatnak egy\u00e9b \u00e9rdekess\u00e9geket is. Igyeksz\u00fcnk az adott oszt\u00e1ly sz\u00e1m\u00e1ra legink\u00e1bb relev\u00e1ns inform\u00e1ci\u00f3kat k\u00f6zvet\u00edtetni, \u00edgy amennyiben el\u0151re jelzik tudunk kiemelt figyelmet ford\u00edtani valamely t\u00e9m\u00e1ra. (pl. abortusz, ciklusk\u00f6vet\u00e9ses m\u00f3dszerek, stb)<\/p>\n<p>Tov\u00e1bbi inform\u00e1ci\u00f3t honlapunkon tal\u00e1l: <a href=\"https:\/\/semmelweis.hu\/boe\/rolunk\/kik-vagyunk\/\">https:\/\/semmelweis.hu\/boe\/rolunk\/kik-vagyunk\/<\/a><\/p>\n<p>&nbsp;<\/p>\n<p>&nbsp;<\/p>\n<p><strong>Korm\u00e1nyos Viktor<br \/>\n<\/strong><em>Reprodukt\u00edv-eg\u00e9szs\u00e9g\u00fcgyi felel\u0151s <br \/>\n<\/em><a href=\"mailto:lora_budapest@humsirc.hu\"><em>lora_budapest@humsirc.hu<\/em><\/a><\/p>\n<p>&nbsp;<\/p>\n<p>&nbsp;<\/p>\n<p>&nbsp;<\/p>\n<p>&nbsp;<\/p>\n<p>&nbsp;<\/p>\n<p>&nbsp;<\/p>\n<p>&nbsp;<\/p>\n<p>&nbsp;<\/p>\n<p>&nbsp;<\/p>\n<p>&nbsp;<\/p>\n<p>&nbsp;<\/p>\n<p>&nbsp;<\/p>\n<p>&nbsp;<\/p>\n<p>&nbsp;<\/p>\n<p>&nbsp;<\/p>\n<p>&nbsp;<\/p>\n<p>&nbsp;<\/p>\n<p>&nbsp;<\/p>\n<p>&nbsp;<\/p>\n","protected":false},"excerpt":{"rendered":"<p>Egyes\u00fclet\u00fcnk nagyon fontosnak tartja a fiatal koroszt\u00e1ly eduk\u00e1l\u00e1s\u00e1t reprodukt\u00edv- eg\u00e9szs\u00e9g\u00fcgyi t\u00e9m\u00e1ban, \u00e9s emiatt pr\u00f3b\u00e1lunk min\u00e9l t\u00f6bb iskol\u00e1hoz, tanul\u00f3hoz eljutni. A prevenci\u00f3s \u00f3r\u00e1ink keret\u00e9n bel\u00fcl besz\u00e9l\u00fcnk az anat\u00f3miai, \u00e9lettani alapismeretekr\u0151l, hogy \u00e9rts\u00e9k a di\u00e1kok mi mi\u00e9rt t\u00f6rt\u00e9nik vel\u00fck, valamint bemutatjuk a helyes \u00f3vszer haszn\u00e1latot, tov\u00e1bbi fogamz\u00e1sg\u00e1tl\u00e1si lehet\u0151s\u00e9geket illetve ezek hi\u00e1ny\u00e1b\u00f3l ad\u00f3d\u00f3 k\u00f6vetkezm\u00e9nyeket is. Ezek mind egy &hellip;<\/p>\n","protected":false},"author":101486,"featured_media":0,"parent":38,"menu_order":5,"comment_status":"closed","ping_status":"closed","template":"","meta":{"_acf_changed":false,"footnotes":""},"categories":[],"tags":[],"class_list":["post-214","page","type-page","status-publish","hentry"],"acf":[],"_links":{"self":[{"href":"https:\/\/semmelweis.hu\/boe\/wp-json\/wp\/v2\/pages\/214","targetHints":{"allow":["GET"]}}],"collection":[{"href":"https:\/\/semmelweis.hu\/boe\/wp-json\/wp\/v2\/pages"}],"about":[{"href":"https:\/\/semmelweis.hu\/boe\/wp-json\/wp\/v2\/types\/page"}],"author":[{"embeddable":true,"href":"https:\/\/semmelweis.hu\/boe\/wp-json\/wp\/v2\/users\/101486"}],"replies":[{"embeddable":true,"href":"https:\/\/semmelweis.hu\/boe\/wp-json\/wp\/v2\/comments?post=214"}],"version-history":[{"count":13,"href":"https:\/\/semmelweis.hu\/boe\/wp-json\/wp\/v2\/pages\/214\/revisions"}],"predecessor-version":[{"id":8778,"href":"https:\/\/semmelweis.hu\/boe\/wp-json\/wp\/v2\/pages\/214\/revisions\/8778"}],"up":[{"embeddable":true,"href":"https:\/\/semmelweis.hu\/boe\/wp-json\/wp\/v2\/pages\/38"}],"wp:attachment":[{"href":"https:\/\/semmelweis.hu\/boe\/wp-json\/wp\/v2\/media?parent=214"}],"wp:term":[{"taxonomy":"category","embeddable":true,"href":"https:\/\/semmelweis.hu\/boe\/wp-json\/wp\/v2\/categories?post=214"},{"taxonomy":"post_tag","embeddable":true,"href":"https:\/\/semmelweis.hu\/boe\/wp-json\/wp\/v2\/tags?post=214"}],"curies":[{"name":"wp","href":"https:\/\/api.w.org\/{rel}","templated":true}]}}