{"id":155,"date":"2013-03-07T20:02:59","date_gmt":"2013-03-07T19:02:59","guid":{"rendered":"http:\/\/semmelweis-egyetem.hu\/boe\/?page_id=155"},"modified":"2025-10-21T00:11:04","modified_gmt":"2025-10-20T22:11:04","slug":"tudomanyos_csereprogram","status":"publish","type":"page","link":"https:\/\/semmelweis.hu\/boe\/tagoknak\/tudomanyos_csereprogram\/","title":{"rendered":"SCORE &#8211; Tudom\u00e1nyos Csereprogram"},"content":{"rendered":"<p style=\"text-align: justify\"><img loading=\"lazy\" decoding=\"async\" class=\"size-large wp-image-5767\" src=\"https:\/\/semmelweis.hu\/boe\/files\/2018\/12\/cropped-SCORE-1024x307.jpg\" alt=\"\" width=\"753\" height=\"226\" srcset=\"https:\/\/semmelweis.hu\/boe\/files\/2018\/12\/cropped-SCORE-1024x307.jpg 1024w, https:\/\/semmelweis.hu\/boe\/files\/2018\/12\/cropped-SCORE-300x90.jpg 300w, https:\/\/semmelweis.hu\/boe\/files\/2018\/12\/cropped-SCORE-768x230.jpg 768w, https:\/\/semmelweis.hu\/boe\/files\/2018\/12\/cropped-SCORE-753x226.jpg 753w\" sizes=\"auto, (max-width: 753px) 100vw, 753px\" \/><\/p>\n<p style=\"text-align: justify\">2026\/27-es Tudom\u00e1nyos Cseregyakorlati helyek:<\/p>\n<p style=\"text-align: justify\"><a href=\"https:\/\/www.google.com\/maps\/d\/u\/0\/edit?mid=1NZYMVnRyT4e8ZF48Zo7lhknlWk0aRUk&amp;usp=sharing\">\n<!-- iframe plugin v.4.9 wordpress.org\/plugins\/iframe\/ -->\n<iframe loading=\"lazy\" src=\"https:\/\/www.google.com\/maps\/d\/embed?mid=1vyxiQm8JQbRTsEL8nJNjDU4xMdaaFYg6\" width=\"640\" height=\"480\" scrolling=\"yes\" class=\"iframe-class\" frameborder=\"0\"><\/iframe>\n<\/a><\/p>\n<p style=\"text-align: justify\">\u00a0<\/p>\n<p style=\"text-align: justify\">A <strong>SCORE<\/strong> (Standing Committee on Research Exchange) az IFMSA (International Federation of Medical Student Associations) keretein bel\u00fcl szervezett <strong>nemzetk\u00f6zi tudom\u00e1nyos cseregyakorlat<\/strong>. A program c\u00e9lja, hogy az orvostanhallgat\u00f3k m\u00e9lyebb betekint\u00e9st nyerjenek az orvostudom\u00e1nyi kutat\u00e1sok folyamat\u00e1ba, mik\u00f6zben megismerkednek egy m\u00e1sik orsz\u00e1g kult\u00far\u00e1j\u00e1val, helyi szok\u00e1saival \u00e9s hallgat\u00f3ival.<\/p>\n<p style=\"text-align: justify\">Az aktu\u00e1lis SCORE cseregyakorlatok orsz\u00e1gair\u00f3l\u00a0<a href=\"https:\/\/semmelweis.hu\/boe\/csereprogramok\/dokumentumok\/\"><strong>itt<\/strong><\/a>\u00a0t\u00e1j\u00e9koz\u00f3dhatsz.<\/p>\n<p style=\"text-align: justify\"><strong>Mib\u0151l \u00e1ll a SCORE cseregyakorlat?<\/strong><\/p>\n<p style=\"text-align: justify\">A tudom\u00e1nyos cseregyakorlat sor\u00e1n lehet\u0151s\u00e9ged ny\u00edlik arra, hogy <strong>4 h\u00e9tre<\/strong> csatlakozz egy k\u00fclf\u00f6ldi kutat\u00f3csoport munk\u00e1j\u00e1hoz. Ha alapkutat\u00e1si t\u00e9m\u00e1t v\u00e1lasztasz, laborat\u00f3riumban gyakorolhatod a k\u00fcl\u00f6nb\u00f6z\u0151 k\u00eds\u00e9rleti, m\u00e9r\u00e9si \u00e9s elemz\u00e9si m\u00f3dszereket. Ha pedig klinikai projektben veszel r\u00e9szt, a k\u00f3rh\u00e1zban ismerheted meg a kutat\u00e1si alapelveket \u00e9s eszk\u00f6z\u00f6ket. D\u00e9lut\u00e1nonk\u00e9nt \u00e9s h\u00e9tv\u00e9genk\u00e9nt a fogad\u00f3 egyes\u00fclet hallgat\u00f3i \u00e1ltal szervezett szoci\u00e1lis programokon vehetsz r\u00e9szt.<\/p>\n<p style=\"text-align: justify\"><strong>Hogyan lehet p\u00e1ly\u00e1zni a SCORE cseregyakorlatra?<\/strong><\/p>\n<p style=\"text-align: justify\">B\u00e1rki p\u00e1ly\u00e1zhat, aki a <strong>2025\/26<\/strong>-as tan\u00e9vben a Budapesti Orvostanhallgat\u00f3k Egyes\u00fclet\u00e9nek (BOE) akt\u00edv tagja, vagyis a p\u00e1ly\u00e1zati hat\u00e1rid\u0151 lej\u00e1rta el\u0151tt meg\u00faj\u00edtotta tags\u00e1g\u00e1t \u00e9s befizette az \u00e9ves tagd\u00edjat. A 2023\/24-es szezon p\u00e1ly\u00e1z\u00e1si hat\u00e1rideje:\u00a0<strong>2025. okt\u00f3ber 24. 23:59<\/strong>. A jelentkez\u00e9shez az al\u00e1bbiakkal kell rendelkezned:<\/p>\n<ul style=\"text-align: justify\">\n<li>A p\u00e1ly\u00e1z\u00e1s tan\u00e9v\u00e9ben <strong>akt\u00edv BOE tags\u00e1g<\/strong><\/li>\n<li>Minimum <strong>12 BOE pont<\/strong>\u00a0<\/li>\n<li><strong>Angol nyelv\u0171 hallgat\u00f3i jogviszony igazol\u00e1s\u00a0<\/strong><\/li>\n<li><strong>Nyelvtud\u00e1s igazol\u00e1sa<\/strong> <strong>(<\/strong><strong>angol nyelvb\u0151l, vagy az adott orsz\u00e1g hivatalos nyelv\u00e9b\u0151l egy legal\u00e1bb k\u00f6z\u00e9pfok\u00fa, C (vagy A+B) t\u00edpus\u00fa, \u00e1llamilag akkredit\u00e1lt nyelvvizsga)<\/strong><\/li>\n<li><strong>Al\u00e1\u00edrt Cseregyakorlati Nyilatkozat<\/strong> (Cseregyakorlati Szab\u00e1lyzat utols\u00f3 oldala \u2013 elegend\u0151 ezt az egy oldalt kinyomtatni, al\u00e1\u00edrni \u00e9s beszkennelni)<\/li>\n<li><strong>Kit\u00f6lt\u00f6tt P\u00e1ly\u00e1zati \u0171rlap<\/strong> (Google Form)<\/li>\n<\/ul>\n<p style=\"text-align: justify\">Az \u00e9rv\u00e9nyes p\u00e1ly\u00e1zat tov\u00e1bbi felt\u00e9teleir\u0151l \u00e9s a jelentkez\u00e9s menet\u00e9r\u0151l a <a href=\"https:\/\/semmelweis.hu\/boe\/files\/2025\/10\/Cseregyakorlati-szabalyzat-2026-2027.pdf\">Cseregyakorlati szab\u00e1lyzat<\/a>ban\u00a0t\u00e1j\u00e9koz\u00f3dhatsz r\u00e9szletesebben.<\/p>\n<p style=\"text-align: justify\">A jelentkez\u00e9s ut\u00e1n a\u00a0<strong>Szakmai \u00e9s Tudom\u00e1nyos Cseregyakorlati Helyoszt\u00f3n<\/strong>\u00a0v\u00e1laszthatsz orsz\u00e1got, ahov\u00e1 <strong>2025 \u00e1prilis<\/strong> \u00e9s <strong>2026 m\u00e1rcius<\/strong> k\u00f6z\u00f6tt utazhatsz ki egy h\u00f3napra. Fontos, hogy a hely elnyer\u00e9se ut\u00e1n jelentkezz az\u00a0<strong>\u00a0<\/strong><a href=\"https:\/\/exchange.ifmsa.org\/exchange\/login\"><strong>IFMSA Exchange platformj\u00e1n<\/strong><\/a> az Application Form (AF) kit\u00f6lt\u00e9s\u00e9vel \u00e9s Card of Documents felt\u00f6lt\u00e9s\u00e9vel.\u00a0<\/p>\n","protected":false},"excerpt":{"rendered":"<p>2026\/27-es Tudom\u00e1nyos Cseregyakorlati helyek: <a href=\"https:\/\/www.google.com\/maps\/d\/u\/0\/edit?mid=1NZYMVnRyT4e8ZF48Zo7lhknlWk0aRUk&amp;usp=sharing\"><\/a> \u00a0 A SCORE (Standing Committee on Research Exchange) az IFMSA (International Federation of Medical Student Associations) keretein bel\u00fcl szervezett nemzetk\u00f6zi tudom\u00e1nyos cseregyakorlat. A program c\u00e9lja, hogy az orvostanhallgat\u00f3k m\u00e9lyebb betekint\u00e9st nyerjenek az orvostudom\u00e1nyi kutat\u00e1sok folyamat\u00e1ba, mik\u00f6zben megismerkednek egy m\u00e1sik orsz\u00e1g kult\u00far\u00e1j\u00e1val, helyi szok\u00e1saival \u00e9s hallgat\u00f3ival. Az aktu\u00e1lis SCORE cseregyakorlatok orsz\u00e1gair\u00f3l\u00a0 <a href=\"https:\/\/semmelweis.hu\/boe\/csereprogramok\/dokumentumok\/\">itt<\/a> \u00a0t\u00e1j\u00e9koz\u00f3dhatsz. &hellip;<\/p>\n","protected":false},"author":101486,"featured_media":0,"parent":73,"menu_order":3,"comment_status":"closed","ping_status":"closed","template":"","meta":{"_acf_changed":false,"footnotes":""},"categories":[],"tags":[],"class_list":["post-155","page","type-page","status-publish","hentry"],"acf":[],"_links":{"self":[{"href":"https:\/\/semmelweis.hu\/boe\/wp-json\/wp\/v2\/pages\/155","targetHints":{"allow":["GET"]}}],"collection":[{"href":"https:\/\/semmelweis.hu\/boe\/wp-json\/wp\/v2\/pages"}],"about":[{"href":"https:\/\/semmelweis.hu\/boe\/wp-json\/wp\/v2\/types\/page"}],"author":[{"embeddable":true,"href":"https:\/\/semmelweis.hu\/boe\/wp-json\/wp\/v2\/users\/101486"}],"replies":[{"embeddable":true,"href":"https:\/\/semmelweis.hu\/boe\/wp-json\/wp\/v2\/comments?post=155"}],"version-history":[{"count":13,"href":"https:\/\/semmelweis.hu\/boe\/wp-json\/wp\/v2\/pages\/155\/revisions"}],"predecessor-version":[{"id":8782,"href":"https:\/\/semmelweis.hu\/boe\/wp-json\/wp\/v2\/pages\/155\/revisions\/8782"}],"up":[{"embeddable":true,"href":"https:\/\/semmelweis.hu\/boe\/wp-json\/wp\/v2\/pages\/73"}],"wp:attachment":[{"href":"https:\/\/semmelweis.hu\/boe\/wp-json\/wp\/v2\/media?parent=155"}],"wp:term":[{"taxonomy":"category","embeddable":true,"href":"https:\/\/semmelweis.hu\/boe\/wp-json\/wp\/v2\/categories?post=155"},{"taxonomy":"post_tag","embeddable":true,"href":"https:\/\/semmelweis.hu\/boe\/wp-json\/wp\/v2\/tags?post=155"}],"curies":[{"name":"wp","href":"https:\/\/api.w.org\/{rel}","templated":true}]}}