{"id":1339,"date":"2014-11-30T14:27:39","date_gmt":"2014-11-30T13:27:39","guid":{"rendered":"http:\/\/semmelweis.hu\/boe\/?page_id=1339"},"modified":"2025-10-20T23:33:26","modified_gmt":"2025-10-20T21:33:26","slug":"veradas-es-transzplantacio","status":"publish","type":"page","link":"https:\/\/semmelweis.hu\/boe\/prevencio\/veradas-es-transzplantacio\/","title":{"rendered":"V\u00e9rad\u00e1s \u00e9s transzplant\u00e1ci\u00f3"},"content":{"rendered":"<p style=\"text-align: justify\">\u00a0<\/p>\n<p style=\"text-align: justify\"><img loading=\"lazy\" decoding=\"async\" class=\"alignright wp-image-2846 size-medium\" src=\"https:\/\/semmelweis.hu\/boe\/files\/2014\/11\/organ-nakli02-300x201.jpg\" alt=\"organ-nakli02\" width=\"300\" height=\"201\" srcset=\"https:\/\/semmelweis.hu\/boe\/files\/2014\/11\/organ-nakli02-300x201.jpg 300w, https:\/\/semmelweis.hu\/boe\/files\/2014\/11\/organ-nakli02-768x516.jpg 768w, https:\/\/semmelweis.hu\/boe\/files\/2014\/11\/organ-nakli02-1024x687.jpg 1024w, https:\/\/semmelweis.hu\/boe\/files\/2014\/11\/organ-nakli02-447x300.jpg 447w\" sizes=\"auto, (max-width: 300px) 100vw, 300px\" \/><span style=\"text-align: justify;font-size: 1rem\">Ezek a t\u00e9mak\u00f6r\u00f6k nem szerepelnek az alapoktat\u00e1sban, \u00e9s val\u00f3j\u00e1ban a 18 \u00e9v feletti koroszt\u00e1lyra vonatkoznak, k\u00e9rdezhetn\u00e9 vajon mi\u00e9rt is akarunk el\u0151ad\u00e1sokat tartani k\u00f6z\u00e9piskol\u00e1soknak. C\u00e9lunk, hogy \u00faj ismeretekkel tudjuk b\u0151v\u00edteni a di\u00e1kok tud\u00e1s\u00e1t, \u00e9s megpr\u00f3b\u00e1ljunk egyfajta szeml\u00e9letet kialak\u00edtani benn\u00fck, amit azt\u00e1n csal\u00e1djuknak, bar\u00e1taiknak is \u00e1t tudnak adni \u00e9s 18. \u00e9let\u00e9v\u00fcket bet\u00f6ltve ezt maguk is hasznos\u00edtani. Az el\u0151ad\u00e1sokban \u00e1ltal\u00e1noss\u00e1gban a k\u00f6vetkez\u0151 pontokra igyeksz\u00fcnk hangs\u00falyt helyezni: \u00c9retts\u00e9gire is hasznos tud\u00e1s \u00e1tad\u00e1sa (pl. Rh-\u00f6sszef\u00e9rhetetlens\u00e9g, v\u00e9rcsoportok) Figyelemfelkelt\u0151 \u00e9rdekess\u00e9gek, melyekkel saj\u00e1t eg\u00e9szs\u00e9gtudatukat alak\u00edthatj\u00e1k A gimnazist\u00e1k, k\u00f6z\u00e9piskol\u00e1sok \u00e9let\u00e9ben el\u0151fordul\u00f3, sz\u00e1mukra is fontos t\u00e9m\u00e1k (pl. plazmaad\u00e1s) Mindezt j\u00e1t\u00e9kos form\u00e1ban (pl Kahoot teszttel telefonon), interakt\u00edv m\u00f3don, \u00e9letkorunkn\u00e1l fogva egy bar\u00e1ti l\u00e9gk\u00f6rt kialak\u00edtva Tov\u00e1bb\u00e1 \u00f3ra v\u00e9g\u00e9n lehet\u0151s\u00e9get biztos\u00edtunk k\u00e9rd\u00e9sek feltev\u00e9s\u00e9re, nem csak az anyaggal, hanem az orvosi egyetemmel, szervezet\u00fcnkkel \u00e9s a tanulm\u00e1nyokkal kapcsolatban is. Mindkett\u0151 t\u00e9mak\u00f6rt k\u00f6z\u00e9piskol\u00e1soknak aj\u00e1nljuk.<\/span><\/p>\n<h2 style=\"text-align: justify\"><span style=\"color: #800000\"><br \/>\nAz al\u00e1bbi \u00f3r\u00e1k k\u00f6z\u00fcl lehet v\u00e1lasztani:<\/span><\/h2>\n<ul>\n<li style=\"text-align: justify\"><strong><span style=\"font-size: 18pt\">V\u00e9rad\u00e1s<\/span><\/strong><br \/>\nNem lehet kell\u0151k\u00e9ppen hangs\u00falyozni az \u00f6nk\u00e9ntes v\u00e9rad\u00e1s fontoss\u00e1g\u00e1t, azt, hogy h\u00e1ny emberi \u00e9let menthet\u0151 \u00edgy meg. Ebben az el\u0151ad\u00e1sban a v\u00e9rad\u00e1st j\u00e1rjuk k\u00f6rbe, besz\u00e9l\u00fcnk az alapjair\u00f3l, a folyamat\u00e1r\u00f3l, felt\u00e9teleir\u0151l. Emellett sz\u00f3t ejt\u00fcnk a manaps\u00e1g egyre n\u00e9pszer\u0171bb plazmaad\u00e1sr\u00f3l, valamint a biol\u00f3gia \u00e9retts\u00e9gin el\u0151fordul\u00f3 v\u00e9rhez kapcsol\u00f3d\u00f3 tudnival\u00f3kat is \u00e1tbesz\u00e9lj\u00fck.<\/li>\n<\/ul>\n<p>&nbsp;<\/p>\n<ul>\n<li style=\"text-align: justify\"><strong><span style=\"font-size: 18pt\">Transzplant\u00e1ci\u00f3<\/span><\/strong><br \/>\nebben a t\u00e9mak\u00f6rben el\u0151ker\u00fclnek a jogi h\u00e1tterek, az agyhal\u00e1l fogalma, hogy zajlik egy transzplant\u00e1ci\u00f3 \u00e9s az, hogy milyen szerveket lehet transzplant\u00e1lni \u2013 p\u00e1r, az adott szervhez k\u00f6t\u0151d\u0151 hozz\u00e1f\u0171z\u00e9ssel. Ugyanakkor alkalmas ez az el\u0151ad\u00e1s a sz\u00f3ba j\u00f6v\u0151 szervek \u00e1tbesz\u00e9l\u00e9s\u00e9re, seg\u00edts\u00e9gk\u00e9ppen az \u00e9retts\u00e9gihez. Le\u00edr\u00e1s alapj\u00e1n el\u00e9g sz\u00e1raznak t\u0171nhet ez a t\u00e9ma, de val\u00f3j\u00e1ban tele van izgalmas inform\u00e1ci\u00f3kkal \u00e9s a di\u00e1kok nagyon szokt\u00e1k \u00e9lvezni.<\/li>\n<\/ul>\n<p>&nbsp;<\/p>\n<div>\n<p>Amennyiben szeretne t\u0151l\u00fcnk el\u0151ad\u00e1st k\u00e9rni, k\u00e9rj\u00fck \u00edrjon egy e-mailt az\u00a0<a href=\"mailto:orafelkeres.boe@gmail.com\">transzplantkoord.boe@gmail.com<\/a>\u00a0e-mail c\u00edmre. Ezut\u00e1n felvessz\u00fck \u00d6nnel a kapcsolatot.<\/p>\n<\/div>\n<div>\n<p>B\u00e1rmilyen k\u00e9rd\u00e9s, k\u00e9r\u00e9s eset\u00e9n forduljanak hozz\u00e1nk bizalommal!<\/p>\n<\/div>\n<div>\n<p><em><span style=\"font-size: 24px\"><b>H\u00f3di Barnab\u00e1s<\/b><\/span><br \/>\n<\/em><em>V\u00e9rad\u00e1s \u00e9s Szervtranszplant\u00e1ci\u00f3s felel\u0151s<br \/>\n<\/em><a href=\"mailto:transzplant.boe@gmail.com\">transzplantkoord.boe@gmail.com<\/a><\/p>\n<p>&nbsp;<\/p>\n<\/div>\n","protected":false},"excerpt":{"rendered":"<p>\u00a0 Ezek a t\u00e9mak\u00f6r\u00f6k nem szerepelnek az alapoktat\u00e1sban, \u00e9s val\u00f3j\u00e1ban a 18 \u00e9v feletti koroszt\u00e1lyra vonatkoznak, k\u00e9rdezhetn\u00e9 vajon mi\u00e9rt is akarunk el\u0151ad\u00e1sokat tartani k\u00f6z\u00e9piskol\u00e1soknak. C\u00e9lunk, hogy \u00faj ismeretekkel tudjuk b\u0151v\u00edteni a di\u00e1kok tud\u00e1s\u00e1t, \u00e9s megpr\u00f3b\u00e1ljunk egyfajta szeml\u00e9letet kialak\u00edtani benn\u00fck, amit azt\u00e1n csal\u00e1djuknak, bar\u00e1taiknak is \u00e1t tudnak adni \u00e9s 18. \u00e9let\u00e9v\u00fcket bet\u00f6ltve ezt maguk is hasznos\u00edtani. &hellip;<\/p>\n","protected":false},"author":338,"featured_media":0,"parent":38,"menu_order":4,"comment_status":"closed","ping_status":"closed","template":"","meta":{"_acf_changed":false,"footnotes":""},"categories":[],"tags":[],"class_list":["post-1339","page","type-page","status-publish","hentry"],"acf":[],"_links":{"self":[{"href":"https:\/\/semmelweis.hu\/boe\/wp-json\/wp\/v2\/pages\/1339","targetHints":{"allow":["GET"]}}],"collection":[{"href":"https:\/\/semmelweis.hu\/boe\/wp-json\/wp\/v2\/pages"}],"about":[{"href":"https:\/\/semmelweis.hu\/boe\/wp-json\/wp\/v2\/types\/page"}],"author":[{"embeddable":true,"href":"https:\/\/semmelweis.hu\/boe\/wp-json\/wp\/v2\/users\/338"}],"replies":[{"embeddable":true,"href":"https:\/\/semmelweis.hu\/boe\/wp-json\/wp\/v2\/comments?post=1339"}],"version-history":[{"count":12,"href":"https:\/\/semmelweis.hu\/boe\/wp-json\/wp\/v2\/pages\/1339\/revisions"}],"predecessor-version":[{"id":8777,"href":"https:\/\/semmelweis.hu\/boe\/wp-json\/wp\/v2\/pages\/1339\/revisions\/8777"}],"up":[{"embeddable":true,"href":"https:\/\/semmelweis.hu\/boe\/wp-json\/wp\/v2\/pages\/38"}],"wp:attachment":[{"href":"https:\/\/semmelweis.hu\/boe\/wp-json\/wp\/v2\/media?parent=1339"}],"wp:term":[{"taxonomy":"category","embeddable":true,"href":"https:\/\/semmelweis.hu\/boe\/wp-json\/wp\/v2\/categories?post=1339"},{"taxonomy":"post_tag","embeddable":true,"href":"https:\/\/semmelweis.hu\/boe\/wp-json\/wp\/v2\/tags?post=1339"}],"curies":[{"name":"wp","href":"https:\/\/api.w.org\/{rel}","templated":true}]}}