{"id":1289,"date":"2014-11-12T09:43:46","date_gmt":"2014-11-12T08:43:46","guid":{"rendered":"http:\/\/semmelweis.hu\/boe\/?page_id=1289"},"modified":"2022-04-19T10:59:18","modified_gmt":"2022-04-19T08:59:18","slug":"szakmai-partnereink","status":"publish","type":"page","link":"https:\/\/semmelweis.hu\/boe\/tamogatas\/szakmai-partnereink\/","title":{"rendered":"Szakmai partnereink"},"content":{"rendered":"<h3 style=\"text-align: center\">\u00a0<\/h3>\n<h1>Szakmai Partnereink<br \/>\n\u200b<\/h1>\n<table class=\"aligncenter\" style=\"width: 100%;border-collapse: collapse;background-color: #ffffff;height: 2003px\" border=\"1\">\n<tbody>\n<tr style=\"height: 348px\">\n<td style=\"width: 50%;height: 348px\">\n<h3 style=\"text-align: center\"><a href=\"http:\/\/www.lions.hu\/\">Central Lions Club<\/a><\/h3>\n<\/td>\n<td style=\"width: 50%;height: 348px\"><a href=\"https:\/\/semmelweis.hu\/boe\/files\/2019\/01\/Central_lions_club_logo.png\"><img loading=\"lazy\" decoding=\"async\" class=\"aligncenter size-full wp-image-5929\" src=\"https:\/\/semmelweis.hu\/boe\/files\/2019\/01\/Central_lions_club_logo.png\" alt=\"\" width=\"360\" height=\"217\" \/><\/a><\/td>\n<\/tr>\n<tr style=\"height: 241px\">\n<td style=\"width: 50%;height: 241px\">\n<h3 style=\"text-align: center\"><a href=\"http:\/\/www.szivsn.hu\/\">Orsz\u00e1gos Betegegyes\u00fclet<\/a><\/h3>\n<\/td>\n<td style=\"width: 50%;height: 241px\"><img loading=\"lazy\" decoding=\"async\" class=\"wp-image-1476 aligncenter\" src=\"https:\/\/semmelweis.hu\/boe\/files\/2014\/11\/szivsn_logo_1-300x190.jpg\" alt=\"37637700s00z00i00v00s00n00_00l00o00g00o\" width=\"360\" height=\"190\" \/><\/td>\n<\/tr>\n<tr style=\"height: 146px\">\n<td style=\"width: 50%;height: 146px\">\n<p>&nbsp;<\/p>\n<h3 style=\"text-align: center\"><a href=\"http:\/\/vszek.semmelweis.hu\/\">V\u00e1rosmajori Sz\u00edv- \u00e9s \u00c9rgy\u00f3gy\u00e1szati Klinika<\/a> \u00a0 \u00a0<\/h3>\n<\/td>\n<td style=\"width: 50%;height: 146px\"><a href=\"https:\/\/semmelweis.hu\/boe\/files\/2014\/11\/vszek_logo_landscape_hu.jpg\"><img loading=\"lazy\" decoding=\"async\" class=\"size-medium wp-image-1496 aligncenter\" src=\"https:\/\/semmelweis.hu\/boe\/files\/2014\/11\/vszek_logo_landscape_hu-300x111.jpg\" alt=\"http:\/\/vszek.semmelweis.hu\/\" width=\"360\" height=\"111\" \/><\/a><\/td>\n<\/tr>\n<tr style=\"height: 90px\">\n<td style=\"width: 50%;height: 90px\">\n<h3 style=\"text-align: center\"><a href=\"http:\/\/www.sexualmedicine.hu\">Magyar Szexu\u00e1lis Medicina T\u00e1rsas\u00e1g<\/a><\/h3>\n<\/td>\n<td style=\"width: 50%;height: 90px\"><a href=\"https:\/\/semmelweis.hu\/boe\/files\/2014\/11\/mszmt.jpg\"><img loading=\"lazy\" decoding=\"async\" class=\"wp-image-1563 aligncenter\" src=\"https:\/\/semmelweis.hu\/boe\/files\/2014\/11\/mszmt-300x64.jpg\" alt=\"mszmt\" width=\"360\" height=\"64\" \/><\/a><\/td>\n<\/tr>\n<tr style=\"height: 148px\">\n<td style=\"width: 50%;height: 148px\">\n<h3 style=\"text-align: center\"><a href=\"http:\/\/www.sznptt.hu\/\">Sz\u00fcl\u00e9szeti N\u0151gy\u00f3gy\u00e1szati Prevenci\u00f3s Tudom\u00e1nyos T\u00e1rsas\u00e1g<\/a>\u00a0<\/h3>\n<\/td>\n<td style=\"width: 50%;height: 148px\"><a href=\"https:\/\/semmelweis.hu\/boe\/files\/2014\/11\/sznptt.jpg\"><img loading=\"lazy\" decoding=\"async\" class=\"wp-image-1562 aligncenter\" src=\"https:\/\/semmelweis.hu\/boe\/files\/2014\/11\/sznptt.jpg\" alt=\"sznptt\" width=\"360\" height=\"113\" \/><\/a><\/td>\n<\/tr>\n<tr style=\"height: 362px\">\n<td style=\"width: 50%;height: 362px\">\n<h3 style=\"text-align: center\"><a href=\"http:\/\/www.mkardio.hu\">Magyar Kardiol\u00f3gusok T\u00e1rsas\u00e1ga<\/a><\/h3>\n<p>&nbsp;<\/p>\n<\/td>\n<td style=\"width: 50%;height: 362px\"><img loading=\"lazy\" decoding=\"async\" class=\"size-medium wp-image-2520 aligncenter\" src=\"https:\/\/semmelweis.hu\/boe\/files\/2014\/11\/Screenshot-2015-10-18-09.18.32-300x291.png\" alt=\"Screenshot 2015-10-18 09.18.32\" width=\"360\" height=\"291\" \/><\/td>\n<\/tr>\n<tr style=\"height: 365px\">\n<td style=\"width: 50%;height: 365px\">\n<h3 style=\"text-align: center\">\u00a0\u00a0<a href=\"http:\/\/www.msotke.hu\">MSOKTE<\/a><\/h3>\n<\/td>\n<td style=\"width: 50%;height: 365px\"><img loading=\"lazy\" decoding=\"async\" class=\"size-medium wp-image-2521 aligncenter\" src=\"https:\/\/semmelweis.hu\/boe\/files\/2014\/11\/MSOTKE-LOGO-C-cymk-300x293.jpg\" alt=\"MSOTKE LOGO C-cymk\" width=\"360\" height=\"293\" \/><\/td>\n<\/tr>\n<tr style=\"height: 248px\">\n<td style=\"width: 50%;height: 248px\">\n<h3 style=\"text-align: center\"><a href=\"https:\/\/tavoktatas2020.hu\/\">Oktondi &#8211; Egyetemist\u00e1k az online k\u00f6zoktat\u00e1s\u00e9rt<\/a><\/h3>\n<\/td>\n<td style=\"width: 50%;height: 248px\"><img loading=\"lazy\" decoding=\"async\" class=\"aligncenter wp-image-6940 \" src=\"https:\/\/semmelweis.hu\/boe\/files\/2020\/12\/oktondi-logo-300x300.png\" alt=\"\" width=\"287\" height=\"287\" srcset=\"https:\/\/semmelweis.hu\/boe\/files\/2020\/12\/oktondi-logo-300x300.png 300w, https:\/\/semmelweis.hu\/boe\/files\/2020\/12\/oktondi-logo-1024x1024.png 1024w, https:\/\/semmelweis.hu\/boe\/files\/2020\/12\/oktondi-logo-150x150.png 150w, https:\/\/semmelweis.hu\/boe\/files\/2020\/12\/oktondi-logo-768x768.png 768w, https:\/\/semmelweis.hu\/boe\/files\/2020\/12\/oktondi-logo-753x753.png 753w, https:\/\/semmelweis.hu\/boe\/files\/2020\/12\/oktondi-logo.png 1080w\" sizes=\"auto, (max-width: 287px) 100vw, 287px\" \/><\/td>\n<\/tr>\n<tr>\n<td style=\"width: 50%\">\n<h3 style=\"text-align: center\"><a href=\"https:\/\/munch.hu\/\">Munch.hu<\/a><\/h3>\n<\/td>\n<td style=\"width: 50%\">\n<p><img loading=\"lazy\" decoding=\"async\" class=\"wp-image-6938 aligncenter\" src=\"https:\/\/semmelweis.hu\/boe\/files\/2020\/12\/let\u00f6lt\u00e9s-9.png\" alt=\"\" width=\"282\" height=\"71\" srcset=\"https:\/\/semmelweis.hu\/boe\/files\/2020\/12\/let\u00f6lt\u00e9s-9.png 446w, https:\/\/semmelweis.hu\/boe\/files\/2020\/12\/let\u00f6lt\u00e9s-9-300x76.png 300w\" sizes=\"auto, (max-width: 282px) 100vw, 282px\" \/><\/p>\n<\/td>\n<\/tr>\n<tr>\n<td style=\"width: 50%\">\n<h3 style=\"text-align: center\"><a href=\"https:\/\/memt.hu\/\">Magyar Eg\u00e9szs\u00e9g\u00fcgyi Menedzsment T\u00e1rsas\u00e1g<\/a><\/h3>\n<\/td>\n<td style=\"width: 50%\">\n<p><img loading=\"lazy\" decoding=\"async\" class=\" wp-image-7343 aligncenter\" src=\"https:\/\/semmelweis.hu\/boe\/files\/2022\/04\/memt-logo-300x109.png\" alt=\"\" width=\"355\" height=\"129\" srcset=\"https:\/\/semmelweis.hu\/boe\/files\/2022\/04\/memt-logo-300x109.png 300w, https:\/\/semmelweis.hu\/boe\/files\/2022\/04\/memt-logo-1024x372.png 1024w, https:\/\/semmelweis.hu\/boe\/files\/2022\/04\/memt-logo-768x279.png 768w, https:\/\/semmelweis.hu\/boe\/files\/2022\/04\/memt-logo-1536x559.png 1536w, https:\/\/semmelweis.hu\/boe\/files\/2022\/04\/memt-logo-753x274.png 753w, https:\/\/semmelweis.hu\/boe\/files\/2022\/04\/memt-logo.png 1864w\" sizes=\"auto, (max-width: 355px) 100vw, 355px\" \/><\/p>\n<\/td>\n<\/tr>\n<\/tbody>\n<\/table>\n<h3 style=\"text-align: center\">\u00a0<\/h3>\n<h3 style=\"text-align: center\">\u00a0<\/h3>\n<p>&nbsp;<\/p>\n<p>&nbsp;<\/p>\n<p>&nbsp;<\/p>\n<p>&nbsp;<\/p>\n","protected":false},"excerpt":{"rendered":"<p>\u00a0<br \/>\nSzakmai Partnereink<br \/>\n\u200b<\/p>\n<p><a href=\"http:\/\/www.lions.hu\/\">Central Lions Club<\/a><\/p>\n<p><a href=\"https:\/\/semmelweis.hu\/boe\/files\/2019\/01\/Central_lions_club_logo.png\"><\/a><\/p>\n<p><a href=\"http:\/\/www.szivsn.hu\/\">Orsz\u00e1gos Betegegyes\u00fclet<\/a><\/p>\n<p>&nbsp;<br \/>\n<a href=\"http:\/\/vszek.semmelweis.hu\/\">V\u00e1rosmajori Sz\u00edv- \u00e9s \u00c9rgy\u00f3gy\u00e1szati Klinika<\/a> \u00a0 \u00a0<\/p>\n<p><a href=\"https:\/\/semmelweis.hu\/boe\/files\/2014\/11\/vszek_logo_landscape_hu.jpg\"><\/a><\/p>\n<p><a href=\"http:\/\/www.sexualmedicine.hu\">Magyar Szexu\u00e1lis Medicina T\u00e1rsas\u00e1g<\/a><\/p>\n<p><a href=\"https:\/\/semmelweis.hu\/boe\/files\/2014\/11\/mszmt.jpg\"><\/a><\/p>\n<p><a href=\"http:\/\/www.sznptt.hu\/\">Sz\u00fcl\u00e9szeti N\u0151gy\u00f3gy\u00e1szati Prevenci\u00f3s Tudom\u00e1nyos T\u00e1rsas\u00e1g<\/a>\u00a0<\/p>\n<p><a href=\"https:\/\/semmelweis.hu\/boe\/files\/2014\/11\/sznptt.jpg\"><\/a><\/p>\n<p><a href=\"http:\/\/www.mkardio.hu\">Magyar Kardiol\u00f3gusok T\u00e1rsas\u00e1ga<\/a><br \/>\n&nbsp;<\/p>\n<p>\u00a0\u00a0<a href=\"http:\/\/www.msotke.hu\">MSOKTE<\/a><\/p>\n<p><a href=\"https:\/\/tavoktatas2020.hu\/\">Oktondi &#8211; Egyetemist\u00e1k az online k\u00f6zoktat\u00e1s\u00e9rt<\/a><\/p>\n<p><a href=\"https:\/\/munch.hu\/\">Munch.hu<\/a><\/p>\n<p><a href=\"https:\/\/memt.hu\/\">Magyar Eg\u00e9szs\u00e9g\u00fcgyi Menedzsment T\u00e1rsas\u00e1g<\/a><\/p>\n<p>\u00a0<br \/>\n\u00a0<br \/>\n&nbsp;<br \/>\n&nbsp;<br \/>\n&nbsp;<br \/>\n&nbsp;<\/p>\n","protected":false},"author":338,"featured_media":0,"parent":6923,"menu_order":1,"comment_status":"closed","ping_status":"closed","template":"","meta":{"_acf_changed":false,"footnotes":""},"categories":[],"tags":[],"class_list":["post-1289","page","type-page","status-publish","hentry"],"acf":[],"_links":{"self":[{"href":"https:\/\/semmelweis.hu\/boe\/wp-json\/wp\/v2\/pages\/1289","targetHints":{"allow":["GET"]}}],"collection":[{"href":"https:\/\/semmelweis.hu\/boe\/wp-json\/wp\/v2\/pages"}],"about":[{"href":"https:\/\/semmelweis.hu\/boe\/wp-json\/wp\/v2\/types\/page"}],"author":[{"embeddable":true,"href":"https:\/\/semmelweis.hu\/boe\/wp-json\/wp\/v2\/users\/338"}],"replies":[{"embeddable":true,"href":"https:\/\/semmelweis.hu\/boe\/wp-json\/wp\/v2\/comments?post=1289"}],"version-history":[{"count":12,"href":"https:\/\/semmelweis.hu\/boe\/wp-json\/wp\/v2\/pages\/1289\/revisions"}],"predecessor-version":[{"id":7344,"href":"https:\/\/semmelweis.hu\/boe\/wp-json\/wp\/v2\/pages\/1289\/revisions\/7344"}],"up":[{"embeddable":true,"href":"https:\/\/semmelweis.hu\/boe\/wp-json\/wp\/v2\/pages\/6923"}],"wp:attachment":[{"href":"https:\/\/semmelweis.hu\/boe\/wp-json\/wp\/v2\/media?parent=1289"}],"wp:term":[{"taxonomy":"category","embeddable":true,"href":"https:\/\/semmelweis.hu\/boe\/wp-json\/wp\/v2\/categories?post=1289"},{"taxonomy":"post_tag","embeddable":true,"href":"https:\/\/semmelweis.hu\/boe\/wp-json\/wp\/v2\/tags?post=1289"}],"curies":[{"name":"wp","href":"https:\/\/api.w.org\/{rel}","templated":true}]}}