{"id":1283,"date":"2014-11-12T09:34:52","date_gmt":"2014-11-12T08:34:52","guid":{"rendered":"http:\/\/semmelweis.hu\/boe\/?page_id=1283"},"modified":"2021-01-17T19:01:12","modified_gmt":"2021-01-17T18:01:12","slug":"emsa-twinning","status":"publish","type":"page","link":"https:\/\/semmelweis.hu\/boe\/tagoknak\/emsa-twinning\/","title":{"rendered":"EMSA\/Twinning"},"content":{"rendered":"<p style=\"text-align: justify\">A Twinning Project (r\u00f6vid\u00edtve TP) az EMSA egyik f\u0151 projektje, melynek c\u00e9lja, hogy az eur\u00f3pai orvostanhallgat\u00f3k k\u00f6z\u00f6tt kapcsolatot teremtsen, illetve hogy megismerhess\u00e9k egym\u00e1s kult\u00far\u00e1j\u00e1t \u00e9s \u00e9letm\u00f3dj\u00e1t.<\/p>\n<p style=\"text-align: justify\">A TP-k sor\u00e1n k\u00e9t v\u00e1ros &#8211; pontosabban k\u00e9t egyetemi szervezet &#8211; id\u0151szakos partneri kapcsolatot alak\u00edt ki. Mindk\u00e9t v\u00e1rosban nagyj\u00e1b\u00f3l 7-7 napot t\u00f6ltenek a r\u00e9sztvev\u0151k, \u00edgy a projekt id\u0151tartama \u00edgy k\u00e9t h\u00e9t.<\/p>\n<p style=\"text-align: justify\">A twinning sor\u00e1n minden r\u00e9sztvev\u0151nek van egy k\u00fclf\u00f6ldi egyetemi hallgat\u00f3 p\u00e1rja, akivel k\u00f6z\u00f6sen vesznek r\u00e9szt a szakmai \u00e9s k\u00f6z\u00f6ss\u00e9gi programokon, tov\u00e1bb\u00e1 gondoskodnak egym\u00e1sr\u00f3l. Ha p\u00e9ld\u00e1ul r\u00e9sztvev\u0151 vagy akkor te \u00e1llod:<\/p>\n<ul style=\"text-align: justify\">\n<li>az utaz\u00e1sodat az adott v\u00e1rosba<\/li>\n<li>napi k\u00e9tszeri \u00e9tkez\u00e9sen fel\u00fcl az \u00e9tkez\u00e9sedet az adott v\u00e1rosban<\/li>\n<li>a twined helyi k\u00f6zleked\u00e9s\u00e9t Budapesten<\/li>\n<li>a twined napi egyszeri meleg \u00e9s egyszeri hideg (reggeli\/vacsora) \u00e9tkez\u00e9s\u00e9t Budapesten<\/li>\n<li>a twined elsz\u00e1ll\u00e1sol\u00e1s\u00e1t Budapesten<\/li>\n<li>a twined k\u00f6z\u00f6ss\u00e9gi programj\u00e1t (pl. v\u00e1rosn\u00e9z\u00e9sn\u00e9l bel\u00e9p\u0151k) Budapesten<\/li>\n<\/ul>\n<p style=\"text-align: justify\">Ez\u00e1ltal biztos\u00edtjuk azt, hogy mindenki a saj\u00e1t p\u00e9nzt\u00e1rc\u00e1j\u00e1nak megfelel\u0151en k\u00f6lthessen \u00e9s sp\u00f3rolhasson.<\/p>\n","protected":false},"excerpt":{"rendered":"<p>A Twinning Project (r\u00f6vid\u00edtve TP) az EMSA egyik f\u0151 projektje, melynek c\u00e9lja, hogy az eur\u00f3pai orvostanhallgat\u00f3k k\u00f6z\u00f6tt kapcsolatot teremtsen, illetve hogy megismerhess\u00e9k egym\u00e1s kult\u00far\u00e1j\u00e1t \u00e9s \u00e9letm\u00f3dj\u00e1t. A TP-k sor\u00e1n k\u00e9t v\u00e1ros &#8211; pontosabban k\u00e9t egyetemi szervezet &#8211; id\u0151szakos partneri kapcsolatot alak\u00edt ki. Mindk\u00e9t v\u00e1rosban nagyj\u00e1b\u00f3l 7-7 napot t\u00f6ltenek a r\u00e9sztvev\u0151k, \u00edgy a projekt id\u0151tartama \u00edgy &hellip;<\/p>\n","protected":false},"author":338,"featured_media":0,"parent":73,"menu_order":6,"comment_status":"closed","ping_status":"closed","template":"","meta":{"_acf_changed":false,"footnotes":""},"categories":[],"tags":[],"class_list":["post-1283","page","type-page","status-publish","hentry"],"acf":[],"_links":{"self":[{"href":"https:\/\/semmelweis.hu\/boe\/wp-json\/wp\/v2\/pages\/1283","targetHints":{"allow":["GET"]}}],"collection":[{"href":"https:\/\/semmelweis.hu\/boe\/wp-json\/wp\/v2\/pages"}],"about":[{"href":"https:\/\/semmelweis.hu\/boe\/wp-json\/wp\/v2\/types\/page"}],"author":[{"embeddable":true,"href":"https:\/\/semmelweis.hu\/boe\/wp-json\/wp\/v2\/users\/338"}],"replies":[{"embeddable":true,"href":"https:\/\/semmelweis.hu\/boe\/wp-json\/wp\/v2\/comments?post=1283"}],"version-history":[{"count":10,"href":"https:\/\/semmelweis.hu\/boe\/wp-json\/wp\/v2\/pages\/1283\/revisions"}],"predecessor-version":[{"id":6979,"href":"https:\/\/semmelweis.hu\/boe\/wp-json\/wp\/v2\/pages\/1283\/revisions\/6979"}],"up":[{"embeddable":true,"href":"https:\/\/semmelweis.hu\/boe\/wp-json\/wp\/v2\/pages\/73"}],"wp:attachment":[{"href":"https:\/\/semmelweis.hu\/boe\/wp-json\/wp\/v2\/media?parent=1283"}],"wp:term":[{"taxonomy":"category","embeddable":true,"href":"https:\/\/semmelweis.hu\/boe\/wp-json\/wp\/v2\/categories?post=1283"},{"taxonomy":"post_tag","embeddable":true,"href":"https:\/\/semmelweis.hu\/boe\/wp-json\/wp\/v2\/tags?post=1283"}],"curies":[{"name":"wp","href":"https:\/\/api.w.org\/{rel}","templated":true}]}}