{"id":104,"date":"2013-03-07T00:31:47","date_gmt":"2013-03-06T23:31:47","guid":{"rendered":"http:\/\/semmelweis-egyetem.hu\/boe\/?page_id=104"},"modified":"2026-02-27T14:45:53","modified_gmt":"2026-02-27T13:45:53","slug":"1-2","status":"publish","type":"page","link":"https:\/\/semmelweis.hu\/boe\/rolunk\/1-2\/","title":{"rendered":"1%"},"content":{"rendered":"<p>K\u00e9rj\u00fck t\u00e1mogassa ad\u00f3ja 1%-\u00e1val a Budapesti Orvostanhallgat\u00f3k Egyes\u00fclet\u00e9t!<\/p>\n<p>Ad\u00f3sz\u00e1m: 18192823-1-42<\/p>\n<p><img loading=\"lazy\" decoding=\"async\" class=\" wp-image-8816 aligncenter\" src=\"https:\/\/semmelweis.hu\/boe\/files\/2026\/02\/584523946_1276103064556977_5824358334155369701_n-300x111.png\" alt=\"\" width=\"827\" height=\"306\" srcset=\"https:\/\/semmelweis.hu\/boe\/files\/2026\/02\/584523946_1276103064556977_5824358334155369701_n-300x111.png 300w, https:\/\/semmelweis.hu\/boe\/files\/2026\/02\/584523946_1276103064556977_5824358334155369701_n-1024x379.png 1024w, https:\/\/semmelweis.hu\/boe\/files\/2026\/02\/584523946_1276103064556977_5824358334155369701_n-768x284.png 768w, https:\/\/semmelweis.hu\/boe\/files\/2026\/02\/584523946_1276103064556977_5824358334155369701_n-1536x568.png 1536w, https:\/\/semmelweis.hu\/boe\/files\/2026\/02\/584523946_1276103064556977_5824358334155369701_n-2048x758.png 2048w, https:\/\/semmelweis.hu\/boe\/files\/2026\/02\/584523946_1276103064556977_5824358334155369701_n-753x279.png 753w\" sizes=\"auto, (max-width: 827px) 100vw, 827px\" \/><\/p>\n","protected":false},"excerpt":{"rendered":"<p>K\u00e9rj\u00fck t\u00e1mogassa ad\u00f3ja 1%-\u00e1val a Budapesti Orvostanhallgat\u00f3k Egyes\u00fclet\u00e9t!<br \/>\nAd\u00f3sz\u00e1m: 18192823-1-42<\/p>\n","protected":false},"author":162,"featured_media":0,"parent":32,"menu_order":0,"comment_status":"open","ping_status":"open","template":"","meta":{"_acf_changed":false,"footnotes":""},"categories":[],"tags":[],"class_list":["post-104","page","type-page","status-publish","hentry"],"acf":[],"_links":{"self":[{"href":"https:\/\/semmelweis.hu\/boe\/wp-json\/wp\/v2\/pages\/104","targetHints":{"allow":["GET"]}}],"collection":[{"href":"https:\/\/semmelweis.hu\/boe\/wp-json\/wp\/v2\/pages"}],"about":[{"href":"https:\/\/semmelweis.hu\/boe\/wp-json\/wp\/v2\/types\/page"}],"author":[{"embeddable":true,"href":"https:\/\/semmelweis.hu\/boe\/wp-json\/wp\/v2\/users\/162"}],"replies":[{"embeddable":true,"href":"https:\/\/semmelweis.hu\/boe\/wp-json\/wp\/v2\/comments?post=104"}],"version-history":[{"count":7,"href":"https:\/\/semmelweis.hu\/boe\/wp-json\/wp\/v2\/pages\/104\/revisions"}],"predecessor-version":[{"id":8819,"href":"https:\/\/semmelweis.hu\/boe\/wp-json\/wp\/v2\/pages\/104\/revisions\/8819"}],"up":[{"embeddable":true,"href":"https:\/\/semmelweis.hu\/boe\/wp-json\/wp\/v2\/pages\/32"}],"wp:attachment":[{"href":"https:\/\/semmelweis.hu\/boe\/wp-json\/wp\/v2\/media?parent=104"}],"wp:term":[{"taxonomy":"category","embeddable":true,"href":"https:\/\/semmelweis.hu\/boe\/wp-json\/wp\/v2\/categories?post=104"},{"taxonomy":"post_tag","embeddable":true,"href":"https:\/\/semmelweis.hu\/boe\/wp-json\/wp\/v2\/tags?post=104"}],"curies":[{"name":"wp","href":"https:\/\/api.w.org\/{rel}","templated":true}]}}