{"id":9,"date":"2021-09-24T10:46:52","date_gmt":"2021-09-24T08:46:52","guid":{"rendered":"https:\/\/semmelweis.hu\/bmbi\/?page_id=9"},"modified":"2021-09-24T10:46:52","modified_gmt":"2021-09-24T08:46:52","slug":"elerhetoseg","status":"publish","type":"page","link":"https:\/\/semmelweis.hu\/bmbi\/elerhetoseg\/","title":{"rendered":"El\u00e9rhet\u0151s\u00e9g"},"content":{"rendered":"<p>C\u00edm: 1094 Budapest IX., T\u0171zolt\u00f3 utca 37-47<br \/><strong>Telefon:<\/strong>\u00a0+36-1-459 1500#60 010, +36-20-666 0010,<br \/><strong>telefax:<\/strong>\u00a0+36-1-267-0031<br \/><strong>Levelez\u00e9si c\u00edm:<\/strong>\u00a01428 Budapest Postafi\u00f3k 2<\/p>\n","protected":false},"excerpt":{"rendered":"<p>C\u00edm: 1094 Budapest IX., T\u0171zolt\u00f3 utca 37-47Telefon:\u00a0+36-1-459 1500#60 010, +36-20-666 0010,telefax:\u00a0+36-1-267-0031Levelez\u00e9si c\u00edm:\u00a01428 Budapest Postafi\u00f3k 2<\/p>\n","protected":false},"author":12,"featured_media":0,"parent":0,"menu_order":8,"comment_status":"closed","ping_status":"closed","template":"","meta":{"_acf_changed":false,"footnotes":""},"categories":[],"tags":[],"class_list":["post-9","page","type-page","status-publish","hentry"],"acf":[],"_links":{"self":[{"href":"https:\/\/semmelweis.hu\/bmbi\/wp-json\/wp\/v2\/pages\/9","targetHints":{"allow":["GET"]}}],"collection":[{"href":"https:\/\/semmelweis.hu\/bmbi\/wp-json\/wp\/v2\/pages"}],"about":[{"href":"https:\/\/semmelweis.hu\/bmbi\/wp-json\/wp\/v2\/types\/page"}],"author":[{"embeddable":true,"href":"https:\/\/semmelweis.hu\/bmbi\/wp-json\/wp\/v2\/users\/12"}],"replies":[{"embeddable":true,"href":"https:\/\/semmelweis.hu\/bmbi\/wp-json\/wp\/v2\/comments?post=9"}],"version-history":[{"count":1,"href":"https:\/\/semmelweis.hu\/bmbi\/wp-json\/wp\/v2\/pages\/9\/revisions"}],"predecessor-version":[{"id":10,"href":"https:\/\/semmelweis.hu\/bmbi\/wp-json\/wp\/v2\/pages\/9\/revisions\/10"}],"wp:attachment":[{"href":"https:\/\/semmelweis.hu\/bmbi\/wp-json\/wp\/v2\/media?parent=9"}],"wp:term":[{"taxonomy":"category","embeddable":true,"href":"https:\/\/semmelweis.hu\/bmbi\/wp-json\/wp\/v2\/categories?post=9"},{"taxonomy":"post_tag","embeddable":true,"href":"https:\/\/semmelweis.hu\/bmbi\/wp-json\/wp\/v2\/tags?post=9"}],"curies":[{"name":"wp","href":"https:\/\/api.w.org\/{rel}","templated":true}]}}