{"id":63,"date":"2022-11-17T15:40:33","date_gmt":"2022-11-17T14:40:33","guid":{"rendered":"https:\/\/semmelweis.hu\/bmbi\/?page_id=63"},"modified":"2022-11-17T15:40:33","modified_gmt":"2022-11-17T14:40:33","slug":"mta-kivalo-kutatohely","status":"publish","type":"page","link":"https:\/\/semmelweis.hu\/bmbi\/mta-kivalo-kutatohely\/","title":{"rendered":"A Semmelweis Egyetem sz\u00e1mos egys\u00e9ge \u201eMTA Kiv\u00e1l\u00f3 Kutat\u00f3hely\u201d min\u0151s\u00edt\u00e9s\u0171"},"content":{"rendered":"<p style=\"text-align: justify\">A Magyar Tudom\u00e1nyos Akad\u00e9mia az \u201eMTA Kiv\u00e1l\u00f3 Kutat\u00f3hely\u201d min\u0151s\u00edt\u00e9ssel lehet\u0151s\u00e9get ad a magyar tudom\u00e1nyos \u00e9letben kiemelked\u0151en magas sz\u00ednvonal\u00fa tev\u00e9kenys\u00e9get folytat\u00f3 kutat\u00f3int\u00e9zetek, tov\u00e1bb\u00e1 egyetemek, illetve kutat\u00f3k\u00f6zpontok \u00f6n\u00e1ll\u00f3 ir\u00e1ny\u00edt\u00e1ssal rendelkez\u0151, t\u00f6bb kutat\u00f3csoportb\u00f3l \u00e1ll\u00f3 szervezeti egys\u00e9gei sz\u00e1m\u00e1ra magas sz\u00ednvonal\u00fa kutat\u00f3munk\u00e1juk elismer\u00e9s\u00e9re, egy\u00fattal tudom\u00e1nyos teljes\u00edtm\u00e9ny\u00fck nemzetk\u00f6zi m\u00e9rce szerinti megm\u00e9ret\u00e9s\u00e9re. Az MTA ezzel a min\u0151s\u00edt\u00e9ssel sz\u00e1nd\u00e9kozik el\u00e9rni, hogy ne csak az egyes kiemelked\u0151 kutat\u00f3k, hanem a kiv\u00e1l\u00f3 kutat\u00f3helyek, kutat\u00f3i k\u00f6z\u00f6ss\u00e9gek is nagyobb figyelmet kapjanak. Ugyanakkor p\u00e9ld\u00e1t \u00e1ll\u00edt azon kutat\u00f3helyek el\u00e9, amelyek magas sz\u00ednvonal\u00fa, eredm\u00e9nyes kutat\u00e1sok megval\u00f3s\u00edt\u00e1s\u00e1ra t\u00f6rekszenek. A min\u0151s\u00edt\u00e9st megszerz\u0151 kutat\u00f3helyek az MTA \u00e1ltal meghirdetett p\u00e1ly\u00e1zatok elb\u00edr\u00e1l\u00e1sa sor\u00e1n el\u0151nyben r\u00e9szes\u00fclnek. A <a href=\"https:\/\/mta.hu\/data\/dokumentumok\/egyeb_dokumentumok\/2022\/MTA_KKH_pdf_lista_netre_2.pdf\">Semmelweis Egyetem 13 szervezeti egys\u00e9ge rendelkezik<\/a> 2027. j\u00fanius 30-\u00e1ig \u00e9rv\u00e9nyes \u201eMTA Kiv\u00e1l\u00f3 Kutat\u00f3hely\u201d min\u0151s\u00edt\u00e9ssel.<\/p>\n","protected":false},"excerpt":{"rendered":"<p>A Magyar Tudom\u00e1nyos Akad\u00e9mia az \u201eMTA Kiv\u00e1l\u00f3 Kutat\u00f3hely\u201d min\u0151s\u00edt\u00e9ssel lehet\u0151s\u00e9get ad a magyar tudom\u00e1nyos \u00e9letben kiemelked\u0151en magas sz\u00ednvonal\u00fa tev\u00e9kenys\u00e9get folytat\u00f3 kutat\u00f3int\u00e9zetek, tov\u00e1bb\u00e1 egyetemek, illetve kutat\u00f3k\u00f6zpontok \u00f6n\u00e1ll\u00f3 ir\u00e1ny\u00edt\u00e1ssal rendelkez\u0151, t\u00f6bb kutat\u00f3csoportb\u00f3l \u00e1ll\u00f3 szervezeti egys\u00e9gei sz\u00e1m\u00e1ra magas sz\u00ednvonal\u00fa kutat\u00f3munk\u00e1juk elismer\u00e9s\u00e9re, egy\u00fattal tudom\u00e1nyos teljes\u00edtm\u00e9ny\u00fck nemzetk\u00f6zi m\u00e9rce szerinti megm\u00e9ret\u00e9s\u00e9re. Az MTA ezzel a min\u0151s\u00edt\u00e9ssel sz\u00e1nd\u00e9kozik el\u00e9rni, hogy ne csak &hellip;<\/p>\n","protected":false},"author":101604,"featured_media":0,"parent":0,"menu_order":0,"comment_status":"closed","ping_status":"closed","template":"","meta":{"_acf_changed":false,"footnotes":""},"categories":[],"tags":[],"class_list":["post-63","page","type-page","status-publish","hentry"],"acf":[],"_links":{"self":[{"href":"https:\/\/semmelweis.hu\/bmbi\/wp-json\/wp\/v2\/pages\/63","targetHints":{"allow":["GET"]}}],"collection":[{"href":"https:\/\/semmelweis.hu\/bmbi\/wp-json\/wp\/v2\/pages"}],"about":[{"href":"https:\/\/semmelweis.hu\/bmbi\/wp-json\/wp\/v2\/types\/page"}],"author":[{"embeddable":true,"href":"https:\/\/semmelweis.hu\/bmbi\/wp-json\/wp\/v2\/users\/101604"}],"replies":[{"embeddable":true,"href":"https:\/\/semmelweis.hu\/bmbi\/wp-json\/wp\/v2\/comments?post=63"}],"version-history":[{"count":1,"href":"https:\/\/semmelweis.hu\/bmbi\/wp-json\/wp\/v2\/pages\/63\/revisions"}],"predecessor-version":[{"id":64,"href":"https:\/\/semmelweis.hu\/bmbi\/wp-json\/wp\/v2\/pages\/63\/revisions\/64"}],"wp:attachment":[{"href":"https:\/\/semmelweis.hu\/bmbi\/wp-json\/wp\/v2\/media?parent=63"}],"wp:term":[{"taxonomy":"category","embeddable":true,"href":"https:\/\/semmelweis.hu\/bmbi\/wp-json\/wp\/v2\/categories?post=63"},{"taxonomy":"post_tag","embeddable":true,"href":"https:\/\/semmelweis.hu\/bmbi\/wp-json\/wp\/v2\/tags?post=63"}],"curies":[{"name":"wp","href":"https:\/\/api.w.org\/{rel}","templated":true}]}}