{"id":56,"date":"2022-02-21T16:33:11","date_gmt":"2022-02-21T15:33:11","guid":{"rendered":"https:\/\/semmelweis.hu\/bmbi\/?page_id=56"},"modified":"2026-02-02T15:01:15","modified_gmt":"2026-02-02T14:01:15","slug":"tanacs","status":"publish","type":"page","link":"https:\/\/semmelweis.hu\/bmbi\/a-biokemiai-es-molekularis-biologiai-intezet-bemutatasa\/tanacs\/","title":{"rendered":"Int\u00e9zeti Tan\u00e1cs"},"content":{"rendered":"<p><em>Biok\u00e9miai \u00e9s Molekul\u00e1ris Biol\u00f3giai Int\u00e9zet<\/em> Int\u00e9zeti Tan\u00e1cs\u00e1nak tagjai<\/p>\n<h4>\nTiszts\u00e9g\u00fck alapj\u00e1n<\/h4>\n<p>Dr. Csan\u00e1dy L\u00e1szl\u00f3, int\u00e9zetigazgat\u00f3 (eln\u00f6k) <br \/>\nDr. Csala Mikl\u00f3s, tansz\u00e9kvezet\u0151 <br \/>\nDr. Christos Chinopoulos, tanulm\u00e1nyi felel\u0151s <br \/>\nDr. Keszler Gergely, tanulm\u00e1nyi felel\u0151s <br \/>\nDr. Komorowicz Erzs\u00e9bet, tanulm\u00e1nyi felel\u0151s <br \/>\nMar\u00f3thyn\u00e9 Dr. T\u00f3th Erzs\u00e9bet, tanulm\u00e1nyi felel\u0151s <br \/>\nDr. R\u00f3nai Zsolt, tanulm\u00e1nyi felel\u0151s <br \/>\nDr. Sipeki Szabolcs, tanulm\u00e1nyi felel\u0151s <br \/>\nDr. T\u00f6r\u0151csik Be\u00e1ta, tanulm\u00e1nyi felel\u0151s<\/p>\n<h4>\nV\u00e1laszt\u00e1s alapj\u00e1n<\/h4>\n<p>Dr. Bak Judit, adjunktus <br \/>\nDr. Kardon Tam\u00e1s, egyetemi docens <br \/>\nDr. Kolev Kraszimir, egyetemi tan\u00e1r <br \/>\nDr. M\u00e9sz\u00e1ros Tam\u00e1s, egyetemi docens <br \/>\nDr. Sarnyai Farkas, tan\u00e1rseg\u00e9d<\/p>\n","protected":false},"excerpt":{"rendered":"<p>Biok\u00e9miai \u00e9s Molekul\u00e1ris Biol\u00f3giai Int\u00e9zet Int\u00e9zeti Tan\u00e1cs\u00e1nak tagjai Tiszts\u00e9g\u00fck alapj\u00e1n Dr. Csan\u00e1dy L\u00e1szl\u00f3, int\u00e9zetigazgat\u00f3 (eln\u00f6k) Dr. Csala Mikl\u00f3s, tansz\u00e9kvezet\u0151 Dr. Christos Chinopoulos, tanulm\u00e1nyi felel\u0151s Dr. Keszler Gergely, tanulm\u00e1nyi felel\u0151s Dr. Komorowicz Erzs\u00e9bet, tanulm\u00e1nyi felel\u0151s Mar\u00f3thyn\u00e9 Dr. T\u00f3th Erzs\u00e9bet, tanulm\u00e1nyi felel\u0151s Dr. R\u00f3nai Zsolt, tanulm\u00e1nyi felel\u0151s Dr. Sipeki Szabolcs, tanulm\u00e1nyi felel\u0151s Dr. T\u00f6r\u0151csik Be\u00e1ta, tanulm\u00e1nyi felel\u0151s &hellip;<\/p>\n","protected":false},"author":101604,"featured_media":0,"parent":4,"menu_order":1,"comment_status":"closed","ping_status":"closed","template":"","meta":{"_acf_changed":false,"footnotes":""},"categories":[],"tags":[],"class_list":["post-56","page","type-page","status-publish","hentry"],"acf":[],"_links":{"self":[{"href":"https:\/\/semmelweis.hu\/bmbi\/wp-json\/wp\/v2\/pages\/56","targetHints":{"allow":["GET"]}}],"collection":[{"href":"https:\/\/semmelweis.hu\/bmbi\/wp-json\/wp\/v2\/pages"}],"about":[{"href":"https:\/\/semmelweis.hu\/bmbi\/wp-json\/wp\/v2\/types\/page"}],"author":[{"embeddable":true,"href":"https:\/\/semmelweis.hu\/bmbi\/wp-json\/wp\/v2\/users\/101604"}],"replies":[{"embeddable":true,"href":"https:\/\/semmelweis.hu\/bmbi\/wp-json\/wp\/v2\/comments?post=56"}],"version-history":[{"count":4,"href":"https:\/\/semmelweis.hu\/bmbi\/wp-json\/wp\/v2\/pages\/56\/revisions"}],"predecessor-version":[{"id":82,"href":"https:\/\/semmelweis.hu\/bmbi\/wp-json\/wp\/v2\/pages\/56\/revisions\/82"}],"up":[{"embeddable":true,"href":"https:\/\/semmelweis.hu\/bmbi\/wp-json\/wp\/v2\/pages\/4"}],"wp:attachment":[{"href":"https:\/\/semmelweis.hu\/bmbi\/wp-json\/wp\/v2\/media?parent=56"}],"wp:term":[{"taxonomy":"category","embeddable":true,"href":"https:\/\/semmelweis.hu\/bmbi\/wp-json\/wp\/v2\/categories?post=56"},{"taxonomy":"post_tag","embeddable":true,"href":"https:\/\/semmelweis.hu\/bmbi\/wp-json\/wp\/v2\/tags?post=56"}],"curies":[{"name":"wp","href":"https:\/\/api.w.org\/{rel}","templated":true}]}}