{"id":4,"date":"2021-09-24T10:45:17","date_gmt":"2021-09-24T08:45:17","guid":{"rendered":"https:\/\/semmelweis.hu\/bmbi\/?page_id=4"},"modified":"2025-07-02T16:16:21","modified_gmt":"2025-07-02T14:16:21","slug":"a-biokemiai-es-molekularis-biologiai-intezet-bemutatasa","status":"publish","type":"page","link":"https:\/\/semmelweis.hu\/bmbi\/","title":{"rendered":"A Biok\u00e9miai \u00e9s Molekul\u00e1ris Biol\u00f3giai Int\u00e9zet bemutat\u00e1sa  |  \u00c1tjelentkez\u0151k figyelm\u00e9be"},"content":{"rendered":"<p style=\"text-align: justify\"><a href=\"https:\/\/semmelweis.hu\/bmbi\/files\/2021\/09\/RS137566_C19A6084-scr.jpg\"><img loading=\"lazy\" decoding=\"async\" class=\"alignleft  wp-image-20\" src=\"https:\/\/semmelweis.hu\/bmbi\/files\/2021\/09\/RS137566_C19A6084-scr-267x400.jpg\" alt=\"\" width=\"317\" height=\"474\" \/><\/a>Szakmai szempontb\u00f3l az int\u00e9zet el\u0151dj\u00e9nek az 1871-ben alap\u00edtott \u00c9let- \u00e9s K\u00f3rvegytani Int\u00e9zet tekinthet\u0151, amelyet 1945-ben Szent-Gy\u00f6rgyi Albert szervezett \u00fajj\u00e1 Biok\u00e9mia Int\u00e9zetk\u00e9nt, 1949 \u00e9s 2020 k\u00f6z\u00f6tt k\u00e9t k\u00fcl\u00f6n int\u00e9zetk\u00e9nt m\u0171k\u00f6d\u00f6tt tov\u00e1bb (Orvosi Vegytani Int\u00e9zet \u00e9s Orvosi Biok\u00e9miai Int\u00e9zet). Alap\u00edt\u00e1s\u00e1t a Semmelweis Egyetem Szen\u00e1tus\u00e1nak 65\/2020(V.05) sz. hat\u00e1rozata rendezi.<\/p>\n<p style=\"text-align: justify\">Az int\u00e9zet a Semmelweis Egyetem \u00c1ltal\u00e1nos Orvostudom\u00e1nyi Kar\u00e1hoz tartoz\u00f3 \u00f6n\u00e1ll\u00f3 keretgazd\u00e1lkod\u00e1si jogk\u00f6rrel rendelkez\u0151 szervezeti egys\u00e9g, amely oktat\u00e1si \u00e9s tudom\u00e1nyos kutat\u00e1si feladatokat v\u00e9gez. Vezet\u00e9s\u00e9t az Int\u00e9zeti Tan\u00e1ccsal egy\u00fcttm\u0171k\u00f6dve az int\u00e9zet igazgat\u00f3ja l\u00e1tja el az \u00c1OK d\u00e9k\u00e1nj\u00e1nak fel\u00fcgyelete alatt. Az int\u00e9zet k\u00e9t tansz\u00e9kre tagoz\u00f3dik (Biok\u00e9miai Tansz\u00e9k \u00e9s Molekul\u00e1ris Biol\u00f3giai Tansz\u00e9k), melyek az egys\u00e9ges szakmai ir\u00e1ny\u00edt\u00e1ssal m\u0171k\u00f6d\u0151 int\u00e9zeten bel\u00fcl \u00f6n\u00e1ll\u00f3 tudom\u00e1nyos kutat\u00e1si \u00e9s oktat\u00e1si tev\u00e9kenys\u00e9get v\u00e9geznek.<\/p>\n<p>Tov\u00e1bbi kellemes olvas\u00e1st k\u00edv\u00e1n, <br \/>\ndr. Csan\u00e1dy L\u00e1szl\u00f3 int\u00e9zetigazgat\u00f3<\/p>\n<p>&nbsp;<\/p>\n<h4><strong>\u00c1TJELENTKEZ\u0150K FIGYELM\u00c9BE<\/strong><\/h4>\n<p>K\u00e9rj\u00fck, hogy a magyar nyelv\u0171 Orvosi biok\u00e9mia I, Orvosi biok\u00e9mia II, Fogorvosi biok\u00e9mia I, Fogorvosi biok\u00e9mia II. t\u00e1rgyakra vonatkoz\u00f3an, illetve egy\u00e9b, \u00e1tjelentkez\u00e9ssel kapcsolatos \u00fcgyben a k\u00f6vetkez\u0151 c\u00edmre k\u00fcldjenek e-mailt: <a href=\"mailto:torocsik.beata@semmelweis.hu\">torocsik.beata@semmelweis.hu <\/a><\/p>\n<p>A hat\u00e1rid\u0151 (2025. j\u00falius 15.) ut\u00e1n be\u00e9rkezett k\u00e9r\u00e9seket 2025. augusztus 15. ut\u00e1n fogjuk elb\u00edr\u00e1lni. Tov\u00e1bbi r\u00e9szleteket az e-mailben csatoland\u00f3 anyagokr\u00f3l Semmelweis Egyetem honlapj\u00e1n tal\u00e1lnak a k\u00f6vetkez\u0151 linken: <a href=\"https:\/\/semmelweis.hu\/aok\/oktatas\/atvetellel-kapcsolatos-informaciok\/\">https:\/\/semmelweis.hu\/aok\/oktatas\/atvetellel-kapcsolatos-informaciok\/<\/a><\/p>\n<p>&nbsp;<\/p>\n","protected":false},"excerpt":{"rendered":"<p><a href=\"https:\/\/semmelweis.hu\/bmbi\/files\/2021\/09\/RS137566_C19A6084-scr.jpg\"><\/a> Szakmai szempontb\u00f3l az int\u00e9zet el\u0151dj\u00e9nek az 1871-ben alap\u00edtott \u00c9let- \u00e9s K\u00f3rvegytani Int\u00e9zet tekinthet\u0151, amelyet 1945-ben Szent-Gy\u00f6rgyi Albert szervezett \u00fajj\u00e1 Biok\u00e9mia Int\u00e9zetk\u00e9nt, 1949 \u00e9s 2020 k\u00f6z\u00f6tt k\u00e9t k\u00fcl\u00f6n int\u00e9zetk\u00e9nt m\u0171k\u00f6d\u00f6tt tov\u00e1bb (Orvosi Vegytani Int\u00e9zet \u00e9s Orvosi Biok\u00e9miai Int\u00e9zet). Alap\u00edt\u00e1s\u00e1t a Semmelweis Egyetem Szen\u00e1tus\u00e1nak 65\/2020(V.05) sz. hat\u00e1rozata rendezi. Az int\u00e9zet a Semmelweis Egyetem \u00c1ltal\u00e1nos Orvostudom\u00e1nyi Kar\u00e1hoz tartoz\u00f3 &hellip;<\/p>\n","protected":false},"author":12,"featured_media":0,"parent":0,"menu_order":0,"comment_status":"closed","ping_status":"closed","template":"","meta":{"_acf_changed":false,"footnotes":""},"categories":[],"tags":[],"class_list":["post-4","page","type-page","status-publish","hentry"],"acf":[],"_links":{"self":[{"href":"https:\/\/semmelweis.hu\/bmbi\/wp-json\/wp\/v2\/pages\/4","targetHints":{"allow":["GET"]}}],"collection":[{"href":"https:\/\/semmelweis.hu\/bmbi\/wp-json\/wp\/v2\/pages"}],"about":[{"href":"https:\/\/semmelweis.hu\/bmbi\/wp-json\/wp\/v2\/types\/page"}],"author":[{"embeddable":true,"href":"https:\/\/semmelweis.hu\/bmbi\/wp-json\/wp\/v2\/users\/12"}],"replies":[{"embeddable":true,"href":"https:\/\/semmelweis.hu\/bmbi\/wp-json\/wp\/v2\/comments?post=4"}],"version-history":[{"count":11,"href":"https:\/\/semmelweis.hu\/bmbi\/wp-json\/wp\/v2\/pages\/4\/revisions"}],"predecessor-version":[{"id":76,"href":"https:\/\/semmelweis.hu\/bmbi\/wp-json\/wp\/v2\/pages\/4\/revisions\/76"}],"wp:attachment":[{"href":"https:\/\/semmelweis.hu\/bmbi\/wp-json\/wp\/v2\/media?parent=4"}],"wp:term":[{"taxonomy":"category","embeddable":true,"href":"https:\/\/semmelweis.hu\/bmbi\/wp-json\/wp\/v2\/categories?post=4"},{"taxonomy":"post_tag","embeddable":true,"href":"https:\/\/semmelweis.hu\/bmbi\/wp-json\/wp\/v2\/tags?post=4"}],"curies":[{"name":"wp","href":"https:\/\/api.w.org\/{rel}","templated":true}]}}