{"id":38,"date":"2021-12-08T14:08:44","date_gmt":"2021-12-08T13:08:44","guid":{"rendered":"https:\/\/semmelweis.hu\/bmbi\/?page_id=38"},"modified":"2021-12-08T14:31:07","modified_gmt":"2021-12-08T13:31:07","slug":"szmr","status":"publish","type":"page","link":"https:\/\/semmelweis.hu\/bmbi\/a-biokemiai-es-molekularis-biologiai-intezet-bemutatasa\/szmr\/","title":{"rendered":"Szervezeti \u00fcgyrend"},"content":{"rendered":"<h4>SZERVEZETI \u00dcGYREND<\/h4>\n<p><a href=\"https:\/\/semmelweis.hu\/bmbi\/files\/2021\/12\/SE_BMBI_SZR_2021_01_05_Biok_es_MolBiol_Intezet.pdf\">SE_BMBI_SZR_2021_01_05_Biok_\u00e9s_MolBiol_Intezet (pdf)<\/a> \u2013 a Biok\u00e9miai \u00e9s Molekul\u00e1ris Biol\u00f3giai Int\u00e9zet szervezeti \u00fcgyrendje<\/p>\n<p>&nbsp;<\/p>\n","protected":false},"excerpt":{"rendered":"<p>SZERVEZETI \u00dcGYREND<br \/>\n<a href=\"https:\/\/semmelweis.hu\/bmbi\/files\/2021\/12\/SE_BMBI_SZR_2021_01_05_Biok_es_MolBiol_Intezet.pdf\">SE_BMBI_SZR_2021_01_05_Biok_\u00e9s_MolBiol_Intezet (pdf)<\/a> \u2013 a Biok\u00e9miai \u00e9s Molekul\u00e1ris Biol\u00f3giai Int\u00e9zet szervezeti \u00fcgyrendje<br \/>\n&nbsp;<\/p>\n","protected":false},"author":101604,"featured_media":0,"parent":4,"menu_order":0,"comment_status":"closed","ping_status":"closed","template":"","meta":{"_acf_changed":false,"footnotes":""},"categories":[],"tags":[],"class_list":["post-38","page","type-page","status-publish","hentry"],"acf":[],"_links":{"self":[{"href":"https:\/\/semmelweis.hu\/bmbi\/wp-json\/wp\/v2\/pages\/38","targetHints":{"allow":["GET"]}}],"collection":[{"href":"https:\/\/semmelweis.hu\/bmbi\/wp-json\/wp\/v2\/pages"}],"about":[{"href":"https:\/\/semmelweis.hu\/bmbi\/wp-json\/wp\/v2\/types\/page"}],"author":[{"embeddable":true,"href":"https:\/\/semmelweis.hu\/bmbi\/wp-json\/wp\/v2\/users\/101604"}],"replies":[{"embeddable":true,"href":"https:\/\/semmelweis.hu\/bmbi\/wp-json\/wp\/v2\/comments?post=38"}],"version-history":[{"count":4,"href":"https:\/\/semmelweis.hu\/bmbi\/wp-json\/wp\/v2\/pages\/38\/revisions"}],"predecessor-version":[{"id":54,"href":"https:\/\/semmelweis.hu\/bmbi\/wp-json\/wp\/v2\/pages\/38\/revisions\/54"}],"up":[{"embeddable":true,"href":"https:\/\/semmelweis.hu\/bmbi\/wp-json\/wp\/v2\/pages\/4"}],"wp:attachment":[{"href":"https:\/\/semmelweis.hu\/bmbi\/wp-json\/wp\/v2\/media?parent=38"}],"wp:term":[{"taxonomy":"category","embeddable":true,"href":"https:\/\/semmelweis.hu\/bmbi\/wp-json\/wp\/v2\/categories?post=38"},{"taxonomy":"post_tag","embeddable":true,"href":"https:\/\/semmelweis.hu\/bmbi\/wp-json\/wp\/v2\/tags?post=38"}],"curies":[{"name":"wp","href":"https:\/\/api.w.org\/{rel}","templated":true}]}}