{"id":979,"date":"2018-11-28T00:00:00","date_gmt":"2018-11-27T23:00:00","guid":{"rendered":"http:\/\/semmelweis.hu\/biztonsagosszex\/hol-vegeznek-szurovizsgalatokat\/"},"modified":"2018-12-04T15:10:15","modified_gmt":"2018-12-04T14:10:15","slug":"hol-vegeznek-szurovizsgalatokat","status":"publish","type":"page","link":"https:\/\/semmelweis.hu\/biztonsagosszex\/altalanos-tudnivalok\/std\/hol-vegeznek-szurovizsgalatokat\/","title":{"rendered":"Hol v\u00e9geznek sz\u0171r\u0151vizsg\u00e1latokat?"},"content":{"rendered":"<p><img loading=\"lazy\" decoding=\"async\" class=\"size-medium wp-image-1224 alignleft\" src=\"https:\/\/semmelweis.hu\/biztonsagosszex\/files\/2018\/12\/pic_1329226613_364-1038x576-300x166.jpg\" alt=\"\" width=\"300\" height=\"166\" srcset=\"https:\/\/semmelweis.hu\/biztonsagosszex\/files\/2018\/12\/pic_1329226613_364-1038x576-300x166.jpg 300w, https:\/\/semmelweis.hu\/biztonsagosszex\/files\/2018\/12\/pic_1329226613_364-1038x576-768x426.jpg 768w, https:\/\/semmelweis.hu\/biztonsagosszex\/files\/2018\/12\/pic_1329226613_364-1038x576-1024x568.jpg 1024w, https:\/\/semmelweis.hu\/biztonsagosszex\/files\/2018\/12\/pic_1329226613_364-1038x576-753x418.jpg 753w, https:\/\/semmelweis.hu\/biztonsagosszex\/files\/2018\/12\/pic_1329226613_364-1038x576.jpg 1038w\" sizes=\"auto, (max-width: 300px) 100vw, 300px\" \/>Semmelweis Egyetem B\u0151rgy\u00f3gy\u00e1szati Klinika, Budapest VIII. ker., M\u00e1ria u. 41. magas fsz. Tel.: 06-1-266-0465. Rendel\u00e9si id\u0151: H-K-Sz-Cs-P: 8:00-12:00. A sz\u0171r\u00e9s ingyenes \u00e9s anonim. Itt v\u00e9geznek syphilis, HBV \u00e9s HCV sz\u0171r\u00e9st is!<\/p>\n<p>F\u0151v\u00e1rosi \u00c1llami N\u00e9peg\u00e9szs\u00e9g\u00fcgyi \u00e9s Tisztiorvosi Szolg\u00e1lat laborat\u00f3riuma, Budapest XIII. ker., V\u00e1ci \u00fat 174.. Tel.: 06-1-465-3800. Rendel\u00e9si id\u0151: H, Sz: 8:00-11:00, Cs: 12:00-16:00. Ingyenes anonim sz\u0171r\u00e9st is v\u00e9geznek.<br \/>\nAnonym AIDS Tan\u00e1csad\u00f3 Szolg\u00e1lat, Budapest XI. ker., Karolina u. 35\/b.<br \/>\nTel.: 06-1-466-9283. Rendel\u00e9si id\u0151: H-Sz: 17:00-20:00, K-P: 9:00-12:00, Anonim, a sz\u0171r\u00e9s ingyenes. K\u00e9r\u00e9sre szifilisz \u00e9s Hepatitis B sz\u0171r\u00e9st is v\u00e9geznek!<br \/>\nOrsz\u00e1gos Epidemiol\u00f3giai K\u00f6zpont: Budapest IX. ker., Gy\u00e1li u. 2-6. Tel.: 06-1-476-1100 \/ AIDS-ambulancia. Rendel\u00e9si id\u0151: K: 11:00-12:00, Cs: 14:00-15:00. Anonim sz\u0171r\u00e9st is v\u00e9geznek, amely ingyenes.<br \/>\nSzent L\u00e1szl\u00f3 K\u00f3rh\u00e1z \u2013 K\u00f6zponti Ambulancia\/Recepci\u00f3. Budapest IX. ker., Gy\u00e1li u. 5-7.Tel.: 06-1-215-0219\/8228, 06-1-455-8228. Rendel\u00e9si id\u0151: H-K-Sz-Cs-P: 8:00-14:00. Telefonon kell id\u0151pontot k\u00e9rni.<br \/>\nAIDS Seg\u00e9ly Alap\u00edtv\u00e1ny, Sopron, Magyar u. 14. Tel.: 06-80-333-399; Rendel\u00e9si id\u0151: K, Sz: 17:00-20:00.<br \/>\nAz orvosi vizsg\u00e1latot beutal\u00f3 n\u00e9lk\u00fcl ig\u00e9nybe veheted \u2013 el\u0151zetes telefonos egyeztet\u00e9s alapj\u00e1n \u2013 a lakc\u00edmed szerinti B\u0151r- \u00e9s nemibeteg gondoz\u00f3ban, vagy \u2013 szint\u00e9n el\u0151zetes telefonos egyeztet\u00e9s ut\u00e1n \u2013 a Semmelweis Egyetem B\u0151rgy\u00f3gy\u00e1szati Klinika STD Centrum\u00e1ban. Mindenk\u00e9ppen vidd magaddal a TAJ k\u00e1rty\u00e1dat, szem\u00e9lyidet, lakc\u00edm k\u00e1rty\u00e1dat, \u00e9s k\u00e9sz\u00fclj fel arra, hogy bizonyos extra vizsg\u00e1latok\u00e9rt \u2013 ha az orvos sz\u00fcks\u00e9gesnek tal\u00e1lja \u2013 elk\u00e9pzelhet\u0151, hogy k\u00fcl\u00f6n fizetni is kell.<\/p>\n","protected":false},"excerpt":{"rendered":"<p>Semmelweis Egyetem B\u0151rgy\u00f3gy\u00e1szati Klinika, Budapest VIII. ker., M\u00e1ria u. 41. magas fsz. Tel.: 06-1-266-0465. Rendel\u00e9si id\u0151: H-K-Sz-Cs-P: 8:00-12:00. A sz\u0171r\u00e9s ingyenes \u00e9s anonim. Itt v\u00e9geznek syphilis, HBV \u00e9s HCV sz\u0171r\u00e9st is! F\u0151v\u00e1rosi \u00c1llami N\u00e9peg\u00e9szs\u00e9g\u00fcgyi \u00e9s Tisztiorvosi Szolg\u00e1lat laborat\u00f3riuma, Budapest XIII. ker., V\u00e1ci \u00fat 174.. Tel.: 06-1-465-3800. Rendel\u00e9si id\u0151: H, Sz: 8:00-11:00, Cs: 12:00-16:00. Ingyenes anonim &hellip;<\/p>\n","protected":false},"author":101265,"featured_media":0,"parent":999,"menu_order":4,"comment_status":"closed","ping_status":"closed","template":"","meta":{"_acf_changed":false,"footnotes":""},"categories":[],"tags":[],"class_list":["post-979","page","type-page","status-publish","hentry"],"acf":[],"_links":{"self":[{"href":"https:\/\/semmelweis.hu\/biztonsagosszex\/wp-json\/wp\/v2\/pages\/979","targetHints":{"allow":["GET"]}}],"collection":[{"href":"https:\/\/semmelweis.hu\/biztonsagosszex\/wp-json\/wp\/v2\/pages"}],"about":[{"href":"https:\/\/semmelweis.hu\/biztonsagosszex\/wp-json\/wp\/v2\/types\/page"}],"author":[{"embeddable":true,"href":"https:\/\/semmelweis.hu\/biztonsagosszex\/wp-json\/wp\/v2\/users\/101265"}],"replies":[{"embeddable":true,"href":"https:\/\/semmelweis.hu\/biztonsagosszex\/wp-json\/wp\/v2\/comments?post=979"}],"version-history":[{"count":3,"href":"https:\/\/semmelweis.hu\/biztonsagosszex\/wp-json\/wp\/v2\/pages\/979\/revisions"}],"predecessor-version":[{"id":2112,"href":"https:\/\/semmelweis.hu\/biztonsagosszex\/wp-json\/wp\/v2\/pages\/979\/revisions\/2112"}],"up":[{"embeddable":true,"href":"https:\/\/semmelweis.hu\/biztonsagosszex\/wp-json\/wp\/v2\/pages\/999"}],"wp:attachment":[{"href":"https:\/\/semmelweis.hu\/biztonsagosszex\/wp-json\/wp\/v2\/media?parent=979"}],"wp:term":[{"taxonomy":"category","embeddable":true,"href":"https:\/\/semmelweis.hu\/biztonsagosszex\/wp-json\/wp\/v2\/categories?post=979"},{"taxonomy":"post_tag","embeddable":true,"href":"https:\/\/semmelweis.hu\/biztonsagosszex\/wp-json\/wp\/v2\/tags?post=979"}],"curies":[{"name":"wp","href":"https:\/\/api.w.org\/{rel}","templated":true}]}}