{"id":967,"date":"2018-11-28T00:00:00","date_gmt":"2018-11-27T23:00:00","guid":{"rendered":"http:\/\/semmelweis.hu\/biztonsagosszex\/mi-fog-tortenni-a-rendeloben\/"},"modified":"2020-06-14T12:56:50","modified_gmt":"2020-06-14T10:56:50","slug":"mi-fog-tortenni-a-rendeloben","status":"publish","type":"page","link":"https:\/\/semmelweis.hu\/biztonsagosszex\/altalanos-tudnivalok\/az-orvosi-vizsgalatrol\/mi-fog-tortenni-a-rendeloben\/","title":{"rendered":"Mi fog t\u00f6rt\u00e9nni a rendel\u0151ben?"},"content":{"rendered":"<p>Ha elm\u00e9sz egy orvosi rendel\u0151be, ott bizony illik viselkedni. Els\u0151 \u00e9s legfontosabb, hogy k\u00f6sz\u00f6nsz, \u00e9s b\u00e1rmilyen fiatalnak t\u0171nik az orvos, vagy az asszisztens, nem tegezed le \u0151ket. Ezut\u00e1n jelentkezel a kartonoz\u00f3ban, vagy a betegfelv\u00e9teli pultn\u00e1l. Minden helyen m\u00e1s a szok\u00e1s, de tal\u00e1n az a legegyszer\u0171bb, ha el\u0151tte telefonon besz\u00e9lsz a gondoz\u00f3n\u0151vel, \u00e9s akkor nem a pultban \u00fcl\u0151knek kell elmagyar\u00e1znod a bajodat. Ha szifilisz, vagy tripper gyan\u00fad van, akkor a BNG-ben aznap meg is vizsg\u00e1lnak, \u00e9s v\u00e9rt vesznek T\u0151led. De n\u00e9ma gyereknek anyja sem \u00e9rti a szav\u00e1t, \u00faghogy mondd el b\u00e1tran a gondoz\u00f3n\u0151nek, hogy mi baj van. Persze a hallottak alapj\u00e1n nem Te, hanem \u0150 fogja eld\u00f6nteni, hogy \u201es\u00fcrg\u0151s eset\u201d vagy-e, vagy id\u0151pontot kapsz vizsg\u00e1latra. A legt\u00f6bb vizsg\u00e1latot TAJ k\u00e1rtya ellen\u00e9ben el tudj\u00e1k v\u00e9gezni, de van egy-k\u00e9t olyan c\u00e9lzott vizsg\u00e1lat, amit ki kell fizetni. Az orvos fogja elmondani ezeket az inf\u00f3kat, \u00e9s \u0150 d\u00f6nti el mire van sz\u00fcks\u00e9ged. Felesleges vizsg\u00e1latot nem fog k\u00e9rni. A vizsg\u00e1latra vigy\u00e9l magaddal TAJ k\u00e1rty\u00e1t, szem\u00e9lyit \u00e9s lakc\u00edmk\u00e1rty\u00e1t. A vizsg\u00e1lat el\u0151tt mosakodj meg, \u00e9s tisztelt meg a vizsg\u00e1l\u00f3 orvost azzal, hogy tiszta feh\u00e9rnem\u0171ben \u00e1ll\u00edtasz be. Ha foly\u00e1sod van, tegy\u00e9l a gaty\u00e1dba vatt\u00e1t, vagy pap\u00edrzsepit, l\u00e1nyok tehetnek tisztas\u00e1gi bet\u00e9tet. L\u00e1nyok: nem kell \u201ekimosakodni\u201d, h\u00fcvely\u00f6bl\u00edt\u00e9st csin\u00e1lni, az m\u00e1r t\u00fal sok, \u00e9s befoly\u00e1solhatja az eredm\u00e9nyt. Szappan, meleg v\u00edz b\u0151ven elegend\u0151. Az orvos meg fog vizsg\u00e1lni. \u00c9rtelemszer\u0171en ott vizsg\u00e1l meg, ahol a panaszod van, teh\u00e1t le kell vetk\u0151zni. Hidd el, nem kell sz\u00e9gyenl\u0151sk\u00f6dn\u00f6d, biztosan nem Te leszel az els\u0151 meztelen ember aznap a rendel\u0151ben, \u00e9s a vizsg\u00e1lattal a Te javadat szolg\u00e1lj\u00e1k! Ne feledd: az orvoson k\u00edv\u00fcl a vizsg\u00e1latn\u00e1l bent kell lennie egy asszisztensnek is.<\/p>\n<p>Hogy mi t\u00f6rt\u00e9nik m\u00e9g egy ilyen vizsg\u00e1laton, arr\u00f3l <a href=\"https:\/\/tamasibeladr.hu\/blog\/2018\/9\/10\/std-szures-1x1\">itt is olvashatsz<\/a>.<\/p>\n","protected":false},"excerpt":{"rendered":"<p>Ha elm\u00e9sz egy orvosi rendel\u0151be, ott bizony illik viselkedni. Els\u0151 \u00e9s legfontosabb, hogy k\u00f6sz\u00f6nsz, \u00e9s b\u00e1rmilyen fiatalnak t\u0171nik az orvos, vagy az asszisztens, nem tegezed le \u0151ket. Ezut\u00e1n jelentkezel a kartonoz\u00f3ban, vagy a betegfelv\u00e9teli pultn\u00e1l. Minden helyen m\u00e1s a szok\u00e1s, de tal\u00e1n az a legegyszer\u0171bb, ha el\u0151tte telefonon besz\u00e9lsz a gondoz\u00f3n\u0151vel, \u00e9s akkor nem a &hellip;<\/p>\n","protected":false},"author":12,"featured_media":0,"parent":2031,"menu_order":6,"comment_status":"closed","ping_status":"closed","template":"","meta":{"_acf_changed":false,"footnotes":""},"categories":[],"tags":[],"class_list":["post-967","page","type-page","status-publish","hentry"],"acf":[],"_links":{"self":[{"href":"https:\/\/semmelweis.hu\/biztonsagosszex\/wp-json\/wp\/v2\/pages\/967","targetHints":{"allow":["GET"]}}],"collection":[{"href":"https:\/\/semmelweis.hu\/biztonsagosszex\/wp-json\/wp\/v2\/pages"}],"about":[{"href":"https:\/\/semmelweis.hu\/biztonsagosszex\/wp-json\/wp\/v2\/types\/page"}],"author":[{"embeddable":true,"href":"https:\/\/semmelweis.hu\/biztonsagosszex\/wp-json\/wp\/v2\/users\/12"}],"replies":[{"embeddable":true,"href":"https:\/\/semmelweis.hu\/biztonsagosszex\/wp-json\/wp\/v2\/comments?post=967"}],"version-history":[{"count":2,"href":"https:\/\/semmelweis.hu\/biztonsagosszex\/wp-json\/wp\/v2\/pages\/967\/revisions"}],"predecessor-version":[{"id":3655,"href":"https:\/\/semmelweis.hu\/biztonsagosszex\/wp-json\/wp\/v2\/pages\/967\/revisions\/3655"}],"up":[{"embeddable":true,"href":"https:\/\/semmelweis.hu\/biztonsagosszex\/wp-json\/wp\/v2\/pages\/2031"}],"wp:attachment":[{"href":"https:\/\/semmelweis.hu\/biztonsagosszex\/wp-json\/wp\/v2\/media?parent=967"}],"wp:term":[{"taxonomy":"category","embeddable":true,"href":"https:\/\/semmelweis.hu\/biztonsagosszex\/wp-json\/wp\/v2\/categories?post=967"},{"taxonomy":"post_tag","embeddable":true,"href":"https:\/\/semmelweis.hu\/biztonsagosszex\/wp-json\/wp\/v2\/tags?post=967"}],"curies":[{"name":"wp","href":"https:\/\/api.w.org\/{rel}","templated":true}]}}