{"id":966,"date":"2018-11-28T00:00:00","date_gmt":"2018-11-27T23:00:00","guid":{"rendered":"http:\/\/semmelweis.hu\/biztonsagosszex\/tudnivalok-lanyoknak\/"},"modified":"2021-04-01T11:06:18","modified_gmt":"2021-04-01T09:06:18","slug":"tudnivalok-lanyoknak","status":"publish","type":"page","link":"https:\/\/semmelweis.hu\/biztonsagosszex\/altalanos-tudnivalok\/az-orvosi-vizsgalatrol\/tudnivalok-lanyoknak\/","title":{"rendered":"Tudnival\u00f3k l\u00e1nyoknak"},"content":{"rendered":"<p><a href=\"https:\/\/semmelweis.hu\/biztonsagosszex\/files\/2018\/12\/pic_1329226779_892-1038x576-300x166.jpg\"><img loading=\"lazy\" decoding=\"async\" class=\"size-medium wp-image-1226 alignleft\" src=\"https:\/\/semmelweis.hu\/biztonsagosszex\/files\/2018\/12\/pic_1329226779_892-1038x576-300x166.jpg\" alt=\"\" width=\"300\" height=\"166\" srcset=\"https:\/\/semmelweis.hu\/biztonsagosszex\/files\/2018\/12\/pic_1329226779_892-1038x576-300x166.jpg 300w, https:\/\/semmelweis.hu\/biztonsagosszex\/files\/2018\/12\/pic_1329226779_892-1038x576-768x426.jpg 768w, https:\/\/semmelweis.hu\/biztonsagosszex\/files\/2018\/12\/pic_1329226779_892-1038x576-1024x568.jpg 1024w, https:\/\/semmelweis.hu\/biztonsagosszex\/files\/2018\/12\/pic_1329226779_892-1038x576-753x418.jpg 753w, https:\/\/semmelweis.hu\/biztonsagosszex\/files\/2018\/12\/pic_1329226779_892-1038x576.jpg 1038w\" sizes=\"auto, (max-width: 300px) 100vw, 300px\" \/><\/a>Tudom, hogy neh\u00e9znek \u00e9rzed, hogy egy vadidegennel olyan intim dolgokr\u00f3l besz\u00e9lgess, mint a menstru\u00e1ci\u00f3, vagy, hogy foly\u00e1sod van, esetleg f\u00e1j szex k\u00f6zben. Pr\u00f3b\u00e1lj meg megnyugodni, \u00e9s mindent sz\u00e9pen elmondani. Sz\u00e9pen, egyszer\u0171en fogalmazd meg a panaszaidat, \u00e9s ne \u00e9rezd cikisnek. Ha elmondod pontosan a bajt, a dokik jobban tudnak gondolkodni, hogy hogyan seg\u00edtsenek Rajtad. A vizsg\u00e1lat sor\u00e1n nem maradsz egyed\u00fcl az orvossal, mindig bej\u00f6n egy asszisztensn\u0151, hogy seg\u00edtsen.<\/p>\n<p>L\u00e1nyok der\u00e9kt\u00f3l lefel\u00e9 vetk\u0151znek \u2013 term\u00e9szetesen a bugyit is le kell venni. Ha sz\u00e9gyenl\u0151s vagy, vegy\u00e9l fel olyan ruh\u00e1t, ami takarja a fenekedet, am\u00edg oda\u00e9rsz a vizsg\u00e1l\u00f3\u00e1gyhoz. Minden rendel\u0151ben van parav\u00e1n, vagy egy f\u00fclke, ahol levetk\u0151zhetsz. Ezut\u00e1n kell felfek\u00fcdni a speci\u00e1lis n\u0151gy\u00f3gy\u00e1szati vizsg\u00e1l\u00f3 sz\u00e9kre, az \u00fan. \u201ecsik\u00f3ra\u201d. A csik\u00f3n a legfontosabb, hogy a fen\u00e9kkel j\u00f3l le kell cs\u00faszni, \u00e9s j\u00f3 sz\u00e9les terpeszbe kell v\u00e1gni magad. Ut\u00e1na j\u00f6n a laz\u00edt\u00e1s: megpr\u00f3b\u00e1lsz mellkasb\u00f3l l\u00e9legezni, \u00e9s laz\u00edtani a bels\u0151 combodat \u00e9s a g\u00e1tizmodat. Min\u00e9l jobban laz\u00edtasz, ann\u00e1l k\u00f6nnyebben tudnak megvizsg\u00e1lni \u00e9s ann\u00e1l f\u00e1jdalmatlanabb az eg\u00e9sz. K\u00f6nnyebben megy, ha a vizsg\u00e1lat el\u0151tt elm\u00e9sz pisilni. Rossz reflex, hogy fesz\u00edtitek a l\u00e1batokat, \u00e9s emelitek ki a feneketeket a csik\u00f3r\u00f3l. Sz\u00e9pen nyugodtan, tudatosan kell laz\u00edtani. Menni fog.<\/p>\n<p>A doktor ezut\u00e1n a l\u00e1bad k\u00f6z\u00e9 \u00fcl, \u00e9s az \u00fan. <strong>kacs\u00e1val<\/strong> megvizsg\u00e1l. A kacsa egyenl\u0151 a h\u00fcvelyt\u00fck\u00f6rrel: az eszk\u00f6z, amivel bele tudnak n\u00e9zni a h\u00fcvelyedbe (ezt nevezik felt\u00e1r\u00e1snak), \u00e9s seg\u00edts\u00e9g\u00e9vel l\u00e1that\u00f3v\u00e1 v\u00e1lik a h\u00fcvely v\u00e9g\u00e9ben elhelyezked\u0151 m\u00e9hsz\u00e1j is. R\u00e9gebben csak f\u00e9mb\u0151l k\u00e9sz\u00fclt, steriliz\u00e1lhat\u00f3 kacs\u00e1k voltak, de ma m\u00e1r egyre t\u00f6bb helyen tal\u00e1lkozunk m\u0171anyag, eldobhat\u00f3 kacs\u00e1val. Ez ut\u00f3bbit f\u00e9m allergi\u00e1sokn\u00e1l is lehet alkalmazni. A kacs\u00e1t csukott \u00e1llapotban teszik fel, legt\u00f6bbsz\u00f6r v\u00edzzel, vagy zsel\u00e9vel s\u00edkos felsz\u00edn\u0171v\u00e9 t\u00e9ve el\u0151tte. Amikor teljesen a h\u00fcvelyben van, akkor nyitj\u00e1k sz\u00e9t. A vizsg\u00e1lat v\u00e9gezt\u00e9vel sz\u00e9pen \u00f6sszecsukva, ki lehet h\u00fazni. Ne f\u00e9lj, csak akkor vizsg\u00e1lnak kacs\u00e1val, ha m\u00e1r nem vagy sz\u0171z, \u00e9s tiniknek van kifejezetten v\u00e9kony v\u00e1ltozat is. Ritk\u00e1n sz\u00fcks\u00e9ges a torkod vizsg\u00e1lata, \u00e9s vattap\u00e1lc\u00e1val mintav\u00e9tel a garatodb\u00f3l \u2013 nem f\u00e1j, csak egy kicsit \u00f6klendezned kell t\u0151le. Ugyan\u00edgy elk\u00e9pzelhet\u0151 a h\u00fagycs\u0151 vizsg\u00e1lat \u2013 nem is fogod \u00e9rezni \u2013 vagy a v\u00e9gb\u00e9lny\u00edl\u00e1s vizsg\u00e1lata vattap\u00e1lc\u00e1val \u2013 kicsit kellemetlen, de nem f\u00e1jdalmas.<\/p>\n<p>A vizsg\u00e1lat kb. 5 percig tart, ut\u00e1na fel tudsz \u00f6lt\u00f6zni, \u00e9s a doktor megmondja, mikor kell j\u00f6nni, esetleg kell-e m\u00e1r valamilyen gy\u00f3gyszert szedni.<\/p>\n","protected":false},"excerpt":{"rendered":"<p><a href=\"https:\/\/semmelweis.hu\/biztonsagosszex\/files\/2018\/12\/pic_1329226779_892-1038x576-300x166.jpg\"><\/a> Tudom, hogy neh\u00e9znek \u00e9rzed, hogy egy vadidegennel olyan intim dolgokr\u00f3l besz\u00e9lgess, mint a menstru\u00e1ci\u00f3, vagy, hogy foly\u00e1sod van, esetleg f\u00e1j szex k\u00f6zben. Pr\u00f3b\u00e1lj meg megnyugodni, \u00e9s mindent sz\u00e9pen elmondani. Sz\u00e9pen, egyszer\u0171en fogalmazd meg a panaszaidat, \u00e9s ne \u00e9rezd cikisnek. Ha elmondod pontosan a bajt, a dokik jobban tudnak gondolkodni, hogy hogyan seg\u00edtsenek Rajtad. A vizsg\u00e1lat &hellip;<\/p>\n","protected":false},"author":12,"featured_media":0,"parent":2031,"menu_order":5,"comment_status":"closed","ping_status":"closed","template":"","meta":{"_acf_changed":false,"footnotes":""},"categories":[],"tags":[],"class_list":["post-966","page","type-page","status-publish","hentry"],"acf":[],"_links":{"self":[{"href":"https:\/\/semmelweis.hu\/biztonsagosszex\/wp-json\/wp\/v2\/pages\/966","targetHints":{"allow":["GET"]}}],"collection":[{"href":"https:\/\/semmelweis.hu\/biztonsagosszex\/wp-json\/wp\/v2\/pages"}],"about":[{"href":"https:\/\/semmelweis.hu\/biztonsagosszex\/wp-json\/wp\/v2\/types\/page"}],"author":[{"embeddable":true,"href":"https:\/\/semmelweis.hu\/biztonsagosszex\/wp-json\/wp\/v2\/users\/12"}],"replies":[{"embeddable":true,"href":"https:\/\/semmelweis.hu\/biztonsagosszex\/wp-json\/wp\/v2\/comments?post=966"}],"version-history":[{"count":5,"href":"https:\/\/semmelweis.hu\/biztonsagosszex\/wp-json\/wp\/v2\/pages\/966\/revisions"}],"predecessor-version":[{"id":3942,"href":"https:\/\/semmelweis.hu\/biztonsagosszex\/wp-json\/wp\/v2\/pages\/966\/revisions\/3942"}],"up":[{"embeddable":true,"href":"https:\/\/semmelweis.hu\/biztonsagosszex\/wp-json\/wp\/v2\/pages\/2031"}],"wp:attachment":[{"href":"https:\/\/semmelweis.hu\/biztonsagosszex\/wp-json\/wp\/v2\/media?parent=966"}],"wp:term":[{"taxonomy":"category","embeddable":true,"href":"https:\/\/semmelweis.hu\/biztonsagosszex\/wp-json\/wp\/v2\/categories?post=966"},{"taxonomy":"post_tag","embeddable":true,"href":"https:\/\/semmelweis.hu\/biztonsagosszex\/wp-json\/wp\/v2\/tags?post=966"}],"curies":[{"name":"wp","href":"https:\/\/api.w.org\/{rel}","templated":true}]}}