{"id":965,"date":"2018-11-28T00:00:00","date_gmt":"2018-11-27T23:00:00","guid":{"rendered":"http:\/\/semmelweis.hu\/biztonsagosszex\/faj-a-lanyok-vizsgalata\/"},"modified":"2018-12-04T12:34:24","modified_gmt":"2018-12-04T11:34:24","slug":"faj-a-lanyok-vizsgalata","status":"publish","type":"page","link":"https:\/\/semmelweis.hu\/biztonsagosszex\/altalanos-tudnivalok\/az-orvosi-vizsgalatrol\/faj-a-lanyok-vizsgalata\/","title":{"rendered":"F\u00e1j a l\u00e1nyok vizsg\u00e1lata?"},"content":{"rendered":"<p><a href=\"https:\/\/semmelweis.hu\/biztonsagosszex\/files\/2018\/12\/pic_1329226917_887.jpg\"><img loading=\"lazy\" decoding=\"async\" class=\"size-medium wp-image-1227 alignleft\" src=\"https:\/\/semmelweis.hu\/biztonsagosszex\/files\/2018\/12\/pic_1329226917_887-246x300.jpg\" alt=\"\" width=\"246\" height=\"300\" srcset=\"https:\/\/semmelweis.hu\/biztonsagosszex\/files\/2018\/12\/pic_1329226917_887-246x300.jpg 246w, https:\/\/semmelweis.hu\/biztonsagosszex\/files\/2018\/12\/pic_1329226917_887.jpg 328w\" sizes=\"auto, (max-width: 246px) 100vw, 246px\" \/><\/a>A l\u00e1nyok vizsg\u00e1lata nem f\u00e1jdalmas. Ugyan\u00fagy nem f\u00e1j, mintha egy kicsit nagyobb tampont rakn\u00e1l fel\u2026 Te magad tudod f\u00e1jdalmass\u00e1 tenni, ha nem laz\u00edtod el a g\u00e1tizmaidat. Ilyenkor a kacsa k\u00f6r\u00fcl g\u00f6rcs\u00f6sen \u00f6sszeh\u00faz\u00f3dik a h\u00fcvely izomzat \u00e9s nagyon neh\u00e9z, s\u0151t, n\u00e9ha lehetetlen a kacs\u00e1t felhelyezni. Olyan mintha szkanderezni kezden\u00e9l az orvossal! Ilyenkor el kell laz\u00edtani a medenceizmaidat. Mellkasb\u00f3l veszed a leveg\u0151t, n\u00e9zed a plafont, \u00e9s a fenekedet nem emeled az \u00e9g fel\u00e9, csak laz\u00e1n leengeded, \u00e9s laz\u00edtasz, laz\u00edtsz, laz\u00edtasz\u2026 \u00e9s l\u00e1ss csod\u00e1t: nincs f\u00e1jdalom! A kenetv\u00e9telt m\u00e1r meg sem \u00e9rzed.<\/p>\n","protected":false},"excerpt":{"rendered":"<p><a href=\"https:\/\/semmelweis.hu\/biztonsagosszex\/files\/2018\/12\/pic_1329226917_887.jpg\"><\/a> A l\u00e1nyok vizsg\u00e1lata nem f\u00e1jdalmas. Ugyan\u00fagy nem f\u00e1j, mintha egy kicsit nagyobb tampont rakn\u00e1l fel\u2026 Te magad tudod f\u00e1jdalmass\u00e1 tenni, ha nem laz\u00edtod el a g\u00e1tizmaidat. Ilyenkor a kacsa k\u00f6r\u00fcl g\u00f6rcs\u00f6sen \u00f6sszeh\u00faz\u00f3dik a h\u00fcvely izomzat \u00e9s nagyon neh\u00e9z, s\u0151t, n\u00e9ha lehetetlen a kacs\u00e1t felhelyezni. Olyan mintha szkanderezni kezden\u00e9l az orvossal! Ilyenkor el kell laz\u00edtani a &hellip;<\/p>\n","protected":false},"author":101265,"featured_media":0,"parent":2031,"menu_order":4,"comment_status":"closed","ping_status":"closed","template":"","meta":{"_acf_changed":false,"footnotes":""},"categories":[],"tags":[],"class_list":["post-965","page","type-page","status-publish","hentry"],"acf":[],"_links":{"self":[{"href":"https:\/\/semmelweis.hu\/biztonsagosszex\/wp-json\/wp\/v2\/pages\/965","targetHints":{"allow":["GET"]}}],"collection":[{"href":"https:\/\/semmelweis.hu\/biztonsagosszex\/wp-json\/wp\/v2\/pages"}],"about":[{"href":"https:\/\/semmelweis.hu\/biztonsagosszex\/wp-json\/wp\/v2\/types\/page"}],"author":[{"embeddable":true,"href":"https:\/\/semmelweis.hu\/biztonsagosszex\/wp-json\/wp\/v2\/users\/101265"}],"replies":[{"embeddable":true,"href":"https:\/\/semmelweis.hu\/biztonsagosszex\/wp-json\/wp\/v2\/comments?post=965"}],"version-history":[{"count":2,"href":"https:\/\/semmelweis.hu\/biztonsagosszex\/wp-json\/wp\/v2\/pages\/965\/revisions"}],"predecessor-version":[{"id":2071,"href":"https:\/\/semmelweis.hu\/biztonsagosszex\/wp-json\/wp\/v2\/pages\/965\/revisions\/2071"}],"up":[{"embeddable":true,"href":"https:\/\/semmelweis.hu\/biztonsagosszex\/wp-json\/wp\/v2\/pages\/2031"}],"wp:attachment":[{"href":"https:\/\/semmelweis.hu\/biztonsagosszex\/wp-json\/wp\/v2\/media?parent=965"}],"wp:term":[{"taxonomy":"category","embeddable":true,"href":"https:\/\/semmelweis.hu\/biztonsagosszex\/wp-json\/wp\/v2\/categories?post=965"},{"taxonomy":"post_tag","embeddable":true,"href":"https:\/\/semmelweis.hu\/biztonsagosszex\/wp-json\/wp\/v2\/tags?post=965"}],"curies":[{"name":"wp","href":"https:\/\/api.w.org\/{rel}","templated":true}]}}