{"id":963,"date":"2018-11-28T00:00:00","date_gmt":"2018-11-27T23:00:00","guid":{"rendered":"http:\/\/semmelweis.hu\/biztonsagosszex\/tudnivalok-fiuknak\/"},"modified":"2018-12-04T12:22:43","modified_gmt":"2018-12-04T11:22:43","slug":"tudnivalok-fiuknak","status":"publish","type":"page","link":"https:\/\/semmelweis.hu\/biztonsagosszex\/altalanos-tudnivalok\/az-orvosi-vizsgalatrol\/tudnivalok-fiuknak\/","title":{"rendered":"Tudnival\u00f3k fi\u00faknak"},"content":{"rendered":"<p><a href=\"https:\/\/semmelweis.hu\/biztonsagosszex\/files\/2018\/12\/pic_1329226779_892-1038x576-300x166.jpg\"><img loading=\"lazy\" decoding=\"async\" class=\"size-medium wp-image-1226 alignleft\" src=\"https:\/\/semmelweis.hu\/biztonsagosszex\/files\/2018\/12\/pic_1329226779_892-1038x576-300x166.jpg\" alt=\"\" width=\"300\" height=\"166\" srcset=\"https:\/\/semmelweis.hu\/biztonsagosszex\/files\/2018\/12\/pic_1329226779_892-1038x576-300x166.jpg 300w, https:\/\/semmelweis.hu\/biztonsagosszex\/files\/2018\/12\/pic_1329226779_892-1038x576-768x426.jpg 768w, https:\/\/semmelweis.hu\/biztonsagosszex\/files\/2018\/12\/pic_1329226779_892-1038x576-1024x568.jpg 1024w, https:\/\/semmelweis.hu\/biztonsagosszex\/files\/2018\/12\/pic_1329226779_892-1038x576-753x418.jpg 753w, https:\/\/semmelweis.hu\/biztonsagosszex\/files\/2018\/12\/pic_1329226779_892-1038x576.jpg 1038w\" sizes=\"auto, (max-width: 300px) 100vw, 300px\" \/><\/a>A vizsg\u00e1lat el\u0151sz\u00f6r besz\u00e9lget\u00e9ssel kezd\u0151dik. Elmondod a panaszaidat, mikor, hogyan kezd\u0151dtek, mit vett\u00e9l \u00e9szre magadon. Nem kell sz\u00e9gyenl\u0151snek lenned, nevezd nev\u00e9n a dolgokat: nyugodtan haszn\u00e1lhatod a h\u00edmvessz\u0151, a makk, a herezacsk\u00f3 szavakat. Senki nem fog kinevetni.<\/p>\n<p>Ha az orvos r\u00e1k\u00e9rdez, hogy fi\u00faval, vagy l\u00e1nnyal volt\u00e1l-e, nem az\u00e9rt teszi, mert a mag\u00e1n\u00e9letedben akar v\u00e1jk\u00e1lni, hanem ez alapj\u00e1n tudja eld\u00f6nteni, milyen vizsg\u00e1latot tart fontosnak N\u00e1lad.<br \/>\nAmikor az orvos meg akar vizsg\u00e1lni, le kell tolni a nadr\u00e1got \u00e9s az als\u00f3nadr\u00e1got. Ez lehet\u0151s\u00e9g szerint legyen tiszta, \u00e9s ne legyen lyukas, vagy vonalk\u00f3dos- az ink\u00e1bb ciki, mint az eg\u00e9sz betegs\u00e9g. A doktor megvizsg\u00e1lja a l\u00e1gy\u00e9ki nyirokcsom\u00f3kat \u2013 megnyomorgatja a hajlatodat \u2013, \u00e9s megvizsg\u00e1lja a h\u00edmvessz\u0151t. Ezt Te tartod, \u00e9s forgatod \u00fagy, ahogyan mondja. Itt nem sz\u00e1m\u00edt, hogy kicsi-e vagy nagy. T\u00f6k l\u00e9nyegtelen \u2013 nem kell r\u00e1g\u00f6rcs\u00f6lni. Ha hozz\u00e1ny\u00fal, akkor ezt csak keszty\u0171ben teszi \u2013 nyugi. Ezek ut\u00e1n a h\u00fagycs\u0151ny\u00edl\u00e1st megnyitod, m\u00e9ghozz\u00e1 \u00fagy, hogy a k\u00e9t h\u00fcvelykujjaddal sz\u00e9th\u00fazod azt a ny\u00edl\u00e1st, amin pisilsz, mik\u00f6zben a t\u00f6bbi ujjaddal al\u00e1t\u00e1masztod a h\u00edmvesz\u0151t, hogy egyenes legyen. A vizsg\u00e1lat sor\u00e1n egy tompa (!) v\u00e9g\u0171 m\u0171anyag p\u00e1lc\u00e1t haszn\u00e1lnak, amit kb. 1-2 cm-re kell a h\u00fagycs\u0151ny\u00edl\u00e1sba felvezetni, \u00e9s onnan kell a mint\u00e1t venni. Ne menj pisilni k\u00f6zvetlen mintav\u00e9tel el\u0151tt!<br \/>\nElk\u00e9pzelhet\u0151, hogy az orvos a torkodba is ben\u00e9z, vagy a v\u00e9gb\u00e9lny\u00edl\u00e1sodb\u00f3l mint\u00e1t vesz vattap\u00e1lc\u00e1val. \u00c9rdemes odafigyelni a tisztas\u00e1gra, aznap reggel pedig k\u00fcl\u00f6n\u00f6sen!<br \/>\nA mintav\u00e9telhez egyes helyeken m\u00e9g haszn\u00e1lnak f\u00e9m v\u00e9g\u0171 p\u00e1lc\u00e1t. Ezt \u00fagy fert\u0151tlen\u00edtj\u00fck, hogy vizsg\u00e1lat el\u0151tt feh\u00e9r izz\u00e1sig felhev\u00edtj\u00fck g\u00e1zl\u00e1ng felett. Ne izgulj! Mire oda\u00e9r hozz\u00e1d, m\u00e1r nem meleg a p\u00e1lca.<br \/>\nRossz reflex: visszatartj\u00e1tok a leveg\u0151t mintav\u00e9telkor. Persze ett\u0151l el\u00e1jul az ember.<\/p>\n","protected":false},"excerpt":{"rendered":"<p><a href=\"https:\/\/semmelweis.hu\/biztonsagosszex\/files\/2018\/12\/pic_1329226779_892-1038x576-300x166.jpg\"><\/a> A vizsg\u00e1lat el\u0151sz\u00f6r besz\u00e9lget\u00e9ssel kezd\u0151dik. Elmondod a panaszaidat, mikor, hogyan kezd\u0151dtek, mit vett\u00e9l \u00e9szre magadon. Nem kell sz\u00e9gyenl\u0151snek lenned, nevezd nev\u00e9n a dolgokat: nyugodtan haszn\u00e1lhatod a h\u00edmvessz\u0151, a makk, a herezacsk\u00f3 szavakat. Senki nem fog kinevetni. Ha az orvos r\u00e1k\u00e9rdez, hogy fi\u00faval, vagy l\u00e1nnyal volt\u00e1l-e, nem az\u00e9rt teszi, mert a mag\u00e1n\u00e9letedben akar v\u00e1jk\u00e1lni, hanem ez &hellip;<\/p>\n","protected":false},"author":101265,"featured_media":0,"parent":2031,"menu_order":3,"comment_status":"closed","ping_status":"closed","template":"","meta":{"_acf_changed":false,"footnotes":""},"categories":[],"tags":[],"class_list":["post-963","page","type-page","status-publish","hentry"],"acf":[],"_links":{"self":[{"href":"https:\/\/semmelweis.hu\/biztonsagosszex\/wp-json\/wp\/v2\/pages\/963","targetHints":{"allow":["GET"]}}],"collection":[{"href":"https:\/\/semmelweis.hu\/biztonsagosszex\/wp-json\/wp\/v2\/pages"}],"about":[{"href":"https:\/\/semmelweis.hu\/biztonsagosszex\/wp-json\/wp\/v2\/types\/page"}],"author":[{"embeddable":true,"href":"https:\/\/semmelweis.hu\/biztonsagosszex\/wp-json\/wp\/v2\/users\/101265"}],"replies":[{"embeddable":true,"href":"https:\/\/semmelweis.hu\/biztonsagosszex\/wp-json\/wp\/v2\/comments?post=963"}],"version-history":[{"count":3,"href":"https:\/\/semmelweis.hu\/biztonsagosszex\/wp-json\/wp\/v2\/pages\/963\/revisions"}],"predecessor-version":[{"id":2066,"href":"https:\/\/semmelweis.hu\/biztonsagosszex\/wp-json\/wp\/v2\/pages\/963\/revisions\/2066"}],"up":[{"embeddable":true,"href":"https:\/\/semmelweis.hu\/biztonsagosszex\/wp-json\/wp\/v2\/pages\/2031"}],"wp:attachment":[{"href":"https:\/\/semmelweis.hu\/biztonsagosszex\/wp-json\/wp\/v2\/media?parent=963"}],"wp:term":[{"taxonomy":"category","embeddable":true,"href":"https:\/\/semmelweis.hu\/biztonsagosszex\/wp-json\/wp\/v2\/categories?post=963"},{"taxonomy":"post_tag","embeddable":true,"href":"https:\/\/semmelweis.hu\/biztonsagosszex\/wp-json\/wp\/v2\/tags?post=963"}],"curies":[{"name":"wp","href":"https:\/\/api.w.org\/{rel}","templated":true}]}}