{"id":962,"date":"2018-11-28T00:00:00","date_gmt":"2018-11-27T23:00:00","guid":{"rendered":"http:\/\/semmelweis.hu\/biztonsagosszex\/faj-a-fiuk-vizsgalata\/"},"modified":"2018-12-04T12:23:33","modified_gmt":"2018-12-04T11:23:33","slug":"faj-a-fiuk-vizsgalata","status":"publish","type":"page","link":"https:\/\/semmelweis.hu\/biztonsagosszex\/altalanos-tudnivalok\/az-orvosi-vizsgalatrol\/faj-a-fiuk-vizsgalata\/","title":{"rendered":"F\u00e1j a fi\u00fak vizsg\u00e1lata?"},"content":{"rendered":"<p><a href=\"https:\/\/semmelweis.hu\/biztonsagosszex\/files\/2018\/12\/pic_1329226971_922-283x300.jpg\"><img loading=\"lazy\" decoding=\"async\" class=\" wp-image-1229 alignleft\" src=\"https:\/\/semmelweis.hu\/biztonsagosszex\/files\/2018\/12\/pic_1329226971_922-283x300.jpg\" alt=\"\" width=\"241\" height=\"255\" srcset=\"https:\/\/semmelweis.hu\/biztonsagosszex\/files\/2018\/12\/pic_1329226971_922-283x300.jpg 283w, https:\/\/semmelweis.hu\/biztonsagosszex\/files\/2018\/12\/pic_1329226971_922.jpg 378w\" sizes=\"auto, (max-width: 241px) 100vw, 241px\" \/><\/a>Nem f\u00e1j, csak kicsit kellemetlen. A h\u00fagycs\u0151b\u0151l kell mint\u00e1t nyerni a teny\u00e9szt\u00e9shez, ehhez maximum 2cm-ig kell fel\u00e9rni a h\u00fagycs\u0151be. A p\u00e1lc\u00e1s vizsg\u00e1lat egy\u00e1ltal\u00e1n nem f\u00e1j, ha vattap\u00e1lc\u00e1val vizsg\u00e1lnak, akkor a ny\u00e1lkah\u00e1rty\u00e1d \u00e9rz\u00e9keny lehet. Sajnos, ha gyulladt a h\u00fagycs\u00f6ved, akkor minden f\u00e1j, m\u00e9g a pisil\u00e9s is, teh\u00e1t a vizsg\u00e1lat is kicsit kellemetlenebb. Szerencs\u00e9re gyorsan t\u00fal lehet rajta esni. A vizsg\u00e1latn\u00e1l a b\u0151rt h\u00e1tra kell h\u00fazni, \u00e9s k\u00e9t oldalr\u00f3l a h\u00edmvessz\u0151det al\u00e1t\u00e1masztani. A k\u00e9t h\u00fcvelykujjaddal ezut\u00e1n sz\u00e9tnyitod a h\u00fagycs\u0151ny\u00edl\u00e1sodat, \u00e9s megpr\u00f3b\u00e1lsz nyugton maradni egy p\u00e1r pillanatig.<\/p>\n<p>A betegs\u00e9ged t\u00edpus\u00e1t\u00f3l f\u00fcgg\u0151en lehet, hogy mint\u00e1t kell venni a torkodb\u00f3l, vagy a v\u00e9gb\u00e9lny\u00edl\u00e1sodb\u00f3l egy vattap\u00e1lca seg\u00edts\u00e9g\u00e9vel\u2026 nem fog f\u00e1jni.<\/p>\n","protected":false},"excerpt":{"rendered":"<p><a href=\"https:\/\/semmelweis.hu\/biztonsagosszex\/files\/2018\/12\/pic_1329226971_922-283x300.jpg\"><\/a> Nem f\u00e1j, csak kicsit kellemetlen. A h\u00fagycs\u0151b\u0151l kell mint\u00e1t nyerni a teny\u00e9szt\u00e9shez, ehhez maximum 2cm-ig kell fel\u00e9rni a h\u00fagycs\u0151be. A p\u00e1lc\u00e1s vizsg\u00e1lat egy\u00e1ltal\u00e1n nem f\u00e1j, ha vattap\u00e1lc\u00e1val vizsg\u00e1lnak, akkor a ny\u00e1lkah\u00e1rty\u00e1d \u00e9rz\u00e9keny lehet. Sajnos, ha gyulladt a h\u00fagycs\u00f6ved, akkor minden f\u00e1j, m\u00e9g a pisil\u00e9s is, teh\u00e1t a vizsg\u00e1lat is kicsit kellemetlenebb. Szerencs\u00e9re gyorsan t\u00fal lehet &hellip;<\/p>\n","protected":false},"author":101265,"featured_media":0,"parent":2031,"menu_order":2,"comment_status":"closed","ping_status":"closed","template":"","meta":{"_acf_changed":false,"footnotes":""},"categories":[],"tags":[],"class_list":["post-962","page","type-page","status-publish","hentry"],"acf":[],"_links":{"self":[{"href":"https:\/\/semmelweis.hu\/biztonsagosszex\/wp-json\/wp\/v2\/pages\/962","targetHints":{"allow":["GET"]}}],"collection":[{"href":"https:\/\/semmelweis.hu\/biztonsagosszex\/wp-json\/wp\/v2\/pages"}],"about":[{"href":"https:\/\/semmelweis.hu\/biztonsagosszex\/wp-json\/wp\/v2\/types\/page"}],"author":[{"embeddable":true,"href":"https:\/\/semmelweis.hu\/biztonsagosszex\/wp-json\/wp\/v2\/users\/101265"}],"replies":[{"embeddable":true,"href":"https:\/\/semmelweis.hu\/biztonsagosszex\/wp-json\/wp\/v2\/comments?post=962"}],"version-history":[{"count":3,"href":"https:\/\/semmelweis.hu\/biztonsagosszex\/wp-json\/wp\/v2\/pages\/962\/revisions"}],"predecessor-version":[{"id":2067,"href":"https:\/\/semmelweis.hu\/biztonsagosszex\/wp-json\/wp\/v2\/pages\/962\/revisions\/2067"}],"up":[{"embeddable":true,"href":"https:\/\/semmelweis.hu\/biztonsagosszex\/wp-json\/wp\/v2\/pages\/2031"}],"wp:attachment":[{"href":"https:\/\/semmelweis.hu\/biztonsagosszex\/wp-json\/wp\/v2\/media?parent=962"}],"wp:term":[{"taxonomy":"category","embeddable":true,"href":"https:\/\/semmelweis.hu\/biztonsagosszex\/wp-json\/wp\/v2\/categories?post=962"},{"taxonomy":"post_tag","embeddable":true,"href":"https:\/\/semmelweis.hu\/biztonsagosszex\/wp-json\/wp\/v2\/tags?post=962"}],"curies":[{"name":"wp","href":"https:\/\/api.w.org\/{rel}","templated":true}]}}