{"id":956,"date":"2018-11-28T00:00:00","date_gmt":"2018-11-27T23:00:00","guid":{"rendered":"http:\/\/semmelweis.hu\/biztonsagosszex\/anatomiai-alapok\/"},"modified":"2018-12-04T11:09:03","modified_gmt":"2018-12-04T10:09:03","slug":"nemi-szervek","status":"publish","type":"page","link":"https:\/\/semmelweis.hu\/biztonsagosszex\/altalanos-tudnivalok\/anatomiai-alapok\/nemi-szervek\/","title":{"rendered":"Nemi szervek"},"content":{"rendered":"<p><strong><a href=\"https:\/\/semmelweis.hu\/biztonsagosszex\/files\/2018\/12\/pic_1329227214_4381-869x576-300x199.jpg\"><img loading=\"lazy\" decoding=\"async\" class=\"size-medium wp-image-1234 alignleft\" src=\"https:\/\/semmelweis.hu\/biztonsagosszex\/files\/2018\/12\/pic_1329227214_4381-869x576-300x199.jpg\" alt=\"\" width=\"300\" height=\"199\" srcset=\"https:\/\/semmelweis.hu\/biztonsagosszex\/files\/2018\/12\/pic_1329227214_4381-869x576-300x199.jpg 300w, https:\/\/semmelweis.hu\/biztonsagosszex\/files\/2018\/12\/pic_1329227214_4381-869x576-768x509.jpg 768w, https:\/\/semmelweis.hu\/biztonsagosszex\/files\/2018\/12\/pic_1329227214_4381-869x576-753x499.jpg 753w, https:\/\/semmelweis.hu\/biztonsagosszex\/files\/2018\/12\/pic_1329227214_4381-869x576-203x135.jpg 203w, https:\/\/semmelweis.hu\/biztonsagosszex\/files\/2018\/12\/pic_1329227214_4381-869x576.jpg 869w\" sizes=\"auto, (max-width: 300px) 100vw, 300px\" \/><\/a>A k\u00fcls\u0151 n\u0151i nemi szervek<\/strong><br \/>\nA n\u0151i nemi szerveket k\u00fcls\u0151-\u00e9s bels\u0151 r\u00e9szekre osztjuk. El\u0151bbihez a szem\u00e9remdomb, a kis- \u00e9s nagyajkak, a h\u00fcvely, a Bartholin-mirigyek \u00e9s a csikl\u00f3 tartoznak, m\u00edg a m\u00e1sik csoportba a m\u00e9h, a m\u00e9hk\u00fcrt\u00f6k vagy petevezet\u00e9kek \u00e9s a petef\u00e9szkek.\u00a0 N\u00e9h\u00e1ny sz\u00f3ban r\u00e9szletesebben:<br \/>\nA szem\u00e9remdomb a szem\u00e9remtest felett l\u00e9v\u0151 t\u00e1j\u00e9k, melynek zs\u00edrp\u00e1rn\u00e1ja a nemi \u00e9r\u00e9skor (a serd\u00fcl\u0151korban) nyeri el v\u00e9gs\u0151 kidomborod\u00f3, kiemelked\u0151 alakj\u00e1t.<br \/>\nA nagy szem\u00e9remajkak a h\u00fcvelybemenet k\u00e9t oldal\u00e1n elhelyezked\u0151, zs\u00edrsz\u00f6vettel kip\u00e1rn\u00e1zott b\u0151rred\u0151k. Ez alatt kiss\u00e9 beljebb h\u00faz\u00f3dnak a finomabb b\u0151rred\u0151kb\u0151l \u00e1ll\u00f3 kis szem\u00e9remajkak. A nagy szem\u00e9remajkak m\u00f6g\u00f6tti, a h\u00fcvely \u00e9s a v\u00e9gb\u00e9lny\u00edl\u00e1s k\u00f6z\u00f6tti ter\u00fcletet g\u00e1tnak nevezz\u00fck. A kis szem\u00e9remajkak k\u00f6z\u00f6tt ny\u00edlik a h\u00fcvely k\u00fcls\u0151 ny\u00edl\u00e1sa. Ennek bemeneti r\u00e9sz\u00e9be (\u00fan. h\u00fcvelytorn\u00e1cba) ny\u00edlnak a Bartholin-mirigyek kivezet\u0151 cs\u00f6vei, melyek a h\u00fcvely s\u00edkoss\u00e1g\u00e1t, nedvess\u00e9g\u00e9t biztos\u00edtj\u00e1k. A h\u00fcvelybemenetben foglal helyet a rugalmas rostokban gazdag, b\u0151ven erezett, k\u00f6t\u0151sz\u00f6vetb\u0151l \u00e1ll\u00f3 lemez, a sz\u0171zh\u00e1rtya. A h\u00fcvely 6-10 cm hossz\u00fa, ny\u00e1lkah\u00e1rty\u00e1val b\u00e9lelt, simaizomzattal k\u00f6r\u00fclvett rugalmas cs\u0151, melynek ny\u00e1lkah\u00e1rty\u00e1j\u00e1n l\u00e9v\u0151 saj\u00e1tos bakt\u00e9riumok (lactobacillusok) tejsavat termelnek, amely v\u00e9delmet ny\u00fajt m\u00e1s bakt\u00e9riumok elszaporod\u00e1sa ellen. A h\u00fcvely fels\u0151 v\u00e9g\u00e9n foglal helyet a m\u00e9hnyak, a k\u00f6z\u00e9pen l\u00e9v\u0151 m\u00e9hsz\u00e1jjal. A csikl\u00f3 a h\u00fcvelybemenet el\u0151tt helyezkedi el, ahol a kis ajkak fel\u00fcl tal\u00e1lkoznak. Benne barlangos testek tal\u00e1lhat\u00f3ak, amelyek nemi izgalom hat\u00e1s\u00e1ra v\u00e9rrel tel\u00edt\u0151dnek, \u00e9s csikl\u00f3mereved\u00e9st okoznak. A csikl\u00f3 alatt k\u00f6zvetlen\u00fcl a h\u00fagycs\u0151 ny\u00edl\u00e1sa lelhet\u0151 fel.<\/p>\n<p><strong>A bels\u0151 n\u0151i nemi szervek<\/strong><br \/>\nA m\u00e9h k\u00f6rte alak\u00fa, kb. 10\u201311 cm hossz\u00fa szerv. A h\u00fagyh\u00f3lyag \u00e9s a v\u00e9gb\u00e9l k\u00f6z\u00f6tt helyezkedik el. A h\u00fcvely fels\u0151 v\u00e9g\u00e9ben l\u00e9v\u0151 ny\u00edl\u00e1s\u00e1t ny\u00e1kcsap z\u00e1rja el a h\u00fcvelyben \u00e9l\u0151sk\u00f6d\u0151 bakt\u00e9riumok behatol\u00e1s\u00e1val szemben. A h\u00e1romsz\u00f6g alak\u00fa m\u00e9h\u00fcregb\u0151l ny\u00edlik k\u00e9toldat a m\u00e9hk\u00fcrt vagy petevezet\u0151. A petevezet\u00e9k m\u00e1sik v\u00e9g\u00e9n \u00f6b\u00f6lszer\u0171en kit\u00e1gul, \u00e9s e t\u00e1gul\u00e1s k\u00f6r\u00fcl \u201erojtokhoz\u201d hasonl\u00f3 k\u00e9pz\u0151dm\u00e9nyek vannak, melyek r\u00e1borulnak f\u00e9lk\u00f6r\u00edvben a petef\u00e9szkekre. A petef\u00e9szek p\u00e1ros szerv, a m\u00e9h k\u00e9t oldal\u00e1b\u00f3l ny\u00edl\u00f3 petevezet\u00e9kek v\u00e9g\u00e9n tal\u00e1lhat\u00f3 f\u00e9l mandula nagys\u00e1g\u00fa k\u00e9pz\u0151dm\u00e9nyek. A m\u00e9h fal\u00e1hoz \u00e9s a hash\u00e1rty\u00e1hoz is szalagok r\u00f6gz\u00edtik. A petef\u00e9szek \u00e1llom\u00e1ny\u00e1ban k\u00f6t\u0151sz\u00f6vetbe \u00e1gyazva k\u00fcl\u00f6nb\u00f6z\u0151 \u00e9retts\u00e9g\u0171 t\u00fcsz\u0151k l\u00e1that\u00f3k.<\/p>\n<figure id=\"attachment_1989\" class=\"wp-caption aligncenter\" style=\"width: 499px;\">\n<p><figure id=\"attachment_1989\" aria-describedby=\"caption-attachment-1989\" style=\"width: 499px\" class=\"wp-caption aligncenter\"><a href=\"https:\/\/semmelweis.hu\/biztonsagosszex\/files\/2018\/12\/b8_162_3.jpg\"><img loading=\"lazy\" decoding=\"async\" class=\"wp-image-1989\" src=\"https:\/\/semmelweis.hu\/biztonsagosszex\/files\/2018\/12\/b8_162_3-300x119.jpg\" alt=\"\" width=\"499\" height=\"198\" \/><\/a><figcaption id=\"caption-attachment-1989\" class=\"wp-caption-text\">A k\u00fcls\u0151 \u00e9s bels\u0151 n\u0151i nemi szervek<\/figcaption><\/figure><\/figure>\n<p>&nbsp;<\/p>\n<p><strong>A f\u00e9rfi nemi szervek<\/strong><br \/>\nA f\u00e9rfi nemi szervrendszer a h\u00fagycs\u0151b\u0151l, a prosztat\u00e1b\u00f3l, a her\u00e9kb\u0151l, a herezacsk\u00f3b\u00f3l, az ond\u00f3vezet\u00e9kb\u0151l, az ond\u00f3h\u00f3lyagb\u00f3l \u00e9s a h\u00edmvessz\u0151b\u0151l \u00e1ll.<br \/>\nA p\u00e9nisz henger alak\u00fa szerv, melynek v\u00e9g\u00e9n az \u00e9rz\u0151idegekben gazdag makk tal\u00e1lhat\u00f3. A makkot a p\u00e9nisz test\u00e9t\u0151l egy bar\u00e1zda v\u00e1lasztja el \u00e9s k\u00edv\u00fclr\u0151l a fityma fedi. A p\u00e9nisz eg\u00e9sz hossz\u00e1ban h\u00e1rom szivacsos szerkezet\u0171 test fut v\u00e9gig. Ezek k\u00f6z\u00fcl a k\u00e9t barlangos test a p\u00e9nisz fels\u0151 r\u00e9sz\u00e9n, egym\u00e1ssal p\u00e1rhuzamosan halad, a marad\u00e9k egy szivacsos test pedig az als\u00f3 oldal\u00e1n. Az ut\u00f3bbiban fekszik a h\u00fagycs\u0151 amelyen \u00e1t a vizelet \u00e9s az ond\u00f3 is \u2013 m\u00e1s-m\u00e1s id\u0151ben \u2013 ki\u00fcr\u00fclhet.<br \/>\nA prosztata vagy d\u00fclmirigy a f\u00e9rfi bels\u0151 nemi szervekhez tartoz\u00f3 nemi mirigy. Az \u00e1ltala termelt v\u00e1lad\u00e9k, a prosztatav\u00e1lad\u00e9k a h\u00edmivarsejtekkel \u00e9s az ond\u00f3h\u00f3lyag v\u00e1lad\u00e9k\u00e1val egy\u00fctt k\u00e9pezi az ond\u00f3t. Feln\u0151tt f\u00e9rfiakn\u00e1l kb. 20g t\u00f6meg\u0171, szel\u00eddgesztenye nagys\u00e1g\u00fa szerv. A h\u00fagyh\u00f3lyag alatt, az abba csatlakoz\u00f3 h\u00fagycs\u00f6vet k\u00f6r\u00fclv\u00e9ve helyezkedik el.<br \/>\nA herezacsk\u00f3 a h\u00edmvessz\u0151 \u00e9s a v\u00e9gb\u00e9lny\u00edl\u00e1s, valamint a combok k\u00f6z\u00f6tt tal\u00e1lhat\u00f3, izomrostokkal \u00e1tsz\u0151tt b\u0151rtasak, amelyben a k\u00e9t here helyezkedik el. A here p\u00e1ros, szilva alak\u00fa szerv, mely a herezacsk\u00f3ban foglal helyet, funkci\u00f3ja a h\u00edmivarsejtek (spermiumok) k\u00e9pz\u00e9se, valamint a f\u00e9rfi nemi hormon, a tesztoszteron termel\u00e9se.<\/p>\n<figure id=\"attachment_2013\" aria-describedby=\"caption-attachment-2013\" style=\"width: 455px\" class=\"wp-caption aligncenter\"><a href=\"https:\/\/semmelweis.hu\/biztonsagosszex\/files\/2018\/12\/ferfinemiszerv.jpeg\"><img loading=\"lazy\" decoding=\"async\" class=\"wp-image-2013\" src=\"https:\/\/semmelweis.hu\/biztonsagosszex\/files\/2018\/12\/ferfinemiszerv.jpeg\" alt=\"\" width=\"455\" height=\"335\" \/><\/a><figcaption id=\"caption-attachment-2013\" class=\"wp-caption-text\">A f\u00e9rfi nemi szervek<\/figcaption><\/figure>\n","protected":false},"excerpt":{"rendered":"<p><a href=\"https:\/\/semmelweis.hu\/biztonsagosszex\/files\/2018\/12\/pic_1329227214_4381-869x576-300x199.jpg\"><\/a> A k\u00fcls\u0151 n\u0151i nemi szervek A n\u0151i nemi szerveket k\u00fcls\u0151-\u00e9s bels\u0151 r\u00e9szekre osztjuk. El\u0151bbihez a szem\u00e9remdomb, a kis- \u00e9s nagyajkak, a h\u00fcvely, a Bartholin-mirigyek \u00e9s a csikl\u00f3 tartoznak, m\u00edg a m\u00e1sik csoportba a m\u00e9h, a m\u00e9hk\u00fcrt\u00f6k vagy petevezet\u00e9kek \u00e9s a petef\u00e9szkek.\u00a0 N\u00e9h\u00e1ny sz\u00f3ban r\u00e9szletesebben: A szem\u00e9remdomb a szem\u00e9remtest felett l\u00e9v\u0151 t\u00e1j\u00e9k, melynek zs\u00edrp\u00e1rn\u00e1ja a nemi &hellip;<\/p>\n","protected":false},"author":101265,"featured_media":0,"parent":2009,"menu_order":1,"comment_status":"closed","ping_status":"closed","template":"","meta":{"_acf_changed":false,"footnotes":""},"categories":[],"tags":[],"class_list":["post-956","page","type-page","status-publish","hentry"],"acf":[],"_links":{"self":[{"href":"https:\/\/semmelweis.hu\/biztonsagosszex\/wp-json\/wp\/v2\/pages\/956","targetHints":{"allow":["GET"]}}],"collection":[{"href":"https:\/\/semmelweis.hu\/biztonsagosszex\/wp-json\/wp\/v2\/pages"}],"about":[{"href":"https:\/\/semmelweis.hu\/biztonsagosszex\/wp-json\/wp\/v2\/types\/page"}],"author":[{"embeddable":true,"href":"https:\/\/semmelweis.hu\/biztonsagosszex\/wp-json\/wp\/v2\/users\/101265"}],"replies":[{"embeddable":true,"href":"https:\/\/semmelweis.hu\/biztonsagosszex\/wp-json\/wp\/v2\/comments?post=956"}],"version-history":[{"count":9,"href":"https:\/\/semmelweis.hu\/biztonsagosszex\/wp-json\/wp\/v2\/pages\/956\/revisions"}],"predecessor-version":[{"id":2025,"href":"https:\/\/semmelweis.hu\/biztonsagosszex\/wp-json\/wp\/v2\/pages\/956\/revisions\/2025"}],"up":[{"embeddable":true,"href":"https:\/\/semmelweis.hu\/biztonsagosszex\/wp-json\/wp\/v2\/pages\/2009"}],"wp:attachment":[{"href":"https:\/\/semmelweis.hu\/biztonsagosszex\/wp-json\/wp\/v2\/media?parent=956"}],"wp:term":[{"taxonomy":"category","embeddable":true,"href":"https:\/\/semmelweis.hu\/biztonsagosszex\/wp-json\/wp\/v2\/categories?post=956"},{"taxonomy":"post_tag","embeddable":true,"href":"https:\/\/semmelweis.hu\/biztonsagosszex\/wp-json\/wp\/v2\/tags?post=956"}],"curies":[{"name":"wp","href":"https:\/\/api.w.org\/{rel}","templated":true}]}}