{"id":948,"date":"2018-11-28T00:00:00","date_gmt":"2018-11-27T23:00:00","guid":{"rendered":"http:\/\/semmelweis.hu\/biztonsagosszex\/tevhitek-az-orvosi-vizsgalattal-kapcsolatban\/"},"modified":"2018-12-04T11:50:56","modified_gmt":"2018-12-04T10:50:56","slug":"tevhitek-az-orvosi-vizsgalattal-kapcsolatban","status":"publish","type":"page","link":"https:\/\/semmelweis.hu\/biztonsagosszex\/altalanos-tudnivalok\/az-orvosi-vizsgalatrol\/tevhitek-az-orvosi-vizsgalattal-kapcsolatban\/","title":{"rendered":"T\u00e9vhitek az orvosi vizsg\u00e1lattal kapcsolatban"},"content":{"rendered":"<p><a href=\"https:\/\/semmelweis.hu\/biztonsagosszex\/files\/2018\/12\/pic_1329227044_5731-1038x576-300x166.jpg\"><img loading=\"lazy\" decoding=\"async\" class=\"alignleft wp-image-1232 size-medium\" src=\"https:\/\/semmelweis.hu\/biztonsagosszex\/files\/2018\/12\/pic_1329227044_5731-1038x576-300x166.jpg\" alt=\"\" width=\"300\" height=\"166\" srcset=\"https:\/\/semmelweis.hu\/biztonsagosszex\/files\/2018\/12\/pic_1329227044_5731-1038x576-300x166.jpg 300w, https:\/\/semmelweis.hu\/biztonsagosszex\/files\/2018\/12\/pic_1329227044_5731-1038x576-768x426.jpg 768w, https:\/\/semmelweis.hu\/biztonsagosszex\/files\/2018\/12\/pic_1329227044_5731-1038x576-1024x568.jpg 1024w, https:\/\/semmelweis.hu\/biztonsagosszex\/files\/2018\/12\/pic_1329227044_5731-1038x576-753x418.jpg 753w, https:\/\/semmelweis.hu\/biztonsagosszex\/files\/2018\/12\/pic_1329227044_5731-1038x576.jpg 1038w\" sizes=\"auto, (max-width: 300px) 100vw, 300px\" \/><\/a><\/p>\n<ol>\n<li><strong> T\u0170ZZEL-VASSAL VESZIK A MINT\u00c1T.<\/strong> Ha steriliz\u00e1lhat\u00f3 p\u00e1lc\u00e1val veszik a mint\u00e1t, azt k\u00f6zvetlen\u00fcl a mintav\u00e9tel el\u0151tt fel kell hev\u00edteni l\u00e1ng felett, izz\u00e1sig. Ezzel fert\u0151tlen\u00edtj\u00fck a f\u00e9met. Mire az a beteghez k\u00f6zel ker\u00fcl, m\u00e1r megint szobah\u0151m\u00e9rs\u00e9klet\u0171v\u00e9 v\u00e1lik.<\/li>\n<li><strong>F\u00c1J A VIZSG\u00c1LAT, \u00c9S M\u00c9G UT\u00c1NA 1 H\u00c9TIG. <\/strong>Nem f\u00e1j a vizsg\u00e1lat, maximum kicsit kellemetlen. Sajnos orvosn\u00e1l ez el\u0151fordul. H\u00fagycs\u0151b\u0151l val\u00f3 mintav\u00e9tel ut\u00e1n m\u00e9g max. 1 napig kicsit \u00e9g\u0151 \u00e9rz\u00e9s lehet, ha a ny\u00e1lkah\u00e1rtya gyullad\u00e1sban volt.<\/li>\n<li><strong>ELKAPSZ VALAMIT A RENDEL\u0150BEN, A VIZSG\u00c1LAT SOR\u00c1N. <\/strong>Ez egy gyakori t\u00e9vhit, de term\u00e9szetesen nem igaz. Minden, ami a b\u0151r\u00f6dh\u00f6z \u00e9s \/ vagy a ny\u00e1lkah\u00e1rty\u00e1dra ker\u00fcl, steril \u00e9s egyszer haszn\u00e1latos. Azonk\u00edv\u00fcl ne felejts\u00fck el, hogy hogyan is terjednek a nemi betegs\u00e9gek! <img decoding=\"async\" src=\"https:\/\/semmelweis.hu\/biztonsagosszex\/files\/2018\/12\/icon_smile.gif\" alt=\":-)\" \/><\/li>\n<li><strong>NE FOGD MEG A KILINCSET, MERT MEGBETEGSZEL. <\/strong>Gyakori hiedelem, b\u0151rgy\u00f3gy\u00e1szaton \u00e9s nemigy\u00f3gy\u00e1szaton szint\u00e9n. Tudom\u00e1nyos alapja semmi. Nemi fert\u0151z\u00e9st kilincst\u0151l m\u00e9g soha senki nem kapott, nem is fog. Persze a norm\u00e1l higienet be kell tartani, ha haza\u00e9rsz, moss kezet \u00fagy, mint mindig.<\/li>\n<li><strong>A V\u00c9RV\u00c9TELN\u00c9L KAPOD EL A FERT\u0150Z\u00c9ST. <\/strong>Nem kaphatsz el fert\u0151z\u00e9st v\u00e9rv\u00e9teln\u00e9l. Steril, egyszer haszn\u00e1latos t\u0171vel \u00e9s fecskend\u0151vel dolgozunk, amit r\u00f6gt\u00f6n a v\u00e9rv\u00e9tel ut\u00e1n az \u00fan. vesz\u00e9lyes hullad\u00e9kok k\u00f6z\u00e9 kell dobni.<\/li>\n<li><strong>H\u00dcVELY\u00d6BL\u00cdT\u00c9ST KELL V\u00c9GEZNI N\u0150GY\u00d3GY\u00c1SZATI VIZSG\u00c1LAT EL\u0150TT. <\/strong>Ha h\u00fcvely\u00f6bl\u00edt\u00e9st v\u00e9gzel a vizsg\u00e1lat el\u0151tt, 24 \u00f3r\u00e1n bel\u00fcl, akkor teljesen fals k\u00e9pet fog kapni a vizsg\u00e1l\u00f3 a h\u00fcvelyben lak\u00f3 fl\u00f3r\u00e1dr\u00f3l. El\u00e9g megmosakodni k\u00edv\u00fclr\u0151l szappannal \u00e9s meleg v\u00edzzel a vizsg\u00e1lat el\u0151tt.<\/li>\n<li><strong>BOROTV\u00c1LKOZNI KELL VIZSG\u00c1LAT EL\u0150TT! <\/strong>Nem sz\u00fcks\u00e9ges borotv\u00e1lkozni a vizsg\u00e1lat el\u0151tt. Term\u00e9szetesen, ha Te \u00fagy \u00e9rzed j\u00f3l magad, tedd, de csak emiatt nem kell epil\u00e1lnod. A vizsg\u00e1latot nem zavarja, az orvos tud \u201e\u00fagy is\u201d t\u00e1j\u00e9koz\u00f3dni Rajtad.<\/li>\n<\/ol>\n","protected":false},"excerpt":{"rendered":"<p><a href=\"https:\/\/semmelweis.hu\/biztonsagosszex\/files\/2018\/12\/pic_1329227044_5731-1038x576-300x166.jpg\"><\/a> T\u0170ZZEL-VASSAL VESZIK A MINT\u00c1T. Ha steriliz\u00e1lhat\u00f3 p\u00e1lc\u00e1val veszik a mint\u00e1t, azt k\u00f6zvetlen\u00fcl a mintav\u00e9tel el\u0151tt fel kell hev\u00edteni l\u00e1ng felett, izz\u00e1sig. Ezzel fert\u0151tlen\u00edtj\u00fck a f\u00e9met. Mire az a beteghez k\u00f6zel ker\u00fcl, m\u00e1r megint szobah\u0151m\u00e9rs\u00e9klet\u0171v\u00e9 v\u00e1lik. F\u00c1J A VIZSG\u00c1LAT, \u00c9S M\u00c9G UT\u00c1NA 1 H\u00c9TIG. Nem f\u00e1j a vizsg\u00e1lat, maximum kicsit kellemetlen. Sajnos orvosn\u00e1l ez el\u0151fordul. H\u00fagycs\u0151b\u0151l &hellip;<\/p>\n","protected":false},"author":101265,"featured_media":0,"parent":2031,"menu_order":1,"comment_status":"closed","ping_status":"closed","template":"","meta":{"_acf_changed":false,"footnotes":""},"categories":[],"tags":[],"class_list":["post-948","page","type-page","status-publish","hentry"],"acf":[],"_links":{"self":[{"href":"https:\/\/semmelweis.hu\/biztonsagosszex\/wp-json\/wp\/v2\/pages\/948","targetHints":{"allow":["GET"]}}],"collection":[{"href":"https:\/\/semmelweis.hu\/biztonsagosszex\/wp-json\/wp\/v2\/pages"}],"about":[{"href":"https:\/\/semmelweis.hu\/biztonsagosszex\/wp-json\/wp\/v2\/types\/page"}],"author":[{"embeddable":true,"href":"https:\/\/semmelweis.hu\/biztonsagosszex\/wp-json\/wp\/v2\/users\/101265"}],"replies":[{"embeddable":true,"href":"https:\/\/semmelweis.hu\/biztonsagosszex\/wp-json\/wp\/v2\/comments?post=948"}],"version-history":[{"count":10,"href":"https:\/\/semmelweis.hu\/biztonsagosszex\/wp-json\/wp\/v2\/pages\/948\/revisions"}],"predecessor-version":[{"id":2054,"href":"https:\/\/semmelweis.hu\/biztonsagosszex\/wp-json\/wp\/v2\/pages\/948\/revisions\/2054"}],"up":[{"embeddable":true,"href":"https:\/\/semmelweis.hu\/biztonsagosszex\/wp-json\/wp\/v2\/pages\/2031"}],"wp:attachment":[{"href":"https:\/\/semmelweis.hu\/biztonsagosszex\/wp-json\/wp\/v2\/media?parent=948"}],"wp:term":[{"taxonomy":"category","embeddable":true,"href":"https:\/\/semmelweis.hu\/biztonsagosszex\/wp-json\/wp\/v2\/categories?post=948"},{"taxonomy":"post_tag","embeddable":true,"href":"https:\/\/semmelweis.hu\/biztonsagosszex\/wp-json\/wp\/v2\/tags?post=948"}],"curies":[{"name":"wp","href":"https:\/\/api.w.org\/{rel}","templated":true}]}}