{"id":675,"date":"2018-11-28T00:00:00","date_gmt":"2018-11-27T23:00:00","guid":{"rendered":"http:\/\/semmelweis.hu\/biztonsagosszex\/mi-az-az-std\/"},"modified":"2018-12-04T15:12:24","modified_gmt":"2018-12-04T14:12:24","slug":"mi-az-az-std","status":"publish","type":"page","link":"https:\/\/semmelweis.hu\/biztonsagosszex\/altalanos-tudnivalok\/std\/mi-az-az-std\/","title":{"rendered":"Mi az az STD?"},"content":{"rendered":"<p><a href=\"https:\/\/semmelweis.hu\/biztonsagosszex\/files\/2018\/12\/std-1038x576.jpg\"><img loading=\"lazy\" decoding=\"async\" class=\"size-medium wp-image-1905 alignleft\" src=\"https:\/\/semmelweis.hu\/biztonsagosszex\/files\/2018\/12\/std-1038x576-300x166.jpg\" alt=\"\" width=\"300\" height=\"166\" srcset=\"https:\/\/semmelweis.hu\/biztonsagosszex\/files\/2018\/12\/std-1038x576-300x166.jpg 300w, https:\/\/semmelweis.hu\/biztonsagosszex\/files\/2018\/12\/std-1038x576-768x426.jpg 768w, https:\/\/semmelweis.hu\/biztonsagosszex\/files\/2018\/12\/std-1038x576-1024x568.jpg 1024w, https:\/\/semmelweis.hu\/biztonsagosszex\/files\/2018\/12\/std-1038x576-753x418.jpg 753w, https:\/\/semmelweis.hu\/biztonsagosszex\/files\/2018\/12\/std-1038x576.jpg 1038w\" sizes=\"auto, (max-width: 300px) 100vw, 300px\" \/><\/a>Az STD egy angol r\u00f6vid\u00edt\u00e9s: sexually transmitted deseases (nemi \u00faton terjed\u0151 betegs\u00e9gek), amelynek egy modernebb v\u00e1ltozata az STI (sexually transmitted infections, nemi \u00faton terjed\u0151 fert\u0151z\u00e9sek). Magyarorsz\u00e1gon STD-vel els\u0151sorban a b\u0151r- \u00e9s nemigy\u00f3gy\u00e1szok foglalkoznak, m\u00e9ghozz\u00e1 az\u00e9rt, mert ezeknek a betegs\u00e9geknek nagyon sokszor csak b\u0151rt\u00fcnet\u00fck van, vagy a nemi t\u00e1j\u00e9kon jelentkez\u0151 ny\u00e1lkah\u00e1rtya- \u00e9s b\u0151rt\u00fcnet\u00fck. A n\u0151gy\u00f3gy\u00e1szok \u00e9s urol\u00f3gusok (a f\u00e9rfi nemi szervekkel, h\u00fagyh\u00f3lyaggal, ves\u00e9kkel foglalkoz\u00f3 orvosok), infektol\u00f3gusok (fert\u0151z\u0151 betegs\u00e9gekkel foglalkoz\u00f3 belgy\u00f3gy\u00e1sz szakorvosok) term\u00e9szetesen tal\u00e1lkoznak ezekkel a betegs\u00e9gekkel \u00e9s gy\u00f3gy\u00edthatj\u00e1k is \u0151ket. A t\u00f6bbi orvosi szakma tud ezekr\u0151l a betegs\u00e9gekr\u0151l, de nem foglalkoznak vele, hanem hozz\u00e1nk, szakemberekhez ir\u00e1ny\u00edtj\u00e1k a fert\u0151z\u00f6tteket.<\/p>\n","protected":false},"excerpt":{"rendered":"<p><a href=\"https:\/\/semmelweis.hu\/biztonsagosszex\/files\/2018\/12\/std-1038x576.jpg\"><\/a> Az STD egy angol r\u00f6vid\u00edt\u00e9s: sexually transmitted deseases (nemi \u00faton terjed\u0151 betegs\u00e9gek), amelynek egy modernebb v\u00e1ltozata az STI (sexually transmitted infections, nemi \u00faton terjed\u0151 fert\u0151z\u00e9sek). Magyarorsz\u00e1gon STD-vel els\u0151sorban a b\u0151r- \u00e9s nemigy\u00f3gy\u00e1szok foglalkoznak, m\u00e9ghozz\u00e1 az\u00e9rt, mert ezeknek a betegs\u00e9geknek nagyon sokszor csak b\u0151rt\u00fcnet\u00fck van, vagy a nemi t\u00e1j\u00e9kon jelentkez\u0151 ny\u00e1lkah\u00e1rtya- \u00e9s b\u0151rt\u00fcnet\u00fck. A n\u0151gy\u00f3gy\u00e1szok \u00e9s &hellip;<\/p>\n","protected":false},"author":101265,"featured_media":0,"parent":999,"menu_order":5,"comment_status":"closed","ping_status":"closed","template":"","meta":{"_acf_changed":false,"footnotes":""},"categories":[],"tags":[],"class_list":["post-675","page","type-page","status-publish","hentry"],"acf":[],"_links":{"self":[{"href":"https:\/\/semmelweis.hu\/biztonsagosszex\/wp-json\/wp\/v2\/pages\/675","targetHints":{"allow":["GET"]}}],"collection":[{"href":"https:\/\/semmelweis.hu\/biztonsagosszex\/wp-json\/wp\/v2\/pages"}],"about":[{"href":"https:\/\/semmelweis.hu\/biztonsagosszex\/wp-json\/wp\/v2\/types\/page"}],"author":[{"embeddable":true,"href":"https:\/\/semmelweis.hu\/biztonsagosszex\/wp-json\/wp\/v2\/users\/101265"}],"replies":[{"embeddable":true,"href":"https:\/\/semmelweis.hu\/biztonsagosszex\/wp-json\/wp\/v2\/comments?post=675"}],"version-history":[{"count":2,"href":"https:\/\/semmelweis.hu\/biztonsagosszex\/wp-json\/wp\/v2\/pages\/675\/revisions"}],"predecessor-version":[{"id":2118,"href":"https:\/\/semmelweis.hu\/biztonsagosszex\/wp-json\/wp\/v2\/pages\/675\/revisions\/2118"}],"up":[{"embeddable":true,"href":"https:\/\/semmelweis.hu\/biztonsagosszex\/wp-json\/wp\/v2\/pages\/999"}],"wp:attachment":[{"href":"https:\/\/semmelweis.hu\/biztonsagosszex\/wp-json\/wp\/v2\/media?parent=675"}],"wp:term":[{"taxonomy":"category","embeddable":true,"href":"https:\/\/semmelweis.hu\/biztonsagosszex\/wp-json\/wp\/v2\/categories?post=675"},{"taxonomy":"post_tag","embeddable":true,"href":"https:\/\/semmelweis.hu\/biztonsagosszex\/wp-json\/wp\/v2\/tags?post=675"}],"curies":[{"name":"wp","href":"https:\/\/api.w.org\/{rel}","templated":true}]}}