{"id":645,"date":"2018-11-28T00:00:00","date_gmt":"2018-11-27T23:00:00","guid":{"rendered":"http:\/\/semmelweis.hu\/biztonsagosszex\/hogyan-terjednek-a-nemi-betegsegek\/"},"modified":"2020-06-14T12:54:40","modified_gmt":"2020-06-14T10:54:40","slug":"hogyan-terjednek-a-nemi-betegsegek","status":"publish","type":"page","link":"https:\/\/semmelweis.hu\/biztonsagosszex\/altalanos-tudnivalok\/std\/hogyan-terjednek-a-nemi-betegsegek\/","title":{"rendered":"Hogyan terjednek a nemi betegs\u00e9gek?"},"content":{"rendered":"<p><a href=\"https:\/\/semmelweis.hu\/biztonsagosszex\/files\/2018\/12\/pic_1329225544_868-900x576-300x192.jpg\"><img loading=\"lazy\" decoding=\"async\" class=\" wp-image-1214 alignleft\" src=\"https:\/\/semmelweis.hu\/biztonsagosszex\/files\/2018\/12\/pic_1329225544_868-900x576-300x192.jpg\" alt=\"\" width=\"273\" height=\"175\" srcset=\"https:\/\/semmelweis.hu\/biztonsagosszex\/files\/2018\/12\/pic_1329225544_868-900x576-300x192.jpg 300w, https:\/\/semmelweis.hu\/biztonsagosszex\/files\/2018\/12\/pic_1329225544_868-900x576-768x492.jpg 768w, https:\/\/semmelweis.hu\/biztonsagosszex\/files\/2018\/12\/pic_1329225544_868-900x576-753x482.jpg 753w, https:\/\/semmelweis.hu\/biztonsagosszex\/files\/2018\/12\/pic_1329225544_868-900x576.jpg 900w\" sizes=\"auto, (max-width: 273px) 100vw, 273px\" \/><\/a>A nemi fert\u0151z\u00e9sek terjed\u00e9s\u00e9nek meg\u00e1ll\u00edt\u00e1sa a vil\u00e1g legegyszer\u0171bb dolga lenne! Stabil p\u00e1rkapcsolat, h\u0171s\u00e9g, h\u00e1zass\u00e1g ut\u00e1n megkezdett nemi \u00e9let\u2026 vagy ez csak a mes\u00e9kben van? Term\u00e9szetesen ezek megval\u00f3s\u00edthat\u00f3 dolgok, de nem felt\u00e9tlen\u00fcl sz\u00fcks\u00e9gesek, ha m\u00e1s elveket vallasz. T\u0151l\u00fcnk nyugatabbra m\u00e1r teljesen term\u00e9szetes, hogy a frissen szerelembe esett fiatalok felkeresik az STD ambulanci\u00e1kat, \u00e9s \u00e1tesnek a nemi betegs\u00e9gek kisz\u0171r\u00e9s\u00e9n, miel\u0151tt \u201ekomolyabbra\u201d forduln\u00e1nak a dolgok k\u00f6z\u00f6tt\u00fck. <strong><a href=\"https:\/\/semmelweis.hu\/biztonsagosszex\/files\/2018\/12\/pic_1329225659_355-300x205-1.jpg\"><img loading=\"lazy\" decoding=\"async\" class=\"size-medium wp-image-1216 alignleft\" src=\"https:\/\/semmelweis.hu\/biztonsagosszex\/files\/2018\/12\/pic_1329225659_355-300x205-1-300x205.jpg\" alt=\"\" width=\"300\" height=\"205\" srcset=\"https:\/\/semmelweis.hu\/biztonsagosszex\/files\/2018\/12\/pic_1329225659_355-300x205-1.jpg 300w, https:\/\/semmelweis.hu\/biztonsagosszex\/files\/2018\/12\/pic_1329225659_355-300x205-1-175x120.jpg 175w\" sizes=\"auto, (max-width: 300px) 100vw, 300px\" \/><\/a>Mi\u00e9rt van m\u00e9g mindig nemi betegs\u00e9g?<\/strong> \u00dagy t\u0171nik, a nemi betegs\u00e9gek terjed\u00e9se egy feltart\u00f3ztathatatlan folyamat, annak ellen\u00e9re, hogy szinte mindegyik gy\u00f3gy\u00edthat\u00f3, \u00e9s a gy\u00f3gyszer k\u00f6nnyen hozz\u00e1 is f\u00e9rhet\u0151. Hogyan lehets\u00e9ges ez? A szexu\u00e1lis \u00e9letet \u00e9l\u0151k nagyon nagy r\u00e9sze nincs tiszt\u00e1ban a nemi betegs\u00e9gek l\u00e9tez\u00e9s\u00e9vel. Azt gondolj\u00e1k, hogy ha nincs t\u00fcnete, l\u00e1that\u00f3 baja a m\u00e1siknak, akkor nem is beteg. Ugyan\u00edgy a saj\u00e1t eg\u00e9szs\u00e9gess\u00e9g\u00fckben is b\u00edznak, ha nincs semmi panaszuk. Azonban a nemi betegs\u00e9gek akkor is terjednek, ha nincs t\u00fcnet\u00fck. Sok betegs\u00e9gnek nagyon hossz\u00fa \u00fan. \u201elappang\u00e1si ideje\u201d van, amikor m\u00e9g nem okoznak panaszt, de a v\u00e1lad\u00e9kokkal, v\u00e9rrel m\u00e1r \u00e1tadhat\u00f3ak.\u00a0 Gondolj csak bele: ha r\u00f6gt\u00f6n f\u00e1jna, cs\u00edpne, sz\u00farna a pisil\u00e9s, vagy viszketne a h\u00fcvely, kinek lenne kedve szexelni, vagy ford\u00edtva, ha r\u00f6gt\u00f6n tele lenn\u00e9l undor\u00edt\u00f3 ki\u00fct\u00e9sekkel, kinek lenne kedve szexelni Veled\u2026na ugye! Egy m\u00e1sik oka a fert\u0151z\u00e9sek terjed\u00e9s\u00e9nek, hogy annak ellen\u00e9re, hogy szexelni nemhogy nem ciki, hanem nagyon is men\u0151, \u00e9s feln\u0151ttes dolog, orvoshoz j\u00e1rni \u2013 nemhogy nemigy\u00f3gy\u00e1szhoz, hanem m\u00e9g ak\u00e1r n\u0151dokihoz \u2013 nagyon is \u201ecikis\u201d! A l\u00e1nyokat m\u00e9g csak-csak elviszik az anyuk\u00e1juk, vagy nagyobb l\u00e1nytestv\u00e9r\u00fck, esetleg bar\u00e1tn\u0151j\u00fck az orvoshoz, tal\u00e1n az\u00e9rt nyitottabbak, mert a menstru\u00e1ci\u00f3 megjelen\u00e9s\u00e9vel elfogadj\u00e1k a feln\u0151tt\u00e9 v\u00e1l\u00e1s r\u00e9szek\u00e9nt az orvosi vizsg\u00e1lat sz\u00fcks\u00e9g\u00e9t is\u2026 de a fi\u00fak!? S\u0151t nemcsak a fi\u00fak, a feln\u0151tt f\u00e9rfiak sem jobbak, akik annyira f\u00e9lnek elmenni az urol\u00f3gushoz, hogy a 40 \u00e9v felett k\u00f6telez\u0151 r\u00e1ksz\u0171r\u00e9sre sem mennek el! Sz\u00f3val: ha elkezdesz nemi \u00e9letet \u00e9lni, s\u0151t m\u00e9g jobb, ha m\u00e1r el\u0151tte, akkor bar\u00e1tkozz meg a gondolattal, hogy egy orvost is be fogsz avatni a bizalmadba, \u00e9s k\u00e9sz\u00edtsd fel a lelked az orvosi vizsg\u00e1latra is. Ne hagyatkozz a bar\u00e1tok j\u00f3 tan\u00e1csaira, gy\u00f3gyszereire, ne pr\u00f3b\u00e1ld meg otthon megoldani valamivel a probl\u00e9m\u00e1t, ha m\u00e1r kialakult. Azt, hogy mire sz\u00e1m\u00edthatsz egy ilyen vizsg\u00e1laton, a <strong><span style=\"text-decoration: underline\">\u201emi fog t\u00f6rt\u00e9nni a rendel\u0151ben\u201d<\/span><\/strong> r\u00e9szben megtudhatod. <strong><a href=\"https:\/\/semmelweis.hu\/biztonsagosszex\/files\/2018\/12\/pic_1329225811_642-300x300-1.jpg\"><img loading=\"lazy\" decoding=\"async\" class=\"size-full wp-image-1218 alignleft\" src=\"https:\/\/semmelweis.hu\/biztonsagosszex\/files\/2018\/12\/pic_1329225811_642-300x300-1.jpg\" alt=\"\" width=\"300\" height=\"300\" srcset=\"https:\/\/semmelweis.hu\/biztonsagosszex\/files\/2018\/12\/pic_1329225811_642-300x300-1.jpg 300w, https:\/\/semmelweis.hu\/biztonsagosszex\/files\/2018\/12\/pic_1329225811_642-300x300-1-150x150.jpg 150w\" sizes=\"auto, (max-width: 300px) 100vw, 300px\" \/><\/a>Hogyan terjednek a nemi betegs\u00e9gek? <\/strong> Mindenkit megnyugtatok: els\u0151sorban szexu\u00e1lis egy\u00fcttl\u00e9t sor\u00e1n. WC \u00fcl\u0151k\u00e9r\u0151l, kilincsr\u0151l, leveg\u0151b\u0151l nem kapott m\u00e9g el senki semmit. Ezek\u00e9rt a betegs\u00e9gek\u00e9rt \u201emeg kell dolgozni\u201d. A fert\u0151z\u00e9sek kialakul\u00e1s\u00e1hoz csaknem minden esetben igen <strong>szoros kontaktus<\/strong>, nemi egy\u00fcttl\u00e9t sz\u00fcks\u00e9ges. A nemi egy\u00fcttl\u00e9t t\u00edpus\u00e1t a nemi szervek \u00e9s a testny\u00edl\u00e1sok kapcsolata, tal\u00e1lkoz\u00e1sa hat\u00e1rozza meg. \u00cdgy besz\u00e9lhet\u00fcnk <strong>h\u00fcvelyi k\u00f6z\u00f6s\u00fcl\u00e9sr\u0151l<\/strong> (amikor a f\u00e9rfi h\u00edmvessz\u0151 a h\u00fcvelybe hatol), <strong>an\u00e1lis<\/strong><strong>k\u00f6z\u00f6s\u00fcl\u00e9sr\u0151l<\/strong> (a h\u00edmvessz\u0151 a v\u00e9gb\u00e9lbe ker\u00fcl), \u00e9s <strong>or\u00e1lis k\u00f6z\u00f6s\u00fcl\u00e9sr\u0151l<\/strong> (a partner sz\u00e1jjal t\u00f6rt\u00e9n\u0151 kiel\u00e9g\u00edt\u00e9sekor). Term\u00e9szetesen b\u00e1rmilyen form\u00e1ban vagytok egy\u00fctt, a nemi betegs\u00e9gek \u00e1tterjedhetnek! Egyes fert\u0151z\u00e9sek terhes any\u00e1r\u00f3l a magzatra is \u00e1tterjedhetnek egyr\u00e9szt a m\u00e9hen bel\u00fcl, m\u00e1sr\u00e9szt h\u00fcvelyi sz\u00fcl\u00e9s sor\u00e1n, vagy ak\u00e1r a szoptat\u00e1s alatt az anyatejjel. V\u00e9rrel term\u00e9szetesen terjednek ezek a betegs\u00e9gek, de nem az orvosi ell\u00e1t\u00e1sban, ahol a v\u00e9r\u00e1t\u00f6mleszt\u00e9sre haszn\u00e1lt anyagok el\u0151zetes vizsg\u00e1lata kiz\u00e1rja az \u00f6sszes \u00e1tvihet\u0151 fert\u0151z\u00e9st, hanem itt ink\u00e1bb a k\u00f6z\u00f6s t\u0171 haszn\u00e1lat, k\u00e1b\u00edt\u00f3szer \u00e9lvez\u0151kn\u00e9l, vagy a nem-profi k\u00f6r\u00fclm\u00e9nyek k\u00f6z\u00f6tt elv\u00e9gzett tetk\u00f3k\u00e9sz\u00edt\u00e9s j\u00f6het sz\u00f3ba. T\u00fcsszent\u00e9ssel, \u00f6lel\u00e9ssel, puszival, k\u00e9zfog\u00e1ssal, k\u00f6nnyel, izzadts\u00e1ggal, iv\u00f3v\u00edzzel, uszodav\u00edzzel, rovarokkal, k\u00f6z\u00f6s wc haszn\u00e1lattal nem terjednek a fert\u0151z\u00e9sek, sem norm\u00e1l higienes k\u00f6r\u00fclm\u00e9nyek k\u00f6z\u00f6tt az egy h\u00e1ztart\u00e1sban \u00e9l\u0151kn\u00e9l. Mindig k\u00e9rd\u00e9s a cs\u00f3k: elvileg STD betegs\u00e9g ny\u00e1llal nem terjed, de a nagyon intenz\u00edv, ak\u00e1r harap\u00e1ssal egybek\u00f6t\u00f6tt cs\u00f3kol\u00f3z\u00e1s, ahol ny\u00e1lkah\u00e1rtyas\u00e9r\u00fcl\u00e9s van, m\u00e1r terjesztheti a k\u00f3rt. Ha rossz fogaid vannak, vagy fog\u00ednyv\u00e9rz\u00e9sed, akkor meg egy\u00e9rtelm\u0171en vesz\u00e9lyes lehet. <strong><a href=\"https:\/\/semmelweis.hu\/biztonsagosszex\/files\/2018\/12\/pic_1329225838_879-300x271-1-300x271.jpg\"><img loading=\"lazy\" decoding=\"async\" class=\" wp-image-1220 alignleft\" src=\"https:\/\/semmelweis.hu\/biztonsagosszex\/files\/2018\/12\/pic_1329225838_879-300x271-1-300x271.jpg\" alt=\"\" width=\"254\" height=\"229\" \/><\/a>Lappang\u00e1si id\u0151\u00a0\u00a0 <\/strong> A betegs\u00e9gek t\u00fcnetei \u00e1ltal\u00e1ban nem azonnal, hanem bizonyos <strong>lappang\u00e1si id\u0151<\/strong> ut\u00e1n alakulnak ki, mely id\u0151tartam a k\u00fcl\u00f6nb\u00f6z\u0151 betegs\u00e9gek eset\u00e9ben m\u00e1s \u00e9s m\u00e1s. Teh\u00e1t <strong>v\u00e9dekez\u00e9s<\/strong> n\u00e9lk\u00fcl a m\u00e1r megfert\u0151z\u0151d\u00f6tt, de m\u00e9g t\u00fcnetmentes egy\u00e9n tov\u00e1bb tudja adni a fert\u0151z\u00e9st! Vannak fert\u0151z\u00e9sek, amelyekn\u00e9l 1-2 nap, de van olyan is ahol \u00e9vek ut\u00e1n jelentkeznek el\u0151sz\u00f6r t\u00fcnetek. Teh\u00e1t nem minden fert\u0151z\u00e9s eset\u00e9n tudjuk meg\u00e1llap\u00edtani, hogy kit\u0151l, \u00e9s mikor kapta meg az illet\u0151. a lappang\u00e1si id\u0151r\u0151l az egyes betegs\u00e9gekn\u00e9l tal\u00e1lsz inform\u00e1ci\u00f3t, de \u00e9rdemes megk\u00e9rdezi az orvosodat is a vizsg\u00e1lat sor\u00e1n!<\/p>\n<p>M\u00e9g t\u00f6bb hiteles inform\u00e1ci\u00f3t a nemi betegs\u00e9gekr\u0151l \u00e9s terjed\u00e9s\u00fckr\u0151l\u00a0<a href=\"https:\/\/tamasibeladr.hu\/blog\/2020\/nemi-betegsegek-2020-ban\">ebben a blogposztban<\/a> is olvashat.<\/p>\n","protected":false},"excerpt":{"rendered":"<p><a href=\"https:\/\/semmelweis.hu\/biztonsagosszex\/files\/2018\/12\/pic_1329225544_868-900x576-300x192.jpg\"><\/a> A nemi fert\u0151z\u00e9sek terjed\u00e9s\u00e9nek meg\u00e1ll\u00edt\u00e1sa a vil\u00e1g legegyszer\u0171bb dolga lenne! Stabil p\u00e1rkapcsolat, h\u0171s\u00e9g, h\u00e1zass\u00e1g ut\u00e1n megkezdett nemi \u00e9let\u2026 vagy ez csak a mes\u00e9kben van? Term\u00e9szetesen ezek megval\u00f3s\u00edthat\u00f3 dolgok, de nem felt\u00e9tlen\u00fcl sz\u00fcks\u00e9gesek, ha m\u00e1s elveket vallasz. T\u0151l\u00fcnk nyugatabbra m\u00e1r teljesen term\u00e9szetes, hogy a frissen szerelembe esett fiatalok felkeresik az STD ambulanci\u00e1kat, \u00e9s \u00e1tesnek a nemi &hellip;<\/p>\n","protected":false},"author":12,"featured_media":0,"parent":999,"menu_order":3,"comment_status":"closed","ping_status":"closed","template":"","meta":{"_acf_changed":false,"footnotes":""},"categories":[],"tags":[],"class_list":["post-645","page","type-page","status-publish","hentry"],"acf":[],"_links":{"self":[{"href":"https:\/\/semmelweis.hu\/biztonsagosszex\/wp-json\/wp\/v2\/pages\/645","targetHints":{"allow":["GET"]}}],"collection":[{"href":"https:\/\/semmelweis.hu\/biztonsagosszex\/wp-json\/wp\/v2\/pages"}],"about":[{"href":"https:\/\/semmelweis.hu\/biztonsagosszex\/wp-json\/wp\/v2\/types\/page"}],"author":[{"embeddable":true,"href":"https:\/\/semmelweis.hu\/biztonsagosszex\/wp-json\/wp\/v2\/users\/12"}],"replies":[{"embeddable":true,"href":"https:\/\/semmelweis.hu\/biztonsagosszex\/wp-json\/wp\/v2\/comments?post=645"}],"version-history":[{"count":4,"href":"https:\/\/semmelweis.hu\/biztonsagosszex\/wp-json\/wp\/v2\/pages\/645\/revisions"}],"predecessor-version":[{"id":3654,"href":"https:\/\/semmelweis.hu\/biztonsagosszex\/wp-json\/wp\/v2\/pages\/645\/revisions\/3654"}],"up":[{"embeddable":true,"href":"https:\/\/semmelweis.hu\/biztonsagosszex\/wp-json\/wp\/v2\/pages\/999"}],"wp:attachment":[{"href":"https:\/\/semmelweis.hu\/biztonsagosszex\/wp-json\/wp\/v2\/media?parent=645"}],"wp:term":[{"taxonomy":"category","embeddable":true,"href":"https:\/\/semmelweis.hu\/biztonsagosszex\/wp-json\/wp\/v2\/categories?post=645"},{"taxonomy":"post_tag","embeddable":true,"href":"https:\/\/semmelweis.hu\/biztonsagosszex\/wp-json\/wp\/v2\/tags?post=645"}],"curies":[{"name":"wp","href":"https:\/\/api.w.org\/{rel}","templated":true}]}}