{"id":496,"date":"2018-11-28T00:00:00","date_gmt":"2018-11-27T23:00:00","guid":{"rendered":"http:\/\/semmelweis.hu\/biztonsagosszex\/szifilisz\/"},"modified":"2018-12-12T16:05:53","modified_gmt":"2018-12-12T15:05:53","slug":"szifilisz","status":"publish","type":"page","link":"https:\/\/semmelweis.hu\/biztonsagosszex\/altalanos-tudnivalok\/nemibetegsegek\/szifilisz\/","title":{"rendered":"Szifilisz"},"content":{"rendered":"<p>Egy bakt\u00e9rium, a Treponema pallidum \u00e1ltal okozott klasszikus nemi betegs\u00e9g. Nagyon sokf\u00e9le betegs\u00e9get ut\u00e1nozhat, ez\u00e9rt nevezik a betegs\u00e9gek majm\u00e1nak! Jellemz\u0151en r\u00f6vid t\u00fcnetes \u00e9s hossz\u00fa ideig tart\u00f3 t\u00fcnetmentes id\u0151szakokb\u00f3l \u00e1ll.<br \/>\nA szifiliszt elkaphatod szexu\u00e1lis \u00faton, de terjed v\u00e9rrel, anyatejjel is, ill. a terhess\u00e9g sor\u00e1n, az any\u00e1r\u00f3l a magzatra. Kezel\u00e9s n\u00e9lk\u00fcl a betegek nagy r\u00e9sz\u00e9ben \u00e9letvesz\u00e9lyes sz\u00f6v\u0151dm\u00e9nyeket okoz. Igaz, hogy minden szakasz\u00e1ban gy\u00f3gy\u00edthat\u00f3, de a sz\u00f6v\u0151dm\u00e9nyei, pl. vaks\u00e1g, b\u00e9nul\u00e1sok, sajnos v\u00e9glegesek.<\/p>\n<p><strong>A bakt\u00e9rium<\/strong><br \/>\nDug\u00f3h\u00faz\u00f3 alak\u00fa, nagyon v\u00e9kony k\u00f3rokoz\u00f3, amelyet csak speci\u00e1lis, \u00fan. \u201es\u00f6t\u00e9t l\u00e1t\u00f3teres mikroszk\u00f3ppal\u201d lehet l\u00e1tni. Leveg\u0151n, fert\u0151tlen\u00edt\u0151szerek, szappan hat\u00e1s\u00e1ra gyorsan elpusztul.<\/p>\n<p><strong>A fert\u0151z\u00e9s t\u00fcnetei<\/strong><br \/>\nAnnak ellen\u00e9re, hogy a bakt\u00e9rium k\u00f6zvetlen\u00fcl a fert\u0151z\u00e9s ut\u00e1n el\u00e1rasztja a szervezetet, leghamarabb 3 h\u00e9t m\u00falva jelentkezik az els\u0151 t\u00fcnete a betegs\u00e9gnek. A bakt\u00e9riumok ott indulnak szaporod\u00e1snak, ahol a szexu\u00e1lis aktus volt, teh\u00e1t ez lehet a h\u00fcvely ny\u00e1lkah\u00e1rty\u00e1ja, a makk b\u0151re, vagy ak\u00e1r a sz\u00e1jny\u00e1lkah\u00e1rtya is. Itt alakul ki az a nagyon cs\u00fanya, de nem f\u00e1jdalmas fek\u00e9ly, amit ha a beteg l\u00e1t ( pl. a fi\u00fak jobban l\u00e1tj\u00e1k a h\u00edmvessz\u0151n l\u00e9v\u0151 fek\u00e9lyt, mint a l\u00e1nyok a h\u00fcvelyben l\u00e9v\u0151t), \u00e9s gondol a betegs\u00e9gre, akkor r\u00f6gt\u00f6n orvoshoz is fordul! A t\u00fcnet annyira jellegzetes, hogy sokszor a b\u0151rgy\u00f3gy\u00e1sz m\u00e1r r\u00e1n\u00e9z\u00e9sre meg tudja mondani, hogy mi bajod van. Probl\u00e9ma akkor van, ha valamilyen m\u00e1s betegs\u00e9ggel, pl. herpesszel keverik \u00f6ssze a betegs\u00e9get, \u00e9s nem vizsg\u00e1lnak ki megfelel\u0151en, ez\u00e9rt minden esetben fordulj szakemberhez!<br \/>\nA fek\u00e9lyen k\u00edv\u00fcl megnagyobbodhatnak a nyirokcsom\u00f3k a fek\u00e9ly k\u00f6rnyezet\u00e9ben, ill. a nagyajkak, kisajkak vagy a h\u00edmvessz\u0151 is be tud dagadni. A fek\u00e9ly tele van bakt\u00e9riummal \u00e9s nagyon-nagyon fert\u0151z!<br \/>\nA fek\u00e9ly nemcsak f\u00e1jdalmatlan, hanem p\u00e1r h\u00e9t alatt meg is gy\u00f3gyul, ak\u00e1r csin\u00e1lsz vele valamit, ak\u00e1r nem. Ilyenkor szoktak a betegek megk\u00f6nnyebb\u00fclni, \u00e9s el is felejtik az eg\u00e9szet. Ilyenkor azonban ugyan\u00fagy fert\u0151znek, mint t\u00fcnetes \u00e1llapotban.<br \/>\nA bakt\u00e9riumok ebben az id\u0151szakban is szaporodnak benned, \u00e9s a fert\u0151z\u0151d\u00e9sed ut\u00e1n kb. 2 h\u00f3nappal hirtelen b\u0151rt\u00fcneteid lesznek. Van, hogy fejf\u00e1j\u00e1s, megf\u00e1z\u00e1sos panaszok, fogy\u00e1s, rossz k\u00f6z\u00e9rzet, nyirokcsom\u00f3 duzzanat, hajhull\u00e1s is k\u00eds\u00e9ri a b\u0151rt\u00fcneteket. Amennyire jellegzetes az els\u0151 t\u00fcnetcsoport, ezek a b\u0151rbetegs\u00e9gek azonban nagyon sok m\u00e1s b\u0151rbetegs\u00e9gre hasonl\u00edtanak, a felismer\u00e9s\u00fck m\u00e9g szakember sz\u00e1m\u00e1ra is kih\u00edv\u00e1st jelenthet.<br \/>\nHa a beteg m\u00e9g ilyenkor sem kap megfelel\u0151 kezel\u00e9st, az esetek egy r\u00e9sz\u00e9ben a betegs\u00e9g k\u00e9s\u0151bb semmi t\u00fcnetet nem okoz, van, azonban akin\u00e9l sz\u00edv-\u00e9rrendszeri, vagy k\u00e9s\u0151i idegrendszeri szifilisz alakulhat ki.<\/p>\n<p><strong>Velesz\u00fcletett szifilisz<\/strong><br \/>\nAz anya a magzat\u00e1t a terhess\u00e9g sor\u00e1n, vagy szoptat\u00e1ssal fert\u0151zheti. Ennek kisz\u00e1m\u00edthatatlan k\u00f6vetkezm\u00e9nyei lehetnek. Ha id\u0151ben kapja meg az \u00e9desanya a kezel\u00e9st, akkor eg\u00e9szs\u00e9ges gyermek sz\u00fclethet, de ha nem kezelik a fert\u0151z\u00e9st, ak\u00e1r halva is sz\u00fclethet a gyermek, vagy nagyon s\u00falyos b\u0151r- vagy csontt\u00fcnetekkel.<\/p>\n<p><strong>Honnan tudom, hogy fert\u0151z\u00f6tt vagyok?<\/strong><br \/>\nHa a nemi szerveden f\u00e1jdalmatlan seb alakul ki, ami azt\u00e1n spont\u00e1n m\u00falik, vagy egyszercsak tele leszel nem viszket\u0151 b\u0151rki\u00fct\u00e9ssel, \u00e9s TERM\u00c9SZETESEN volt\u00e1l valakivel, akivel nem haszn\u00e1ltatok \u00f3vszert az egy\u00fcttl\u00e9t sor\u00e1n, akkor elkaphattad ezt a betegs\u00e9get. A v\u00e9rteszt leghamarabb 3 h\u00e9t m\u00falva mutatja ki a fert\u0151z\u00e9st, de ha pl. antibiotikumot szedt\u00e9l akkor sokkal k\u00e9s\u0151bb lesz csak pozitiv a teszt. Ez\u00e9rt szoktuk javasolni, hogy 2 h\u00e9t m\u00falva is gyere el egy v\u00e9rv\u00e9telre, ha b\u00e1rmi gyan\u00fasat \u00e9szlelt\u00e9l magadon. \u00c9rdemes ilyenkor orvosi vizsg\u00e1latot is k\u00e9rni.<\/p>\n<p><strong>Pozit\u00edv a szifilisz tesztem, pedig h\u0171s\u00e9gesek vagyunk egym\u00e1shoz!<\/strong><br \/>\nEgyr\u00e9szt: az\u00e9rt mert az aktu\u00e1lis kapcsolatban h\u0171s\u00e9gesek vagytok egym\u00e1shoz m\u00e9g nem z\u00e1r ki semmit. B\u00e1rki hozhat egy el\u0151z\u0151 kapcsolat\u00e1b\u00f3l t\u00fcnetmentesen szifilisz fert\u0151z\u00e9st. Err\u0151l besz\u00e9lt\u00fcnk, amikor a \u201eMilyen vizsg\u00e1latokat v\u00e9geztess\u00fcnk el az els\u0151 szex el\u0151tt?\u201d r\u00e9szben \u00edrtunk.<br \/>\nM\u00e1sr\u00e9szt: sajnos biztons\u00e1ggal csak arr\u00f3l tudsz nyilatkozni, amit te teszel. A partnered mellett nem lehetsz ott minden pillanatban, meg kell tudnod b\u00edzni benne. Ez\u00e9rt fontos a szexu\u00e1lis \u00e9let megkezd\u00e9se el\u0151tt a m\u00e1sik megismer\u00e9se, hogy a k\u00f6lcs\u00f6n\u00f6s bizalom \u00e9s tisztelet is kialakuljon a szerelem mellett.<br \/>\nHarmadr\u00e9szt \u2013 de ez a legritk\u00e1bb eset \u2013 van, amikor a teszt \u201e\u00e1l- pozit\u00edv\u201d. A szifilisz tesztek nagyon megb\u00edzhat\u00f3, r\u00e9g\u00f3ta haszn\u00e1lt vizsg\u00e1latok. Vannak azonban olyan betegs\u00e9gek, vagy \u00e1llapotok, pl. a terhess\u00e9g, amikor a tesztek akkor is fert\u0151z\u00e9st jeleznek, ha semmi bajod nincs. Ilyenkor olyan meger\u0151s\u00edt\u0151 teszteket haszn\u00e1lunk, amivel 100%-osan ki tudjuk z\u00e1rni a fert\u0151z\u00e9st.<\/p>\n<p><strong>Megel\u0151zhet\u0151 a szifilisz?<\/strong><br \/>\nMinden fert\u0151z\u0151 betegs\u00e9g, \u00edgy a szifilisz is megel\u0151zhet\u0151.<br \/>\nAmit Te tehetsz: nem v\u00e1lasztasz felel\u0151tlen\u00fcl partnert, \u00e9s haszn\u00e1lod az \u00f3vszert minden alkalommal \u2013 \u00e9s minden form\u00e1j\u00fa egy\u00fcttl\u00e9tn\u00e9l \u2013 am\u00edg nem bizonyosodsz meg arr\u00f3l, hogy a p\u00e1rod nem fert\u0151z\u00f6tt.<br \/>\nAmit mi tesz\u00fcnk: ha szifiliszes fert\u0151z\u00e9st tal\u00e1lunk, akkor nem csak a beteget, hanem a partner\u00e9t, partnereit is kezelj\u00fck, m\u00e9ghozz\u00e1 att\u00f3l f\u00fcgg\u0151en, hogy kb. mikor kapta meg a betegs\u00e9get. Ezt nevezz\u00fck kontaktus kutat\u00e1snak. Van, hogy 1 \u00e9vre visszamen\u0151leg kell sz \u00f6sszes partnert \u00e9rtes\u00edteni, hogy val\u00f3sz\u00edn\u0171 fert\u0151z\u00f6tt szifilisszel, \u00e9s kezel\u00e9sre szorul. Ez egy j\u00f3 kis riad\u00f3l\u00e1ncot szokott beind\u00edtani, hiszen ezeknek a partnereknek m\u00e1r \u00faj partnereik vannak, akik mind m\u00e1r mind fert\u0151z\u0151dtek, \u00e9s adj\u00e1k tov\u00e1bb a betegs\u00e9get.<br \/>\nItt kanyarodunk vissza ahhoz ak\u00e9rd\u00e9shez, hogy mi\u00e9rt is van m\u00e9g szifilisz a XXI. sz\u00e1zadban. Az\u00e9rt, mert nagyon kevesen \u00e9rtik meg annak a jelent\u0151s\u00e9g\u00e9t, hogy nek\u00fcnk, orvosoknak meg kell keresn\u00fcnk azokat az embereket, akiket a beteg megfert\u0151z\u00f6tt, vagy akit\u0151l \u00f6sszeszedhette a betegs\u00e9get. Sokan a mag\u00e1n\u00e9let\u00fckben t\u00f6rt\u00e9n\u0151 v\u00e1jk\u00e1l\u00e1sk\u00e9nt \u00e9lik meg ezt, \u00e9s nem akarnak seg\u00edteni, tal\u00e1n sz\u00e9gyenkez\u00e9sb\u0151l, tal\u00e1n \u00f6n\u00e9rzetess\u00e9gb\u0151l, de ami legval\u00f3sz\u00edn\u0171bb, az\u00e9rt, mert nem \u00e9rtik a k\u00e9rd\u00e9sek m\u00f6g\u00f6tt h\u00faz\u00f3d\u00f3 sz\u00e1nd\u00e9kot. Legy\u00e9l Te enn\u00e9l okosabb, ha v\u00e9letlen\u00fcl ilyen helyzetbe ker\u00fclsz! Seg\u00edtsd a munk\u00e1nkat!<\/p>\n<p><strong>A szifilisz kezel\u00e9se<\/strong><br \/>\nA szifilisz kezel\u00e9se a penicillin felfedez\u00e9se \u00f3ta megold\u00f3dott. R\u00e9gen minden nap kellett egy szurit kapni, 30 napon kereszt\u00fcl, hogy meggy\u00f3gyulhasson a beteg, ma m\u00e1r rendelkez\u00e9sre \u00e1ll olyan, elh\u00faz\u00f3d\u00f3 hat\u00e1s\u00fa penicillin, amit el\u00e9g heti egy alkalommal megkapni.<br \/>\nA gy\u00f3gyul\u00e1s nem akkor \u00e1ll be, amikor m\u00e1r nincs t\u00fcnete a betegnek, hanem akkor, ha a v\u00e9rtesztek eredm\u00e9nye alapj\u00e1n az orvos azt mondja. Mivel ez egy igen alattomos betegs\u00e9g, a mai gyakorlat azt \u00edrja el\u0151, hogy 2 \u00e9ven kereszt\u00fcl figyelj\u00fck meg a betegeket.<br \/>\nA betegs\u00e9g gy\u00f3gy\u00edthat\u00f3, de ha m\u00e1r kialakulnak sz\u00f6v\u0151dm\u00e9nyek, azok m\u00e1r nem fognak elt\u0171nni a penicillin kezel\u00e9s ut\u00e1n.<\/p>\n","protected":false},"excerpt":{"rendered":"<p>Egy bakt\u00e9rium, a Treponema pallidum \u00e1ltal okozott klasszikus nemi betegs\u00e9g. Nagyon sokf\u00e9le betegs\u00e9get ut\u00e1nozhat, ez\u00e9rt nevezik a betegs\u00e9gek majm\u00e1nak! Jellemz\u0151en r\u00f6vid t\u00fcnetes \u00e9s hossz\u00fa ideig tart\u00f3 t\u00fcnetmentes id\u0151szakokb\u00f3l \u00e1ll. A szifiliszt elkaphatod szexu\u00e1lis \u00faton, de terjed v\u00e9rrel, anyatejjel is, ill. a terhess\u00e9g sor\u00e1n, az any\u00e1r\u00f3l a magzatra. Kezel\u00e9s n\u00e9lk\u00fcl a betegek nagy r\u00e9sz\u00e9ben \u00e9letvesz\u00e9lyes sz\u00f6v\u0151dm\u00e9nyeket &hellip;<\/p>\n","protected":false},"author":101265,"featured_media":0,"parent":14,"menu_order":15,"comment_status":"closed","ping_status":"closed","template":"","meta":{"_acf_changed":false,"footnotes":""},"categories":[],"tags":[],"class_list":["post-496","page","type-page","status-publish","hentry"],"acf":[],"_links":{"self":[{"href":"https:\/\/semmelweis.hu\/biztonsagosszex\/wp-json\/wp\/v2\/pages\/496","targetHints":{"allow":["GET"]}}],"collection":[{"href":"https:\/\/semmelweis.hu\/biztonsagosszex\/wp-json\/wp\/v2\/pages"}],"about":[{"href":"https:\/\/semmelweis.hu\/biztonsagosszex\/wp-json\/wp\/v2\/types\/page"}],"author":[{"embeddable":true,"href":"https:\/\/semmelweis.hu\/biztonsagosszex\/wp-json\/wp\/v2\/users\/101265"}],"replies":[{"embeddable":true,"href":"https:\/\/semmelweis.hu\/biztonsagosszex\/wp-json\/wp\/v2\/comments?post=496"}],"version-history":[{"count":1,"href":"https:\/\/semmelweis.hu\/biztonsagosszex\/wp-json\/wp\/v2\/pages\/496\/revisions"}],"predecessor-version":[{"id":3199,"href":"https:\/\/semmelweis.hu\/biztonsagosszex\/wp-json\/wp\/v2\/pages\/496\/revisions\/3199"}],"up":[{"embeddable":true,"href":"https:\/\/semmelweis.hu\/biztonsagosszex\/wp-json\/wp\/v2\/pages\/14"}],"wp:attachment":[{"href":"https:\/\/semmelweis.hu\/biztonsagosszex\/wp-json\/wp\/v2\/media?parent=496"}],"wp:term":[{"taxonomy":"category","embeddable":true,"href":"https:\/\/semmelweis.hu\/biztonsagosszex\/wp-json\/wp\/v2\/categories?post=496"},{"taxonomy":"post_tag","embeddable":true,"href":"https:\/\/semmelweis.hu\/biztonsagosszex\/wp-json\/wp\/v2\/tags?post=496"}],"curies":[{"name":"wp","href":"https:\/\/api.w.org\/{rel}","templated":true}]}}