{"id":495,"date":"2018-11-28T00:00:00","date_gmt":"2018-11-27T23:00:00","guid":{"rendered":"http:\/\/semmelweis.hu\/biztonsagosszex\/hiv-fertozes\/"},"modified":"2018-12-12T16:04:28","modified_gmt":"2018-12-12T15:04:28","slug":"hiv-fertozes","status":"publish","type":"page","link":"https:\/\/semmelweis.hu\/biztonsagosszex\/altalanos-tudnivalok\/nemibetegsegek\/hiv-fertozes\/","title":{"rendered":"HIV fert\u0151z\u00e9s"},"content":{"rendered":"<p>A HIV v\u00edrus a nev\u00e9t az \u00e1ltala okozott t\u00fcnet egy\u00fcttesr\u0151l kapta: az immunrendszer gyeng\u00edt\u00e9s\u00e9vel t\u00e1madja meg az emberi szervezetet, sz\u00f3 szerinti jelent\u00e9se hum\u00e1n (emberi) immundeficiens (immunrendszert gyeng\u00edt\u0151) v\u00edrus. A fert\u0151z\u00e9s \u00e9ppen ez\u00e9rt nem csak egy szervet \u00e9rint, hanem az eg\u00e9sz szervezetet.<\/p>\n<p>A betegs\u00e9g felismer\u00e9se neh\u00e9z, de vannak figyelmeztet\u0151 jelek, olyan t\u00fcnetek, melyek az immunrendszer \u00f6sszeoml\u00e1s\u00e1t mutatj\u00e1k.<\/p>\n<p><strong>Mi t\u00f6rt\u00e9nik benn\u00fcnk a fert\u0151z\u00e9s ut\u00e1n?<\/strong><br \/>\nA HIV v\u00edrus f\u0151k\u00e9nt az immunrendszer f\u0151 \u201eszervez\u0151it\u201d, az \u00fagynevezett CD 4 limfocit\u00e1kat t\u00e1madja meg. Ez az\u00e9rt fontos, mert a HIV v\u00edrus miatt a CD4 sejtek pusztul\u00e1sa a szervezet v\u00e9dekez\u00e9s\u00e9t jelent\u0151sen cs\u00f6kkenti, az ir\u00e1ny\u00edt\u00e1s n\u00e9lk\u00fcl maradt immunrendszer \u201etan\u00e1cstalann\u00e1 v\u00e1lik\u201d mit is kell tennie, majd a HIV tov\u00e1bbi t\u00e1mad\u00e1sai alatt \u00e9vek alatt l\u00e9nyeg\u00e9ben \u00f6sszeomlik. Ahhoz hasonl\u00edt, mintha egy furcsa b\u0171n\u00f6z\u0151i csoport csak a rend\u0151r\u00f6ket, a katon\u00e1kat \u00e9s t\u0171zolt\u00f3kat gyilkoln\u00e1 meg az orsz\u00e1gban: a t\u00f6bbiek ugyan nincsenek k\u00f6zvetlen \u00e9letvesz\u00e9lyben, de a k\u00f6zrend megsz\u0171nik.<br \/>\nTeh\u00e1t nem k\u00f6zvetlen\u00fcl maga a HIV v\u00edrus vezet a beteg hal\u00e1l\u00e1hoz, hanem az, hogy szinte b\u00e1rmilyen bakt\u00e9rium, v\u00edrus, gomba vagy egysejt\u0171, s\u0151t f\u00e9reg is akad\u00e1lytalanul t\u00e1madhatja a legyeng\u00fclt v\u00e9dekez\u00e9s\u0171 emberi szervezetet. A rosszindulat\u00fa daganatok is nagy es\u00e9llyel jelenhetnek meg a v\u00e9dekez\u0151k\u00e9pess\u00e9g\u00e9t\u0151l megfosztott szervezetben.<\/p>\n<p><strong>A HIV v\u00edrusr\u00f3l<\/strong><br \/>\nA HIV maga egy csak RNS tartalmaz\u00f3, igen v\u00e1ltoz\u00e9kony v\u00edrus. A HIV k\u00f3dol egy speci\u00e1lis feh\u00e9rj\u00e9t, az \u00fan. \u201eford\u00edtott \u00e1t\u00edr\u00f3\u201d (reverz transzkript\u00e1z) enzimet, mely a HIV RNS-\u00e9t DNS-re \u00edrja \u00e1t. A HIV-r\u0151l k\u00e9sz\u00fclt DNS m\u00e1solat beilleszkedik az emberi DNS \u2013be, \u00edgy a HIV v\u00edrus igen j\u00f3l \u00e1lc\u00e1zza mag\u00e1t. Nagyfok\u00fa v\u00e1ltozatoss\u00e1ga mellett ez az oka, hogy nincs HIV ellenes hat\u00e9kony olt\u00e1s, val\u00f3sz\u00edn\u0171leg a k\u00f6zelj\u00f6v\u0151ben nem is lesz. K\u00e9tf\u00e9le HIV van: a vil\u00e1gszerte elterjedt HIV-1, \u00e9s a kev\u00e9sb\u00e9 gyakori HIV-2. A HIV-2 ink\u00e1bb Afrika egyes r\u00e9szein puszt\u00edt.<br \/>\nA HIV-hez hasonl\u00f3, vele t\u00e1voli rokon tov\u00e1bbi \u00fan. \u201eretrov\u00edrusok\u201d (teh\u00e1t olyan \u201eford\u00edtott\u201d v\u00edrusok melyek furcsa m\u00f3don RNS-r\u0151l DNS-re \u00edr\u00f3dnak), szint\u00e9n lehetnek nemi \u00faton terjed\u0151 betegs\u00e9gek. Ilyenek a szerzett leuk\u00e9mi\u00e1t \u00e9s s\u00falyos idegrendszeri t\u00fcneteket okoz\u00f3 HTLV1, \u00e9s HTLV 2 v\u00edrusok. A prostitu\u00e1ltak \u00e9s k\u00e1b\u00edt\u00f3szer\u00e9lvez\u0151k k\u00f6z\u00f6tt e v\u00edrusok is vil\u00e1gszerte terjednek, b\u00e1r kev\u00e9sb\u00e9 fert\u0151z\u0151ek, mint a HIV.<br \/>\nSz\u00e1mos \u00e1llati v\u00edrus rokona a HIV-nek, feltehet\u0151en a HIV-1, \u00e9s a HIV-2 is majomr\u00f3l ker\u00fclt az emberre, azonban teljesen m\u00e1s fajj\u00e1 v\u00e1lt.\u00a0 Az \u00fan. \u201emacska AIDS\u201d egy\u00e1ltal\u00e1n nem fert\u0151z\u0151 az emberre, b\u00e1r a macsk\u00e1kra vesz\u00e9lyes.<br \/>\nA HIV v\u00edrus v\u00e1ltoz\u00e9konys\u00e1ga \u00e9s \u00e1lc\u00e1zotts\u00e1ga nagyon neh\u00e9zz\u00e9 teszi a j\u00e1rv\u00e1ny lek\u00fczd\u00e9s\u00e9t. El\u0151ny\u00f6s viszont a HIV s\u00e9r\u00fcl\u00e9kenys\u00e9ge az emberi szervezeten k\u00edv\u00fcl-teh\u00e1t nem terjed cseppfert\u0151z\u00e9ssel (k\u00f6h\u00f6g\u00e9s, pr\u00fcsszent\u00e9s), sem haszn\u00e1lati t\u00e1rgyakkal, sem sz\u00fanyoggal.<br \/>\nA v\u00edrus saj\u00e1tos feh\u00e9rj\u00e9i miatt igen j\u00f3l t\u00e1madhat\u00f3 n\u00e9h\u00e1ny gy\u00f3gyszerrel, amit az orvostudom\u00e1ny ki is haszn\u00e1l.<\/p>\n<p><strong>Milyen t\u00fcnetei vannak a HIV fert\u0151z\u00e9snek?<\/strong><br \/>\nA megfert\u0151z\u0151d\u00e9st k\u00f6vet\u0151en az els\u0151 t\u00fcnetek 2-6- h\u00e9ten bel\u00fcl jelentkeznek, teljesen hasonl\u00f3an ahhoz, minta influenz\u00e1s lenn\u00e9l. Torokf\u00e1jdalom, l\u00e1z, nyirokcsom\u00f3 megnagyobbod\u00e1s, f\u00e1rad\u00e9konys\u00e1g, rossz k\u00f6z\u00e9rzet, izom-\u00e9s \u00edz\u00fcleti f\u00e1jdalmak jelentkezhetnek, de b\u0151rki\u00fct\u00e9sek \u00e9s hasmen\u00e9s is fell\u00e9phet. \u00dagy \u00e9rezheted magad, mint egy \u00e1ltal\u00e1nos v\u00edrusfert\u0151z\u00e9s idej\u00e9n, semmi speci\u00e1lis elt\u00e9r\u00e9st nem \u00e9szlelhetsz ebben az id\u0151szakban, de ha v\u00e9dekez\u00e9s n\u00e9lk\u00fcl szexelt\u00e9l el\u0151tte, sajnos erre a fert\u0151z\u00e9sre is gondolni kell. Ezek a t\u00fcnetek magukt\u00f3l elm\u00falnak 1-2- h\u00e9t alatt. Ebben az id\u0151szakban az immunrendszer v\u00e9delmez\u0151 sejtjeinek sz\u00e1ma m\u00e1r jelent\u0151sen cs\u00f6kkent a fert\u0151z\u0151d\u00e9s el\u0151ttihez k\u00e9pest, a v\u00edrusmennyis\u00e9g pedig t\u00f6bbsz\u00e1zezres-milli\u00f3s nagys\u00e1grend\u0171 lehet, ez\u00e9rt ilyenkor a fert\u0151z\u00f6tt kiugr\u00f3an fert\u0151z\u0151k\u00e9pes.<br \/>\nEzen id\u0151szak ut\u00e1n egy t\u00fcnetmentes peri\u00f3dus k\u00f6vetkezik, mialatt a fert\u0151z\u00e9snek semmilyen klinikai t\u00fcnete nincsen, az immunrendszer l\u00e1tsz\u00f3lag j\u00f3l m\u0171k\u00f6dik, a v\u00edrusok egyfolyt\u00e1ban szaporodnak, m\u00e9ghozz\u00e1 \u00fagy, hogy a megt\u00e1madott emberi szervezet sejtjeit arra k\u00e9nyszer\u00edtik, hogy v\u00edrussejt m\u00e1solatokat k\u00e9sz\u00edtsenek (\u00f6nmegsokszoroz\u00f3d\u00e1s, m\u00e1solat k\u00e9sz\u00edt\u00e9s).<br \/>\nAz immunrendszer v\u00e9dekez\u0151 sejtjeinek sz\u00e1ma fokozatosan cs\u00f6kken.<br \/>\nEz az \u00e1llapot \u00e9vekig fenn\u00e1llhat, \u00e1ltal\u00e1ban 3-12 \u00e9vig tart.<br \/>\nA t\u00fcnetmentes id\u0151t k\u00f6veti a t\u00fcnetes HIV fert\u0151z\u00e9s: a v\u00edrus folyamatos szaporod\u00e1s\u00e1nak hat\u00e1s\u00e1ra az immunrendszer fokozatosan gyeng\u00fcl, a nyirokcsom\u00f3k (mint v\u00e9dekez\u0151 rendszer\u00fcnk f\u0151 kapui) megnagyobbodnak. A fert\u0151z\u00f6ttben olyan t\u00fcnetek jelennek meg, melyek az immunrendszer k\u00e1rosod\u00e1s\u00e1t jelzik: tart\u00f3s l\u00e1z, fogy\u00e1s, \u00e9jszakai izzad\u00e1s, f\u00e1rad\u00e9konys\u00e1g, elh\u00faz\u00f3d\u00f3 hasmen\u00e9s, visszat\u00e9r\u0151 gomb\u00e1s h\u00fcvelygyullad\u00e1s, speci\u00e1lis b\u0151rt\u00fcnetek.<br \/>\n\u00c1ltal\u00e1ban 2-3- \u00e9vig tart ez az \u00e1llapot.<\/p>\n<p><strong>A HIV \u00e9s az AIDS ugyanaz?<\/strong><br \/>\nNem ugyanaz. A HIV fert\u0151z\u00e9s egyik st\u00e1diuma az AIDS st\u00e1dium, az a s\u00falyos immunhi\u00e1nyos \u00e1llapot, melyben az immunrendszer romokban hever, a szervezet nem tud v\u00e9dekezni a fert\u0151z\u00e9sek, k\u00f3rokoz\u00f3k ellen, \u00edgy olyan betegs\u00e9gek alakulnak ki, melyek norm\u00e1lis v\u00e9dekez\u0151 rendszer\u0171 emberekn\u00e9l ritk\u00e1n.\u00a0 \u00c1tlagos id\u0151tartama f\u00e9l-2 \u00e9v, a fert\u0151z\u00f6ttek hal\u00e1l\u00e1val v\u00e9gz\u0151dik.<br \/>\nA term\u00e9szetes lefoly\u00e1s mindenkiben m\u00e1sk\u00e9pp zajlik le \u00e9s k\u00fcl\u00f6nb\u00f6z\u0151 hossz\u00fas\u00e1g\u00fa lehet. Egyesekn\u00e9l m\u00e1r p\u00e1r \u00e9v alatt kifejl\u0151dik ez a v\u00e9gst\u00e1dium\u00fa \u00e1llapot, m\u00edg m\u00e1sok \u00e9vtizedekig t\u00fcnetmentesek maradnak, gy\u00f3gyszeres kezel\u00e9s n\u00e9lk\u00fcl is.<\/p>\n<p><strong>Opportunista fert\u0151z\u00e9sek<\/strong><br \/>\nOpportunista fert\u0151z\u00e9sek elnevez\u00e9s alatt azokat a megbeteged\u00e9seket \u00e9rtj\u00fck, melyek a legyeng\u00fclt immunrendszer\u0171 szervezetet t\u00e1madj\u00e1k meg. Eg\u00e9szs\u00e9ges emberekn\u00e9l ezek a betegs\u00e9gek sokkal enyh\u00e9bb form\u00e1ban jelentkeznek, \u00e9s r\u00f6videbb ideig tartanak.<br \/>\nAz opportunista sz\u00f3 jelent\u00e9se megalkuv\u00f3t, kiegyez\u00e9sre hajland\u00f3t, \u00f6nz\u0151t \u00e9s elvtelent jelent, eredetileg szem\u00e9lyekre haszn\u00e1lt\u00e1k. Betegs\u00e9geket, fert\u0151z\u00e9seket tekintve \u00fagy \u00e9rtelmezhetj\u00fck, hogy a k\u00f3rokoz\u00f3k \u201efejet hajtanak\u201d a v\u00edrusnak, megalkusznak a fert\u0151z\u00e9ssel, AIDS st\u00e1diumban nem tudj\u00e1k felvenni vele a k\u00fczdelmet.<br \/>\nA b\u0151r\u00f6n gyakran l\u00e1that\u00f3ak ebben az \u00e1llapotban elt\u00e9r\u00e9sek: v\u00edrusok, bakt\u00e9riumok \u00e9s gomb\u00e1k is k\u00f6nnyen megfert\u0151zhetik az AIDS-ben szenved\u0151ket: pl. herpes v\u00edrus ak\u00e1r az eg\u00e9sz testre kiterjedten okozhat h\u00f3lyagokat, sebeket. Arcon, homlokon visszat\u00e9r\u0151en jelentkez\u0151, gyullad\u00e1sos, h\u00e1ml\u00f3 ekc\u00e9m\u00e1s foltok, testszerte piros, h\u00e1ml\u00f3 foltok, ki\u00fct\u00e9sek is utalhatnak legyeng\u00fclt immunrendszer\u0171 betegekre. A nyelven bizarr, bar\u00e1zd\u00e1lt leped\u00e9k jelenhet meg.<br \/>\nA l\u00e9gz\u0151szervet, t\u00fcd\u0151t is megt\u00e1madhatj\u00e1k k\u00f3rokoz\u00f3k (bakt\u00e9riumok, v\u00edrusok) nagyon s\u00falyos, \u00e9letvesz\u00e9lyes \u00e1llapotokat okozva. Az idegrendszer sz\u00f6vev\u00e9nyes sejth\u00e1l\u00f3zat\u00e1t is k\u00e1ros\u00edthatja a HIV, ezzel ak\u00e1r idegrendszeri (mozg\u00e1s, \u00e9rz\u00e9kel\u00e9s), ak\u00e1r viselked\u00e9sbeli elt\u00e9r\u00e9seket okozva.<br \/>\nEbben az \u00e1llapotban nagyon neh\u00e9z a betegek kezel\u00e9se, hiszen a HIV a szervezet saj\u00e1t v\u00e9dekez\u0151 sejtjeit, katon\u00e1it usz\u00edtja saj\u00e1t maga ellen, \u00f6npuszt\u00edt\u00e1sra \u00f6szt\u00f6n\u00f6zve.<\/p>\n<p><strong>A HIV v\u00edrusfert\u0151z\u00e9s terjed\u00e9se<\/strong><br \/>\nA m\u00e1r \u00e9vek \u00f3ta vil\u00e1gm\u00e9ret\u0171 j\u00e1rv\u00e1nyk\u00e9nt terjed\u0151 HIV fert\u0151z\u00e9s \u00e1tviteli m\u00f3djainak ismerete a betegs\u00e9g megel\u0151z\u00e9se szempontj\u00e1b\u00f3l nagyon fontos. Mivel a betegs\u00e9g a mai napig nem gy\u00f3gy\u00edthat\u00f3, az egyetlen v\u00e9dekez\u00e9si lehet\u0151s\u00e9g\u00fcnk ellene a megel\u0151z\u00e9s.<br \/>\nA betegs\u00e9g mind a heteroszexu\u00e1lis (n\u0151-f\u00e9rfi), mind a homoszexu\u00e1lis (f\u00e9rfi-f\u00e9rfi, n\u0151-n\u0151) kapcsolatokban \u00e1tadhat\u00f3 a fert\u0151z\u00f6tt nemi v\u00e1lad\u00e9kokkal (h\u00fcvelyv\u00e1lad\u00e9k, ond\u00f3). Igen nagy rizik\u00f3t jelent a fert\u0151z\u00e9s \u00e1tvitel\u00e9ben a<br \/>\nk\u00e1b\u00edt\u00f3szer\u00e9lvez\u0151k k\u00f6z\u00f6s t\u0171 \u00e9s fecskend\u0151haszn\u00e1lata. A b\u0151r-, \u00e9s ny\u00e1lkah\u00e1rtyas\u00e9r\u00fcl\u00e9s k\u00f6vetkezt\u00e9ben a fert\u0151z\u00f6tt v\u00e9rrel t\u00f6rt\u00e9n\u0151 direkt \u00e9rintkez\u00e9s els\u0151sorban az eg\u00e9szs\u00e9g\u00fcgyi dolgoz\u00f3k sz\u00e1m\u00e1ra jelent kock\u00e1zatot. Emellett a fert\u0151z\u00e9st \u00e1tadhatja a fert\u0151z\u00f6tt terhes anya a magzat\u00e1nak a m\u00e9hlep\u00e9nyen kereszt\u00fcl, \u00e9s sz\u00fcl\u00e9s ut\u00e1n a szoptat\u00e1s sor\u00e1n az anyatejjel is. A modern \u00e9s megb\u00edzhat\u00f3 sz\u0171r\u0151vizsg\u00e1latoknak k\u00f6sz\u00f6nhet\u0151en csak nagyon ritk\u00e1n ad\u00f3dik \u00e1t a fert\u0151z\u00e9s szerv\u00e1t\u00fcltet\u00e9s vagy v\u00e9rinf\u00fazi\u00f3 (transzf\u00fazi\u00f3) sor\u00e1n.<br \/>\nA fert\u0151z\u00e9s szempontj\u00e1b\u00f3l a legink\u00e1bb vesz\u00e9lyeztetett csoportok az al\u00e1bbiak:<br \/>\n\u2013 homoszexu\u00e1lis (f\u00e9rfival kapcsolatot l\u00e9tes\u00edt\u0151) \u00e9s biszexu\u00e1lis (f\u00e9rfival \u00e9s n\u0151vel is kapcsolatot l\u00e9tes\u00edt\u0151) f\u00e9rfiak<br \/>\n\u2013 partnereiket gyakran cser\u00e9l\u0151, vagy egy id\u0151ben t\u00f6bb partnerrel kapcsolatot l\u00e9tes\u00edt\u0151 heteroszexu\u00e1lis (f\u00e9rfi-n\u0151 kapcsolatban \u00e9l\u0151) emberek<br \/>\n\u2013 az intrav\u00e9n\u00e1s k\u00e1b\u00edt\u00f3szer\u00e9lvez\u0151k \u00e9s az \u0151 szexu\u00e1lis partnereik<br \/>\n\u2013 er\u0151sen fert\u0151z\u00f6tt ter\u00fcletr\u0151l \u00e9rkez\u0151 (pl: Afrika) hetero-, vagy homoszexu\u00e1lis szem\u00e9lyekkel szexu\u00e1lis kapcsolatot l\u00e9tes\u00edt\u0151k<br \/>\n\u2013 a prostitu\u00e1ltak (mind a n\u0151i mind a f\u00e9rfi prostitu\u00e1ltak)<br \/>\n\u2013 a prostitu\u00e1ltak kliensei, \u00e9s a kliensek partnerei<br \/>\nA fert\u0151z\u00e9s \u00e1tvitel\u00e9vel kapcsolatban kering\u0151 t\u00e9vhitek eloszlat\u00e1s\u00e1ra elmondhatjuk viszont, hogy a betegs\u00e9g nem terjed \u00e9tellel, iv\u00f3v\u00edzzel, uszodav\u00edzzel, verejt\u00e9kkel, k\u00f6nnyel, ny\u00e1llal, rovarok cs\u00edp\u00e9s\u00e9vel. Tov\u00e1bb\u00e1 nem terjed k\u00f6z\u00f6s ev\u0151eszk\u00f6zzel, t\u00fcsszent\u00e9ssel, k\u00e9zfog\u00e1ssal, \u00e9s WC-n sem, felt\u00e9ve hogy azt rendeltet\u00e9sszer\u0171en haszn\u00e1lj\u00e1tok (WC \u00fcl\u0151k\u00e9n t\u00f6rt\u00e9n\u0151 szex nyilv\u00e1n nem rendeltet\u00e9sszer\u0171).<br \/>\nA szexu\u00e1lisan legakt\u00edvabb koroszt\u00e1lyban (ezek Ti vagytok) a megel\u0151z\u00e9s leghat\u00e1sosabb m\u00f3dja az \u00f3vszer megfelel\u0151 haszn\u00e1lata mind az or\u00e1lis mind az analis szex sor\u00e1n!<\/p>\n<p><strong>Gy\u00f3gy\u00edthat\u00f3 a HIV?<\/strong><br \/>\nA HIV fert\u0151z\u00e9s jelen \u00e1ll\u00e1s szerint nem gy\u00f3gy\u00edthat\u00f3 betegs\u00e9g, de nagyon j\u00f3l karban tarthat\u00f3. Amit, ha meggondoltok, nagyon sok egy\u00e9b betegs\u00e9gr\u0151l is elmondhatunk, pl. a magasv\u00e9rnyom\u00e1s betegs\u00e9gr\u0151l, vagy a cukorbetegs\u00e9gr\u0151l. B\u00e1rmilyen fur\u00e1n hangzik, jelenleg a HIV az egyik \u201elegkellemesebb\u201d kr\u00f3nikus betegs\u00e9g!<br \/>\nJelenleg a HIV gy\u00f3gyszeres kezel\u00e9se nagyon gyorsan v\u00e1ltozik, fejl\u0151dik, k\u00f6sz\u00f6nhet\u0151en a folyamatos kutat\u00e1snak a v\u00edrus megismer\u00e9s\u00e9vel kapcsolatban.<br \/>\nAz \u00e1tt\u00f6r\u0151 sikert a kezel\u00e9ssel kapcsolatban az \u00fan. kombin\u00e1ci\u00f3s ter\u00e1pia, a HAART (highly active antiretroviral therapy \u2013 nagy hat\u00e9konys\u00e1g\u00fa antiretroviralis ter\u00e1pia) hozta, amit a kilencvenes \u00e9vek k\u00f6zep\u00e9t\u0151l vezettek be. Gyakorlatilag innen kezdve a betegs\u00e9ghez kapcsol\u00f3d\u00f3 rettegett sz\u00f6v\u0151dm\u00e9nyek majdhogynem el is t\u0171ntek.<\/p>\n<p><strong>A kombin\u00e1ci\u00f3s ter\u00e1pia<\/strong><br \/>\nHa h\u00e1rom, vagy t\u00f6bb gy\u00f3gyszert \u00fagy alkalmaznak egy betegn\u00e9l, hogy a gy\u00f3gyszerek egym\u00e1s hat\u00e1s\u00e1t seg\u00edtve a HIV v\u00edrus terjed\u00e9s\u00e9t, sz\u00e1m\u00e1t cs\u00f6kkentik.<br \/>\nNem minden HIV pozit\u00edv szorul azonnal kezel\u00e9sre. Sokan t\u00f6bb \u00e9ven kereszt\u00fcl (ak\u00e1r 10-15 \u00e9vig) gy\u00f3gyszer n\u00e9lk\u00fcl is egyens\u00falyban vannak, m\u00edg m\u00e1sok szinte a diagn\u00f3zis fel\u00e1ll\u00edt\u00e1sakor kezel\u00e9sre szorulnak. Sok f\u00fcgg att\u00f3l, mikor, \u00e9s milyen \u00e1llapotban van a beteg, amikor f\u00e9ny der\u00fcl a betegs\u00e9gre.<br \/>\nA kezel\u00e9s megkezd\u00e9s\u00e9t bizonyos feh\u00e9rv\u00e9rsejt \u00e9rt\u00e9kekhez \u00e9s v\u00edrus szinthez k\u00f6tik, t\u00f6bbek k\u00f6z\u00f6tt emiatt is kell 3 havonta orvoshoz j\u00e1rni.<\/p>\n<p><strong>Hogyan hat a gy\u00f3gyszer?<\/strong><br \/>\nA gy\u00f3gyszerek megakad\u00e1lyozz\u00e1k a v\u00edrus \u201eszaporod\u00e1s\u00e1t\u201d. Ha a v\u00edrusszint cs\u00f6kken, a feh\u00e9rv\u00e9rsejteknek es\u00e9ly\u00fck van arra, hogy felszaporodjanak, feler\u0151s\u00f6djenek, \u00e9s ism\u00e9telten ell\u00e1ss\u00e1k a feladatukat. Ez nem egyenl\u0151 a gy\u00f3gyul\u00e1ssal: marad a szervezetben v\u00edrus, de elrejt\u0151zve, \u00fan. \u201epihen\u0151\u201d sejtekben.<br \/>\nM\u00e1r nagyon sok gy\u00f3gyszer \u00e1ll rendelkez\u00e9sre (majdnem 30 f\u00e9le). A kifejleszt\u00e9s\u00fckn\u00e9l arra t\u00f6rekedtek, hogy egy-egy olyan fontos ponton tudjanak belesz\u00f3lni a v\u00edrus \u00e9letciklus\u00e1ba, amely ak\u00e1r egymag\u00e1ban is le\u00e1ll\u00edthatja a folyamatot, kombin\u00e1ci\u00f3ban pedig m\u00e9g hat\u00e9konyabb. Egyik csal\u00e1d megakad\u00e1lyozza pl. a v\u00edrus bel\u00e9p\u00e9s\u00e9t a sejtmagba, a m\u00e1sik azt az enzimet blokkolja amivel a v\u00edrus a saj\u00e1t \u00f6r\u00f6k\u00edt\u0151 anyag\u00e1t m\u00e1solja, stb. Jelenleg 5 olyan t\u00e1mad\u00e1si pont van, amit gy\u00f3gyszeresen tudnak blokkolni. K\u00e9pletesen sz\u00f3lva: a \u201ekiskapur\u00f3l\u201d nemcsak a kilincset szerelik le, hanem m\u00e9g be is hegesztik\u2026<\/p>\n<p><strong>Rezisztencia<\/strong><br \/>\nA rezisztencia sz\u00f3 ellen\u00e1ll\u00e1st jelent. A gy\u00f3gy\u00e1szatban akkor besz\u00e9l\u00fcnk r\u00f3la, ha egy k\u00f3rokoz\u00f3 \u201emegtanul\u201d v\u00e9dekezni egy adott gy\u00f3gyszerrel szemben. Vannak olyan bakt\u00e9riumok, amik k\u00fcl\u00f6n kis szelepeket fejlesztenek ki a falukon, ahol kieresztik a felvett antibiotikumokat, vagy olyan enzimeket k\u00e9sz\u00edtenek, amik lebontj\u00e1k azokat.<br \/>\nA HIV v\u00edrus kezel\u00e9s\u00e9ben az egyik legnagyobb probl\u00e9ma, a \u201etanul\u00e9konys\u00e1ga\u201d. Ha csak egyf\u00e9lem m\u00f3dszerrel t\u00e1madjuk, nagyon hamar kifejleszt olyan v\u00e9dekez\u0151 rendszert, amivel hat\u00e1stalan\u00edtja a ter\u00e1pi\u00e1t. ez\u00e9rt is kezdt\u00e9k meg a sokf\u00e9le gy\u00f3gyszer kombin\u00e1ci\u00f3ban t\u00f6rt\u00e9n\u0151 alkalmaz\u00e1s\u00e1t.<br \/>\nKisz\u00e1m\u00edthatatlan, hogy egy kombin\u00e1ci\u00f3s kezel\u00e9s meddig lesz \u201ej\u00f3\u201d. Nagyon fontos betartani az el\u0151\u00edr\u00e1sokat, mikor, mivel szabad bevenni a gy\u00f3gyszert, milyen \u00e9lelmiszereket szabad fogyasztani mellette, stb. Naponta t\u00f6bbsz\u00f6r, percre pontosan kell, \u00f3ri\u00e1si fegyelemmel szedni ezeket a gy\u00f3gyszereket, a legkisebb elcs\u00fasz\u00e1s m\u00e1r a rezisztencia kialakul\u00e1s\u00e1val fenyegeti a beteget.<br \/>\nHa v\u00e9giggondolod, ehhez iszony\u00fa fegyelem kell. Igaz, hogy a kezel\u00e9st a betegek ingyen kapj\u00e1k, de ez kor\u00e1ntsem olyan mintha cukork\u00e1t kapdosn\u00e1nak be. Gyakorlatilag az \u00e9let\u00fcket ennek kell al\u00e1rendelni, a gy\u00f3gyszer beszed\u00e9s\u00e9n\u00e9l semmi nem lehet fontosabb: sem egy buli, egy sz\u00fclinap, egy utaz\u00e1s, egy vizsga, vagy ak\u00e1r egy f\u00fcves cigi\u2026<br \/>\nNagyon sok egy\u00e9b gy\u00f3gyszer- ak\u00e1r \u00e9letment\u0151, ak\u00e1r csak egy fejf\u00e1j\u00e1s csillap\u00edt\u00f3 \u2013 szed\u00e9se megv\u00e1ltoztathatja a HAART felsz\u00edv\u00f3d\u00e1s\u00e1t, leboml\u00e1s\u00e1t \u00e9s hat\u00e1s\u00e1t. A mell\u00e9khat\u00e1sok pedig igencsak meg tudj\u00e1k keser\u00edteni a betegek \u00e9let\u00e9t \u2013 fogy\u00e1s, v\u00e9rcukor kileng\u00e9s, depresszi\u00f3, hogy t\u00f6bbet ne is eml\u00edtsek.<\/p>\n<p><strong>T\u00e9vhitek a HIV fert\u0151z\u00e9ssel kapcsolatban:<\/strong><br \/>\n\u2022\u00a0\u00a0\u00a0 A HIV (maga a v\u00edrus) hal\u00e1lt okoz:<br \/>\no\u00a0\u00a0\u00a0 ha a fert\u0151z\u00e9st id\u0151ben (AIDS st\u00e1dium el\u0151tt) felfedezik, a v\u00edrus terjed\u00e9se meg\u00e1ll\u00edthat\u00f3. Maga a HIV nem okoz hal\u00e1lt, a fert\u0151z\u00f6ttek a legyeng\u00fclt immunrendszer miatt kialakult s\u00falyos fert\u0151z\u00e9sekben halnak meg.<br \/>\n\u2022\u00a0\u00a0\u00a0 A HIV gy\u00f3gy\u00edthat\u00f3:<br \/>\no\u00a0\u00a0\u00a0 a betegs\u00e9g kezelhet\u0151, de nem gy\u00f3gy\u00edthat\u00f3, a v\u00edrust teljesen nem lehet elt\u00fcntetni a szervezetb\u0151l, m\u00e9g megfelel\u0151 kezel\u00e9s mellet is az immunrendszer lass\u00fa gyeng\u00fcl\u00e9se figyelhet\u0151 meg.<br \/>\n\u2022\u00a0\u00a0\u00a0 A HIV pozit\u00edv szem\u00e9ly m\u00e1r a k\u00fclsej\u00e9r\u0151l felismerhet\u0151:<br \/>\no\u00a0\u00a0\u00a0 a r\u00e9gebben alkalmazott gy\u00f3gyszeres kezel\u00e9snek olyan mell\u00e9khat\u00e1sai voltak (p\u00f3khas, beesett arc), melyek jellegzetes k\u00fcls\u0151t adtak a kezelt HIV-eseknek. Ezek a mai modern kezel\u00e9s mellett m\u00e1r nincsenek. Ugyan lehetnek olyan b\u0151relv\u00e1ltoz\u00e1sok, melyek l\u00e1tt\u00e1n az orvosokban fel kell, mer\u00fclj\u00f6n a beteg fert\u0151z\u00f6tts\u00e9ge, de hozz\u00e1 nem \u00e9rt\u0151 szemek el\u0151tt nincs k\u00fcl\u00f6nbs\u00e9g HIV pozit\u00edv \u00e9s negat\u00edv emberek k\u00f6z\u00f6tt.<\/p>\n","protected":false},"excerpt":{"rendered":"<p>A HIV v\u00edrus a nev\u00e9t az \u00e1ltala okozott t\u00fcnet egy\u00fcttesr\u0151l kapta: az immunrendszer gyeng\u00edt\u00e9s\u00e9vel t\u00e1madja meg az emberi szervezetet, sz\u00f3 szerinti jelent\u00e9se hum\u00e1n (emberi) immundeficiens (immunrendszert gyeng\u00edt\u0151) v\u00edrus. A fert\u0151z\u00e9s \u00e9ppen ez\u00e9rt nem csak egy szervet \u00e9rint, hanem az eg\u00e9sz szervezetet. A betegs\u00e9g felismer\u00e9se neh\u00e9z, de vannak figyelmeztet\u0151 jelek, olyan t\u00fcnetek, melyek az immunrendszer \u00f6sszeoml\u00e1s\u00e1t &hellip;<\/p>\n","protected":false},"author":101265,"featured_media":0,"parent":14,"menu_order":14,"comment_status":"closed","ping_status":"closed","template":"","meta":{"_acf_changed":false,"footnotes":""},"categories":[],"tags":[],"class_list":["post-495","page","type-page","status-publish","hentry"],"acf":[],"_links":{"self":[{"href":"https:\/\/semmelweis.hu\/biztonsagosszex\/wp-json\/wp\/v2\/pages\/495","targetHints":{"allow":["GET"]}}],"collection":[{"href":"https:\/\/semmelweis.hu\/biztonsagosszex\/wp-json\/wp\/v2\/pages"}],"about":[{"href":"https:\/\/semmelweis.hu\/biztonsagosszex\/wp-json\/wp\/v2\/types\/page"}],"author":[{"embeddable":true,"href":"https:\/\/semmelweis.hu\/biztonsagosszex\/wp-json\/wp\/v2\/users\/101265"}],"replies":[{"embeddable":true,"href":"https:\/\/semmelweis.hu\/biztonsagosszex\/wp-json\/wp\/v2\/comments?post=495"}],"version-history":[{"count":1,"href":"https:\/\/semmelweis.hu\/biztonsagosszex\/wp-json\/wp\/v2\/pages\/495\/revisions"}],"predecessor-version":[{"id":3196,"href":"https:\/\/semmelweis.hu\/biztonsagosszex\/wp-json\/wp\/v2\/pages\/495\/revisions\/3196"}],"up":[{"embeddable":true,"href":"https:\/\/semmelweis.hu\/biztonsagosszex\/wp-json\/wp\/v2\/pages\/14"}],"wp:attachment":[{"href":"https:\/\/semmelweis.hu\/biztonsagosszex\/wp-json\/wp\/v2\/media?parent=495"}],"wp:term":[{"taxonomy":"category","embeddable":true,"href":"https:\/\/semmelweis.hu\/biztonsagosszex\/wp-json\/wp\/v2\/categories?post=495"},{"taxonomy":"post_tag","embeddable":true,"href":"https:\/\/semmelweis.hu\/biztonsagosszex\/wp-json\/wp\/v2\/tags?post=495"}],"curies":[{"name":"wp","href":"https:\/\/api.w.org\/{rel}","templated":true}]}}