{"id":493,"date":"2018-11-28T00:00:00","date_gmt":"2018-11-27T23:00:00","guid":{"rendered":"http:\/\/semmelweis.hu\/biztonsagosszex\/gonorrhoea-kanko-vagy-tripper\/"},"modified":"2018-12-12T16:01:32","modified_gmt":"2018-12-12T15:01:32","slug":"gonorrhoea-kanko-vagy-tripper","status":"publish","type":"page","link":"https:\/\/semmelweis.hu\/biztonsagosszex\/altalanos-tudnivalok\/nemibetegsegek\/gonorrhoea-kanko-vagy-tripper\/","title":{"rendered":"Gonorrhoea \u2013 kank\u00f3 vagy tripper"},"content":{"rendered":"<p>R\u00e9gi mond\u00e1s, m\u00e9g nagyap\u00e1ink idej\u00e9b\u0151l: \u201eTripper, kank\u00f3, minden frank\u00f3!\u201d<\/p>\n<p>Vagy tal\u00e1n m\u00e9gsem?<\/p>\n<p>Mi is az a tripper? Nemi betegs\u00e9g, ami m\u00e1r a \u2013 kapaszkodj meg \u2013 Bibli\u00e1ban is le lett \u00edrva.<br \/>\nHogy messzire nem menj\u00fcnk az id\u0151ben a 2. vil\u00e1gh\u00e1bor\u00faban \u00e9rte el a legmagasabb cs\u00facs\u00e1t a fert\u0151z\u00e9s, \u00e9s ugyan\u00fagy, mint a v\u00e9rbaj, a k\u00f6telez\u0151 \u00e9s z\u00e1rt oszt\u00e1lyos kezel\u00e9s, a k\u00f6telez\u0151 partnervizsg\u00e1latnak k\u00f6sz\u00f6nhet\u0151en gyakorlatilag elt\u0171nt Magyarorsz\u00e1gr\u00f3l. A kilencvenes \u00e9vek ut\u00e1n a t\u00f6bbi STD-vel egy\u00fctt lassan n\u00f6vekedni kezdett a fert\u0151z\u00f6ttek sz\u00e1ma, az\u00f3ta szerencs\u00e9re nem t\u00fal gyakori, minden \u00e9vben kb. 800 esetet tal\u00e1lunk orsz\u00e1gszerte.<br \/>\nLehet-e azonban hinni a statisztik\u00e1knak? H\u00e1t, k\u00e9nyes k\u00e9rd\u00e9s.<br \/>\nA tripperrel ugyanis, ak\u00e1rcsak a t\u00f6bbi STD fert\u0151z\u00e9ssel, t\u00f6bbek k\u00f6z\u00f6tt az a probl\u00e9ma, hogy nem felt\u00e9tlen\u00fcl produk\u00e1l jellegzetes t\u00fcnetet. Lehet, hogy csak egy szimpla felf\u00e1z\u00e1snak gondolj\u00e1k, \u00e9s mindenf\u00e9le vizsg\u00e1lat n\u00e9lk\u00fcl kezelgetik valamilyen vizelet fert\u0151tlen\u00edt\u0151vel, esetleg \u00f6sszekeverik egy gomb\u00e1s fert\u0151z\u00e9ssel. Ezek az esetek persze nem fognak szerepelni a statisztik\u00e1kban.<br \/>\nA kezdeti heveny t\u00fcnetek azt\u00e1n sz\u00e9pen lassan visszah\u00faz\u00f3dnak, \u00e9s olyan sz\u00f6v\u0151dm\u00e9nyek tudnak kialakulni, amelyek a legfontosabb dolgot vesz\u00e9lyeztetik az \u00e9letben, a k\u00e9s\u0151bbi gyermekv\u00e1llal\u00e1st.<\/p>\n<p><strong>Hogyan terjed a tripper?<\/strong><br \/>\nA fert\u0151z\u00e9s k\u00f3rokoz\u00f3ja az \u00fan. Neisseria gonorrhoeae, ami egy p\u00e1rosan elhelyezked\u0151, k\u00e1v\u00e9bab alak\u00fa bakt\u00e9rium. Szexu\u00e1lis egy\u00fcttl\u00e9t sor\u00e1n ker\u00fcl a k\u00f3rokoz\u00f3 bizonyos ny\u00e1lkah\u00e1rty\u00e1kra: ilyenek a h\u00fagycs\u0151, a m\u00e9hnyak, a szem k\u00f6t\u0151h\u00e1rty\u00e1ja \u00e9s a v\u00e9gb\u00e9l. E k\u00e9t ut\u00f3bbi hely fert\u0151z\u0151dhet a beteg saj\u00e1t v\u00e1lad\u00e9k\u00e1val is, pl. a h\u00fagycs\u0151b\u0151l foly\u00f3 v\u00e1lad\u00e9kot okosan beled\u00f6rzs\u00f6li a szem\u00e9be \u2013 k\u00e9zmos\u00e1s persze nuku. A fert\u0151z\u00e9s ut\u00e1n kb. 38 \u00f3r\u00e1val a bakt\u00e9riumok ellepik a ny\u00e1lkah\u00e1rty\u00e1t, fellaz\u00edtj\u00e1k \u00e9s a h\u00e1mon kereszt\u00fcl bejutnak a k\u00f6t\u0151sz\u00f6vetbe. Ez v\u00e1ltja ki a feh\u00e9rv\u00e9rsejtek v\u00e1ndorl\u00e1s\u00e1t a fert\u0151z\u00e9s helysz\u00edn\u00e9re, \u00e9s persze a gennyes foly\u00e1st.<br \/>\nA t\u00fcnetek m\u00e1shogy jelentkeznek fi\u00fakban, ill. l\u00e1nyokban.<\/p>\n<p><strong>Tripper f\u00e9rfiakban<\/strong><br \/>\nFi\u00fakn\u00e1l a fert\u0151z\u00e9s ut\u00e1n \u00e1tlag 3-4 nappal viszket\u0151, \u00e9g\u0151 \u00e9rz\u00e9s jelentkezik a h\u00fagycs\u0151ben, majd egy-k\u00e9t napig sav\u00f3s, majd gennyes foly\u00e1s alakul ki. A vizelet is gennyes, vagy v\u00e9res, borzaszt\u00f3an f\u00e1j az \u00fcr\u00edt\u00e9se, de fokozott a vizel\u00e9si inger. Eleinte hevesebb a ny\u00e1lkah\u00e1rtya gyullad\u00e1s, b\u0151, gennyes a v\u00e1lad\u00e9k, majd 1-2 h\u00e9t m\u00falva kevesebb, h\u00edgabb lesz, kevesebb a panasz is. Ez akkor alakulhat ki, ha a beteg nem kapott kezel\u00e9st, vagy az nem volt megfelel\u0151. Ez nem is olyan elk\u00e9pzelhetetlen, hiszen a t\u00fcnetek lassan, de m\u00falnak, sokan nem mernek orvoshoz fordulni, mindenf\u00e9le OTC k\u00e9sz\u00edtm\u00e9nyt haszn\u00e1lnak, vagy esetleg kapnak egy kis antibiotikumot j\u00f3sz\u00e1nd\u00e9k\u00fa bar\u00e1tjukt\u00f3l \u201enekem bev\u00e1lt\u201d felki\u00e1lt\u00e1ssal.<br \/>\nCsakhogy az \u00edgy, k\u00e9s\u0151bbiekben kialakul\u00f3 sz\u00f6v\u0151dm\u00e9nyek m\u00e1r nem olyan k\u00f6nnyen gy\u00f3gy\u00edthat\u00f3ak. T\u00e1lyogok k\u00e9pz\u0151dhetnek a h\u00fagycs\u0151 ment\u00e9n, a fert\u0151z\u00e9s r\u00e1terjedhet az ond\u00f3h\u00f3lyagokra, mell\u00e9kher\u00e9re. Ez ut\u00f3bbi f\u00e1jdalommal, duzzanattal \u00e9s l\u00e1zzal j\u00e1r; a k\u00f6vetkezm\u00e9nyes hegesed\u00e9s f\u00e9rfi medd\u0151s\u00e9get okozhat. H\u00f3lyaggyullad\u00e1s, vesemedence gyullad\u00e1s, prostata gyullad\u00e1s alakul ki: g\u00e1tt\u00e1ji fesz\u00fcl\u0151 \u00e9rz\u00e9ssel, f\u00e1jdalommal.<br \/>\nFontos: F\u00e9rfiakn\u00e1l m\u00e1r egy mikroszk\u00f3pos kenetvizsg\u00e1lattal diagnosztiz\u00e1lni lehet legt\u00f6bbsz\u00f6r a fert\u0151z\u00e9st!<\/p>\n<p><strong>Tripper n\u0151kben<\/strong><br \/>\nN\u0151kn\u00e9l a fert\u0151z\u00e9s kb. 10 nap m\u00falva okoz t\u00fcneteket, melyek gyakran alig \u00e9szrevehet\u0151ek \u00e9s \u00edgy gyakran marad kezeletlen a betegs\u00e9g. El\u0151sz\u00f6r a h\u00fagycs\u0151 betegszik meg, majd innen terjed a folyamat a h\u00fcvelybe \u00e9s innen a nyakcsatorn\u00e1n kereszt\u00fcl a m\u00e9hbe \u00e9s a petevezet\u00e9kekbe. Ha nincs megfelel\u0151 gy\u00f3gyszeres kezel\u00e9s, akkor a h\u00fcvelybement melletti mirigyekben, vagy a m\u00e9hnyakban elb\u00fajhat a k\u00f3rokoz\u00f3, \u00e9s van, hogy csak a partner fert\u0151z\u0151d\u00e9se h\u00edvja fel a figyelmet a betegs\u00e9gre. Ugyan\u00fagy kialakul a h\u00fagycs\u0151, a vesemedence fert\u0151z\u00e9se, mint fi\u00fakban, de m\u00e9g fontosabb sz\u00f6v\u0151dm\u00e9ny a l\u00e1zzal j\u00e1r\u00f3 kismedencei gyullad\u00e1s, ami a k\u00e9s\u0151bbiekben \u00f6sszen\u00f6v\u00e9sekhez, medd\u0151s\u00e9ghez vagy ak\u00e1r m\u00e9hen k\u00edv\u00fcli terhess\u00e9ghez is vezet.<br \/>\nFontos: egy szimpla \u201ekenet vizsg\u00e1lat\u201d nem tudja meg\u00e1llap\u00edtani, hogy van-e trippered vagy nem. Ha a n\u0151gy\u00f3gy\u00e1szod csak ezt vizsg\u00e1lja, \u00e9s gyan\u00fad van a tripperre, fordulj a ker\u00fcletedben l\u00e9v\u0151 BNG-hoz.<\/p>\n<p><strong>T\u00fcnetmentes fert\u0151z\u00e9s<\/strong><br \/>\nA fert\u0151z\u00e9s megb\u00fajhat a h\u00fcvelybemenet melletti mirigyekben, a v\u00e9gb\u00e9lben, vagy a torok ny\u00e1lkah\u00e1rty\u00e1n is, nemritk\u00e1n teljesen t\u00fcnetmentesen fert\u0151zve.<br \/>\nFontos: \u00c9rtelemszer\u0171en, ha a partnered azt mondja, hogy semmi baja nincs, az m\u00e9g nem 100% biztos! Lehet \u0151 sem tud r\u00f3la, hogy fert\u0151z\u00f6tt!<\/p>\n<p><strong>Sz\u00f3r\u00f3d\u00f3 betegs\u00e9g<\/strong><br \/>\nEgyes alfajai a k\u00f3rokoz\u00f3nak k\u00e9pesek ak\u00e1r a v\u00e9r\u00e1ramba is beker\u00fclni \u00e9s komoly t\u00fcneteket okozni. Ilyenkor l\u00e1z, \u00edz\u00fcleti f\u00e1jdalom, szem\u00e9szeti t\u00fcnetek is kialakulhatnak. Ha egy ilyet siker\u00fcl elkapni, tuti k\u00f3rh\u00e1zban v\u00e9gzed, inf\u00fazi\u00f3ra k\u00f6tve.<\/p>\n<p><strong>Hogyan mutatjuk ki a trippert?<\/strong><br \/>\nEl\u0151sz\u00f6r is minden egyes ny\u00e1lkah\u00e1rty\u00e1r\u00f3l mint\u00e1t kell venn\u00fcnk, ami fert\u0151z\u0151dhetett. Egyszer\u0171bben fogalmazva az orrlyukt\u00f3l \u201elefel\u00e9\u201d, mindenhonnan vesz\u00fcnk vattap\u00e1lc\u00e1val mint\u00e1t. Ez fontos a gy\u00f3gyul\u00e1sodhoz, \u00fagyhogy t\u0171rd sz\u00e9pen \u00e9s m\u0171k\u00f6dj egy\u00fctt az orvossal. A torok mintav\u00e9tel olyan, mint a g\u00e9g\u00e9szeten, van aki \u00f6klendezik t\u0151le, ez nem baj, megszoktuk. L\u00e1nyokn\u00e1l a vizsg\u00e1lat olyan mintha n\u0151gy\u00f3gy\u00e1szaton lenn\u00e9nek. A vizsg\u00e1lat sor\u00e1n egy h\u00fcvelyfelt\u00e1r\u00f3 eszk\u00f6zt haszn\u00e1lunk, a \u201ekacs\u00e1t\u201d. A h\u00fagycs\u0151vizsg\u00e1lat \u00e9s a v\u00e9gb\u00e9lny\u00edl\u00e1sb\u00f3l vett minta nem szokott kellemetlen lenni.<br \/>\nFi\u00fakn\u00e1l m\u00e1r macer\u00e1sabb a helyzet. A nadr\u00e1got le kell tolni, m\u00e9ghozz\u00e1 t\u00e9rdig, mert fontos, hogy az orvos teljes eg\u00e9sz\u00e9ben l\u00e1ssa a folyamatot. Ezut\u00e1n veszi le az orvos a h\u00fagycs\u0151b\u0151l a mint\u00e1t, ami legt\u00f6bbsz\u00f6r nem kellemetlen, mert olyan b\u0151 a foly\u00e1s, hogy szinte nem is kell felny\u00falni a mintavev\u0151 p\u00e1lc\u00e1val a h\u00fagycs\u0151be. A v\u00e9gb\u00e9lny\u00edl\u00e1sb\u00f3l a mintav\u00e9tel pedig egy\u00e1ltal\u00e1n nem f\u00e1jdalmas.<br \/>\nEzut\u00e1n mikroszk\u00f3p alatt megn\u00e9zz\u00fck a kikent v\u00e1lad\u00e9kot, \u00e9s teny\u00e9szt\u00e9st is v\u00e9gz\u00fcnk az anyagokb\u00f3l. Leghamarabb aznap, p\u00e1r perc m\u00falva, legk\u00e9s\u0151bb 3 nap m\u00falva m\u00e1r tudni fogod az eredm\u00e9nyt.<\/p>\n<p><strong>A tripper kezel\u00e9se<\/strong><br \/>\nInjekci\u00f3t kapsz, m\u00e9ghozz\u00e1 ingyen, de ezt nem szabad beadnunk, ha kor\u00e1bban penicillin allergi\u00e1d volt. Term\u00e9szetesen van ekkor is megold\u00e1s, de az ilyenkor adott gy\u00f3gyszerek hat\u00e1soss\u00e1ga nem annyira biztos, mint az injekci\u00f3\u00e9.<br \/>\nFontos: Nem akkor gy\u00f3gyult\u00e1l meg amikor t\u00fcnetmentess\u00e9 v\u00e1lt\u00e1l, hanem amikor az orvos azt mondja! Legal\u00e1bb addig fogd vissza magad, ne szexelj, f\u0151leg ne \u00faj partnerekkel. L\u00e9gy egy kicsit t\u00fcrelemmel, \u00e9s ne feledd, az \u00f3vszer elszakadhat, \u00e9s kezd\u0151dik az eg\u00e9sz hacac\u00e1r\u00e9 el\u0151lr\u0151l.<\/p>\n<p><strong>Megel\u0151z\u0151 kezel\u00e9s<\/strong><br \/>\nHogyha bizony\u00edthat\u00f3an egy\u00fctt volt\u00e1l valakivel, akit tripperrel kezelnek, tudod a nev\u00e9t \u00e9s a helyet ahol kezelik, akkor ennek ut\u00e1na j\u00e1runk, \u00e9s ha nem csak egy rossz tr\u00e9f\u00e1t \u0171znek veled, meg is adjuk a kezel\u00e9sedet.<\/p>\n<p><strong>Gondoz\u00e1s trippern\u00e9l<\/strong><br \/>\nHa egyszer elkaptad a betegs\u00e9get, akkor 3 h\u00f3napig kell kontrollokra j\u00e1rni. Az els\u0151 alkalommal 1 h\u00e9t m\u00falva, l\u00e1nyokn\u00e1l m\u00e9g az els\u0151 menszesz ut\u00e1n is, majd pedig 3 h\u00f3nap m\u00falva kell kontrollra j\u00f6nni. Sajnos, ahogyan a trippert, \u00fagy m\u00e1s betegs\u00e9geket is elkaphatt\u00e1l, \u00fagyhogy ilyenkor k\u00f6telez\u0151en vesz\u00fcnk v\u00e9rt szifiliszre \u00e9s HIV-re is. Ha 3 h\u00f3nap eltelt\u00e9vel is rendben vagy, \u00fajra eg\u00e9szs\u00e9gesnek nyilv\u00e1n\u00edtunk. Vigy\u00e1zz, b\u00e1rmikor visszakaphatod!<\/p>\n","protected":false},"excerpt":{"rendered":"<p>R\u00e9gi mond\u00e1s, m\u00e9g nagyap\u00e1ink idej\u00e9b\u0151l: \u201eTripper, kank\u00f3, minden frank\u00f3!\u201d Vagy tal\u00e1n m\u00e9gsem? Mi is az a tripper? Nemi betegs\u00e9g, ami m\u00e1r a \u2013 kapaszkodj meg \u2013 Bibli\u00e1ban is le lett \u00edrva. Hogy messzire nem menj\u00fcnk az id\u0151ben a 2. vil\u00e1gh\u00e1bor\u00faban \u00e9rte el a legmagasabb cs\u00facs\u00e1t a fert\u0151z\u00e9s, \u00e9s ugyan\u00fagy, mint a v\u00e9rbaj, a k\u00f6telez\u0151 \u00e9s &hellip;<\/p>\n","protected":false},"author":101265,"featured_media":0,"parent":14,"menu_order":13,"comment_status":"closed","ping_status":"closed","template":"","meta":{"_acf_changed":false,"footnotes":""},"categories":[],"tags":[],"class_list":["post-493","page","type-page","status-publish","hentry"],"acf":[],"_links":{"self":[{"href":"https:\/\/semmelweis.hu\/biztonsagosszex\/wp-json\/wp\/v2\/pages\/493","targetHints":{"allow":["GET"]}}],"collection":[{"href":"https:\/\/semmelweis.hu\/biztonsagosszex\/wp-json\/wp\/v2\/pages"}],"about":[{"href":"https:\/\/semmelweis.hu\/biztonsagosszex\/wp-json\/wp\/v2\/types\/page"}],"author":[{"embeddable":true,"href":"https:\/\/semmelweis.hu\/biztonsagosszex\/wp-json\/wp\/v2\/users\/101265"}],"replies":[{"embeddable":true,"href":"https:\/\/semmelweis.hu\/biztonsagosszex\/wp-json\/wp\/v2\/comments?post=493"}],"version-history":[{"count":1,"href":"https:\/\/semmelweis.hu\/biztonsagosszex\/wp-json\/wp\/v2\/pages\/493\/revisions"}],"predecessor-version":[{"id":3192,"href":"https:\/\/semmelweis.hu\/biztonsagosszex\/wp-json\/wp\/v2\/pages\/493\/revisions\/3192"}],"up":[{"embeddable":true,"href":"https:\/\/semmelweis.hu\/biztonsagosszex\/wp-json\/wp\/v2\/pages\/14"}],"wp:attachment":[{"href":"https:\/\/semmelweis.hu\/biztonsagosszex\/wp-json\/wp\/v2\/media?parent=493"}],"wp:term":[{"taxonomy":"category","embeddable":true,"href":"https:\/\/semmelweis.hu\/biztonsagosszex\/wp-json\/wp\/v2\/categories?post=493"},{"taxonomy":"post_tag","embeddable":true,"href":"https:\/\/semmelweis.hu\/biztonsagosszex\/wp-json\/wp\/v2\/tags?post=493"}],"curies":[{"name":"wp","href":"https:\/\/api.w.org\/{rel}","templated":true}]}}