{"id":492,"date":"2018-11-28T00:00:00","date_gmt":"2018-11-27T23:00:00","guid":{"rendered":"http:\/\/semmelweis.hu\/biztonsagosszex\/chlamydia-trachomatis-fertozes\/"},"modified":"2018-12-12T16:00:14","modified_gmt":"2018-12-12T15:00:14","slug":"chlamydia-trachomatis-fertozes","status":"publish","type":"page","link":"https:\/\/semmelweis.hu\/biztonsagosszex\/altalanos-tudnivalok\/nemibetegsegek\/chlamydia-trachomatis-fertozes\/","title":{"rendered":"Chlamydia trachomatis fert\u0151z\u00e9s"},"content":{"rendered":"<p>A Chlamydia fert\u0151z\u00e9s napjaink egyik leggyakoribb nemi \u00faton terjed\u0151 betegs\u00e9ge, a szexu\u00e1lisan legakt\u00edvabb 17-25 \u00e9ves koroszt\u00e1lyt \u00e9rinti a legnagyobb ar\u00e1nyban.\u00a0 A fert\u0151z\u00e9s gyors terjed\u00e9s\u00e9nek egyik oka az, hogy a betegs\u00e9g sokakn\u00e1l nem okoz panaszt. A n\u0151k h\u00e1romnegyede, m\u00edg a f\u00e9rfiak fele t\u00fcnetmentes, \u00e9s tudt\u00e1n k\u00edv\u00fcl is fert\u0151zi szexu\u00e1lis partner\u00e9t. Magyarorsz\u00e1gon \u00e9vente 80-100.000 \u00faj fert\u0151z\u00e9ssel sz\u00e1molhatunk.<\/p>\n<p>A fert\u0151z\u00e9st k\u00f6vet\u0151 3-4 napon enyhe vizel\u00e9si panaszok jelentkeznek (\u00e9g\u0151, cs\u00edp\u0151 \u00e9rz\u00e9s a h\u00fagycs\u0151ben). Emellett f\u00e9rfiakn\u00e1l gyakori a b\u0151vebb ny\u00e1kos vagy feh\u00e9res, gennyes foly\u00e1s a h\u00fagycs\u0151b\u0151l. A betegs\u00e9g a makkon is okozhat kellemetlen, ak\u00e1r f\u00e1jdalmas kiv\u00f6r\u00f6s\u00f6d\u00e9st.\u00a0 N\u0151kn\u00e9l a m\u00e9hnyak gyullad\u00e1sa alhasi f\u00e1jdalmat, b\u0151vebb h\u00fcvelyi foly\u00e1st, egy\u00fcttl\u00e9tek ut\u00e1ni, menstru\u00e1ci\u00f3t\u00f3l f\u00fcggetlen friss piros v\u00e9rz\u00e9st okozhat. A h\u00fagycs\u0151gyullad\u00e1s miatt v\u00e9res vizelet is jelentkezhet.<br \/>\nA t\u00fcnetek kezel\u00e9s n\u00e9lk\u00fcl is elm\u00falhatnak, de ez csak egy \u00e1tmeneti \u00e1llapot, 7-8 nap m\u00falva a panaszok ism\u00e9t jelentkeznek. A nemi szervek betegs\u00e9ge mellett a fert\u0151z\u00e9s okozhat a szemben k\u00f6t\u0151h\u00e1rtyagyullad\u00e1st, \u00e9s ritk\u00e1n f\u00e1jdalmas \u00edz\u00fcleti gyullad\u00e1s is kialakulhat. Amennyiben a fert\u0151z\u00e9s nem ker\u00fcl id\u0151ben felismer\u00e9sre, kezel\u00e9s n\u00e9lk\u00fcl a n\u0151kben \u00e9s f\u00e9rfiakban is s\u00falyos sz\u00f6v\u0151dm\u00e9nyek alakulhatnak ki.\u00a0 N\u0151kben a m\u00e9hnyak gyullad\u00e1sa tov\u00e1bbterjedhet a m\u00e9h \u00fcrege, a petevezet\u0151k, petef\u00e9szkek fel\u00e9 \u00e9s a k\u00e9s\u0151bbiekben ak\u00e1r medd\u0151s\u00e9get is okozhat. F\u00e9rfiakban a her\u00e9k, mell\u00e9kher\u00e9k, prostata (d\u00fclmirigy) hossz\u00fa lefoly\u00e1s\u00fa gyullad\u00e1sa alakulhat ki, ami a szexu\u00e1lis egy\u00fcttl\u00e9teket sokszor igen kellemetlenn\u00e9 teheti.<br \/>\nA Chlamydia fert\u0151z\u00e9s n\u0151kn\u00e9l a m\u00e9hnyak, f\u00e9rfiakn\u00e1l a h\u00fagycs\u0151b\u0151l vett mint\u00e1b\u00f3l igazolhat\u00f3, \u00e9s amennyiben a k\u00f3rokoz\u00f3 jelen van, n\u00e9h\u00e1ny napos antibiotikus kezel\u00e9ssel, teljes biztons\u00e1ggal gy\u00f3gy\u00edthat\u00f3.<br \/>\nA megel\u0151z\u00e9s nagyon fontos!\u00a0 K\u00fcl\u00f6n\u00f6sen alkalmi kapcsolat eset\u00e9n a megel\u0151z\u00e9s fontos r\u00e9sze a gumi\u00f3vszer haszn\u00e1lata, mely az aktus teljes hossza alatt alkalmazva megakad\u00e1lyozhatja a szexu\u00e1lis \u00faton terjed\u0151 k\u00f3rokoz\u00f3 \u00e1tjut\u00e1s\u00e1t!<\/p>\n","protected":false},"excerpt":{"rendered":"<p>A Chlamydia fert\u0151z\u00e9s napjaink egyik leggyakoribb nemi \u00faton terjed\u0151 betegs\u00e9ge, a szexu\u00e1lisan legakt\u00edvabb 17-25 \u00e9ves koroszt\u00e1lyt \u00e9rinti a legnagyobb ar\u00e1nyban.\u00a0 A fert\u0151z\u00e9s gyors terjed\u00e9s\u00e9nek egyik oka az, hogy a betegs\u00e9g sokakn\u00e1l nem okoz panaszt. A n\u0151k h\u00e1romnegyede, m\u00edg a f\u00e9rfiak fele t\u00fcnetmentes, \u00e9s tudt\u00e1n k\u00edv\u00fcl is fert\u0151zi szexu\u00e1lis partner\u00e9t. Magyarorsz\u00e1gon \u00e9vente 80-100.000 \u00faj fert\u0151z\u00e9ssel sz\u00e1molhatunk. &hellip;<\/p>\n","protected":false},"author":101265,"featured_media":0,"parent":14,"menu_order":12,"comment_status":"closed","ping_status":"closed","template":"","meta":{"_acf_changed":false,"footnotes":""},"categories":[],"tags":[],"class_list":["post-492","page","type-page","status-publish","hentry"],"acf":[],"_links":{"self":[{"href":"https:\/\/semmelweis.hu\/biztonsagosszex\/wp-json\/wp\/v2\/pages\/492","targetHints":{"allow":["GET"]}}],"collection":[{"href":"https:\/\/semmelweis.hu\/biztonsagosszex\/wp-json\/wp\/v2\/pages"}],"about":[{"href":"https:\/\/semmelweis.hu\/biztonsagosszex\/wp-json\/wp\/v2\/types\/page"}],"author":[{"embeddable":true,"href":"https:\/\/semmelweis.hu\/biztonsagosszex\/wp-json\/wp\/v2\/users\/101265"}],"replies":[{"embeddable":true,"href":"https:\/\/semmelweis.hu\/biztonsagosszex\/wp-json\/wp\/v2\/comments?post=492"}],"version-history":[{"count":1,"href":"https:\/\/semmelweis.hu\/biztonsagosszex\/wp-json\/wp\/v2\/pages\/492\/revisions"}],"predecessor-version":[{"id":3189,"href":"https:\/\/semmelweis.hu\/biztonsagosszex\/wp-json\/wp\/v2\/pages\/492\/revisions\/3189"}],"up":[{"embeddable":true,"href":"https:\/\/semmelweis.hu\/biztonsagosszex\/wp-json\/wp\/v2\/pages\/14"}],"wp:attachment":[{"href":"https:\/\/semmelweis.hu\/biztonsagosszex\/wp-json\/wp\/v2\/media?parent=492"}],"wp:term":[{"taxonomy":"category","embeddable":true,"href":"https:\/\/semmelweis.hu\/biztonsagosszex\/wp-json\/wp\/v2\/categories?post=492"},{"taxonomy":"post_tag","embeddable":true,"href":"https:\/\/semmelweis.hu\/biztonsagosszex\/wp-json\/wp\/v2\/tags?post=492"}],"curies":[{"name":"wp","href":"https:\/\/api.w.org\/{rel}","templated":true}]}}