{"id":488,"date":"2018-11-28T00:00:00","date_gmt":"2018-11-27T23:00:00","guid":{"rendered":"http:\/\/semmelweis.hu\/biztonsagosszex\/hpv-a-mehnyakrak-es-a-hegyes-fuggoly-a-nemi-szerveken\/"},"modified":"2018-12-12T15:54:55","modified_gmt":"2018-12-12T14:54:55","slug":"hpv-a-mehnyakrak-es-a-hegyes-fuggoly-a-nemi-szerveken","status":"publish","type":"page","link":"https:\/\/semmelweis.hu\/biztonsagosszex\/altalanos-tudnivalok\/nemibetegsegek\/hpv-a-mehnyakrak-es-a-hegyes-fuggoly-a-nemi-szerveken\/","title":{"rendered":"HPV: a m\u00e9hnyakr\u00e1k, \u00e9s a hegyes f\u00fcgg\u00f6ly a nemi szerveken"},"content":{"rendered":"<p>A hum\u00e1n papill\u00f3mav\u00edrusr\u00f3l (HPV) m\u00e1r 40 \u00e9ve bebizonyosodott, hogy a m\u00e9hnyakr\u00e1k legf\u0151bb oka. Ez az\u00e9rt is fontos, mert a HPV v\u00edrus nemi \u00faton terjed\u0151 k\u00f3rokoz\u00f3!<\/p>\n<p>A HPV-nek sok t\u00edpusa van. A magasabb kock\u00e1zat\u00fa HPV-knek szerep\u00fck van m\u00e1s rosszindulat\u00fa daganatok kialakul\u00e1s\u00e1ban is.<br \/>\nA szexu\u00e1lisan terjed\u0151 \u201ej\u00f3indulat\u00fa\u201d t\u00edpusai az \u00e9letet megkeser\u00edt\u0151 cs\u00fanya n\u00f6ved\u00e9keket okozhatnak a nemi szerveken, amelyek teljesen t\u00f6nkreteszik az intim egy\u00fcttl\u00e9t \u00f6r\u00f6m\u00e9t- \u00e9s szint\u00e9n fert\u0151z\u0151ek a partnerre. (\u00c9rdemes tudni: az alapvet\u0151en nem szexu\u00e1lis m\u00f3don terjed\u0151 \u201ej\u00f3indulat\u00fa\u201d\u00a0 HPV t\u00edpusok okozz\u00e1k a fert\u0151z\u0151 szem\u00f6lcs\u00f6ket).<\/p>\n<p>R\u00e1ad\u00e1sul a HPV hordoz\u00e1sa nem is ritka: egyes orsz\u00e1gokban m\u00e1r a f\u00e9rfiak fele \u00e9rintett. N\u00e1lunk ink\u00e1bb a l\u00e1nyok-n\u0151k teszik ki a t\u00f6bbs\u00e9get, kb. a harmadukat \u00e9rintheti a HPV fert\u0151z\u00e9s.\u00a0 Fontos tudni, hogy a v\u00edrus hordoz\u00e1sa a fert\u0151z\u00f6tt any\u00e1k csecsem\u0151in\u00e9l is kimutathat\u00f3, t\u00f6bbnyire a sz\u00e1jny\u00e1lkah\u00e1rty\u00e1n illetve a nemi szerveken. (Teh\u00e1t egy meggondolatlan kapcsolat k\u00f6vetkezm\u00e9nyei ak\u00e1r a kiszolg\u00e1ltatott gyerekeket is s\u00fajthatj\u00e1k, hossz\u00fa \u00e9vekkel k\u00e9s\u0151bb.)<br \/>\nA magyar n\u0151k k\u00f6r\u00fclbel\u00fcl harmada fert\u0151z\u00f6tt! Ezt nem csak a fi\u00faknak \u00e9rdemes tudni\u2026ha egy l\u00e1ny lefekszik egy fi\u00faval, nemi betegs\u00e9gek szempontj\u00e1b\u00f3l\u00a0\u00a0 \u201emindenkivel lefekszik\u201d , akivel az valaha is szexelt. Ez persze ford\u00edtva is igaz\u2026.<\/p>\n<p><strong>HPV-m van. R\u00e1kos vagyok?<\/strong><br \/>\nHa valakib\u0151l kimutatj\u00e1k a HPV v\u00edrust, az nem jelent \u00e9lethosszan tart\u00f3 hordoz\u00e1st, mert \u00e1ltal\u00e1ban a szervezet megszabadul a v\u00edrust\u00f3l, \u2013 igaz \u00e1ltal\u00e1ban h\u00f3napok vagy \u00e9vek alatt.<br \/>\nAkkor van baj, ha a HPV v\u00edrus DNS-e be\u00e9p\u00fcl a sejtjeinkbe, mert \u00edgy elindulhat az elr\u00e1kosod\u00e1s folyamata. Ez \u00e1ltal\u00e1ban \u00e9vek, \u00e9vtizedek alatt alakul ki.<\/p>\n<p><strong>A HPV eset\u00e9ben nem l\u00e9tezik biztons\u00e1gos szex? A h\u0171s\u00e9g fontoss\u00e1ga<\/strong><br \/>\n\u00dagy t\u0171nik HPV eset\u00e9ben a \u201d biztons\u00e1gos szex\u201d, a kondom haszn\u00e1lata kev\u00e9sb\u00e9 jelent v\u00e9delmet, mint m\u00e1s nemi \u00faton terjed\u0151 betegs\u00e9gek eset\u00e9ben. A gonorrhoea (kank\u00f3) vagy a HIV eset\u00e9ben jelent\u0151s v\u00e9delmet ny\u00fajt az \u00f3vszer, a HPV eset\u00e9ben ez m\u00e1r kev\u00e9sb\u00e9 hat\u00e9kony: a v\u00edrus nem olyan \u00e9rz\u00e9keny, \u00e9s nem csak a ny\u00e1lkah\u00e1rty\u00e1hoz \u00e9s a nemi v\u00e1lad\u00e9khoz k\u00f6t\u0151dik.<br \/>\nA legbiztons\u00e1gosabb szex m\u00e9g mindig a felel\u0151tlen kapcsolatok ker\u00fcl\u00e9se, \u00e9s a h\u0171s\u00e9g!<br \/>\nA vizsg\u00e1latok szerint a szexpartner gyakori v\u00e1lt\u00e1sa mindenk\u00e9ppen n\u00f6veli a HPV fert\u0151z\u00f6tts\u00e9g kock\u00e1zat\u00e1t \u2013 nem meglep\u0151, hogy legink\u00e1bb a fiatalabb gener\u00e1ci\u00f3kra jellemz\u0151 a k\u00f3r, \u00e9s kisebb az el\u0151fordul\u00e1sa a h\u00e1zass\u00e1gban \u00e9l\u0151k k\u00f6r\u00e9ben.<\/p>\n<p><strong>Nem vesz\u00e9lytelen az or\u00e1lis szex!<\/strong><br \/>\nHogy az or\u00e1lis \u00f6r\u00f6m\u00f6k kor\u00e1ntsem vesz\u00e9lytelenek, a HPV-re is igaznak bizonyult. Kor\u00e1bbi vizsg\u00e1latok kimutatt\u00e1k azt is, hogy az \u00e9let sor\u00e1n pajkos kalandokban\u00a0 \u201eelfogyasztott\u201d\u00a0 szexpartnerek sz\u00e1ma\u00a0 n\u00f6veli a sz\u00e1j HPV fert\u0151z\u00e9s\u00e9nek kock\u00e1zat\u00e1t is, ami a doh\u00e1nyz\u00e1s \u00e9s az alkohol ut\u00e1n a sz\u00e1jr\u00e1k kialakul\u00e1s\u00e1nak egyik fontos oka .<br \/>\nEgyes kutat\u00e1si eredm\u00e9nyek szerint az Egyes\u00fclt \u00c1llamokban a sz\u00e1j\u00fcregi daganatok els\u0151 sz\u00e1m\u00fa oka ma m\u00e1r a HPV fert\u0151z\u00e9s, \u00e9s nem a doh\u00e1nyz\u00e1s\u2026 \u00e9rdemes j\u00f3l meggondolni kivel, \u00e9s mit csin\u00e1lunk.<\/p>\n<p><strong>Hogyan ismerhetj\u00fck fel a fert\u0151z\u00f6tts\u00e9get?<\/strong><br \/>\nA HPV fert\u0151z\u00e9s n\u0151kn\u00e9l \u00e9s f\u00e9rfiakn\u00e1l is j\u00e1rhat nemi szerven megjelen\u0151 szem\u00f6lcs\u00f6kkel, k\u00fcl\u00f6nb\u00f6z\u0151 n\u00f6ved\u00e9kekkel, de sokszor semmilyen l\u00e1that\u00f3 vagy \u00e9rezhet\u0151 t\u00fcnet sincsen\u2026 m\u00e9gis elindul az elr\u00e1kosod\u00e1s.<br \/>\nA HPV fert\u0151z\u00e9s a sz\u00e1jban is sokszor t\u00fcnetmentes, de kialakulhatnak n\u00f6ved\u00e9kek is. Ha valaki ilyet \u00e9rz\u00e9kel sz\u00e1j\u00e1ban, forduljon min\u00e9l el\u0151bb fogszakorvoshoz vagy sz\u00e1jseb\u00e9szhez, pl\u00e1ne, ha, fek\u00e9ly vagy elszarusod\u00e1s is jelentkezik, mert ezek m\u00e1r ak\u00e1r sz\u00e1jr\u00e1k t\u00fcnetei is lehetnek.<\/p>\n<p><strong>Ellenszer? Olt\u00e1s!<\/strong><br \/>\nA legt\u00f6bb v\u00edrus eset\u00e9n ellen nincs gy\u00f3gyszer, \u00edgy a HPV ellen sem.\u00a0 A megjelen\u0151 szem\u00f6lcs\u00f6ket, n\u00f6ved\u00e9keket kezelik ecsetel\u0151kkel, m\u0171t\u00e9ti \u00faton elt\u00e1vol\u00edt\u00e1ssal, vagy fagyaszt\u00e1ssal. A m\u00e9hnyaki folyamatokn\u00e1l n\u0151gy\u00f3gy\u00e1szati m\u0171t\u00e9tekre is sor ker\u00fclhet, ha a m\u00e9hnyakr\u00e1k vesz\u00e9lye nagy.\u00a0 Az idej\u00e9ben v\u00e9gzett kisebb beavatkoz\u00e1s (\u00fan. koniz\u00e1ci\u00f3) ut\u00e1n a n\u0151 m\u00e9g gyereket is sz\u00fclhet k\u00e9s\u0151bb. De\u00a0 az el\u0151rehaladottabb r\u00e1kos esetekben sajnos a m\u00e9het is ki kell venni, \u00edgy gyermek sem lehet t\u00f6bb\u00e9. El\u0151fordul, hogy m\u00e9g huszon\u00e9ves n\u0151kn\u00e9l kell elv\u00e9gezni ezt a s\u00falyos m\u0171t\u00e9tet.<br \/>\nAz HPV elleni olt\u00e1sok jelent\u0151sen cs\u00f6kkenti a m\u00e9hnyakr\u00e1k, illetve a k\u00f6rnyez\u0151 t\u00e1j\u00e9kon kialakul\u00f3 daganat kock\u00e1zat\u00e1t.\u00a0 Mivel a HPV-fert\u0151z\u00f6tts\u00e9g a h\u00faszas \u00e9vei elej\u00e9n j\u00e1r\u00f3 gener\u00e1ci\u00f3 k\u00f6r\u00e9ben a leggyakoribb, az olt\u00e1st a szexu\u00e1lis \u00e9let megkezd\u00e9se el\u0151tt \u00e9rdemes adni.<br \/>\nAz olt\u00e1s olyan, mint a biztons\u00e1gi \u00f6v: \u00f3v, de nem 100%! Mivel 15 magas rizik\u00f3j\u00fa HPV v\u00edrus van, \u00e9s mindet a vakcina sem tartalmazza, sz\u00e1z sz\u00e1zal\u00e9kos v\u00e9delmet az olt\u00e1s sem jelent. Az olt\u00e1sok \u00e1ltal\u00e1ban csak k\u00e9t gyakori nagy kock\u00e1zat\u00fa, \u00e9s esetleg k\u00e9t fontos alacsonyabb kock\u00e1zat\u00fa t\u00edpus ellen ny\u00fajtanak teljes v\u00e9delmet. Ez\u00e9rt a n\u0151gy\u00f3gy\u00e1szati r\u00e1ksz\u0171r\u00e9sek tov\u00e1bbra sem elhanyagolhat\u00f3ak!<br \/>\nHasonl\u00f3k\u00e9ppen az olt\u00e1s nem ad f\u00f6lment\u00e9st sem a j\u00f3zan \u00e9s h\u0171s\u00e9ges szexu\u00e1lis \u00e9let, sem az \u00f3vszerrel val\u00f3 v\u00e9dekez\u00e9s al\u00f3l.<br \/>\nNe feledd: a HPV elleni olt\u00e1s plusz \u00f3vszer olyan, mint a biztons\u00e1gi \u00f6v\u2026 jelent\u0151s v\u00e9delmet ad, de ha felel\u0151tlen\u00fcl sz\u00e1guldozol, akkor el\u0151bb-ut\u00f3bb bej\u00f6het egy kamion a sz\u00e9lv\u00e9d\u0151n\u2026<\/p>\n","protected":false},"excerpt":{"rendered":"<p>A hum\u00e1n papill\u00f3mav\u00edrusr\u00f3l (HPV) m\u00e1r 40 \u00e9ve bebizonyosodott, hogy a m\u00e9hnyakr\u00e1k legf\u0151bb oka. Ez az\u00e9rt is fontos, mert a HPV v\u00edrus nemi \u00faton terjed\u0151 k\u00f3rokoz\u00f3! A HPV-nek sok t\u00edpusa van. A magasabb kock\u00e1zat\u00fa HPV-knek szerep\u00fck van m\u00e1s rosszindulat\u00fa daganatok kialakul\u00e1s\u00e1ban is. A szexu\u00e1lisan terjed\u0151 \u201ej\u00f3indulat\u00fa\u201d t\u00edpusai az \u00e9letet megkeser\u00edt\u0151 cs\u00fanya n\u00f6ved\u00e9keket okozhatnak a nemi szerveken, &hellip;<\/p>\n","protected":false},"author":101265,"featured_media":0,"parent":14,"menu_order":9,"comment_status":"closed","ping_status":"closed","template":"","meta":{"_acf_changed":false,"footnotes":""},"categories":[],"tags":[],"class_list":["post-488","page","type-page","status-publish","hentry"],"acf":[],"_links":{"self":[{"href":"https:\/\/semmelweis.hu\/biztonsagosszex\/wp-json\/wp\/v2\/pages\/488","targetHints":{"allow":["GET"]}}],"collection":[{"href":"https:\/\/semmelweis.hu\/biztonsagosszex\/wp-json\/wp\/v2\/pages"}],"about":[{"href":"https:\/\/semmelweis.hu\/biztonsagosszex\/wp-json\/wp\/v2\/types\/page"}],"author":[{"embeddable":true,"href":"https:\/\/semmelweis.hu\/biztonsagosszex\/wp-json\/wp\/v2\/users\/101265"}],"replies":[{"embeddable":true,"href":"https:\/\/semmelweis.hu\/biztonsagosszex\/wp-json\/wp\/v2\/comments?post=488"}],"version-history":[{"count":1,"href":"https:\/\/semmelweis.hu\/biztonsagosszex\/wp-json\/wp\/v2\/pages\/488\/revisions"}],"predecessor-version":[{"id":3180,"href":"https:\/\/semmelweis.hu\/biztonsagosszex\/wp-json\/wp\/v2\/pages\/488\/revisions\/3180"}],"up":[{"embeddable":true,"href":"https:\/\/semmelweis.hu\/biztonsagosszex\/wp-json\/wp\/v2\/pages\/14"}],"wp:attachment":[{"href":"https:\/\/semmelweis.hu\/biztonsagosszex\/wp-json\/wp\/v2\/media?parent=488"}],"wp:term":[{"taxonomy":"category","embeddable":true,"href":"https:\/\/semmelweis.hu\/biztonsagosszex\/wp-json\/wp\/v2\/categories?post=488"},{"taxonomy":"post_tag","embeddable":true,"href":"https:\/\/semmelweis.hu\/biztonsagosszex\/wp-json\/wp\/v2\/tags?post=488"}],"curies":[{"name":"wp","href":"https:\/\/api.w.org\/{rel}","templated":true}]}}