{"id":486,"date":"2018-11-28T00:00:00","date_gmt":"2018-11-27T23:00:00","guid":{"rendered":"http:\/\/semmelweis.hu\/biztonsagosszex\/herpes-genitalis-nemi-herpesz\/"},"modified":"2018-12-12T15:33:11","modified_gmt":"2018-12-12T14:33:11","slug":"herpes-genitalis-nemi-herpesz","status":"publish","type":"page","link":"https:\/\/semmelweis.hu\/biztonsagosszex\/altalanos-tudnivalok\/nemibetegsegek\/herpes-genitalis-nemi-herpesz\/","title":{"rendered":"Herpes genitalis (nemi herpesz)"},"content":{"rendered":"<p>A nemi herpeszt a Herpes simplex v\u00edrus 1-es \u00e9s 2-es t\u00edpusa okozza. A betegs\u00e9g h\u00fcvelyi, an\u00e1lis \u00e9s or\u00e1lis k\u00f6z\u00f6s\u00fcl\u00e9s \u00fatj\u00e1n terjed, illetve terhess\u00e9g \u00e9s sz\u00fcl\u00e9s sor\u00e1n a magzat is megfert\u0151z\u0151dhet.<\/p>\n<p>A t\u00fcnetek hasonl\u00f3ak, mint a sz\u00e1jherpesz eset\u00e9n, csak itt a f\u00e1jdalmas, h\u00f3lyagos, sebes elv\u00e1ltoz\u00e1sok a nemi szerveken \u00e9s k\u00f6rny\u00e9k\u00fck\u00f6n, vagy a v\u00e9gb\u00e9lny\u00edl\u00e1s k\u00f6r\u00fcl jelentkeznek.\u00a0 Ha a betegs\u00e9g a h\u00fagycs\u00f6vet is \u00e9rinti a vizel\u00e9s is igen f\u00e1jdalmas lehet. A betegs\u00e9g j\u00e1rhat h\u0151emelked\u00e9ssel, l\u00e1zzal, rossz k\u00f6z\u00e9rzettel \u00e9s megnagyobbodhatnak a l\u00e1gy\u00e9khajlatban is a nyirokcsom\u00f3id. Ha a fert\u0151z\u00e9s or\u00e1lis k\u00f6z\u00f6s\u00fcl\u00e9s \u00fatj\u00e1n terjed, akkor a h\u00f3lyagok az ajkakon, a sz\u00e1j k\u00f6r\u00fcl is jelentkezhetnek, ilyenkor a betegs\u00e9get neh\u00e9z megk\u00fcl\u00f6nb\u00f6ztetni az ajakherpeszt\u0151l. A t\u00fcnetek ki\u00fajulhatnak, ugyan\u00fagy, mint a sz\u00e1jherpesz eset\u00e9n, csak nemi herpesz eset\u00e9n gyakrabban.\u00a0 A v\u00edrus a fert\u0151z\u00e9s ut\u00e1n az idegd\u00facokba ker\u00fcl (az idegrendszer gerinc k\u00f6r\u00fcli r\u00e9sze) \u00e9s ott lappang tov\u00e1bb.\u00a0 Ha alkalom ad\u00f3dik r\u00e1 (pl: gyeng\u00fcl az immunrendszer m\u00e1s betegs\u00e9g miatt, vagy tart\u00f3s stressz helyzetbe ker\u00fcl\u00fcnk) a betegs\u00e9g \u00fajra aktiv\u00e1l\u00f3dik \u00e9s ism\u00e9t a h\u00f3lyagos t\u00fcneteket okozza.<\/p>\n<p><strong>Mi a teend\u0151, ha elkaptad?<\/strong><br \/>\nA t\u00fcnetek eset\u00e9n szakemberhez kell fordulni, hogy a megfelel\u0151 gy\u00f3gyszeres kezel\u00e9st min\u00e9l hamarabb el tudjuk kezdeni.\u00a0 Gy\u00f3gyszere az acyclovir nev\u0171 v\u00edrus ellenes k\u00e9sz\u00edtm\u00e9ny. Ennek alkalmaz\u00e1s\u00e1val el\u00e9rhet\u0151, hogy a betegs\u00e9g hamarabb elm\u00faljon, illetve ritk\u00e1bban \u00fajuljon ki.<br \/>\nMegel\u0151z\u00e9s\u00e9ben nagyon fontos a monog\u00e1mia, a h\u0171s\u00e9g \u00e9s az \u00f3vszer haszn\u00e1lat!<\/p>\n","protected":false},"excerpt":{"rendered":"<p>A nemi herpeszt a Herpes simplex v\u00edrus 1-es \u00e9s 2-es t\u00edpusa okozza. A betegs\u00e9g h\u00fcvelyi, an\u00e1lis \u00e9s or\u00e1lis k\u00f6z\u00f6s\u00fcl\u00e9s \u00fatj\u00e1n terjed, illetve terhess\u00e9g \u00e9s sz\u00fcl\u00e9s sor\u00e1n a magzat is megfert\u0151z\u0151dhet. A t\u00fcnetek hasonl\u00f3ak, mint a sz\u00e1jherpesz eset\u00e9n, csak itt a f\u00e1jdalmas, h\u00f3lyagos, sebes elv\u00e1ltoz\u00e1sok a nemi szerveken \u00e9s k\u00f6rny\u00e9k\u00fck\u00f6n, vagy a v\u00e9gb\u00e9lny\u00edl\u00e1s k\u00f6r\u00fcl jelentkeznek.\u00a0 Ha &hellip;<\/p>\n","protected":false},"author":101265,"featured_media":0,"parent":14,"menu_order":8,"comment_status":"closed","ping_status":"closed","template":"","meta":{"_acf_changed":false,"footnotes":""},"categories":[],"tags":[],"class_list":["post-486","page","type-page","status-publish","hentry"],"acf":[],"_links":{"self":[{"href":"https:\/\/semmelweis.hu\/biztonsagosszex\/wp-json\/wp\/v2\/pages\/486","targetHints":{"allow":["GET"]}}],"collection":[{"href":"https:\/\/semmelweis.hu\/biztonsagosszex\/wp-json\/wp\/v2\/pages"}],"about":[{"href":"https:\/\/semmelweis.hu\/biztonsagosszex\/wp-json\/wp\/v2\/types\/page"}],"author":[{"embeddable":true,"href":"https:\/\/semmelweis.hu\/biztonsagosszex\/wp-json\/wp\/v2\/users\/101265"}],"replies":[{"embeddable":true,"href":"https:\/\/semmelweis.hu\/biztonsagosszex\/wp-json\/wp\/v2\/comments?post=486"}],"version-history":[{"count":1,"href":"https:\/\/semmelweis.hu\/biztonsagosszex\/wp-json\/wp\/v2\/pages\/486\/revisions"}],"predecessor-version":[{"id":3176,"href":"https:\/\/semmelweis.hu\/biztonsagosszex\/wp-json\/wp\/v2\/pages\/486\/revisions\/3176"}],"up":[{"embeddable":true,"href":"https:\/\/semmelweis.hu\/biztonsagosszex\/wp-json\/wp\/v2\/pages\/14"}],"wp:attachment":[{"href":"https:\/\/semmelweis.hu\/biztonsagosszex\/wp-json\/wp\/v2\/media?parent=486"}],"wp:term":[{"taxonomy":"category","embeddable":true,"href":"https:\/\/semmelweis.hu\/biztonsagosszex\/wp-json\/wp\/v2\/categories?post=486"},{"taxonomy":"post_tag","embeddable":true,"href":"https:\/\/semmelweis.hu\/biztonsagosszex\/wp-json\/wp\/v2\/tags?post=486"}],"curies":[{"name":"wp","href":"https:\/\/api.w.org\/{rel}","templated":true}]}}