{"id":485,"date":"2018-11-28T00:00:00","date_gmt":"2018-11-27T23:00:00","guid":{"rendered":"http:\/\/semmelweis.hu\/biztonsagosszex\/gombas-fertozes\/"},"modified":"2018-12-12T15:31:17","modified_gmt":"2018-12-12T14:31:17","slug":"gombas-fertozes","status":"publish","type":"page","link":"https:\/\/semmelweis.hu\/biztonsagosszex\/altalanos-tudnivalok\/nemibetegsegek\/gombas-fertozes\/","title":{"rendered":"Gomb\u00e1s fert\u0151z\u00e9s"},"content":{"rendered":"<p>A rekl\u00e1mokb\u00f3l is j\u00f3l ismert h\u00fcvelygomba gyakori megbeteged\u00e9s, f\u0151leg a m\u00e1r szexu\u00e1lis \u00e9letet \u00e9l\u0151 n\u0151k k\u00f6r\u00e9ben, de kor\u00e1ntsem a megcsal\u00e1s, vagy megcsalat\u00e1s jele!<\/p>\n<p>Sarjadz\u00f3gomb\u00e1k gyakran \u00e9lnek a sz\u00e1jban, b\u00e9lben, valamint n\u0151k jelent\u0151s h\u00e1nyada hordoz\u00f3ja lehet sarjadz\u00f3gomb\u00e1knak a h\u00fcvely\u00e9ben is.<br \/>\nA gomb\u00e1s t\u00fcnetek hirtelen belobban\u00e1shoz ak\u00e1r az intim egy\u00fcttl\u00e9ttel j\u00e1r\u00f3 h\u00fcvelyi v\u00e1ltoz\u00e1sok is elegend\u0151ek lehetnek. Hozz\u00e1j\u00e1rulhat t\u00f6bb k\u00f6r\u00fclm\u00e9ny is, p\u00e9ld\u00e1ul antibiotikum vagy fogamz\u00e1sg\u00e1tl\u00f3k szed\u00e9se vagy a cukorbetegs\u00e9g, mert ezek megv\u00e1ltoztatj\u00e1k a h\u00fcvely term\u00e9szetes bakt\u00e9riumfl\u00f3r\u00e1j\u00e1t.<\/p>\n<p><strong>A fert\u0151z\u00e9s t\u00fcnetei<\/strong><br \/>\nHirtelen indul\u00f3 altesti viszket\u00e9s, h\u00edg vagy darabos foly\u00e1s, h\u00fcvelyi kellemetlen, \u00e9g\u0151 \u00e9rz\u00e9s vagy f\u00e1jdalmas vizelet\u00fcr\u00edt\u00e9s ak\u00e1r k\u00fcl\u00f6n k\u00fcl\u00f6n is lehet t\u00fcnete a gomb\u00e1s fert\u0151z\u00e9snek. A k\u00f6z\u00f6s\u00fcl\u00e9s is f\u00e1jdalmass\u00e1 v\u00e1lhat.<\/p>\n<p><strong>Fontos tudnival\u00f3<\/strong><br \/>\nA h\u00fcvelygomba-fert\u0151z\u00e9s alapvet\u0151en nem szexu\u00e1lis \u00faton terjed. F\u00e9rfir\u00f3l n\u0151re igen ritk\u00e1n megy \u00e1t! N\u0151r\u0151l f\u00e9rfira m\u00e1r ink\u00e1bb el\u0151fordul (b\u00e1r\u00a0 az sem gyakori):\u00a0 el\u0151fordulhat, hogy a h\u00fcvelyi gomb\u00e1s fert\u0151z\u00e9s ak\u00e1r t\u00fcnetmentes n\u0151r\u0151l terjed \u00e1t a f\u00e9rfipartnerre, \u00e9s a h\u00edmvessz\u0151n okoz f\u00e1jdalmas \u00e9s kellemetlen panaszokat. De att\u00f3l m\u00e9g nem \u201eigazi\u201d nemi \u00faton terjed\u0151 betegs\u00e9g.<br \/>\nSok f\u00f6l\u00f6sleges veszeked\u00e9st el\u0151zhet meg e t\u00e9ny tud\u00e1sa. Ne gyan\u00fas\u00edtsuk a kedves\u00fcnket f\u00e9lrel\u00e9p\u00e9ssel, ha ilyen probl\u00e9ma ad\u00f3dik.<\/p>\n<p><strong>\u00c1lland\u00f3an gomb\u00e1m van! Mi\u00e9rt?<\/strong><br \/>\nAz or\u00e1lis szex, vagy az an\u00e1lis k\u00f6z\u00f6s\u00fcl\u00e9s megn\u00f6veli a h\u00fcvelygomba es\u00e9ly\u00e9t, (hiszen gyakran \u00e9lnek gomb\u00e1k a sz\u00e1jban, b\u00e9lben). A \u201epopsiszex\u201d alapb\u00f3l sem nevezhet\u0151 eg\u00e9szs\u00e9ges dolognak, de az ut\u00e1na v\u00e9gzett h\u00fcvelyi k\u00f6z\u00f6s\u00fcl\u00e9s jelent\u0151sen fert\u0151zheti a h\u00fcvelyt \u00e9s a n\u0151i h\u00fagyutakat bakt\u00e9riumokkal \u00e9s gomb\u00e1kkal, nagyon kellemetlen t\u00fcnetekhez vezetve, \u00e9s persze a f\u00e9rfi h\u00fagycs\u0151 is fert\u0151z\u0151dhet ezen a nem \u00e9ppen tiszta helyen.\u00a0 Fi\u00fa-l\u00e1ny p\u00e1rokn\u00e1l teljesen f\u00f6l\u00f6sleges vele pr\u00f3b\u00e1lkozni, legal\u00e1bbis nem kock\u00e1zat n\u00e9lk\u00fcli.<br \/>\nA folyton ki\u00fajul\u00f3 fert\u0151z\u00e9s oka lehet, hogy a makacs k\u00f3rokoz\u00f3 k\u00e9pes megb\u00fajni a nemi szerv k\u00fcls\u0151 nedvesebb zugaiban, majd a kezel\u00e9s ut\u00e1n visszat\u00e9r.<\/p>\n<p><strong>Mi a teend\u0151 h\u00fcvelygomba eset\u00e9n?<\/strong><br \/>\nFontos, hogy panaszok eset\u00e9n a nemi gy\u00f3gy\u00e1szatban j\u00e1rtas szakorvoshoz forduljunk, \u00edgy a b\u0151r-\u00e9s nemi gondoz\u00f3kban dolgoz\u00f3 b\u0151rgy\u00f3gy\u00e1sz orvosok, vagy n\u0151gy\u00f3gy\u00e1szok j\u00f6nnek sz\u00f3ba.<br \/>\nEls\u0151dleges felt\u00e9tel a pontos diagn\u00f3zis, mivel sz\u00e1mos m\u00e1s betegs\u00e9g j\u00e1r hasonl\u00f3 t\u00fcnetekkel. Egyes vizsg\u00e1latok szerint eredm\u00e9nyesebb, ha a h\u00fcvelyi kezel\u00e9st, vagy sz\u00e1jon \u00e1t szedett gombaellenes tablett\u00e1kat kieg\u00e9sz\u00edtj\u00fck a k\u00fcls\u0151 nemi szervre \u00e9s k\u00f6rny\u00e9k\u00e9re alkalmazhat\u00f3 gombaellenes kr\u00e9mekkel. F\u00f6lmer\u00fclhet, kell e a t\u00fcnetmentes f\u00e9rfit is kezelni gombaellenes gy\u00f3gyszerrel, a visszafert\u0151z\u00e9s megakad\u00e1lyoz\u00e1s\u00e1ra . Ha a n\u0151 eset\u00e9ben makacs fert\u0151z\u00e9sr\u0151l van sz\u00f3, \u00e9rdemes lehet.<\/p>\n","protected":false},"excerpt":{"rendered":"<p>A rekl\u00e1mokb\u00f3l is j\u00f3l ismert h\u00fcvelygomba gyakori megbeteged\u00e9s, f\u0151leg a m\u00e1r szexu\u00e1lis \u00e9letet \u00e9l\u0151 n\u0151k k\u00f6r\u00e9ben, de kor\u00e1ntsem a megcsal\u00e1s, vagy megcsalat\u00e1s jele! Sarjadz\u00f3gomb\u00e1k gyakran \u00e9lnek a sz\u00e1jban, b\u00e9lben, valamint n\u0151k jelent\u0151s h\u00e1nyada hordoz\u00f3ja lehet sarjadz\u00f3gomb\u00e1knak a h\u00fcvely\u00e9ben is. A gomb\u00e1s t\u00fcnetek hirtelen belobban\u00e1shoz ak\u00e1r az intim egy\u00fcttl\u00e9ttel j\u00e1r\u00f3 h\u00fcvelyi v\u00e1ltoz\u00e1sok is elegend\u0151ek lehetnek. Hozz\u00e1j\u00e1rulhat &hellip;<\/p>\n","protected":false},"author":101265,"featured_media":0,"parent":14,"menu_order":7,"comment_status":"closed","ping_status":"closed","template":"","meta":{"_acf_changed":false,"footnotes":""},"categories":[],"tags":[],"class_list":["post-485","page","type-page","status-publish","hentry"],"acf":[],"_links":{"self":[{"href":"https:\/\/semmelweis.hu\/biztonsagosszex\/wp-json\/wp\/v2\/pages\/485","targetHints":{"allow":["GET"]}}],"collection":[{"href":"https:\/\/semmelweis.hu\/biztonsagosszex\/wp-json\/wp\/v2\/pages"}],"about":[{"href":"https:\/\/semmelweis.hu\/biztonsagosszex\/wp-json\/wp\/v2\/types\/page"}],"author":[{"embeddable":true,"href":"https:\/\/semmelweis.hu\/biztonsagosszex\/wp-json\/wp\/v2\/users\/101265"}],"replies":[{"embeddable":true,"href":"https:\/\/semmelweis.hu\/biztonsagosszex\/wp-json\/wp\/v2\/comments?post=485"}],"version-history":[{"count":1,"href":"https:\/\/semmelweis.hu\/biztonsagosszex\/wp-json\/wp\/v2\/pages\/485\/revisions"}],"predecessor-version":[{"id":3172,"href":"https:\/\/semmelweis.hu\/biztonsagosszex\/wp-json\/wp\/v2\/pages\/485\/revisions\/3172"}],"up":[{"embeddable":true,"href":"https:\/\/semmelweis.hu\/biztonsagosszex\/wp-json\/wp\/v2\/pages\/14"}],"wp:attachment":[{"href":"https:\/\/semmelweis.hu\/biztonsagosszex\/wp-json\/wp\/v2\/media?parent=485"}],"wp:term":[{"taxonomy":"category","embeddable":true,"href":"https:\/\/semmelweis.hu\/biztonsagosszex\/wp-json\/wp\/v2\/categories?post=485"},{"taxonomy":"post_tag","embeddable":true,"href":"https:\/\/semmelweis.hu\/biztonsagosszex\/wp-json\/wp\/v2\/tags?post=485"}],"curies":[{"name":"wp","href":"https:\/\/api.w.org\/{rel}","templated":true}]}}