{"id":483,"date":"2018-11-28T00:00:00","date_gmt":"2018-11-27T23:00:00","guid":{"rendered":"http:\/\/semmelweis.hu\/biztonsagosszex\/bakterialis-vaginosis\/"},"modified":"2018-12-12T15:28:31","modified_gmt":"2018-12-12T14:28:31","slug":"bakterialis-vaginosis","status":"publish","type":"page","link":"https:\/\/semmelweis.hu\/biztonsagosszex\/altalanos-tudnivalok\/nemibetegsegek\/bakterialis-vaginosis\/","title":{"rendered":"Bakteri\u00e1lis vaginosis"},"content":{"rendered":"<p>A betegs\u00e9g latin neve azt jelzi, hogy olyan h\u00fcvelyben (vagina) jelentkez\u0151 \u2013 teh\u00e1t l\u00e1nyokat \u00e9rint\u0151 \u2013 betegs\u00e9g, melyet t\u00f6bb k\u00f3rokoz\u00f3 (bakt\u00e9rium) egy\u00fcttes jelenl\u00e9te okoz.<\/p>\n<p>A h\u00fcvelyben a \u201ev\u00e9delmez\u0151 tejsavat\u201d termel\u0151, norm\u00e1lisan is jelenl\u00e9v\u0151, hat\u00e9kony bakt\u00e9riumok (lactobacillusok) sz\u00e1ma cs\u00f6kken, \u00edgy tudnak felszaporodni a k\u00f3rokoz\u00f3 bakt\u00e9riumok.\u00a0 Akkor kell erre a betegs\u00e9gre gondolni, ha a h\u00fcvelyb\u0151l kellemetlen szag\u00fa, sz\u00fcrk\u00e9sfeh\u00e9r v\u00e1lad\u00e9koz\u00e1st \u00e9szlelsz. Gyakrabban jelentkezhet tamponhaszn\u00e1lat, fogamz\u00e1sg\u00e1tl\u00f3 szed\u00e9se mellett, ill. ha fokozottan \u00e9s esetleg t\u00f6bb partnerrel is \u00e9lsz szexu\u00e1lis \u00e9letet.<br \/>\nHa foly\u00e1st \u00e9szlelsz, fordulj orvoshoz, ezt a betegs\u00e9get egy kenet k\u00e9sz\u00edt\u00e9s\u00e9vel, mikroszk\u00f3pos vizsg\u00e1lattal tudjuk igazolni, gy\u00f3gyszeres kezel\u00e9se pedig sz\u00e1jon \u00e1t szedhet\u0151 tabletta, ill. h\u00fcvelyk\u00fap form\u00e1j\u00e1ban l\u00e9tezik.<\/p>\n","protected":false},"excerpt":{"rendered":"<p>A betegs\u00e9g latin neve azt jelzi, hogy olyan h\u00fcvelyben (vagina) jelentkez\u0151 \u2013 teh\u00e1t l\u00e1nyokat \u00e9rint\u0151 \u2013 betegs\u00e9g, melyet t\u00f6bb k\u00f3rokoz\u00f3 (bakt\u00e9rium) egy\u00fcttes jelenl\u00e9te okoz. A h\u00fcvelyben a \u201ev\u00e9delmez\u0151 tejsavat\u201d termel\u0151, norm\u00e1lisan is jelenl\u00e9v\u0151, hat\u00e9kony bakt\u00e9riumok (lactobacillusok) sz\u00e1ma cs\u00f6kken, \u00edgy tudnak felszaporodni a k\u00f3rokoz\u00f3 bakt\u00e9riumok.\u00a0 Akkor kell erre a betegs\u00e9gre gondolni, ha a h\u00fcvelyb\u0151l kellemetlen szag\u00fa, &hellip;<\/p>\n","protected":false},"author":101265,"featured_media":0,"parent":14,"menu_order":6,"comment_status":"closed","ping_status":"closed","template":"","meta":{"_acf_changed":false,"footnotes":""},"categories":[],"tags":[],"class_list":["post-483","page","type-page","status-publish","hentry"],"acf":[],"_links":{"self":[{"href":"https:\/\/semmelweis.hu\/biztonsagosszex\/wp-json\/wp\/v2\/pages\/483","targetHints":{"allow":["GET"]}}],"collection":[{"href":"https:\/\/semmelweis.hu\/biztonsagosszex\/wp-json\/wp\/v2\/pages"}],"about":[{"href":"https:\/\/semmelweis.hu\/biztonsagosszex\/wp-json\/wp\/v2\/types\/page"}],"author":[{"embeddable":true,"href":"https:\/\/semmelweis.hu\/biztonsagosszex\/wp-json\/wp\/v2\/users\/101265"}],"replies":[{"embeddable":true,"href":"https:\/\/semmelweis.hu\/biztonsagosszex\/wp-json\/wp\/v2\/comments?post=483"}],"version-history":[{"count":1,"href":"https:\/\/semmelweis.hu\/biztonsagosszex\/wp-json\/wp\/v2\/pages\/483\/revisions"}],"predecessor-version":[{"id":3168,"href":"https:\/\/semmelweis.hu\/biztonsagosszex\/wp-json\/wp\/v2\/pages\/483\/revisions\/3168"}],"up":[{"embeddable":true,"href":"https:\/\/semmelweis.hu\/biztonsagosszex\/wp-json\/wp\/v2\/pages\/14"}],"wp:attachment":[{"href":"https:\/\/semmelweis.hu\/biztonsagosszex\/wp-json\/wp\/v2\/media?parent=483"}],"wp:term":[{"taxonomy":"category","embeddable":true,"href":"https:\/\/semmelweis.hu\/biztonsagosszex\/wp-json\/wp\/v2\/categories?post=483"},{"taxonomy":"post_tag","embeddable":true,"href":"https:\/\/semmelweis.hu\/biztonsagosszex\/wp-json\/wp\/v2\/tags?post=483"}],"curies":[{"name":"wp","href":"https:\/\/api.w.org\/{rel}","templated":true}]}}