{"id":482,"date":"2018-11-28T00:00:00","date_gmt":"2018-11-27T23:00:00","guid":{"rendered":"http:\/\/semmelweis.hu\/biztonsagosszex\/tetvesseg\/"},"modified":"2018-12-11T14:22:44","modified_gmt":"2018-12-11T13:22:44","slug":"tetvesseg","status":"publish","type":"page","link":"https:\/\/semmelweis.hu\/biztonsagosszex\/altalanos-tudnivalok\/nemibetegsegek\/tetvesseg\/","title":{"rendered":"Tetvess\u00e9g"},"content":{"rendered":"<p>A tetvek kiz\u00e1r\u00f3lag az eml\u0151s\u00f6k \u00e9l\u0151sk\u00f6d\u0151i. A terjed\u00e9s\u00fckh\u00f6z szoros testi \u00e9rintkez\u00e9s sz\u00fcks\u00e9ges, \u00e9s mivel a szex az, ez\u00e9rt ak\u00e1r a nemi \u00faton terjed\u0151 fert\u0151z\u00e9sekhez is sorolhatjuk \u0151ket.<\/p>\n<p>A tetveknek 3 fajuk \u00e9l\u0151sk\u00f6dik emberen.<\/p>\n<p><strong>Fejtet\u0171<\/strong> \/Pediculus capitis\/<br \/>\nGyakori megbeteged\u00e9s, a k\u00f6z\u00f6ss\u00e9gben \u00e9l\u0151ket, f\u0151leg iskol\u00e1sokat, \u00f3vod\u00e1sokat, t\u00e1borok, otthonok lak\u00f3it vesz\u00e9lyezteti. Legal\u00e1bb 10 milli\u00f3 gyerek fert\u0151z\u0151dik meg \u00e9vente. A tet\u0171 egyr\u00e9szt a hajsz\u00e1lakba kapaszkodik, m\u00e1sr\u00e9szt a hajjal \u00e9rintkez\u0151 szem\u00e9lyes t\u00e1rgyakon (pl. f\u00e9s\u0171, sapka) is \u00e9l.\u00a0 F\u0151k\u00e9nt iskol\u00e1sokat, ill. n\u0151ket fert\u0151z meg, a s\u0171r\u0171, hossz\u00fa haj\u00fa emberek vannak f\u0151leg vesz\u00e9lyben.<br \/>\nA fejtet\u0171, kb. 1-2 mm nagys\u00e1g\u00fa, sz\u00edne a haj sz\u00edn\u00e9hez igazodik, eredetileg sz\u00fcrk\u00e9s-fekete, ill. v\u00f6r\u00f6ses-barna. 3 p\u00e1r, karmokban v\u00e9gz\u0151d\u0151 l\u00e1buk van, ezekkel kapaszkodnak a hajsz\u00e1lba.<br \/>\nA n\u0151st\u00e9nyek, k\u00f6nnycsepp alak\u00fa \u201etoj\u00e1saikat\u201d, a serk\u00e9ket, szorosan a hajsz\u00e1lak t\u00f6v\u00e9hez ragasztj\u00e1k. Ezekb\u0151l b\u00fajnak ki a l\u00e1rv\u00e1k. Egy n\u0151st\u00e9ny \u00e1tlagosan 6-10 serk\u00e9t rak le naponta, \u00f6sszesen kb. 200 serk\u00e9t. A tetvek 3-6 \u00f3r\u00e1nk\u00e9nt t\u00e1pl\u00e1lkoznak, \u00e9s emberi v\u00e9r n\u00e9lk\u00fcl 20-48 \u00f3r\u00e1n kereszt\u00fcl \u00e9lnek t\u00fal.<br \/>\nA fert\u0151z\u00e9shez k\u00e9pest kb. 2-3 h\u00e9t m\u00falva jelentkeznek a t\u00fcnetek, f\u00fcl k\u00f6r\u00fcli viszket\u00e9sk\u00e9nt.<\/p>\n<p><strong>Ruhatet\u0171 <\/strong>\/Pediculus vestimenti\/<br \/>\nA fejtet\u0171h\u00f6z hasonl\u00f3, ann\u00e1l 15-20%-al nagyobb, 2-4 mm hossz\u00fa. L\u00e1bai karmokban v\u00e9gz\u0151dnek, ezekkel kapaszkodik a b\u0151rbe, ill. a ruha sz\u00e1laiba. Zs\u00fafolts\u00e1gban, rossz higi\u00e9n\u00e9s viszonyok k\u00f6z\u00f6tt \u00e9l\u0151, ritk\u00e1n tiszt\u00e1lkod\u00f3 emberek fert\u0151z\u00f6tt ruhanem\u0171ivel terjed.<br \/>\nA serk\u00e9k a ruha sz\u00e1laihoz tapadva, csoportosan helyezkednek el a red\u0151kben. A ruhatet\u0171 kb. 2x annyi serk\u00e9t rak le mint a fejtet\u0171, \u00e9s ezek ak\u00e1r 30 napig is \u00e9letben maradhatnak. 5-11 nap alatt kel ki a l\u00e1rva, amik \u00e9let\u00fck legnagyobb r\u00e9sz\u00e9t a ruh\u00e1n t\u00f6ltik, csak \u00e9s kiz\u00e1r\u00f3lag v\u00e9rsz\u00edv\u00e1s c\u00e9lj\u00e1b\u00f3l vannak a b\u0151r\u00f6n, f\u0151leg akkor, amikor alszunk. A n\u0151st\u00e9nyek kb. 200 serk\u00e9t raknak le \u00e9let\u00fck sor\u00e1n. 3-6 \u00f3r\u00e1nk\u00e9nt esznek, 48 \u00f3r\u00e1n\u00e1l tov\u00e1bb nem b\u00edrj\u00e1k v\u00e9r n\u00e9lk\u00fcl.<br \/>\nA cs\u00edp\u00e9s\u00fck sor\u00e1n viszket\u0151 \u00e9rz\u00e9st keltenek, \u00e9s sz\u00fanyogcs\u00edp\u00e9s szer\u0171 lila foltokat hagynak a b\u0151r\u00f6n.<\/p>\n<p><strong>Lapostet\u0171 <\/strong>\/Pediculus pubis\/<br \/>\nA lapostet\u0171 terjed\u00e9se, kifejezetten szexu\u00e1lis \u00faton t\u00f6rt\u00e9nik! Csak a sz\u0151rzeten \u00e9l, amelyet a h\u00e1ts\u00f3 l\u00e1baival ragad meg. Sz\u00edne s\u00f6t\u00e9tsz\u00fcrke vagy barna. Sz\u00e9les potroha, amely megk\u00fcl\u00f6nb\u00f6zteti a t\u00f6bbi tet\u0171t\u0151l, lehet\u0151v\u00e9 teszi, hogy az egym\u00e1st\u00f3l t\u00e1vol l\u00e9v\u0151 sz\u0151rsz\u00e1lakba is meg tudjon kapaszkodni.<br \/>\nA serk\u00e9it er\u0151sen hozz\u00e1tapasztja a szem\u00e9remsz\u0151rzethez. A l\u00e1rv\u00e1k v\u00e9r n\u00e9lk\u00fcl kb. 24 \u00f3r\u00e1t \u00e9lnek, cs\u00edp\u00e9s\u00fck hely\u00e9n sz\u00fcrk\u00e9sk\u00e9k foltok maradnak. Esetenk\u00e9nt \u2013 f\u0151leg gyermekekben- a szem\u00f6ld\u00f6kben \u00e9s a szempill\u00e1kban is megjelenhet.<br \/>\nA fejtet\u0171 \u00e9s ruhatet\u0171 szerepe a v\u00e9rhas, \u00e9s egy\u00e9b bakteri\u00e1lis betegs\u00e9gek \u00e1tvitel\u00e9ben ismert. A lapostet\u0171 ezeknek a betegs\u00e9gek \u00e1tvitel\u00e9ben nem j\u00e1tszik szerepet.<\/p>\n<p><strong>Ter\u00e1pia<\/strong><br \/>\nA tetvess\u00e9g kezel\u00e9s\u00e9re speci\u00e1lis bed\u00f6rzs\u00f6lhet\u0151 oldatokat haszn\u00e1lunk,amelyek a tetvek k\u00f6zponti idegrendszer\u00e9re hatva, b\u00e9nul\u00e1st okoznak. A serk\u00e9ket el kell t\u00e1vol\u00edtani, legegyszer\u0171bben a haj r\u00f6vidre ny\u00edr\u00e1s\u00e1val. A haszn\u00e1lati t\u00e1rgyakat, az \u00e1gynem\u0171t, \u00e9s a ruh\u00e1kat fert\u0151tlen\u00edteni kell.<\/p>\n","protected":false},"excerpt":{"rendered":"<p>A tetvek kiz\u00e1r\u00f3lag az eml\u0151s\u00f6k \u00e9l\u0151sk\u00f6d\u0151i. A terjed\u00e9s\u00fckh\u00f6z szoros testi \u00e9rintkez\u00e9s sz\u00fcks\u00e9ges, \u00e9s mivel a szex az, ez\u00e9rt ak\u00e1r a nemi \u00faton terjed\u0151 fert\u0151z\u00e9sekhez is sorolhatjuk \u0151ket. A tetveknek 3 fajuk \u00e9l\u0151sk\u00f6dik emberen. Fejtet\u0171 \/Pediculus capitis\/ Gyakori megbeteged\u00e9s, a k\u00f6z\u00f6ss\u00e9gben \u00e9l\u0151ket, f\u0151leg iskol\u00e1sokat, \u00f3vod\u00e1sokat, t\u00e1borok, otthonok lak\u00f3it vesz\u00e9lyezteti. Legal\u00e1bb 10 milli\u00f3 gyerek fert\u0151z\u0151dik meg \u00e9vente. &hellip;<\/p>\n","protected":false},"author":101265,"featured_media":0,"parent":14,"menu_order":5,"comment_status":"closed","ping_status":"closed","template":"","meta":{"_acf_changed":false,"footnotes":""},"categories":[],"tags":[],"class_list":["post-482","page","type-page","status-publish","hentry"],"acf":[],"_links":{"self":[{"href":"https:\/\/semmelweis.hu\/biztonsagosszex\/wp-json\/wp\/v2\/pages\/482","targetHints":{"allow":["GET"]}}],"collection":[{"href":"https:\/\/semmelweis.hu\/biztonsagosszex\/wp-json\/wp\/v2\/pages"}],"about":[{"href":"https:\/\/semmelweis.hu\/biztonsagosszex\/wp-json\/wp\/v2\/types\/page"}],"author":[{"embeddable":true,"href":"https:\/\/semmelweis.hu\/biztonsagosszex\/wp-json\/wp\/v2\/users\/101265"}],"replies":[{"embeddable":true,"href":"https:\/\/semmelweis.hu\/biztonsagosszex\/wp-json\/wp\/v2\/comments?post=482"}],"version-history":[{"count":1,"href":"https:\/\/semmelweis.hu\/biztonsagosszex\/wp-json\/wp\/v2\/pages\/482\/revisions"}],"predecessor-version":[{"id":2769,"href":"https:\/\/semmelweis.hu\/biztonsagosszex\/wp-json\/wp\/v2\/pages\/482\/revisions\/2769"}],"up":[{"embeddable":true,"href":"https:\/\/semmelweis.hu\/biztonsagosszex\/wp-json\/wp\/v2\/pages\/14"}],"wp:attachment":[{"href":"https:\/\/semmelweis.hu\/biztonsagosszex\/wp-json\/wp\/v2\/media?parent=482"}],"wp:term":[{"taxonomy":"category","embeddable":true,"href":"https:\/\/semmelweis.hu\/biztonsagosszex\/wp-json\/wp\/v2\/categories?post=482"},{"taxonomy":"post_tag","embeddable":true,"href":"https:\/\/semmelweis.hu\/biztonsagosszex\/wp-json\/wp\/v2\/tags?post=482"}],"curies":[{"name":"wp","href":"https:\/\/api.w.org\/{rel}","templated":true}]}}