{"id":480,"date":"2018-11-28T00:00:00","date_gmt":"2018-11-27T23:00:00","guid":{"rendered":"http:\/\/semmelweis.hu\/biztonsagosszex\/ruhesseg\/"},"modified":"2018-12-11T14:21:02","modified_gmt":"2018-12-11T13:21:02","slug":"ruhesseg","status":"publish","type":"page","link":"https:\/\/semmelweis.hu\/biztonsagosszex\/altalanos-tudnivalok\/nemibetegsegek\/ruhesseg\/","title":{"rendered":"R\u00fchess\u00e9g"},"content":{"rendered":"<p>A r\u00fch k\u00f3rokoz\u00f3ja egy b\u0151r\u00f6n \u00e9l\u0151sk\u00f6d\u0151 parazita, a r\u00fchatka \/Acarus, vagy Sarcoptes scabiei\/. A betegs\u00e9g nem tartozik a kiz\u00e1r\u00f3lag nemi \u00faton terjed\u0151 betegs\u00e9gek k\u00f6z\u00e9, de mivel \u00fagy is terjed, ez\u00e9rt j\u00f3, ha tudtok r\u00f3la egy \u00e9s m\u00e1st!<\/p>\n<p>A r\u00fchatka megterm\u00e9keny\u00edtett n\u0151st\u00e9nye a b\u0151rben j\u00e1ratokat f\u00far, \u00e9s abba rakja le pet\u00e9it. A h\u00edmatka a b\u0151r fel\u00fclet\u00e9nek bar\u00e1zd\u00e1iban \u00e9l. A parazita emberi gazd\u00e1n k\u00edv\u00fcl 2-4 napon bel\u00fcl elpusztul. A fert\u0151z\u00e9s \u00e1tvitele emberr\u0151l-emberre: els\u0151sorban szoros testfel\u00fcleti \u00e9rintkez\u00e9ssel t\u00f6rt\u00e9nik.<br \/>\nA r\u00fchfert\u0151z\u00e9s legjellegzetesebb t\u00fcnete a k\u00ednz\u00f3 viszket\u00e9s, amely f\u0151leg \u00e9jjel, \u00e1gymelegben jelentkezik.<br \/>\nSpeci\u00e1lis, b\u0151rbe bed\u00f6rzs\u00f6lhet\u0151 oldatokkal gy\u00f3gy\u00edthat\u00f3 betegs\u00e9g, de e mellett nagyon fontos a teljes ruhat\u00e1r, \u00e9s az \u00e1gynem\u0171 fert\u0151tlen\u00edt\u00e9se is.<\/p>\n","protected":false},"excerpt":{"rendered":"<p>A r\u00fch k\u00f3rokoz\u00f3ja egy b\u0151r\u00f6n \u00e9l\u0151sk\u00f6d\u0151 parazita, a r\u00fchatka \/Acarus, vagy Sarcoptes scabiei\/. A betegs\u00e9g nem tartozik a kiz\u00e1r\u00f3lag nemi \u00faton terjed\u0151 betegs\u00e9gek k\u00f6z\u00e9, de mivel \u00fagy is terjed, ez\u00e9rt j\u00f3, ha tudtok r\u00f3la egy \u00e9s m\u00e1st! A r\u00fchatka megterm\u00e9keny\u00edtett n\u0151st\u00e9nye a b\u0151rben j\u00e1ratokat f\u00far, \u00e9s abba rakja le pet\u00e9it. A h\u00edmatka a b\u0151r fel\u00fclet\u00e9nek &hellip;<\/p>\n","protected":false},"author":101265,"featured_media":0,"parent":14,"menu_order":4,"comment_status":"closed","ping_status":"closed","template":"","meta":{"_acf_changed":false,"footnotes":""},"categories":[],"tags":[],"class_list":["post-480","page","type-page","status-publish","hentry"],"acf":[],"_links":{"self":[{"href":"https:\/\/semmelweis.hu\/biztonsagosszex\/wp-json\/wp\/v2\/pages\/480","targetHints":{"allow":["GET"]}}],"collection":[{"href":"https:\/\/semmelweis.hu\/biztonsagosszex\/wp-json\/wp\/v2\/pages"}],"about":[{"href":"https:\/\/semmelweis.hu\/biztonsagosszex\/wp-json\/wp\/v2\/types\/page"}],"author":[{"embeddable":true,"href":"https:\/\/semmelweis.hu\/biztonsagosszex\/wp-json\/wp\/v2\/users\/101265"}],"replies":[{"embeddable":true,"href":"https:\/\/semmelweis.hu\/biztonsagosszex\/wp-json\/wp\/v2\/comments?post=480"}],"version-history":[{"count":1,"href":"https:\/\/semmelweis.hu\/biztonsagosszex\/wp-json\/wp\/v2\/pages\/480\/revisions"}],"predecessor-version":[{"id":2765,"href":"https:\/\/semmelweis.hu\/biztonsagosszex\/wp-json\/wp\/v2\/pages\/480\/revisions\/2765"}],"up":[{"embeddable":true,"href":"https:\/\/semmelweis.hu\/biztonsagosszex\/wp-json\/wp\/v2\/pages\/14"}],"wp:attachment":[{"href":"https:\/\/semmelweis.hu\/biztonsagosszex\/wp-json\/wp\/v2\/media?parent=480"}],"wp:term":[{"taxonomy":"category","embeddable":true,"href":"https:\/\/semmelweis.hu\/biztonsagosszex\/wp-json\/wp\/v2\/categories?post=480"},{"taxonomy":"post_tag","embeddable":true,"href":"https:\/\/semmelweis.hu\/biztonsagosszex\/wp-json\/wp\/v2\/tags?post=480"}],"curies":[{"name":"wp","href":"https:\/\/api.w.org\/{rel}","templated":true}]}}