{"id":479,"date":"2018-11-28T00:00:00","date_gmt":"2018-11-27T23:00:00","guid":{"rendered":"http:\/\/semmelweis.hu\/biztonsagosszex\/hepatitis-fertozo-majgyulladas\/"},"modified":"2018-12-11T14:19:08","modified_gmt":"2018-12-11T13:19:08","slug":"hepatitis-fertozo-majgyulladas","status":"publish","type":"page","link":"https:\/\/semmelweis.hu\/biztonsagosszex\/altalanos-tudnivalok\/nemibetegsegek\/hepatitis-fertozo-majgyulladas\/","title":{"rendered":"Hepatitis \u2013 fert\u0151z\u0151 m\u00e1jgyullad\u00e1s"},"content":{"rendered":"<p>A m\u00e1jgyullad\u00e1s k\u00f3rokoz\u00f3i v\u00edrusok, amelyek k\u00f6z\u00fcl a B \u00e9s a C t\u00edpus tud fert\u0151zni szexu\u00e1lis \u00faton, m\u00edg a t\u00f6bbi ink\u00e1bb szennyezett \u00e9lelmiszerrel terjed. A hepatitis B (HBV) ellen az iskol\u00e1ban Ti m\u00e1r kaptok olt\u00e1st, de nem \u00e1rt tudnotok, hogy ezt az olt\u00e1st csak kb. 10 \u00e9ve vezett\u00e9k be, teh\u00e1t b\u0151ven tal\u00e1lkozhattok olyannal, aki nem v\u00e9dett ellene. A hepatitis C-t (HCV) sokan nem sorolj\u00e1k a szexu\u00e1lis \u00faton terjed\u0151 betegs\u00e9gek k\u00f6z\u00e9, mi m\u00e9gis azt tessz\u00fck. Mindj\u00e1rt megtudj\u00e1tok, hogy mi\u00e9rt\u2026<\/p>\n<p><strong>Hepatitis B v\u00edrusfert\u0151z\u00e9s<\/strong><br \/>\nA fert\u0151z\u00e9s lappang\u00e1si ideje lehet 6 h\u00e9t vagy ak\u00e1r 6 h\u00f3nap. A v\u00edrus, legnagyobb koncentr\u00e1ci\u00f3ban a v\u00e9rben, kisebb koncentr\u00e1ci\u00f3ban az ond\u00f3ban, h\u00fcvelyv\u00e1lad\u00e9kban, sebv\u00e1lad\u00e9kban van jelen. Terjedhet intrav\u00e9n\u00e1s drog haszn\u00e1latn\u00e1l (k\u00f6z\u00f6s t\u0171, vagy fecskend\u0151), szexu\u00e1lis \u00faton, ill. az any\u00e1r\u00f3l \u00fajsz\u00fcl\u00f6ttre, a sz\u00fcl\u00e9s sor\u00e1n.<br \/>\nEls\u0151 t\u00fcnetk\u00e9nt gyenges\u00e9g, f\u00e1rad\u00e9konys\u00e1g jelentkezik, majd a fert\u0151z\u00f6tt \u00fagymond \u201ebes\u00e1rgul\u201d. Ez t\u00e9nyleg s\u00e1rg\u00e1t jelent, el\u0151sz\u00f6r \u00e1ltal\u00e1ban a szem feh\u00e9rj\u00e9je, majd a b\u0151r is kifejezetten s\u00e1rg\u00e1v\u00e1 v\u00e1lik. Ugyanekkor a sz\u00e9klet vil\u00e1goss\u00e1, a vizelet s\u00f6t\u00e9tt\u00e9 v\u00e1ltozik, \u00e9s e mellett a jobb borda\u00edv alatt \u2013 a m\u00e1j megnagyobbod\u00e1sa, a m\u00e1jtok fesz\u00fcl\u00e9se miatt- sz\u00far\u00f3 f\u00e1jdalom is jelentkezik.<br \/>\nAz \u00faj fert\u0151z\u00e9seknek csak a fele j\u00e1r t\u00fcnetekkel, de az ismert esetek 1%-a okoz m\u00e1jel\u00e9gtelens\u00e9get \u00e9s hal\u00e1lt. Nem kezelt, fel nem ismert fert\u0151z\u00e9s m\u00e1jzsugorhoz, \u00e9s m\u00e1jr\u00e1khoz vezethet.<br \/>\nA \u201eHepatitis B immunglobulin\u201d olt\u00e1s plazm\u00e1b\u00f3l k\u00e9sz\u00fcl, \u00e9s csak 3-6 h\u00f3napos v\u00e9delmet biztos\u00edt. \u00c1ltal\u00e1ban akkor haszn\u00e1ljuk, ha pl. egy eg\u00e9szs\u00e9g\u00fcgyi dolgoz\u00f3 megsz\u00farja mag\u00e1t olyan t\u0171vel, amivel el\u0151tte egy fert\u0151z\u00f6ttet sz\u00fartak.<br \/>\nA \u201eHepatitis B olt\u00e1s\u201d amit az iskol\u00e1ban megkapt\u00e1l, akkor hat\u00e9kony, ha m\u00e9g nem tal\u00e1lkozt\u00e1l a v\u00edrussal. 3 olt\u00e1st kapsz, a 3. ut\u00e1n m\u00e1r 90%-os v\u00e9detts\u00e9ged alakul ki, ami kb. 15-20 \u00e9vre sz\u00f3l.<\/p>\n<p><strong>Hepatitis C v\u00edrusfert\u0151z\u00e9s<\/strong><br \/>\nA fert\u0151z\u0151d\u00e9s ut\u00e1n ak\u00e1r t\u00f6bb h\u00f3napig semmilyen t\u00fcnetet nem okoz, ezzel egy\u00fctt a betegek fert\u0151znek. Legink\u00e1bb v\u00e9rrel terjed, pl. intrav\u00e9n\u00e1s droghaszn\u00e1l\u00f3k k\u00f6z\u00f6tt, de a nemi \u00faton terjed\u0151 betegs\u00e9gek k\u00f6z\u00e9 soroljuk, mert nem kiz\u00e1rt a terjed\u00e9se szexu\u00e1lis egy\u00fcttl\u00e9t ut\u00e1n, f\u0151leg, ha valamilyen ny\u00e1lkah\u00e1rtya s\u00e9r\u00fcl\u00e9s is van. Term\u00e9szetesen ez is fert\u0151z\u0151 a sz\u00fcl\u00e9s sor\u00e1n az any\u00e1r\u00f3l az \u00fajsz\u00fcl\u00f6ttre.<br \/>\nA friss HCV fert\u0151z\u00e9s vagy t\u00fcnetmentes, vagy enyhe, influenza-szer\u0171 t\u00fcnetekkel j\u00e1r, \u00e9s emiatt sokszor csak \u00e9vekkel k\u00e9s\u0151bb der\u00fcl f\u00e9ny a v\u00edrusfert\u0151z\u00e9sre. Sokkal magasabb ar\u00e1nyban alakul ki korai \u00e9s k\u00e9s\u0151i m\u00e1jsz\u00f6v\u0151dm\u00e9ny, mint a HBV-n\u00e9l.<\/p>\n<p><strong>Hogyan el\u0151zd meg a hepatitiszt?<\/strong><br \/>\nHa a HBV ellen meg is kaptad az olt\u00e1st, nem jelenti azt, hogy felel\u0151tlen\u00fcl viselkedhetsz: ne feledd, van m\u00e9g ezen k\u00edv\u00fcl v\u00e9rrel terjed\u0151 betegs\u00e9g!<br \/>\nEls\u0151 sorban: ker\u00fcld a rizik\u00f3 csoportokat! Ne v\u00e1ltogasd a partnereket, ne sz\u00fard magad semmilyen anyaggal, haszn\u00e1lj \u00f3vszert \u2013 helyesen haszn\u00e1ld persze, \u00e9s minden s\u00e9r\u00fcl\u00e9s ell\u00e1t\u00e1s\u00e1n\u00e1l v\u00e9dd magad a v\u00e9rrel val\u00f3 szennyez\u0151d\u00e9st\u0151l, ugyanez\u00e9rt ne haszn\u00e1lj m\u00e1sokkal k\u00f6z\u00f6s borotv\u00e1t, fogkef\u00e9t, sz\u00f3val semmit ami v\u00e9rrel szennyez\u0151dhetett! K\u00fcl\u00f6n fontos a tetk\u00f3 \u00e9s a piercing: hivatalos szalonba menj, oda, ahol van enged\u00e9ly az \u00c1NTSZ-t\u0151l! K\u00f6vesd v\u00e9gig a \u201ebeavatkoz\u00e1st\u201d. Legyen a kezelt b\u0151rfel\u00fcleted fert\u0151tlen\u00edtve, a t\u0171 legyen steril, az \u00fcrg\u00e9n meg legyen gumikeszty\u0171. Ez a minimum!<\/p>\n<p><strong>Mi van, ha elkaptad?<\/strong><br \/>\nA diagn\u00f3zis fel\u00e1ll\u00edt\u00e1sa legt\u00f6bbsz\u00f6r a t\u00fcnetek alapj\u00e1n, v\u00e9rv\u00e9tellel t\u00f6rt\u00e9nik, de a rizik\u00f3 csoportokban c\u00e9lzottan aj\u00e1nlunk sz\u0171r\u00e9st minden 3. h\u00f3napban. Legt\u00f6bb helyen a sz\u0171r\u00e9s\u00e9rt fizetni kell 3.000 \u2013 5.000 Forintot akkor is, ha van TAJ k\u00e1rty\u00e1d!<br \/>\nHa elkaptad, m\u00e1jspecialista belgy\u00f3gy\u00e1szok fognak kezelni, \u00fan. hepatol\u00f3gusok, vagy infektol\u00f3gusok. J\u00f3l jegyezd meg: kezelni, \u00e9s nem meggy\u00f3gy\u00edtani! A gondoz\u00e1shoz hozz\u00e1tartozik, hogy \u00e9leted v\u00e9g\u00e9ig m\u00e1jk\u00edm\u00e9l\u0151 \u00e9letvitelt kell folytatnod: pl. nincs alkohol, vagy \u2013 ami fontosabb- j\u00f3 p\u00e1r gy\u00f3gyszert soha nem szedhetsz!<\/p>\n","protected":false},"excerpt":{"rendered":"<p>A m\u00e1jgyullad\u00e1s k\u00f3rokoz\u00f3i v\u00edrusok, amelyek k\u00f6z\u00fcl a B \u00e9s a C t\u00edpus tud fert\u0151zni szexu\u00e1lis \u00faton, m\u00edg a t\u00f6bbi ink\u00e1bb szennyezett \u00e9lelmiszerrel terjed. A hepatitis B (HBV) ellen az iskol\u00e1ban Ti m\u00e1r kaptok olt\u00e1st, de nem \u00e1rt tudnotok, hogy ezt az olt\u00e1st csak kb. 10 \u00e9ve vezett\u00e9k be, teh\u00e1t b\u0151ven tal\u00e1lkozhattok olyannal, aki nem v\u00e9dett &hellip;<\/p>\n","protected":false},"author":101265,"featured_media":0,"parent":14,"menu_order":3,"comment_status":"closed","ping_status":"closed","template":"","meta":{"_acf_changed":false,"footnotes":""},"categories":[],"tags":[],"class_list":["post-479","page","type-page","status-publish","hentry"],"acf":[],"_links":{"self":[{"href":"https:\/\/semmelweis.hu\/biztonsagosszex\/wp-json\/wp\/v2\/pages\/479","targetHints":{"allow":["GET"]}}],"collection":[{"href":"https:\/\/semmelweis.hu\/biztonsagosszex\/wp-json\/wp\/v2\/pages"}],"about":[{"href":"https:\/\/semmelweis.hu\/biztonsagosszex\/wp-json\/wp\/v2\/types\/page"}],"author":[{"embeddable":true,"href":"https:\/\/semmelweis.hu\/biztonsagosszex\/wp-json\/wp\/v2\/users\/101265"}],"replies":[{"embeddable":true,"href":"https:\/\/semmelweis.hu\/biztonsagosszex\/wp-json\/wp\/v2\/comments?post=479"}],"version-history":[{"count":1,"href":"https:\/\/semmelweis.hu\/biztonsagosszex\/wp-json\/wp\/v2\/pages\/479\/revisions"}],"predecessor-version":[{"id":2761,"href":"https:\/\/semmelweis.hu\/biztonsagosszex\/wp-json\/wp\/v2\/pages\/479\/revisions\/2761"}],"up":[{"embeddable":true,"href":"https:\/\/semmelweis.hu\/biztonsagosszex\/wp-json\/wp\/v2\/pages\/14"}],"wp:attachment":[{"href":"https:\/\/semmelweis.hu\/biztonsagosszex\/wp-json\/wp\/v2\/media?parent=479"}],"wp:term":[{"taxonomy":"category","embeddable":true,"href":"https:\/\/semmelweis.hu\/biztonsagosszex\/wp-json\/wp\/v2\/categories?post=479"},{"taxonomy":"post_tag","embeddable":true,"href":"https:\/\/semmelweis.hu\/biztonsagosszex\/wp-json\/wp\/v2\/tags?post=479"}],"curies":[{"name":"wp","href":"https:\/\/api.w.org\/{rel}","templated":true}]}}